{"id":304,"date":"2020-06-22T19:17:50","date_gmt":"2020-06-22T17:17:50","guid":{"rendered":"http:\/\/wp.unil.ch\/biodiversite\/?page_id=304"},"modified":"2023-03-05T21:58:36","modified_gmt":"2023-03-05T20:58:36","slug":"ressources","status":"publish","type":"page","link":"https:\/\/wp.unil.ch\/biodiversite\/ressources\/","title":{"rendered":"Ressources"},"content":{"rendered":"\n<h3 class=\"has-text-color wp-block-heading\" style=\"color:#9bbf2f\">Liens <\/h3>\n\n\n\n<p><strong>Vogelwarte <\/strong>&#8211; <a rel=\"noreferrer noopener\" href=\"https:\/\/www.vogelwarte.ch\/fr\/oiseaux\/les-oiseaux-de-suisse\/\" target=\"_blank\">Les oiseaux de Suisse<\/a> <\/p>\n\n\n\n<p><strong>Birdlife Suisse<\/strong> &#8211; <a href=\"https:\/\/www.birdlife.ch\/fr\" target=\"_blank\" rel=\"noreferrer noopener\">Association de protection de la Nature et des oiseaux<\/a><\/p>\n\n\n\n<p><strong>La Salamandre<\/strong> &#8211; La Salamandre est un \u00e9diteur ind\u00e9pendant et sans but lucratif enti\u00e8rement d\u00e9di\u00e9 \u00e0 une cause essentielle : faire aimer la nature. Partez \u00e0 la rencontre d&rsquo;animaux petits et grands ou de plantes incroyables qui vivent tout pr\u00e8s de chez vous &gt; <a href=\"https:\/\/www.salamandre.org\/\" target=\"_blank\" rel=\"noreferrer noopener\">Le site<\/a><\/p>\n\n\n\n<h3 class=\"has-text-color wp-block-heading\" style=\"color:#9bbf2f\">Ressources vid\u00e9os<\/h3>\n\n\n\n<h4 class=\"wp-block-heading\">Le chant des pics dans la Minute Nature de La Salamandre<\/h4>\n\n\n\n<figure class=\"wp-block-embed is-type-video is-provider-youtube wp-block-embed-youtube wp-embed-aspect-16-9 wp-has-aspect-ratio\"><div class=\"wp-block-embed__wrapper\">\n<iframe loading=\"lazy\" title=\"CHANTS D&#039;OISEAUX, LE\u00c7ON 9 (No 184)\" width=\"735\" height=\"413\" src=\"https:\/\/www.youtube.com\/embed\/uJi-YLizelg?feature=oembed\" frameborder=\"0\" allow=\"accelerometer; autoplay; clipboard-write; encrypted-media; gyroscope; picture-in-picture; web-share\" allowfullscreen><\/iframe>\n<\/div><\/figure>\n\n\n\n<p> https:\/\/www.salamandre.org\/article\/chants-oiseaux-lecon-9-pics\/<\/p>\n\n\n\n<h4 class=\"wp-block-heading\">Le chant du  rouge-gorge, des m\u00e9sanges bleues et charbonni\u00e8res<\/h4>\n\n\n\n<figure class=\"wp-block-embed is-type-video is-provider-youtube wp-block-embed-youtube wp-embed-aspect-16-9 wp-has-aspect-ratio\"><div class=\"wp-block-embed__wrapper\">\n<iframe loading=\"lazy\" title=\"CHANTS D&#039;OISEAUX, LE\u00c7ON 1 (No 125)\" width=\"735\" height=\"413\" src=\"https:\/\/www.youtube.com\/embed\/Lo0WKT1puoI?feature=oembed\" frameborder=\"0\" allow=\"accelerometer; autoplay; clipboard-write; encrypted-media; gyroscope; picture-in-picture; web-share\" allowfullscreen><\/iframe>\n<\/div><\/figure>\n\n\n\n<p>https:\/\/www.salamandre.org\/article\/chants-doiseaux-lecon-1\/<\/p>\n\n\n\n<h4 class=\"wp-block-heading\">Le chant des du merle noir, de la grive musicienne et de la grive draine.<\/h4>\n\n\n\n<figure class=\"wp-block-embed is-type-video is-provider-youtube wp-block-embed-youtube wp-embed-aspect-16-9 wp-has-aspect-ratio\"><div class=\"wp-block-embed__wrapper\">\n<iframe loading=\"lazy\" title=\"CHANTS D&#039;OISEAUX, LE\u00c7ON 2 (No 130)\" width=\"735\" height=\"413\" src=\"https:\/\/www.youtube.com\/embed\/gp_9oS_5c7M?feature=oembed\" frameborder=\"0\" allow=\"accelerometer; autoplay; clipboard-write; encrypted-media; gyroscope; picture-in-picture; web-share\" allowfullscreen><\/iframe>\n<\/div><\/figure>\n\n\n\n<p>https:\/\/www.salamandre.org\/article\/chants-doiseaux-lecon-2\/<\/p>\n\n\n\n<h4 class=\"wp-block-heading\">Des chauves-souris et des hommes.<\/h4>\n\n\n\n<p><em>Philippe Christe, professeur au D\u00e9partement d\u02b9\u00e9cologie et d\u02b9\u00e9volution de l\u02b9UNIL<\/em><\/p>\n\n\n\n<p>Fant\u00f4me, vampire ou Batman, la chauve-souris a effray\u00e9 et inspir\u00e9 les hommes. Pourtant, ce petit mammif\u00e8re est utile et important pour nos \u00e9cosyst\u00e8mes. Comment cohabiter et le prot\u00e9ger ?<\/p>\n\n\n\n<p><a href=\"https:\/\/www.rts.ch\/play\/radio\/chouette-\/audio\/des-chauves-souris-et-des-hommes--philippe-christe-professeur-au-departement-decologie-et-devolution-de-lunil?id=10056709&amp;startTime=1691\">https:\/\/www.rts.ch\/play\/radio\/chouette-\/audio\/des-chauves-souris-et-des-hommes&#8211;philippe-christe-professeur-au-departement-decologie-et-devolution-de-lunil?id=10056709&amp;startTime=1691<\/a><\/p>\n","protected":false},"excerpt":{"rendered":"<p>Liens Vogelwarte &#8211; Les oiseaux de Suisse Birdlife Suisse &#8211; Association de protection de la Nature et des oiseaux La Salamandre &#8211; La Salamandre est un \u00e9diteur ind\u00e9pendant et sans &hellip; <\/p>\n","protected":false},"author":1801,"featured_media":0,"parent":0,"menu_order":0,"comment_status":"closed","ping_status":"closed","template":"","meta":{"_seopress_robots_primary_cat":"","_seopress_titles_title":"","_seopress_titles_desc":"","_seopress_robots_index":"","footnotes":""},"class_list":["post-304","page","type-page","status-publish"],"_links":{"self":[{"href":"https:\/\/wp.unil.ch\/biodiversite\/wp-json\/wp\/v2\/pages\/304","targetHints":{"allow":["GET"]}}],"collection":[{"href":"https:\/\/wp.unil.ch\/biodiversite\/wp-json\/wp\/v2\/pages"}],"about":[{"href":"https:\/\/wp.unil.ch\/biodiversite\/wp-json\/wp\/v2\/types\/page"}],"author":[{"embeddable":true,"href":"https:\/\/wp.unil.ch\/biodiversite\/wp-json\/wp\/v2\/users\/1801"}],"replies":[{"embeddable":true,"href":"https:\/\/wp.unil.ch\/biodiversite\/wp-json\/wp\/v2\/comments?post=304"}],"version-history":[{"count":0,"href":"https:\/\/wp.unil.ch\/biodiversite\/wp-json\/wp\/v2\/pages\/304\/revisions"}],"wp:attachment":[{"href":"https:\/\/wp.unil.ch\/biodiversite\/wp-json\/wp\/v2\/media?parent=304"}],"curies":[{"name":"wp","href":"https:\/\/api.w.org\/{rel}","templated":true}]}}