{"id":216,"date":"2020-06-19T16:45:39","date_gmt":"2020-06-19T14:45:39","guid":{"rendered":"http:\/\/wp.unil.ch\/biodiversite\/?page_id=216"},"modified":"2020-08-21T21:29:36","modified_gmt":"2020-08-21T19:29:36","slug":"les-amphibiens","status":"publish","type":"page","link":"https:\/\/wp.unil.ch\/biodiversite\/les-amphibiens\/","title":{"rendered":"Les amphibiens"},"content":{"rendered":"\n<p><\/p>\n\n\n<p class=\"wp-block-tag-cloud\"><a href=\"https:\/\/wp.unil.ch\/biodiversite\/tag\/adn\/\" class=\"tag-cloud-link tag-link-38 tag-link-position-1\" style=\"font-size: 8pt;\" aria-label=\"ADN (1 \u00e9l\u00e9ment)\">ADN<\/a>\n<a href=\"https:\/\/wp.unil.ch\/biodiversite\/tag\/amphibien\/\" class=\"tag-cloud-link tag-link-35 tag-link-position-2\" style=\"font-size: 8pt;\" aria-label=\"amphibien (1 \u00e9l\u00e9ment)\">amphibien<\/a>\n<a href=\"https:\/\/wp.unil.ch\/biodiversite\/tag\/aquatique\/\" class=\"tag-cloud-link tag-link-11 tag-link-position-3\" style=\"font-size: 13.045045045045pt;\" aria-label=\"aquatique (4 \u00e9l\u00e9ments)\">aquatique<\/a>\n<a href=\"https:\/\/wp.unil.ch\/biodiversite\/tag\/arbre\/\" class=\"tag-cloud-link tag-link-28 tag-link-position-4\" style=\"font-size: 10.27027027027pt;\" aria-label=\"arbre (2 \u00e9l\u00e9ments)\">arbre<\/a>\n<a href=\"https:\/\/wp.unil.ch\/biodiversite\/tag\/castor\/\" class=\"tag-cloud-link tag-link-9 tag-link-position-5\" style=\"font-size: 8pt;\" aria-label=\"castor (1 \u00e9l\u00e9ment)\">castor<\/a>\n<a href=\"https:\/\/wp.unil.ch\/biodiversite\/tag\/chauve-souris\/\" class=\"tag-cloud-link tag-link-19 tag-link-position-6\" style=\"font-size: 8pt;\" aria-label=\"chauve-souris (1 \u00e9l\u00e9ment)\">chauve-souris<\/a>\n<a href=\"https:\/\/wp.unil.ch\/biodiversite\/tag\/climat\/\" class=\"tag-cloud-link tag-link-32 tag-link-position-7\" style=\"font-size: 8pt;\" aria-label=\"climat (1 \u00e9l\u00e9ment)\">climat<\/a>\n<a href=\"https:\/\/wp.unil.ch\/biodiversite\/tag\/espece-ptotegee\/\" class=\"tag-cloud-link tag-link-39 tag-link-position-8\" style=\"font-size: 8pt;\" aria-label=\"esp\u00e8ce ptot\u00e9g\u00e9e (1 \u00e9l\u00e9ment)\">esp\u00e8ce ptot\u00e9g\u00e9e<\/a>\n<a href=\"https:\/\/wp.unil.ch\/biodiversite\/tag\/feuillu\/\" class=\"tag-cloud-link tag-link-27 tag-link-position-9\" style=\"font-size: 10.27027027027pt;\" aria-label=\"feuillu (2 \u00e9l\u00e9ments)\">feuillu<\/a>\n<a href=\"https:\/\/wp.unil.ch\/biodiversite\/tag\/fleurs\/\" class=\"tag-cloud-link tag-link-45 tag-link-position-10\" style=\"font-size: 8pt;\" aria-label=\"fleurs (1 \u00e9l\u00e9ment)\">fleurs<\/a>\n<a href=\"https:\/\/wp.unil.ch\/biodiversite\/tag\/foret\/\" class=\"tag-cloud-link tag-link-41 tag-link-position-11\" style=\"font-size: 10.27027027027pt;\" aria-label=\"for\u00eat (2 \u00e9l\u00e9ments)\">for\u00eat<\/a>\n<a href=\"https:\/\/wp.unil.ch\/biodiversite\/tag\/fourmi\/\" class=\"tag-cloud-link tag-link-43 tag-link-position-12\" style=\"font-size: 10.27027027027pt;\" aria-label=\"fourmi (2 \u00e9l\u00e9ments)\">fourmi<\/a>\n<a href=\"https:\/\/wp.unil.ch\/biodiversite\/tag\/insecte\/\" class=\"tag-cloud-link tag-link-24 tag-link-position-13\" style=\"font-size: 11.783783783784pt;\" aria-label=\"insecte (3 \u00e9l\u00e9ments)\">insecte<\/a>\n<a href=\"https:\/\/wp.unil.ch\/biodiversite\/tag\/invertebre\/\" class=\"tag-cloud-link tag-link-37 tag-link-position-14\" style=\"font-size: 8pt;\" aria-label=\"invert\u00e9br\u00e9 (1 \u00e9l\u00e9ment)\">invert\u00e9br\u00e9<\/a>\n<a href=\"https:\/\/wp.unil.ch\/biodiversite\/tag\/loup\/\" class=\"tag-cloud-link tag-link-44 tag-link-position-15\" style=\"font-size: 8pt;\" aria-label=\"loup (1 \u00e9l\u00e9ment)\">loup<\/a>\n<a href=\"https:\/\/wp.unil.ch\/biodiversite\/tag\/mammifere-2\/\" class=\"tag-cloud-link tag-link-20 tag-link-position-16\" style=\"font-size: 15.567567567568pt;\" aria-label=\"mammif\u00e8re (7 \u00e9l\u00e9ments)\">mammif\u00e8re<\/a>\n<a href=\"https:\/\/wp.unil.ch\/biodiversite\/tag\/migrateur\/\" class=\"tag-cloud-link tag-link-7 tag-link-position-17\" style=\"font-size: 8pt;\" aria-label=\"migrateur (1 \u00e9l\u00e9ment)\">migrateur<\/a>\n<a href=\"https:\/\/wp.unil.ch\/biodiversite\/tag\/milan-noir\/\" class=\"tag-cloud-link tag-link-3 tag-link-position-18\" style=\"font-size: 8pt;\" aria-label=\"milan noir (1 \u00e9l\u00e9ment)\">milan noir<\/a>\n<a href=\"https:\/\/wp.unil.ch\/biodiversite\/tag\/nocturne\/\" class=\"tag-cloud-link tag-link-12 tag-link-position-19\" style=\"font-size: 8pt;\" aria-label=\"nocturne (1 \u00e9l\u00e9ment)\">nocturne<\/a>\n<a href=\"https:\/\/wp.unil.ch\/biodiversite\/tag\/oiseau\/\" class=\"tag-cloud-link tag-link-17 tag-link-position-20\" style=\"font-size: 22pt;\" aria-label=\"oiseau (25 \u00e9l\u00e9ments)\">oiseau<\/a>\n<a href=\"https:\/\/wp.unil.ch\/biodiversite\/tag\/orchidees\/\" class=\"tag-cloud-link tag-link-46 tag-link-position-21\" style=\"font-size: 8pt;\" aria-label=\"orchid\u00e9es (1 \u00e9l\u00e9ment)\">orchid\u00e9es<\/a>\n<a href=\"https:\/\/wp.unil.ch\/biodiversite\/tag\/plante\/\" class=\"tag-cloud-link tag-link-13 tag-link-position-22\" style=\"font-size: 10.27027027027pt;\" aria-label=\"plante (2 \u00e9l\u00e9ments)\">plante<\/a>\n<a href=\"https:\/\/wp.unil.ch\/biodiversite\/tag\/poisson\/\" class=\"tag-cloud-link tag-link-34 tag-link-position-23\" style=\"font-size: 8pt;\" aria-label=\"poisson (1 \u00e9l\u00e9ment)\">poisson<\/a>\n<a href=\"https:\/\/wp.unil.ch\/biodiversite\/tag\/potager\/\" class=\"tag-cloud-link tag-link-33 tag-link-position-24\" style=\"font-size: 8pt;\" aria-label=\"potager (1 \u00e9l\u00e9ment)\">potager<\/a>\n<a href=\"https:\/\/wp.unil.ch\/biodiversite\/tag\/rapace\/\" class=\"tag-cloud-link tag-link-6 tag-link-position-25\" style=\"font-size: 8pt;\" aria-label=\"rapace (1 \u00e9l\u00e9ment)\">rapace<\/a>\n<a href=\"https:\/\/wp.unil.ch\/biodiversite\/tag\/recheche\/\" class=\"tag-cloud-link tag-link-47 tag-link-position-26\" style=\"font-size: 8pt;\" aria-label=\"recheche (1 \u00e9l\u00e9ment)\">recheche<\/a>\n<a href=\"https:\/\/wp.unil.ch\/biodiversite\/tag\/rongeur\/\" class=\"tag-cloud-link tag-link-16 tag-link-position-27\" style=\"font-size: 8pt;\" aria-label=\"rongeur (1 \u00e9l\u00e9ment)\">rongeur<\/a>\n<a href=\"https:\/\/wp.unil.ch\/biodiversite\/tag\/sauvageons\/\" class=\"tag-cloud-link tag-link-31 tag-link-position-28\" style=\"font-size: 11.783783783784pt;\" aria-label=\"sauvageons (3 \u00e9l\u00e9ments)\">sauvageons<\/a>\n<a href=\"https:\/\/wp.unil.ch\/biodiversite\/tag\/sols\/\" class=\"tag-cloud-link tag-link-40 tag-link-position-29\" style=\"font-size: 11.783783783784pt;\" aria-label=\"sols (3 \u00e9l\u00e9ments)\">sols<\/a><\/p>","protected":false},"excerpt":{"rendered":"","protected":false},"author":1801,"featured_media":0,"parent":0,"menu_order":0,"comment_status":"closed","ping_status":"closed","template":"","meta":{"_seopress_robots_primary_cat":"","_seopress_titles_title":"","_seopress_titles_desc":"","_seopress_robots_index":"","footnotes":""},"class_list":["post-216","page","type-page","status-publish"],"_links":{"self":[{"href":"https:\/\/wp.unil.ch\/biodiversite\/wp-json\/wp\/v2\/pages\/216","targetHints":{"allow":["GET"]}}],"collection":[{"href":"https:\/\/wp.unil.ch\/biodiversite\/wp-json\/wp\/v2\/pages"}],"about":[{"href":"https:\/\/wp.unil.ch\/biodiversite\/wp-json\/wp\/v2\/types\/page"}],"author":[{"embeddable":true,"href":"https:\/\/wp.unil.ch\/biodiversite\/wp-json\/wp\/v2\/users\/1801"}],"replies":[{"embeddable":true,"href":"https:\/\/wp.unil.ch\/biodiversite\/wp-json\/wp\/v2\/comments?post=216"}],"version-history":[{"count":0,"href":"https:\/\/wp.unil.ch\/biodiversite\/wp-json\/wp\/v2\/pages\/216\/revisions"}],"wp:attachment":[{"href":"https:\/\/wp.unil.ch\/biodiversite\/wp-json\/wp\/v2\/media?parent=216"}],"curies":[{"name":"wp","href":"https:\/\/api.w.org\/{rel}","templated":true}]}}