{"id":213,"date":"2020-06-19T16:44:51","date_gmt":"2020-06-19T14:44:51","guid":{"rendered":"http:\/\/wp.unil.ch\/biodiversite\/?page_id=213"},"modified":"2023-03-06T17:36:07","modified_gmt":"2023-03-06T16:36:07","slug":"oiseaux","status":"publish","type":"page","link":"https:\/\/wp.unil.ch\/biodiversite\/oiseaux\/","title":{"rendered":"Les oiseaux"},"content":{"rendered":"\n<p>L\u2019\u00e9tat de l\u2019avifaune sur notre plan\u00e8te est sans pr\u00e9c\u00e9dent&nbsp;: pr\u00e8s de la moiti\u00e9 des esp\u00e8ces d\u2019oiseaux pr\u00e9sentent des effectifs en d\u00e9clin et plus de 10% figurent sur la liste rouge mondiale, c\u2019est-\u00e0-dire en danger ou au bord de l\u2019extinction. Les oiseaux sont d\u2019excellents indicateurs de l\u2019\u00e9tat de notre monde et de la biodiversit\u00e9. Ce sont les groupes d\u2019organismes les plus \u00e9tudi\u00e9s depuis fort longtemps. Depuis l\u2019an 1500, ce sont 187 esp\u00e8ces d\u2019oiseaux qui se sont \u00e9teintes, pour la plupart \u00e9radiqu\u00e9s par la pr\u00e9dation de mammif\u00e8res introduits pour des esp\u00e8ces insulaire end\u00e9miques. Sur le continent Europ\u00e9en, ce sont les esp\u00e8ces des milieux agricoles qui sont les plus lourdement touch\u00e9es avec une perte de 57% des effectifs depuis les ann\u00e9es 80.<\/p>\n\n\n\n<p>L\u2019expansion de l\u2019agriculture, l\u2019\u00e9levage intensif, la m\u00e9canisation constante, l\u2019utilisation de produits agrochimiques et la transformation des prairies en terre cultiv\u00e9es constituent ensemble la plus grande menace sur les oiseaux. La d\u00e9forestation et une sylviculture non durable contribuent \u00e9galement \u00e0 des pertes majeures. En altitude, ce sont pr\u00e8s de 10% des effectifs d\u2019oiseaux des montagnes qui sont observ\u00e9s depuis les ann\u00e9es 2000. Certaines menaces sous-estim\u00e9es sont en lien avec l\u2019urbanisation&nbsp;: les collisions avec les constructions humaines et en particulier les fen\u00eatres sont une cause majeure de mortalit\u00e9 aviaire. Le reflet du ciel ou de la v\u00e9g\u00e9tation durant la journ\u00e9e, ainsi que l\u2019\u00e9clairage artificiel la nuit sont \u00e0 l\u2019origine d\u2019une d\u00e9sorientation pour les esp\u00e8ces a\u00e9riennes. &nbsp;Les esp\u00e8ces les plus \u00e0 risque sont principalement les migratrices nocturnes, les insectivores et les sylvestres.<\/p>\n\n\n\n<h3 class=\"has-white-background-color has-text-color has-background wp-block-heading\" style=\"color:#9bbf2f\">\u00ab\u00a0La Suisse compte environ 200 esp\u00e8ces d\u2019oiseaux nicheurs, dont presque 40% sont sur la Liste Rouge.\u00a0\u00bb <\/h3>\n\n\n\n<p>Selon les crit\u00e8res internationaux, la Suisse contient une proportion trois fois plus \u00e9lev\u00e9e d\u2019esp\u00e8ces sur la Liste Mondiale. La protection des habitats et des mesures ciblant individuellement les esp\u00e8ces doivent permettre de les promouvoir. Les ann\u00e9es \u00e0 venir ont \u00e9t\u00e9 identifi\u00e9es comme une \u00ab&nbsp;d\u00e9cennie critique&nbsp;\u00bb pour agir.<\/p>\n\n\n\n<p><\/p>\n\n\n\n<div class=\"wp-block-group\"><div class=\"wp-block-group__inner-container is-layout-flow wp-block-group-is-layout-flow\">\n<div class=\"wp-block-group\"><div class=\"wp-block-group__inner-container is-layout-flow wp-block-group-is-layout-flow\">\n<div class=\"wp-block-group\"><div class=\"wp-block-group__inner-container is-layout-flow wp-block-group-is-layout-flow\"><ul class=\"wp-block-latest-posts__list is-grid columns-3 wp-block-latest-posts\"><li><div class=\"wp-block-latest-posts__featured-image\"><img loading=\"lazy\" decoding=\"async\" width=\"600\" height=\"400\" src=\"https:\/\/wp.unil.ch\/biodiversite\/files\/2023\/03\/verdier-europe.jpg\" class=\"attachment-large size-large wp-post-image\" alt=\"\" style=\"\" srcset=\"https:\/\/wp.unil.ch\/biodiversite\/files\/2023\/03\/verdier-europe.jpg 600w, https:\/\/wp.unil.ch\/biodiversite\/files\/2023\/03\/verdier-europe-300x200.jpg 300w\" sizes=\"auto, (max-width: 600px) 100vw, 600px\" \/><\/div><a class=\"wp-block-latest-posts__post-title\" href=\"https:\/\/wp.unil.ch\/biodiversite\/le-versier-deurope\/\">Le verdier d&rsquo;Europe<\/a><div class=\"wp-block-latest-posts__post-excerpt\">Comme son nom l\u2019indique on retrouve cet oiseau principalement en Europe. Pour le reconnaitre facilement, il faut regarder l\u2019extr\u00e9mit\u00e9 de ces ailes et des plumes de la queue qui sont &hellip; <\/div><\/li>\n<li><div class=\"wp-block-latest-posts__featured-image\"><img loading=\"lazy\" decoding=\"async\" width=\"600\" height=\"400\" src=\"https:\/\/wp.unil.ch\/biodiversite\/files\/2023\/03\/tourterelle-turque.jpg\" class=\"attachment-large size-large wp-post-image\" alt=\"\" style=\"\" srcset=\"https:\/\/wp.unil.ch\/biodiversite\/files\/2023\/03\/tourterelle-turque.jpg 600w, https:\/\/wp.unil.ch\/biodiversite\/files\/2023\/03\/tourterelle-turque-300x200.jpg 300w\" sizes=\"auto, (max-width: 600px) 100vw, 600px\" \/><\/div><a class=\"wp-block-latest-posts__post-title\" href=\"https:\/\/wp.unil.ch\/biodiversite\/la-tourterelle-turque\/\">La tourterelle turque<\/a><div class=\"wp-block-latest-posts__post-excerpt\">Originaire du continent asiatique, la Tourterelle turque a colonis\u00e9 l\u2019Europe en quelques d\u00e9cennies d\u00e8s 1930, via la Turquie et les Balkans, et continue d\u2019\u00e9tendre ses positions dans le bassin m\u00e9diterran\u00e9en &hellip; <\/div><\/li>\n<li><div class=\"wp-block-latest-posts__featured-image\"><img loading=\"lazy\" decoding=\"async\" width=\"600\" height=\"400\" src=\"https:\/\/wp.unil.ch\/biodiversite\/files\/2023\/03\/Sittelle-torchepot-.jpg\" class=\"attachment-large size-large wp-post-image\" alt=\"\" style=\"\" srcset=\"https:\/\/wp.unil.ch\/biodiversite\/files\/2023\/03\/Sittelle-torchepot-.jpg 600w, https:\/\/wp.unil.ch\/biodiversite\/files\/2023\/03\/Sittelle-torchepot--300x200.jpg 300w\" sizes=\"auto, (max-width: 600px) 100vw, 600px\" \/><\/div><a class=\"wp-block-latest-posts__post-title\" href=\"https:\/\/wp.unil.ch\/biodiversite\/la-sittelle-torchepot\/\">La sittelle torchepot<\/a><div class=\"wp-block-latest-posts__post-excerpt\">La sittelle torchepot est pr\u00e9sente sur les continents europ\u00e9en et asiatique. Son plumage caract\u00e9ristique la rend facile \u00e0 reconnaitre&nbsp;: la partie sup\u00e9rieure du corps est bleu-gris, la gorge est blanche &hellip; <\/div><\/li>\n<li><div class=\"wp-block-latest-posts__featured-image\"><img loading=\"lazy\" decoding=\"async\" width=\"600\" height=\"400\" src=\"https:\/\/wp.unil.ch\/biodiversite\/files\/2023\/03\/Serin-cini.jpg\" class=\"attachment-large size-large wp-post-image\" alt=\"\" style=\"\" srcset=\"https:\/\/wp.unil.ch\/biodiversite\/files\/2023\/03\/Serin-cini.jpg 600w, https:\/\/wp.unil.ch\/biodiversite\/files\/2023\/03\/Serin-cini-300x200.jpg 300w\" sizes=\"auto, (max-width: 600px) 100vw, 600px\" \/><\/div><a class=\"wp-block-latest-posts__post-title\" href=\"https:\/\/wp.unil.ch\/biodiversite\/le-serin-cini\/\">Le Serin cini<\/a><div class=\"wp-block-latest-posts__post-excerpt\">Le Serin cini est principalement pr\u00e9sent en Europe et au nord de l\u2019Afrique. Il est facile de diff\u00e9rencier le m\u00e2le et la femelle chez cette esp\u00e8ce. Le plumage du m\u00e2le &hellip; <\/div><\/li>\n<li><div class=\"wp-block-latest-posts__featured-image\"><img loading=\"lazy\" decoding=\"async\" width=\"600\" height=\"400\" src=\"https:\/\/wp.unil.ch\/biodiversite\/files\/2023\/03\/Rouge-queue-noir.jpg\" class=\"attachment-large size-large wp-post-image\" alt=\"\" style=\"\" srcset=\"https:\/\/wp.unil.ch\/biodiversite\/files\/2023\/03\/Rouge-queue-noir.jpg 600w, https:\/\/wp.unil.ch\/biodiversite\/files\/2023\/03\/Rouge-queue-noir-300x200.jpg 300w\" sizes=\"auto, (max-width: 600px) 100vw, 600px\" \/><\/div><a class=\"wp-block-latest-posts__post-title\" href=\"https:\/\/wp.unil.ch\/biodiversite\/le-rougequeue-noir\/\">Le rougequeue noir<\/a><div class=\"wp-block-latest-posts__post-excerpt\">Le rougequeue noir est pr\u00e9sent en Europe, en Asie et au nord de l\u2019Afrique. Bien qu\u2019il existe 5 sous-esp\u00e8ces dans toute l\u2019aire de r\u00e9partition, on retrouve en Europe de l\u2019Ouest &hellip; <\/div><\/li>\n<li><div class=\"wp-block-latest-posts__featured-image\"><img loading=\"lazy\" decoding=\"async\" width=\"600\" height=\"400\" src=\"https:\/\/wp.unil.ch\/biodiversite\/files\/2023\/03\/Pouillot-veloce_600_Mythier.jpg\" class=\"attachment-large size-large wp-post-image\" alt=\"\" style=\"\" srcset=\"https:\/\/wp.unil.ch\/biodiversite\/files\/2023\/03\/Pouillot-veloce_600_Mythier.jpg 600w, https:\/\/wp.unil.ch\/biodiversite\/files\/2023\/03\/Pouillot-veloce_600_Mythier-300x200.jpg 300w\" sizes=\"auto, (max-width: 600px) 100vw, 600px\" \/><\/div><a class=\"wp-block-latest-posts__post-title\" href=\"https:\/\/wp.unil.ch\/biodiversite\/le-pouillot-veloce\/\">Le pouillot v\u00e9loce<\/a><div class=\"wp-block-latest-posts__post-excerpt\">A la belle saison, soit entre mars et septembre, le pouillot v\u00e9loce est pr\u00e9sent dans toute l\u2019Europe et sur le continent Asiatique, jusqu\u2019\u00e0 environ 2000 m d\u2019altitude. Le reste de &hellip; <\/div><\/li>\n<li><div class=\"wp-block-latest-posts__featured-image\"><img loading=\"lazy\" decoding=\"async\" width=\"600\" height=\"400\" src=\"https:\/\/wp.unil.ch\/biodiversite\/files\/2023\/03\/Pigeon-biset.jpg\" class=\"attachment-large size-large wp-post-image\" alt=\"\" style=\"\" srcset=\"https:\/\/wp.unil.ch\/biodiversite\/files\/2023\/03\/Pigeon-biset.jpg 600w, https:\/\/wp.unil.ch\/biodiversite\/files\/2023\/03\/Pigeon-biset-300x200.jpg 300w\" sizes=\"auto, (max-width: 600px) 100vw, 600px\" \/><\/div><a class=\"wp-block-latest-posts__post-title\" href=\"https:\/\/wp.unil.ch\/biodiversite\/les-pigeons\/\">Les pigeons<\/a><div class=\"wp-block-latest-posts__post-excerpt\">A l\u2019heure d\u2019aujourd\u2019hui on peut dire que les pigeons font partie int\u00e9grante du paysage urbain. Bien qu\u2019il en existe plusieurs esp\u00e8ces dans le monde entier, en Europe on retrouve principalement &hellip; <\/div><\/li>\n<li><div class=\"wp-block-latest-posts__featured-image\"><img loading=\"lazy\" decoding=\"async\" width=\"600\" height=\"400\" src=\"https:\/\/wp.unil.ch\/biodiversite\/files\/2023\/03\/Roitelet_600_Mythier.jpg\" class=\"attachment-large size-large wp-post-image\" alt=\"\" style=\"\" srcset=\"https:\/\/wp.unil.ch\/biodiversite\/files\/2023\/03\/Roitelet_600_Mythier.jpg 600w, https:\/\/wp.unil.ch\/biodiversite\/files\/2023\/03\/Roitelet_600_Mythier-300x200.jpg 300w\" sizes=\"auto, (max-width: 600px) 100vw, 600px\" \/><\/div><a class=\"wp-block-latest-posts__post-title\" href=\"https:\/\/wp.unil.ch\/biodiversite\/le-roitelet-a-triple-bandeau\/\">Le roitelet \u00e0 triple bandeau<\/a><div class=\"wp-block-latest-posts__post-excerpt\">Le roitelet \u00e0 triple bandeau est pr\u00e9sent principalement sur le continent Europ\u00e9en, mais on le retrouve aussi en Asie et en Afrique. Avec son cong\u00e9n\u00e8re le roitelet hupp\u00e9, ce sont &hellip; <\/div><\/li>\n<li><div class=\"wp-block-latest-posts__featured-image\"><img loading=\"lazy\" decoding=\"async\" width=\"600\" height=\"400\" src=\"https:\/\/wp.unil.ch\/biodiversite\/files\/2023\/03\/Rouge-gorge_600_Mythier.jpg\" class=\"attachment-large size-large wp-post-image\" alt=\"\" style=\"\" srcset=\"https:\/\/wp.unil.ch\/biodiversite\/files\/2023\/03\/Rouge-gorge_600_Mythier.jpg 600w, https:\/\/wp.unil.ch\/biodiversite\/files\/2023\/03\/Rouge-gorge_600_Mythier-300x200.jpg 300w\" sizes=\"auto, (max-width: 600px) 100vw, 600px\" \/><\/div><a class=\"wp-block-latest-posts__post-title\" href=\"https:\/\/wp.unil.ch\/biodiversite\/le-rouge-gorge-familier\/\">Le rouge-gorge familier<\/a><div class=\"wp-block-latest-posts__post-excerpt\">Un petit oiseau tr\u00e8s curieux et peu farouche. Le rouge-gorge est une esp\u00e8ce pr\u00e9sente principalement en Europe, en Asie et au Nord de l\u2019Afrique. Comme son nom l\u2019indique, il est &hellip; <\/div><\/li>\n<li><div class=\"wp-block-latest-posts__featured-image\"><img loading=\"lazy\" decoding=\"async\" width=\"600\" height=\"400\" src=\"https:\/\/wp.unil.ch\/biodiversite\/files\/2023\/03\/Pinsson-des-arbres_600_Mythier.jpg\" class=\"attachment-large size-large wp-post-image\" alt=\"\" style=\"\" srcset=\"https:\/\/wp.unil.ch\/biodiversite\/files\/2023\/03\/Pinsson-des-arbres_600_Mythier.jpg 600w, https:\/\/wp.unil.ch\/biodiversite\/files\/2023\/03\/Pinsson-des-arbres_600_Mythier-300x200.jpg 300w\" sizes=\"auto, (max-width: 600px) 100vw, 600px\" \/><\/div><a class=\"wp-block-latest-posts__post-title\" href=\"https:\/\/wp.unil.ch\/biodiversite\/970-2\/\">Le pinson des arbres<\/a><div class=\"wp-block-latest-posts__post-excerpt\">Le pinson des arbres est pr\u00e9sent sur le continent europ\u00e9en et asiatique. Chez cette esp\u00e8ce il est facile de diff\u00e9rencier le m\u00e2le et la femelle. Comme chez la plupart des &hellip; <\/div><\/li>\n<li><div class=\"wp-block-latest-posts__featured-image\"><img loading=\"lazy\" decoding=\"async\" width=\"600\" height=\"401\" src=\"https:\/\/wp.unil.ch\/biodiversite\/files\/2023\/03\/Pic-vert_600.jpg\" class=\"attachment-large size-large wp-post-image\" alt=\"\" style=\"\" srcset=\"https:\/\/wp.unil.ch\/biodiversite\/files\/2023\/03\/Pic-vert_600.jpg 600w, https:\/\/wp.unil.ch\/biodiversite\/files\/2023\/03\/Pic-vert_600-300x201.jpg 300w\" sizes=\"auto, (max-width: 600px) 100vw, 600px\" \/><\/div><a class=\"wp-block-latest-posts__post-title\" href=\"https:\/\/wp.unil.ch\/biodiversite\/le-pic-vert\/\">Le pic vert<\/a><div class=\"wp-block-latest-posts__post-excerpt\">Le roi des fourmili\u00e8res. Le pic vert est le second plus grand pic en Europe apr\u00e8s le pic noir. On le retrouve principalement en Europe et parfois en Russie. Comme &hellip; <\/div><\/li>\n<li><div class=\"wp-block-latest-posts__featured-image\"><img loading=\"lazy\" decoding=\"async\" width=\"600\" height=\"400\" src=\"https:\/\/wp.unil.ch\/biodiversite\/files\/2023\/03\/pic-epeiche_600.jpg\" class=\"attachment-large size-large wp-post-image\" alt=\"\" style=\"\" srcset=\"https:\/\/wp.unil.ch\/biodiversite\/files\/2023\/03\/pic-epeiche_600.jpg 600w, https:\/\/wp.unil.ch\/biodiversite\/files\/2023\/03\/pic-epeiche_600-300x200.jpg 300w\" sizes=\"auto, (max-width: 600px) 100vw, 600px\" \/><\/div><a class=\"wp-block-latest-posts__post-title\" href=\"https:\/\/wp.unil.ch\/biodiversite\/le-pic-epeiche\/\">Le pic \u00e9peiche<\/a><div class=\"wp-block-latest-posts__post-excerpt\">Le pic \u00e9peiche est le plus commun et le plus r\u00e9pandue des pics. Il est pr\u00e9sent principalement en Europe et en Asie. Son plumage compos\u00e9 de noir blanc et rouge &hellip; <\/div><\/li>\n<li><div class=\"wp-block-latest-posts__featured-image\"><img loading=\"lazy\" decoding=\"async\" width=\"600\" height=\"400\" src=\"https:\/\/wp.unil.ch\/biodiversite\/files\/2023\/03\/Moineau-friquet_600_Mythier.jpg\" class=\"attachment-large size-large wp-post-image\" alt=\"\" style=\"\" srcset=\"https:\/\/wp.unil.ch\/biodiversite\/files\/2023\/03\/Moineau-friquet_600_Mythier.jpg 600w, https:\/\/wp.unil.ch\/biodiversite\/files\/2023\/03\/Moineau-friquet_600_Mythier-300x200.jpg 300w\" sizes=\"auto, (max-width: 600px) 100vw, 600px\" \/><\/div><a class=\"wp-block-latest-posts__post-title\" href=\"https:\/\/wp.unil.ch\/biodiversite\/les-moineaux\/\">Les moineaux<\/a><div class=\"wp-block-latest-posts__post-excerpt\">Petits oiseaux connus de tous, les moineaux sont pr\u00e9sents quasiment dans le monde entier. Aux bords des terrasses on rencontre principalement le Moineau domestique mais il arrive aussi de crois\u00e9 &hellip; <\/div><\/li>\n<li><div class=\"wp-block-latest-posts__featured-image\"><img loading=\"lazy\" decoding=\"async\" width=\"600\" height=\"400\" src=\"https:\/\/wp.unil.ch\/biodiversite\/files\/2023\/03\/Merle-noir_600_Mythier.jpg\" class=\"attachment-large size-large wp-post-image\" alt=\"\" style=\"\" srcset=\"https:\/\/wp.unil.ch\/biodiversite\/files\/2023\/03\/Merle-noir_600_Mythier.jpg 600w, https:\/\/wp.unil.ch\/biodiversite\/files\/2023\/03\/Merle-noir_600_Mythier-300x200.jpg 300w\" sizes=\"auto, (max-width: 600px) 100vw, 600px\" \/><\/div><a class=\"wp-block-latest-posts__post-title\" href=\"https:\/\/wp.unil.ch\/biodiversite\/le-merle-noir\/\">Le merle noir<\/a><div class=\"wp-block-latest-posts__post-excerpt\">Le roi des chanteurs. Pr\u00e9sent en Afrique du Nord, de l\u2019Europe jusqu\u2019en Inde et au sud de la Chine. Les merles hivernent en Egypte et en Asie du Sud-est et &hellip; <\/div><\/li>\n<li><div class=\"wp-block-latest-posts__featured-image\"><img loading=\"lazy\" decoding=\"async\" width=\"600\" height=\"400\" src=\"https:\/\/wp.unil.ch\/biodiversite\/files\/2023\/03\/Martiner-noir_600.jpg\" class=\"attachment-large size-large wp-post-image\" alt=\"\" style=\"\" srcset=\"https:\/\/wp.unil.ch\/biodiversite\/files\/2023\/03\/Martiner-noir_600.jpg 600w, https:\/\/wp.unil.ch\/biodiversite\/files\/2023\/03\/Martiner-noir_600-300x200.jpg 300w\" sizes=\"auto, (max-width: 600px) 100vw, 600px\" \/><\/div><a class=\"wp-block-latest-posts__post-title\" href=\"https:\/\/wp.unil.ch\/biodiversite\/le-martinet-noir\/\">Le martinet noir<\/a><div class=\"wp-block-latest-posts__post-excerpt\">L\u2019oiseau qui ne s\u2019arr\u00eate jamais de voler&nbsp;! Le martinet noir est pr\u00e9sent en Europe, en Asie et en Afrique, o\u00f9 il hiverne. Cet oiseau est connu pour ses capacit\u00e9s de &hellip; <\/div><\/li>\n<\/ul><\/div><\/div>\n<\/div><\/div>\n\n\n\n<p>Pour tout savoir sur <a rel=\"noreferrer noopener\" href=\"https:\/\/www.vogelwarte.ch\/fr\/oiseaux\/les-oiseaux-de-suisse\" target=\"_blank\">les oiseaux de Suisse<\/a> ! <\/p>\n<\/div><\/div>\n\n\n<p class=\"wp-block-tag-cloud\"><a href=\"https:\/\/wp.unil.ch\/biodiversite\/tag\/adn\/\" class=\"tag-cloud-link tag-link-38 tag-link-position-1\" style=\"font-size: 8pt;\" aria-label=\"ADN (1 \u00e9l\u00e9ment)\">ADN<\/a>\n<a href=\"https:\/\/wp.unil.ch\/biodiversite\/tag\/amphibien\/\" class=\"tag-cloud-link tag-link-35 tag-link-position-2\" style=\"font-size: 8pt;\" aria-label=\"amphibien (1 \u00e9l\u00e9ment)\">amphibien<\/a>\n<a href=\"https:\/\/wp.unil.ch\/biodiversite\/tag\/aquatique\/\" class=\"tag-cloud-link tag-link-11 tag-link-position-3\" style=\"font-size: 13.045045045045pt;\" aria-label=\"aquatique (4 \u00e9l\u00e9ments)\">aquatique<\/a>\n<a href=\"https:\/\/wp.unil.ch\/biodiversite\/tag\/arbre\/\" class=\"tag-cloud-link tag-link-28 tag-link-position-4\" style=\"font-size: 10.27027027027pt;\" aria-label=\"arbre (2 \u00e9l\u00e9ments)\">arbre<\/a>\n<a href=\"https:\/\/wp.unil.ch\/biodiversite\/tag\/castor\/\" class=\"tag-cloud-link tag-link-9 tag-link-position-5\" style=\"font-size: 8pt;\" aria-label=\"castor (1 \u00e9l\u00e9ment)\">castor<\/a>\n<a href=\"https:\/\/wp.unil.ch\/biodiversite\/tag\/chauve-souris\/\" class=\"tag-cloud-link tag-link-19 tag-link-position-6\" style=\"font-size: 8pt;\" aria-label=\"chauve-souris (1 \u00e9l\u00e9ment)\">chauve-souris<\/a>\n<a href=\"https:\/\/wp.unil.ch\/biodiversite\/tag\/climat\/\" class=\"tag-cloud-link tag-link-32 tag-link-position-7\" style=\"font-size: 8pt;\" aria-label=\"climat (1 \u00e9l\u00e9ment)\">climat<\/a>\n<a href=\"https:\/\/wp.unil.ch\/biodiversite\/tag\/espece-ptotegee\/\" class=\"tag-cloud-link tag-link-39 tag-link-position-8\" style=\"font-size: 8pt;\" aria-label=\"esp\u00e8ce ptot\u00e9g\u00e9e (1 \u00e9l\u00e9ment)\">esp\u00e8ce ptot\u00e9g\u00e9e<\/a>\n<a href=\"https:\/\/wp.unil.ch\/biodiversite\/tag\/feuillu\/\" class=\"tag-cloud-link tag-link-27 tag-link-position-9\" style=\"font-size: 10.27027027027pt;\" aria-label=\"feuillu (2 \u00e9l\u00e9ments)\">feuillu<\/a>\n<a href=\"https:\/\/wp.unil.ch\/biodiversite\/tag\/fleurs\/\" class=\"tag-cloud-link tag-link-45 tag-link-position-10\" style=\"font-size: 8pt;\" aria-label=\"fleurs (1 \u00e9l\u00e9ment)\">fleurs<\/a>\n<a href=\"https:\/\/wp.unil.ch\/biodiversite\/tag\/foret\/\" class=\"tag-cloud-link tag-link-41 tag-link-position-11\" style=\"font-size: 10.27027027027pt;\" aria-label=\"for\u00eat (2 \u00e9l\u00e9ments)\">for\u00eat<\/a>\n<a href=\"https:\/\/wp.unil.ch\/biodiversite\/tag\/fourmi\/\" class=\"tag-cloud-link tag-link-43 tag-link-position-12\" style=\"font-size: 10.27027027027pt;\" aria-label=\"fourmi (2 \u00e9l\u00e9ments)\">fourmi<\/a>\n<a href=\"https:\/\/wp.unil.ch\/biodiversite\/tag\/insecte\/\" class=\"tag-cloud-link tag-link-24 tag-link-position-13\" style=\"font-size: 11.783783783784pt;\" aria-label=\"insecte (3 \u00e9l\u00e9ments)\">insecte<\/a>\n<a href=\"https:\/\/wp.unil.ch\/biodiversite\/tag\/invertebre\/\" class=\"tag-cloud-link tag-link-37 tag-link-position-14\" style=\"font-size: 8pt;\" aria-label=\"invert\u00e9br\u00e9 (1 \u00e9l\u00e9ment)\">invert\u00e9br\u00e9<\/a>\n<a href=\"https:\/\/wp.unil.ch\/biodiversite\/tag\/loup\/\" class=\"tag-cloud-link tag-link-44 tag-link-position-15\" style=\"font-size: 8pt;\" aria-label=\"loup (1 \u00e9l\u00e9ment)\">loup<\/a>\n<a href=\"https:\/\/wp.unil.ch\/biodiversite\/tag\/mammifere-2\/\" class=\"tag-cloud-link tag-link-20 tag-link-position-16\" style=\"font-size: 15.567567567568pt;\" aria-label=\"mammif\u00e8re (7 \u00e9l\u00e9ments)\">mammif\u00e8re<\/a>\n<a href=\"https:\/\/wp.unil.ch\/biodiversite\/tag\/migrateur\/\" class=\"tag-cloud-link tag-link-7 tag-link-position-17\" style=\"font-size: 8pt;\" aria-label=\"migrateur (1 \u00e9l\u00e9ment)\">migrateur<\/a>\n<a href=\"https:\/\/wp.unil.ch\/biodiversite\/tag\/milan-noir\/\" class=\"tag-cloud-link tag-link-3 tag-link-position-18\" style=\"font-size: 8pt;\" aria-label=\"milan noir (1 \u00e9l\u00e9ment)\">milan noir<\/a>\n<a href=\"https:\/\/wp.unil.ch\/biodiversite\/tag\/nocturne\/\" class=\"tag-cloud-link tag-link-12 tag-link-position-19\" style=\"font-size: 8pt;\" aria-label=\"nocturne (1 \u00e9l\u00e9ment)\">nocturne<\/a>\n<a href=\"https:\/\/wp.unil.ch\/biodiversite\/tag\/oiseau\/\" class=\"tag-cloud-link tag-link-17 tag-link-position-20\" style=\"font-size: 22pt;\" aria-label=\"oiseau (25 \u00e9l\u00e9ments)\">oiseau<\/a>\n<a href=\"https:\/\/wp.unil.ch\/biodiversite\/tag\/orchidees\/\" class=\"tag-cloud-link tag-link-46 tag-link-position-21\" style=\"font-size: 8pt;\" aria-label=\"orchid\u00e9es (1 \u00e9l\u00e9ment)\">orchid\u00e9es<\/a>\n<a href=\"https:\/\/wp.unil.ch\/biodiversite\/tag\/plante\/\" class=\"tag-cloud-link tag-link-13 tag-link-position-22\" style=\"font-size: 10.27027027027pt;\" aria-label=\"plante (2 \u00e9l\u00e9ments)\">plante<\/a>\n<a href=\"https:\/\/wp.unil.ch\/biodiversite\/tag\/poisson\/\" class=\"tag-cloud-link tag-link-34 tag-link-position-23\" style=\"font-size: 8pt;\" aria-label=\"poisson (1 \u00e9l\u00e9ment)\">poisson<\/a>\n<a href=\"https:\/\/wp.unil.ch\/biodiversite\/tag\/potager\/\" class=\"tag-cloud-link tag-link-33 tag-link-position-24\" style=\"font-size: 8pt;\" aria-label=\"potager (1 \u00e9l\u00e9ment)\">potager<\/a>\n<a href=\"https:\/\/wp.unil.ch\/biodiversite\/tag\/rapace\/\" class=\"tag-cloud-link tag-link-6 tag-link-position-25\" style=\"font-size: 8pt;\" aria-label=\"rapace (1 \u00e9l\u00e9ment)\">rapace<\/a>\n<a href=\"https:\/\/wp.unil.ch\/biodiversite\/tag\/recheche\/\" class=\"tag-cloud-link tag-link-47 tag-link-position-26\" style=\"font-size: 8pt;\" aria-label=\"recheche (1 \u00e9l\u00e9ment)\">recheche<\/a>\n<a href=\"https:\/\/wp.unil.ch\/biodiversite\/tag\/rongeur\/\" class=\"tag-cloud-link tag-link-16 tag-link-position-27\" style=\"font-size: 8pt;\" aria-label=\"rongeur (1 \u00e9l\u00e9ment)\">rongeur<\/a>\n<a href=\"https:\/\/wp.unil.ch\/biodiversite\/tag\/sauvageons\/\" class=\"tag-cloud-link tag-link-31 tag-link-position-28\" style=\"font-size: 11.783783783784pt;\" aria-label=\"sauvageons (3 \u00e9l\u00e9ments)\">sauvageons<\/a>\n<a href=\"https:\/\/wp.unil.ch\/biodiversite\/tag\/sols\/\" class=\"tag-cloud-link tag-link-40 tag-link-position-29\" style=\"font-size: 11.783783783784pt;\" aria-label=\"sols (3 \u00e9l\u00e9ments)\">sols<\/a><\/p>","protected":false},"excerpt":{"rendered":"<p>L\u2019\u00e9tat de l\u2019avifaune sur notre plan\u00e8te est sans pr\u00e9c\u00e9dent&nbsp;: pr\u00e8s de la moiti\u00e9 des esp\u00e8ces d\u2019oiseaux pr\u00e9sentent des effectifs en d\u00e9clin et plus de 10% figurent sur la liste rouge &hellip; <\/p>\n","protected":false},"author":1801,"featured_media":0,"parent":0,"menu_order":0,"comment_status":"closed","ping_status":"closed","template":"","meta":{"_seopress_robots_primary_cat":"","_seopress_titles_title":"","_seopress_titles_desc":"","_seopress_robots_index":"","footnotes":""},"class_list":["post-213","page","type-page","status-publish"],"_links":{"self":[{"href":"https:\/\/wp.unil.ch\/biodiversite\/wp-json\/wp\/v2\/pages\/213","targetHints":{"allow":["GET"]}}],"collection":[{"href":"https:\/\/wp.unil.ch\/biodiversite\/wp-json\/wp\/v2\/pages"}],"about":[{"href":"https:\/\/wp.unil.ch\/biodiversite\/wp-json\/wp\/v2\/types\/page"}],"author":[{"embeddable":true,"href":"https:\/\/wp.unil.ch\/biodiversite\/wp-json\/wp\/v2\/users\/1801"}],"replies":[{"embeddable":true,"href":"https:\/\/wp.unil.ch\/biodiversite\/wp-json\/wp\/v2\/comments?post=213"}],"version-history":[{"count":0,"href":"https:\/\/wp.unil.ch\/biodiversite\/wp-json\/wp\/v2\/pages\/213\/revisions"}],"wp:attachment":[{"href":"https:\/\/wp.unil.ch\/biodiversite\/wp-json\/wp\/v2\/media?parent=213"}],"curies":[{"name":"wp","href":"https:\/\/api.w.org\/{rel}","templated":true}]}}