{"id":165,"date":"2022-08-26T13:18:59","date_gmt":"2022-08-26T11:18:59","guid":{"rendered":"https:\/\/wp.unil.ch\/bgc\/?page_id=165"},"modified":"2025-10-02T10:43:19","modified_gmt":"2025-10-02T08:43:19","slug":"people","status":"publish","type":"page","link":"https:\/\/wp.unil.ch\/bgc\/people\/","title":{"rendered":"People"},"content":{"rendered":"\n<h2 class=\"wp-block-heading\">Current Group Members<\/h2>\n\n\n\n<div class=\"wp-block-group\"><div class=\"wp-block-group__inner-container is-layout-constrained wp-block-group-is-layout-constrained\">\n<pre class=\"wp-block-preformatted\"><strong>Prof. Dr. Marco Keiluweit (he\/him, PI)<\/strong><br>Marco is an Associate Professor and the PI of the Soil Biogeochemistry Group in the Faculty of Geosciences and the Environment (FGSE) at the University of Lausanne (Switzerland). Since his years as a BSc student, Marco has been interested in the molecular mechanisms that underlie soil function, and its response to climate change.  He received his BSc in Geoecology fom the University of T\u00fcbingen (Germany) as well as MSc and PhD degrees in Soil Biogeochemistry from Oregon State University (USA).&nbsp;During his PhD, Marco worked as a Lawrence Scholar in the Isotope Signature Group at Lawrence Livermore National Laboratory (USA). After defending his dissertation in 2013, he joined the Environmental &amp; Soil Biogeochemistry group at Stanford University (USA) as a Postdoctoral Scholar between 2014 and 2015. Marco became Assistant Professor of Soil Biogeochemistry at the University of Massachusetts-Amherst in 2016, before moving his group to UNIL in 2022.  <\/pre>\n\n\n\n<figure class=\"wp-block-image size-full\"><img alt=\"\" loading=\"lazy\" decoding=\"async\" width=\"720\" height=\"331\" src=\"https:\/\/wp.unil.ch\/bgc\/files\/2022\/09\/Colorado.jpg\" alt=\"\" class=\"wp-image-244\" srcset=\"https:\/\/wp.unil.ch\/bgc\/files\/2022\/09\/Colorado.jpg 720w, https:\/\/wp.unil.ch\/bgc\/files\/2022\/09\/Colorado-300x138.jpg 300w, https:\/\/wp.unil.ch\/bgc\/files\/2022\/09\/Colorado-540x248.jpg 540w\" sizes=\"auto, (max-width: 720px) 100vw, 720px\" \/><\/figure>\n<\/div><\/div>\n\n\n\n<div class=\"wp-block-group\"><div class=\"wp-block-group__inner-container is-layout-constrained wp-block-group-is-layout-constrained\">\n<pre class=\"wp-block-preformatted\"><strong>Dr. Luis Colocho (he\/him, Senior Scientist)<\/strong><br>Luis is a Senior Scientist in Analytical Biogeochemistry. He received his Dr. rer. nat. in Biogeochemistry from the Technical University of Munich (Germany), following a M.Sc. in Soil Science and a B.S. from the Federal University of Vi\u00e7osa (Brazil).  Thereafter, he conducted his postdoctoral research at the beamline ID21 of the European Synchrotron Radiation Facility (ESRF), and served as a Beamline Scientist at the beamline I08 of Diamond Light Source (UK), before moving to UNIL in 2025. He aims to understand how biological actors\u2014plants, microbes, and humans\u2014shape soil geochemistry and ecosystem function. He draws from his experience at large-scale research facilities to integrate cutting-edge microspectroscopic techniques to interrogate the molecular-scale interactions at soil interfaces.  <\/pre>\n\n\n\n<figure class=\"wp-block-image size-full\"><img loading=\"lazy\" decoding=\"async\" width=\"1430\" height=\"1078\" src=\"https:\/\/wp.unil.ch\/bgc\/files\/2025\/05\/luis_website.jpg\" alt=\"luis website\" class=\"wp-image-394\" srcset=\"https:\/\/wp.unil.ch\/bgc\/files\/2025\/05\/luis_website.jpg 1430w, https:\/\/wp.unil.ch\/bgc\/files\/2025\/05\/luis_website-300x226.jpg 300w, https:\/\/wp.unil.ch\/bgc\/files\/2025\/05\/luis_website-1024x772.jpg 1024w, https:\/\/wp.unil.ch\/bgc\/files\/2025\/05\/luis_website-768x579.jpg 768w, https:\/\/wp.unil.ch\/bgc\/files\/2025\/05\/luis_website-540x407.jpg 540w, https:\/\/wp.unil.ch\/bgc\/files\/2025\/05\/luis_website-1080x814.jpg 1080w\" sizes=\"auto, (max-width: 1430px) 100vw, 1430px\" \/><\/figure>\n<\/div><\/div>\n\n\n\n<div class=\"wp-block-group\"><div class=\"wp-block-group__inner-container is-layout-constrained wp-block-group-is-layout-constrained\">\n<pre class=\"wp-block-preformatted\"><strong>Dr. Emily Lacroix (she\/her, postdoc) <\/strong>\nEmily joined the Soil Biogeochemistry group in January 2023. She received her BA in Chemistry modified with Environmental Studies from Dartmouth College (USA) and a PhD in Soil Biogeochemistry from Stanford University (USA). Emily is broadly interested in soil carbon cycling and specifically interested in how anoxic microsites, zones of oxygen depletion in otherwise oxic soils, may (or may not!) affect soil carbon cycling. Her postdoctoral work will investigate whether roots are key drivers of anoxic microsite formation and if root-associated anoxic microsites alter the fate of root-derived carbon.<\/pre>\n\n\n\n<figure class=\"wp-block-image size-large\"><img alt=\"\" loading=\"lazy\" decoding=\"async\" width=\"768\" height=\"1024\" src=\"https:\/\/wp.unil.ch\/bgc\/files\/2023\/08\/Emily-768x1024.jpg\" alt=\"\" class=\"wp-image-291\" srcset=\"https:\/\/wp.unil.ch\/bgc\/files\/2023\/08\/Emily-768x1024.jpg 768w, https:\/\/wp.unil.ch\/bgc\/files\/2023\/08\/Emily-225x300.jpg 225w, https:\/\/wp.unil.ch\/bgc\/files\/2023\/08\/Emily-540x720.jpg 540w, https:\/\/wp.unil.ch\/bgc\/files\/2023\/08\/Emily.jpg 900w\" sizes=\"auto, (max-width: 768px) 100vw, 768px\" \/><\/figure>\n<\/div><\/div>\n\n\n\n<div class=\"wp-block-group\"><div class=\"wp-block-group__inner-container is-layout-constrained wp-block-group-is-layout-constrained\">\n<pre class=\"wp-block-preformatted\"><strong>Dr. Jill Bachelder (she\/her, postdoc) <\/strong><br>Jill joined the Soil Biogeochemistry group as a postdoctoral researcher in September 2025. She holds a B.Sc. in Chemistry from McGill University and an M.Sc. in Chemistry from the University of Montreal. Jill completed her doctorate in the group of plant nutrition at ETH Z\u00fcrich, followed by a postdoc at the Helmholtz Centre for Environmental Research (UFZ Leipzig). During her time in the Soil Biogeochemistry group, Jill will be investigating how limited nutrient availability and plant-soil-microbial interactions affect mineral-associated organic matter in degraded tropical pasture soils from the Colombian Orinoqu\u00eda. <\/pre>\n<\/div><\/div>\n\n\n\n<figure class=\"wp-block-image size-large is-resized\"><img loading=\"lazy\" decoding=\"async\" width=\"400\" height=\"888\" src=\"https:\/\/wp.unil.ch\/bgc\/files\/2025\/10\/ce1eea33-a43d-4ae2-8a02-5f24fa77692b-edited.jpeg\" alt=\"ce1eea33 a43d 4ae2 8a02 5f24fa77692b\" class=\"wp-image-414\" style=\"width:608px;height:auto\" srcset=\"https:\/\/wp.unil.ch\/bgc\/files\/2025\/10\/ce1eea33-a43d-4ae2-8a02-5f24fa77692b-edited.jpeg 400w, https:\/\/wp.unil.ch\/bgc\/files\/2025\/10\/ce1eea33-a43d-4ae2-8a02-5f24fa77692b-edited-135x300.jpeg 135w\" sizes=\"auto, (max-width: 400px) 100vw, 400px\" \/><\/figure>\n\n\n\n<div class=\"wp-block-group\"><div class=\"wp-block-group__inner-container is-layout-constrained wp-block-group-is-layout-constrained\">\n<pre class=\"wp-block-preformatted\"><strong>Dr. Megan Foley (she\/her, postdoc)<\/strong><br>Megan joined the Soil Biogeochemistry group in November 2024. She received her PhD in Biology from Northern Arizona University (USA) where she studied environmental and evolutionary controls over microbial growth in soil. Megan is interested in how microbe-mineral interactions affect organic carbon cycling in soils. During her PhD, Megan was awarded a National Science Foundation Graduate Student Research Program fellowship and worked in the Environmental Isotope Systems Group at Lawrence Livermore National Laboratory (USA) as a Department of Energy Graduate Student Research Fellow.<\/pre>\n\n\n\n<figure class=\"wp-block-image size-large\"><img alt=\"\" loading=\"lazy\" decoding=\"async\" width=\"1024\" height=\"683\" src=\"https:\/\/wp.unil.ch\/bgc\/files\/2024\/11\/DSC01797-1024x683.jpeg\" alt=\"\" class=\"wp-image-382\" srcset=\"https:\/\/wp.unil.ch\/bgc\/files\/2024\/11\/DSC01797-1024x683.jpeg 1024w, https:\/\/wp.unil.ch\/bgc\/files\/2024\/11\/DSC01797-300x200.jpeg 300w, https:\/\/wp.unil.ch\/bgc\/files\/2024\/11\/DSC01797-768x512.jpeg 768w, https:\/\/wp.unil.ch\/bgc\/files\/2024\/11\/DSC01797-1536x1024.jpeg 1536w, https:\/\/wp.unil.ch\/bgc\/files\/2024\/11\/DSC01797-540x360.jpeg 540w, https:\/\/wp.unil.ch\/bgc\/files\/2024\/11\/DSC01797-1080x720.jpeg 1080w, https:\/\/wp.unil.ch\/bgc\/files\/2024\/11\/DSC01797.jpeg 1800w\" sizes=\"auto, (max-width: 1024px) 100vw, 1024px\" \/><\/figure>\n<\/div><\/div>\n\n\n\n<div class=\"wp-block-group\"><div class=\"wp-block-group__inner-container is-layout-constrained wp-block-group-is-layout-constrained\">\n<pre class=\"wp-block-preformatted\"><strong>Philip Gwyther (he\/his, PhD student)<\/strong><br>Philip joined the Soil Biogeochemistry group in July 2024. He became interested in microbial biochemistry during his BSc in Molecular Biology at the University of Sheffield, working on metabolic modeling and bacterial detoxification projects. He completed his MSc in Integrative Biology at the University of Lausanne, where his thesis focussed on the role of niche availability in soil inoculant persistence. As an SNSF Junior Researcher, he used deep learning to analyze the cytometric diversity of soil microbiota. In his PhD, Philip will investigate how tidal and diel cycles drive redox conditions and microbial metabolism in salt marsh soils and their subsequent impacts on carbon cycling in the system. <\/pre>\n\n\n\n<figure class=\"wp-block-image size-full\"><img alt=\"\" loading=\"lazy\" decoding=\"async\" width=\"800\" height=\"1200\" src=\"https:\/\/wp.unil.ch\/bgc\/files\/2024\/06\/240627_pgwyther_photo.jpg\" alt=\"\" class=\"wp-image-377\" srcset=\"https:\/\/wp.unil.ch\/bgc\/files\/2024\/06\/240627_pgwyther_photo.jpg 800w, https:\/\/wp.unil.ch\/bgc\/files\/2024\/06\/240627_pgwyther_photo-200x300.jpg 200w, https:\/\/wp.unil.ch\/bgc\/files\/2024\/06\/240627_pgwyther_photo-683x1024.jpg 683w, https:\/\/wp.unil.ch\/bgc\/files\/2024\/06\/240627_pgwyther_photo-768x1152.jpg 768w, https:\/\/wp.unil.ch\/bgc\/files\/2024\/06\/240627_pgwyther_photo-540x810.jpg 540w\" sizes=\"auto, (max-width: 800px) 100vw, 800px\" \/><\/figure>\n<\/div><\/div>\n\n\n\n<div class=\"wp-block-group\"><div class=\"wp-block-group__inner-container is-layout-constrained wp-block-group-is-layout-constrained\">\n<pre class=\"wp-block-preformatted\"><strong>Junna Frei (she\/her, PhD student)<br><\/strong>Junna received her MSc in Biology at the University of Neuch\u00e2tel specializing in Sustainable Agriculture and Chemical Ecology. During her thesis on biorecovery of phosphorus from digested sewage sludge using basidiomycetes, she developed a strong interest in mycology, particularly in the ability of fungi to recover nutrients from their substrate. At UNIL, she is involved in a research experiment aimed at determining the impact of changes in rainfall intensity on the dynamics of mineral-organic associations in the rhizosphere. She is particularly interested in investigating how fungi affect mineral-organic associations.<\/pre>\n\n\n\n<figure class=\"wp-block-image size-full is-resized\"><img alt=\"\" loading=\"lazy\" decoding=\"async\" width=\"480\" height=\"391\" src=\"https:\/\/wp.unil.ch\/bgc\/files\/2024\/04\/image_480.png\" alt=\"\" class=\"wp-image-361\" style=\"width:628px;height:auto\" srcset=\"https:\/\/wp.unil.ch\/bgc\/files\/2024\/04\/image_480.png 480w, https:\/\/wp.unil.ch\/bgc\/files\/2024\/04\/image_480-300x244.png 300w\" sizes=\"auto, (max-width: 480px) 100vw, 480px\" \/><\/figure>\n<\/div><\/div>\n\n\n\n<div class=\"wp-block-group\"><div class=\"wp-block-group__inner-container is-layout-constrained wp-block-group-is-layout-constrained\">\n<pre class=\"wp-block-preformatted\"><strong>Dr. Xu Fang (he\/him, postdoc)<br><\/strong>Xu joined the Soil Biogeochemistry group in April 2024. He obtained his doctorate in August 2022 and did his first postdoc at ETH Z\u00fcrich, where he investigated soil management strategies and the underlying biogeochemistry of decreasing As and Cd accumulation in rice. He is fascinated by the plant-mineral-microbe interactions in the rhizosphere of wetland plants where root-released oxygen meets the otherwise anoxic water-saturated soil matrix, dictating the fate of nutrients, toxins, and organic carbon in such soils. His postdoctoral research at UNIL will address how does organic carbon decomposition in the coastal marsh rhizosphere responds to tidal variations.<\/pre>\n\n\n\n<figure class=\"wp-block-image size-large is-resized\"><img alt=\"\" loading=\"lazy\" decoding=\"async\" width=\"1024\" height=\"674\" src=\"https:\/\/wp.unil.ch\/bgc\/files\/2024\/04\/IMG_7166-1024x674.jpg\" alt=\"\" class=\"wp-image-348\" style=\"width:629px;height:auto\" srcset=\"https:\/\/wp.unil.ch\/bgc\/files\/2024\/04\/IMG_7166-1024x674.jpg 1024w, https:\/\/wp.unil.ch\/bgc\/files\/2024\/04\/IMG_7166-300x197.jpg 300w, https:\/\/wp.unil.ch\/bgc\/files\/2024\/04\/IMG_7166-768x505.jpg 768w, https:\/\/wp.unil.ch\/bgc\/files\/2024\/04\/IMG_7166-1536x1011.jpg 1536w, https:\/\/wp.unil.ch\/bgc\/files\/2024\/04\/IMG_7166-540x355.jpg 540w, https:\/\/wp.unil.ch\/bgc\/files\/2024\/04\/IMG_7166-1080x711.jpg 1080w, https:\/\/wp.unil.ch\/bgc\/files\/2024\/04\/IMG_7166.jpg 1824w\" sizes=\"auto, (max-width: 1024px) 100vw, 1024px\" \/><\/figure>\n<\/div><\/div>\n\n\n\n<div class=\"wp-block-group\"><div class=\"wp-block-group__inner-container is-layout-constrained wp-block-group-is-layout-constrained\">\n<pre class=\"wp-block-preformatted\"><strong>Samuel Steiner (he\/him, PhD student)<br><\/strong>Samuel, from Basel, Switzerland, joined the group as a PhD candidate in August 2023. He works on a joint project between Agroscope and the University of Lausanne, investigating the effects of fertilization and soil quality on organic matter retention and nitrogen use efficiency in croplands. Before starting his PhD, Samuel worked in the private sector, focusing on agroforestry and certification in cocoa production, as well as a sustainable rice intensification project in Senegal. He holds a Master's degree in Agricultural Sciences from ETH Zurich, where he specialised in plant nutrition and rhizodeposition.<br>Samuel is passionate about the global challenges of food security and climate change, aiming to empower producers with tools and insights for climate-smart farming. He is fascinated by the trade-offs in agriculture\u2014balancing productivity, environmental health, and societal needs\u2014making it a unique intersection of natural and social sciences.<\/pre>\n\n\n\n<figure class=\"wp-block-image size-large\"><img alt=\"\" loading=\"lazy\" decoding=\"async\" width=\"768\" height=\"1024\" src=\"https:\/\/wp.unil.ch\/bgc\/files\/2024\/11\/potrait_samuelsteiner-768x1024.jpg\" alt=\"\" class=\"wp-image-386\" srcset=\"https:\/\/wp.unil.ch\/bgc\/files\/2024\/11\/potrait_samuelsteiner-768x1024.jpg 768w, https:\/\/wp.unil.ch\/bgc\/files\/2024\/11\/potrait_samuelsteiner-225x300.jpg 225w, https:\/\/wp.unil.ch\/bgc\/files\/2024\/11\/potrait_samuelsteiner-540x720.jpg 540w, https:\/\/wp.unil.ch\/bgc\/files\/2024\/11\/potrait_samuelsteiner.jpg 900w\" sizes=\"auto, (max-width: 768px) 100vw, 768px\" \/><\/figure>\n<\/div><\/div>\n\n\n\n<div class=\"wp-block-group\"><div class=\"wp-block-group__inner-container is-layout-constrained wp-block-group-is-layout-constrained\">\n<pre class=\"wp-block-preformatted\"><strong>Bouke Bentvelsen (she\/her, PhD student)<br><\/strong>Bouke joined the Soil Biogeochemistry group as a PhD student in November 2024. She holds a degree in Biomedical Sciences from the University of Amsterdam. Initially involved in a collaborative project connecting cancer research and developmental biology, she found herself more interested in the environment than in humans. It led her to environmental microbiology, where, as an SNSF researcher, she worked a project aimed to identify and classify soil bacterial species using live cell imaging data. Now, in her PhD, she wants to better understand organic matter dynamics in soil, with a specific focus on the role of soil bacteria. Soil microbial communities affect both carbon retention and release in the soil, with bacterial necromass playing a significant role in carbon persistence. Her research focuses on the microenvironments controlling necromass formation and persistence.<\/pre>\n\n\n\n<figure class=\"wp-block-image size-large\"><img alt=\"\" loading=\"lazy\" decoding=\"async\" width=\"864\" height=\"1024\" src=\"https:\/\/wp.unil.ch\/bgc\/files\/2024\/11\/Bouke-for-website-864x1024.jpg\" alt=\"\" class=\"wp-image-383\" srcset=\"https:\/\/wp.unil.ch\/bgc\/files\/2024\/11\/Bouke-for-website-864x1024.jpg 864w, https:\/\/wp.unil.ch\/bgc\/files\/2024\/11\/Bouke-for-website-253x300.jpg 253w, https:\/\/wp.unil.ch\/bgc\/files\/2024\/11\/Bouke-for-website-768x910.jpg 768w, https:\/\/wp.unil.ch\/bgc\/files\/2024\/11\/Bouke-for-website-540x640.jpg 540w, https:\/\/wp.unil.ch\/bgc\/files\/2024\/11\/Bouke-for-website.jpg 1013w\" sizes=\"auto, (max-width: 864px) 100vw, 864px\" \/><\/figure>\n<\/div><\/div>\n\n\n\n<h2 class=\"wp-block-heading\"><strong>Current MS students<\/strong><\/h2>\n\n\n\n<pre class=\"wp-block-preformatted\">Hanna Baumann, MS Biogeosciences<br>Mathilde Ferry, MS Biogeosciences<br>Am\u00e9lyie B\u00fcrki, MS Biogeosciences<br>Rosalie Balatinac, MS Biogeosciences<br>Egon van der Loo, MS Biogeosciences<br>Ma\u00ebl Luluc, MS Biogeosciences<br>S\u00e9bastien Meylan, MS Biogeosciences<\/pre>\n\n\n\n<h2 class=\"wp-block-heading\">Current <strong>Affiliates<\/strong><\/h2>\n\n\n\n<pre class=\"wp-block-preformatted\">Dr. Noelia Garcia Franco (she\/her, visiting scientist) - Agroscope<br>Dr. Floriane Jamoteau (she\/her, visiting scientist) - CEGERE<br>Gabriella Griffin (she\/her, PhD Student) - UMass Amherst<br>Chunlan Ni (she\/her, PhD student) - CSC Fellow<\/pre>\n\n\n\n<h2 class=\"wp-block-heading\">Alumni<\/h2>\n\n\n\n<pre class=\"wp-block-preformatted\">Dr. Floriane Jamoteau - postdoc 2023-2025 - now staff scientist at CEREGE, France<br>Nathan Chin - PhD in 2025 - now postdoc atSmithsonian Environmental Research Center (Megonigal lab), USA<br>Mariela Garcia Arredondo - PhD in 2023 - now postdoc Yale University (in Slessarev group,, USA<br>Cam Anderson - PhD in 2023 - now postdoc at UMass Amherst (DeAngelis lab), USA<br>Nathan A. Chin - MS in 2022 - now PhD student in the Keiluweit Lab<br>Dr. Tobias Bolscher - Postdoc 2018-2021 - now Staff Scientist at the French National Institute for Agriculture, Food, and Environment (INRAE), France.<br>Isobel Arthen-Long - MS in 2021 - now staff scientist at Tighe &amp; Bond Environmental Consulting, USA<br>Dr. Xiao-Jun Allen Liu - Postdoc 2020-2021 - now Postdoc at University of Oklahoma, USA<br>Dr. Morris E. Jones - Postdoc 2016-2019 - now Assistant Professor at Franklin Pierce University, USA<br>Dr. Hui Li - Postdoc 2019-2020 - now Assistant Professor at NC State University, USA<br>Rachelle E. LaCroix - MS in 2018 - now PhD student at Cornell University (Lehmann Lab), USA<\/pre>\n\n\n\n<h2 class=\"wp-block-heading\">Former BS students<\/h2>\n\n\n\n<pre class=\"wp-block-preformatted\">Shannel Thorpe - BSc in 2021 - now PhD student at UC Riverside<br>Jacob Ziegler - BSc in 2019 - now PhD student at University of Iowa<br>Genevieve Goebel - BSc in 2019 - now PhD student at Dartmouth (Hicks-Pries Lab)<br>Alex Gamble - BSc in 2020 <br>Menli McCreight - BSc in 2018<br>Megan Wilcots - BSc in 2018 - now PhD student at Washington University <br>Sarah Pardi - BSc in 2018<br>Andrea Chica - BSc in 2017<\/pre>\n","protected":false},"excerpt":{"rendered":"<p>Current Group Members Prof. Dr. Marco Keiluweit (he\/him, PI)Marco is an Associate Professor and the PI of the Soil Biogeochemistry Group in the Faculty of Geosciences and the&hellip;<\/p>\n","protected":false},"author":1002478,"featured_media":0,"parent":0,"menu_order":1,"comment_status":"closed","ping_status":"closed","template":"","meta":{"_seopress_robots_primary_cat":"","_seopress_titles_title":"","_seopress_titles_desc":"","_seopress_robots_index":"","footnotes":""},"class_list":["post-165","page","type-page","status-publish","has-post-thumbnail"],"_links":{"self":[{"href":"https:\/\/wp.unil.ch\/bgc\/wp-json\/wp\/v2\/pages\/165","targetHints":{"allow":["GET"]}}],"collection":[{"href":"https:\/\/wp.unil.ch\/bgc\/wp-json\/wp\/v2\/pages"}],"about":[{"href":"https:\/\/wp.unil.ch\/bgc\/wp-json\/wp\/v2\/types\/page"}],"author":[{"embeddable":true,"href":"https:\/\/wp.unil.ch\/bgc\/wp-json\/wp\/v2\/users\/1002478"}],"replies":[{"embeddable":true,"href":"https:\/\/wp.unil.ch\/bgc\/wp-json\/wp\/v2\/comments?post=165"}],"version-history":[{"count":5,"href":"https:\/\/wp.unil.ch\/bgc\/wp-json\/wp\/v2\/pages\/165\/revisions"}],"predecessor-version":[{"id":415,"href":"https:\/\/wp.unil.ch\/bgc\/wp-json\/wp\/v2\/pages\/165\/revisions\/415"}],"wp:attachment":[{"href":"https:\/\/wp.unil.ch\/bgc\/wp-json\/wp\/v2\/media?parent=165"}],"curies":[{"name":"wp","href":"https:\/\/api.w.org\/{rel}","templated":true}]}}