{"id":1477,"date":"2025-04-29T18:36:31","date_gmt":"2025-04-29T16:36:31","guid":{"rendered":"https:\/\/wp.unil.ch\/bertelsmeiergroup\/?page_id=1477"},"modified":"2025-04-29T19:00:14","modified_gmt":"2025-04-29T17:00:14","slug":"books","status":"publish","type":"page","link":"https:\/\/wp.unil.ch\/bertelsmeiergroup\/books\/","title":{"rendered":"Books"},"content":{"rendered":"\n<p>Cleo has published two popular science books in French:<\/p>\n\n\n<div class=\"wp-block-image\">\n<figure class=\"aligncenter size-large is-resized\"><img loading=\"lazy\" decoding=\"async\" width=\"740\" height=\"1024\" src=\"https:\/\/wp.unil.ch\/bertelsmeiergroup\/files\/2025\/04\/capture-decran-2025-04-29-a-17.51.23-1-740x1024.png\" alt=\"capture d\u2019\u00e9cran 2025 04 29 \u00e0 17.51.23\" class=\"wp-image-1483\" style=\"width:351px;height:auto\" srcset=\"https:\/\/wp.unil.ch\/bertelsmeiergroup\/files\/2025\/04\/capture-decran-2025-04-29-a-17.51.23-1-740x1024.png 740w, https:\/\/wp.unil.ch\/bertelsmeiergroup\/files\/2025\/04\/capture-decran-2025-04-29-a-17.51.23-1-217x300.png 217w, https:\/\/wp.unil.ch\/bertelsmeiergroup\/files\/2025\/04\/capture-decran-2025-04-29-a-17.51.23-1-768x1063.png 768w, https:\/\/wp.unil.ch\/bertelsmeiergroup\/files\/2025\/04\/capture-decran-2025-04-29-a-17.51.23-1.png 867w\" sizes=\"auto, (max-width: 740px) 100vw, 740px\" \/><\/figure>\n<\/div>\n\n\n<p>Cleo Bertelsmeier (2025) Comment les animaux exotiques envahissent le monde. 200p. Editions Favre. Disponible par exemple ici <a href=\"https:\/\/www.editionsfavre.com\/livres\/comment-les-animaux-exotiques-envahissent-le-monde\/\">Editions Favre<\/a>, <a href=\"https:\/\/www.fr.fnac.ch\/a21137047\/Cleo-Bertelsmeier-Comment-les-animaux-exotiques-envahissent-le-monde-Intelligence-et-opportunisme\">FNAC Suisse<\/a>, <a href=\"https:\/\/www.e.leclerc\/fp\/comment-les-animaux-exotiques-envahissent-le-monde-intelligence-et-opportunisme-broche-9782828922146?srsltid=AfmBOorufQXc0K6FCP2eyNoQ20mv7SHFXr46M9DKBt5iZCtqfc5AnRi-\">Leclerc France<\/a>, <a href=\"https:\/\/www.amazon.fr\/Comment-animaux-exotiques-envahissent-monde\/dp\/2828922146\">Amazon.fr<\/a>, <a href=\"https:\/\/www.orellfuessli.ch\/shop\/home\/artikeldetails\/A1073896601?ProvID=15323994&amp;gad_source=1&amp;gad_campaignid=17348014238&amp;gbraid=0AAAAADpVXc5OKMQ4ZPDOMdc5dpBWhnPkh&amp;gclid=Cj0KCQjw8cHABhC-ARIsAJnY12y4sZ43TkeNBwVVxuFK0Ojykq7JJVYHFXRD6a4pfNgmJryDHD7IeFIaAo83EALw_wcB\">Orell F\u00fcssli<\/a> &#8230; et en librairie.<\/p>\n\n\n\n<p>Presse: RTS talkshow &#8220;<a href=\"https:\/\/www.rts.ch\/play\/tv\/les-beaux-parleurs\/video\/le-deluge?urn=urn:rts:video:84025d7d-b8f6-3cf5-84e6-0b529a68ccbf\">Les Beaux Parleurs<\/a>&#8221; (\u00e0 partir de minute 56), <a href=\"https:\/\/www.unil.ch\/news\/1745394114546\">FBM news<\/a><\/p>\n\n\n\n<p>R\u00e9sum\u00e9: Ils font la une des journaux : moustiques tigres qui ne cessent de se propager et piquent \u00e0 toute heure de la journ\u00e9e, frelons asiatiques qui tuent les abeilles domestiques, tamias vecteurs de la borr\u00e9liose de Lyme et m\u00e9duses venimeuses qui se r\u00e9pandent en M\u00e9diterran\u00e9e. Fruits de la mondialisation, on compte maintenant des milliers d\u2019animaux invasifs et leur nombre ne cesse d\u2019augmenter. Pourquoi ces animaux prolif\u00e8rent autant, alors qu\u2019ils ne le font pas dans leur aire d\u2019origine ? Pourquoi certains cr\u00e9ent plus de d\u00e9g\u00e2ts que d\u2019autres ? Qui est susceptible de quitter sa patrie et tenter sa chance ailleurs ? Entre autres curiosit\u00e9s, la science a d\u00e9couvert que les individus les plus curieux, opportunistes, efficaces et agressifs sont les plus enclins \u00e0 l\u2019\u00e9migration ! D\u2019autres se sont affranchis du sexe : sans recherche de partenaire, on peut envahir beaucoup plus rapidement ! On imagine souvent les fourmis de feu ou les perruches \u00e0 collier toutes pareilles, mais ce n\u2019est pas le cas et ce livre montre comment certaines caract\u00e9ristiques personnelles sont favoris\u00e9es pendant une invasion. Une fois arriv\u00e9s dans une nouvelle aire, les animaux exotiques tirent b\u00e9n\u00e9fice de leur grande capacit\u00e9 \u00e0 s\u2019adapter \u00e0 la nouveaut\u00e9. Les comportements insolites et les d\u00e9fenses physiques qu\u2019apportent les animaux exotiques perturbent fortement les esp\u00e8ces autochtones qui se voient menac\u00e9es par des pr\u00e9dateurs f\u00e9roces, des herbivores affam\u00e9s ou encore des parasites ing\u00e9nieux ou des vecteurs de maladies. Peut-on pr\u00e9dire les invasions, les pr\u00e9venir ? Ou bien faut-il s\u2019habituer \u00e0 cette explosion d\u2019animaux exotiques ? Partons \u00e0 la d\u00e9couverte d\u2019un ph\u00e9nom\u00e8ne mondial, visible partout : dans nos jardins et nos lits, \u00e0 la plage, en for\u00eat ou au bord d\u2019un lac, et dont les impacts sont \u00e9conomiques, soci\u00e9taux et sanitaires.<\/p>\n\n\n<div class=\"wp-block-image\">\n<figure class=\"aligncenter size-full\"><img loading=\"lazy\" decoding=\"async\" width=\"333\" height=\"522\" src=\"https:\/\/wp.unil.ch\/bertelsmeiergroup\/files\/2025\/04\/7190n6syxil._sy522_-1.jpg\" alt=\"7190n6syxil. sy522 \" class=\"wp-image-1480\" srcset=\"https:\/\/wp.unil.ch\/bertelsmeiergroup\/files\/2025\/04\/7190n6syxil._sy522_-1.jpg 333w, https:\/\/wp.unil.ch\/bertelsmeiergroup\/files\/2025\/04\/7190n6syxil._sy522_-1-191x300.jpg 191w\" sizes=\"auto, (max-width: 333px) 100vw, 333px\" \/><figcaption class=\"wp-element-caption\"> <\/figcaption><\/figure>\n<\/div>\n\n\n<p>Cleo Bertelsmeier (2019) Les guerres secr\u00e8tes des fourmis, 210p. Editions Favre. Diponible ici: <a href=\"https:\/\/www.editionsfavre.com\/livres\/les-guerres-secretes-des-fourmis\/\">Favre<\/a>, <a href=\"https:\/\/www.amazon.fr\/guerres-secr\u00e8tes-fourmis-Cleo-Bertelsmeier\/dp\/2828916154\">Amazon.fr<\/a>, <a href=\"https:\/\/www.eyrolles.com\/Sciences\/Livre\/les-guerres-secretes-des-fourmis-9782828916152\/\">Eyrolles<\/a>, <a href=\"https:\/\/www.fr.fnac.ch\/a10623759\/Cleo-Bertelsmeier-Les-guerres-secretes-des-fourmis\">FNAC Suisse<\/a>&#8230;et en librairie.<\/p>\n\n\n\n<p>Presse: <a href=\"https:\/\/www.radiofrance.fr\/franceinter\/paresseuses-conquerantes-solidaires-les-fourmis-dans-tous-leurs-etats-9738124\">La Terre au Carr\u00e9 (France Inter)<\/a>, <a href=\"https:\/\/wp.unil.ch\/bertelsmeiergroup\/files\/2020\/03\/24-heures_11.01.2020.pdf\">24 heures,<\/a> <a href=\"https:\/\/www.rfi.fr\/fr\/podcasts\/20200909-jusqu-o\u00f9-nous-entra\u00eenerons-les-foumis\">RFI,<\/a> <a href=\"https:\/\/www.rts.ch\/info\/culture\/livres\/10956647-quand-les-fourmis-sen-vont-en-guerre.html\">RTS Culture<\/a>, <a href=\"https:\/\/www.letemps.ch\/sciences\/sciences-de-la-vie\/fourmi-sen-vaten-guerre\">Le Temps<\/a>, <a href=\"https:\/\/www.cerveauetpsycho.fr\/sr\/selection-livres\/les-guerres-secretes-des-fourmis-19621.php\">Cerveau &amp; Psycho<\/a>.<\/p>\n\n\n\n<p>R\u00e9sum\u00e9: Organis\u00e9es, disciplin\u00e9es, d\u00e9vou\u00e9es&#8230; autant de termes que l&#8217;on retrouve fr\u00e9quemment pour d\u00e9crire les fourmis. Si vous avez d\u00e9j\u00e0 observ\u00e9 des colonnes de fourmis aller et venir sur votre terrasse, ce sont s\u00fbrement ces mots qui vous sont venus \u00e0 l&#8217;esprit. On ne peut effectivement s&#8217;emp\u00eacher de s&#8217;\u00e9merveiller devant leur organisation invisible, sans petits chefs qui leur crient dessus, sans ordre apparent.&nbsp;<br>Pas \u00e9tonnant que des penseurs, philosophes et scientifiques de tous bords \u2013 monarchistes, anarchistes, communistes, f\u00e9ministes, capitalistes&#8230; \u2013 aient pris les fourmis comme des exemples parfaits de la soci\u00e9t\u00e9 telle qu&#8217;ils l&#8217;envisageaient. Mais il y a un point fondamental que nous semblons tous ignorer : les soci\u00e9t\u00e9s de fourmis ne sont pas harmonieuses! Qui dit coop\u00e9ration, dit aussi conflits.&nbsp;<br>La vie en soci\u00e9t\u00e9 g\u00e9n\u00e8re des guerres \u00e0 tous les niveaux, entre m\u00e2les et femelles, enfants et parents, entre castes et entre colonies. Certains conflits sont violents, comme les guerres entre colonies, les fourmis y d\u00e9ployant de v\u00e9ritables strat\u00e9gies militaires, la mise en esclavage de fourmis d&#8217;une autre esp\u00e8ce ou encore l&#8217;explosion de fourmis kamikazes lors d&#8217;attentats-suicides. D&#8217;autres conflits sont plus discrets. Par exemple, chez certaines esp\u00e8ces, le sperme du m\u00e2le \u00e9jecte le mat\u00e9riel g\u00e9n\u00e9tique de la m\u00e8re de son ovule&#8230; permettant au p\u00e8re d&#8217;\u00eatre l&#8217;unique parent de sa prog\u00e9niture.&nbsp;<br>Ces diff\u00e9rents conflits sont au coeur de la recherche actuelle sur les fourmis. Quelle est leur origine, quelles strat\u00e9gies d&#8217;apaisement existent, comment plusieurs esp\u00e8ces arrivent-elles \u00e0 coexister? Pourquoi n&#8217;y a-t-il pas d&#8217;esp\u00e8ce &#8220;super-dominante&#8221; qui extermine les autres? Partons \u00e0 la d\u00e9couverte des soci\u00e9t\u00e9s de fourmis, des luttes qui les animent et des tromperies et manipulations subtiles qui les habitent!<\/p>\n\n\n\n<p><\/p>\n\n\n\n<p><\/p>\n\n\n\n<p><\/p>\n\n\n\n<p><\/p>\n","protected":false},"excerpt":{"rendered":"<p>Cleo has published two popular science books in French: Cleo Bertelsmeier (2025) Comment les animaux exotiques envahissent le monde. 200p. Editions Favre. Disponible par exemple ici Editions Favre, FNAC Suisse, Leclerc France, Amazon.fr, Orell F\u00fcssli &#8230; et en librairie. Presse: RTS talkshow &#8220;Les Beaux Parleurs&#8221; (\u00e0 partir de minute 56), FBM news R\u00e9sum\u00e9: Ils font [&hellip;]<\/p>\n","protected":false},"author":1002055,"featured_media":0,"parent":0,"menu_order":0,"comment_status":"closed","ping_status":"closed","template":"","meta":{"_seopress_robots_primary_cat":"","_seopress_titles_title":"","_seopress_titles_desc":"","_seopress_robots_index":"","footnotes":""},"class_list":["post-1477","page","type-page","status-publish"],"_links":{"self":[{"href":"https:\/\/wp.unil.ch\/bertelsmeiergroup\/wp-json\/wp\/v2\/pages\/1477","targetHints":{"allow":["GET"]}}],"collection":[{"href":"https:\/\/wp.unil.ch\/bertelsmeiergroup\/wp-json\/wp\/v2\/pages"}],"about":[{"href":"https:\/\/wp.unil.ch\/bertelsmeiergroup\/wp-json\/wp\/v2\/types\/page"}],"author":[{"embeddable":true,"href":"https:\/\/wp.unil.ch\/bertelsmeiergroup\/wp-json\/wp\/v2\/users\/1002055"}],"replies":[{"embeddable":true,"href":"https:\/\/wp.unil.ch\/bertelsmeiergroup\/wp-json\/wp\/v2\/comments?post=1477"}],"version-history":[{"count":5,"href":"https:\/\/wp.unil.ch\/bertelsmeiergroup\/wp-json\/wp\/v2\/pages\/1477\/revisions"}],"predecessor-version":[{"id":1492,"href":"https:\/\/wp.unil.ch\/bertelsmeiergroup\/wp-json\/wp\/v2\/pages\/1477\/revisions\/1492"}],"wp:attachment":[{"href":"https:\/\/wp.unil.ch\/bertelsmeiergroup\/wp-json\/wp\/v2\/media?parent=1477"}],"curies":[{"name":"wp","href":"https:\/\/api.w.org\/{rel}","templated":true}]}}