{"id":25,"date":"2013-03-07T12:39:02","date_gmt":"2013-03-07T11:39:02","guid":{"rendered":"http:\/\/wp.unil.ch\/bases\/?page_id=25"},"modified":"2017-11-20T12:11:39","modified_gmt":"2017-11-20T11:11:39","slug":"le-projet-bases","status":"publish","type":"page","link":"https:\/\/wp.unil.ch\/bases\/le-projet-bases\/","title":{"rendered":"Le projet BaSES"},"content":{"rendered":"<p style=\"text-align: justify\">Le projet BaSES consiste en la compilation et la mise en ligne d&rsquo;une s\u00e9rie de fiches informatives sur les principaux auteurs et th\u00e9ories des sciences \u00e9conomiques et sociales.<\/p>\n<p style=\"text-align: justify\">Le but du projet est de permettre aux \u00e9tudiant-e-s du Master en g\u00e9ographie, orientation d\u00e9veloppement, de se remettre \u00e0 niveau s&rsquo;ils ont des lacunes dans la connaissance de ces th\u00e9ories, pour qu&rsquo;ils puissent suivre correctement les cours.<\/p>\n<p style=\"text-align: justify\">En outre, le projet BaSES contient une section d\u00e9di\u00e9e \u00e0 la proposition de projets de recherche qui lient les approches pr\u00e9sent\u00e9es dans les fiches informatives \u00e0 des cas concrets en \u00e9tudes du d\u00e9veloppement. Ces projets de recherche pourront \u00eatre utilis\u00e9s par les \u00e9tudiant-e-s pour leurs travaux de s\u00e9minaire ou de m\u00e9moire.<\/p>\n<p>Le projet BaSES est financ\u00e9 par le Fonds d&rsquo;Innovation P\u00e9dagogique de l&rsquo;Universit\u00e9 de Lausanne.<\/p>\n","protected":false},"excerpt":{"rendered":"<p>Le projet BaSES consiste en la compilation et la mise en ligne d&rsquo;une s\u00e9rie de fiches informatives sur les principaux auteurs et th\u00e9ories des sciences \u00e9conomiques et sociales. Le but du projet est de permettre aux \u00e9tudiant-e-s du Master en<\/p>\n","protected":false},"author":1001555,"featured_media":0,"parent":0,"menu_order":5,"comment_status":"closed","ping_status":"closed","template":"","meta":{"_seopress_robots_primary_cat":"","_seopress_titles_title":"","_seopress_titles_desc":"","_seopress_robots_index":"","footnotes":""},"class_list":["post-25","page","type-page","status-publish"],"_links":{"self":[{"href":"https:\/\/wp.unil.ch\/bases\/wp-json\/wp\/v2\/pages\/25","targetHints":{"allow":["GET"]}}],"collection":[{"href":"https:\/\/wp.unil.ch\/bases\/wp-json\/wp\/v2\/pages"}],"about":[{"href":"https:\/\/wp.unil.ch\/bases\/wp-json\/wp\/v2\/types\/page"}],"author":[{"embeddable":true,"href":"https:\/\/wp.unil.ch\/bases\/wp-json\/wp\/v2\/users\/1001555"}],"replies":[{"embeddable":true,"href":"https:\/\/wp.unil.ch\/bases\/wp-json\/wp\/v2\/comments?post=25"}],"version-history":[{"count":0,"href":"https:\/\/wp.unil.ch\/bases\/wp-json\/wp\/v2\/pages\/25\/revisions"}],"wp:attachment":[{"href":"https:\/\/wp.unil.ch\/bases\/wp-json\/wp\/v2\/media?parent=25"}],"curies":[{"name":"wp","href":"https:\/\/api.w.org\/{rel}","templated":true}]}}