{"id":648,"date":"2025-10-07T15:23:27","date_gmt":"2025-10-07T13:23:27","guid":{"rendered":"https:\/\/wp.unil.ch\/barrages\/?page_id=648"},"modified":"2025-10-27T13:58:28","modified_gmt":"2025-10-27T12:58:28","slug":"enseignements","status":"publish","type":"page","link":"https:\/\/wp.unil.ch\/barrages\/enseignements\/","title":{"rendered":"R\u00e9sultats"},"content":{"rendered":"\n<p>Cette page pr\u00e9sente les enseignements provisoires du projet (version du 27.10.2025). Il est \u00e0 noter que des <strong>recommandations<\/strong> seront formul\u00e9es \u00e0 la fin du projet, pr\u00e9vue pour 2026.<\/p>\n\n\n\n<h2 class=\"wp-block-heading\">I. <strong>Conceptions de la multifonctionnalit\u00e9<\/strong><\/h2>\n\n\n\n<ol class=\"wp-block-list\">\n<li>Le <strong>concept <\/strong>de multifonctionnalit\u00e9 de l\u2019eau et des am\u00e9nagements hydro\u00e9lectriques est tr\u00e8s r\u00e9cent en Suisse (premi\u00e8re mention en 2012) et il n\u2019existe pas une d\u00e9finition stabilis\u00e9e du concept. \u00a0<\/li>\n\n\n\n<li>Plusieurs <strong>visions <\/strong>de la multifonctionnalit\u00e9 de l\u2019eau et des am\u00e9nagements hydro\u00e9lectriques cohabitent parmi les diff\u00e9rents acteurs concern\u00e9s. Elles influencent la perception qu\u2019ont les acteurs de l\u2019importance de la multifonctionnalit\u00e9 et des formes possibles de cette derni\u00e8re. Les visions observ\u00e9es peuvent \u00eatre class\u00e9es en trois grandes cat\u00e9gories : \u00ab\u00a0multifonctionnalit\u00e9 consid\u00e9r\u00e9e comme peu n\u00e9cessaire et co\u00fbteuse \u00bb ; \u00ab multifonctionnalit\u00e9 consid\u00e9r\u00e9e comme un mode de gestion des barrages innovant et apte \u00e0 r\u00e9pondre aux nouveaux enjeux socio-environnementaux \u00bb et \u00ab multifonctionnalit\u00e9 consid\u00e9r\u00e9e comme un argument rh\u00e9torique pour am\u00e9liorer l\u2019image des barrages \u00bb.<\/li>\n\n\n\n<li>Deux <strong>approches <\/strong>de la multifonctionnalit\u00e9 co-existent : une approche <strong>top-down<\/strong>, plut\u00f4t th\u00e9orique, qui consid\u00e8re la multifonctionnalit\u00e9 notamment comme un instrument d\u2019adaptation au changement climatique, et une approche provenant du niveau local \u2013 <strong>bottom-up<\/strong> \u2013 o\u00f9 la multifonctionnalit\u00e9 r\u00e9pond essentiellement \u00e0 des besoins concrets de coordination des usages.<\/li>\n<\/ol>\n\n\n\n<p>Pour en savoir plus\u00a0: <em><a href=\"https:\/\/wp.unil.ch\/barrages\/files\/2024\/03\/wp1_multifonctionnalite.pdf\" data-type=\"link\" data-id=\"https:\/\/wp.unil.ch\/barrages\/files\/2024\/03\/wp1_multifonctionnalite.pdf\" target=\"_blank\" rel=\"noreferrer noopener\">t\u00e9l\u00e9charger le working paper 1<\/a><\/em><\/p>\n\n\n\n<h2 class=\"wp-block-heading\">II. <strong>Analyse de la multifonctionnalit\u00e9<\/strong><\/h2>\n\n\n\n<ol start=\"4\" class=\"wp-block-list\">\n<li>L\u2019analyse conceptuelle de la notion de multi-usage de l\u2019eau et des infrastructures hydro\u00e9lectriques a permis d\u2019identifier <strong>9 fonctions<\/strong> et <strong>41 usages <\/strong>diff\u00e9rents.<\/li>\n\n\n\n<li>Les <strong>caract\u00e9ristiques locales de la multifonctionnalit\u00e9<\/strong> d\u00e9pendent de la <strong>ressource <\/strong>(quantit\u00e9, saisonnalit\u00e9, disponibilit\u00e9, ressource en eau et infrastructurelle, etc.) ainsi que des <strong>caract\u00e9ristiques<\/strong> des diff\u00e9rents types d\u2019<strong>usage<\/strong> (usages directs de l\u2019eau et\/ou des infrastructures, usages immat\u00e9riels et symboliques, usages soustractifs et non soustractifs de l\u2019eau, etc.).<\/li>\n\n\n\n<li>La multifonctionnalit\u00e9 <strong>semble sp\u00e9cifique \u00e0 chaque am\u00e9nagement <\/strong>: la configuration et la diversit\u00e9 des usages varient d\u2019un am\u00e9nagement \u00e0 un autre. Il en va de m\u00eame de la configuration des (\u00e9ventuelles) rivalit\u00e9s entre ces m\u00eames usages.<\/li>\n\n\n\n<li>A l\u2019heure actuelle, il n\u2019y a que peu, voire pas de <strong>rivalit\u00e9s <\/strong>entre usages, hormis dans certains cas la rivalit\u00e9 entre hydro\u00e9lectricit\u00e9 et protection des syst\u00e8mes aquatiques en aval des barrages (d\u00e9bits minimaux). Cela s\u2019explique certainement par les faibles quantit\u00e9s d\u2019eau utilis\u00e9es pour les autres usages hors production d\u2019\u00e9nergie comparativement \u00e0 l\u2019eau turbin\u00e9e pour la production hydro\u00e9lectrique. Cumul\u00e9s \u00e0 l\u2019\u00e9chelle d\u2019un canton ou de la Suisse, les volumes d\u2019eau utilis\u00e9s pour les usages non-hydro\u00e9lectriques ne sont toutefois pas n\u00e9gligeables. Aucune estimation globale ne semble exister aupr\u00e8s des gestionnaires des infrastructures ou des autorit\u00e9s publiques, ni n\u2019a \u00e9t\u00e9 \u00e9tablie dans le cadre de cette \u00e9tude.<\/li>\n<\/ol>\n\n\n\n<p>Pour en savoir plus\u00a0: <em>t\u00e9l\u00e9charger le <a href=\"https:\/\/wp.unil.ch\/barrages\/files\/2024\/05\/SavoyAndrea_WP3_version_finale.pdf\" data-type=\"link\" data-id=\"https:\/\/wp.unil.ch\/barrages\/files\/2024\/05\/SavoyAndrea_WP3_version_finale.pdf\" target=\"_blank\" rel=\"noreferrer noopener\">working paper 3<\/a> (fonctions et caract\u00e9ristiques de la multifonctionnalit\u00e9), le <a href=\"https:\/\/wp.unil.ch\/barrages\/files\/2024\/03\/wp2_Cleuson.pdf\" data-type=\"link\" data-id=\"https:\/\/wp.unil.ch\/barrages\/files\/2024\/03\/wp2_Cleuson.pdf\" target=\"_blank\" rel=\"noreferrer noopener\">working paper 2 <\/a>(multifonctionnalit\u00e9 dans le cas de Cleuson), le <a href=\"https:\/\/wp.unil.ch\/barrages\/files\/2024\/05\/wp4_Hongrin_vf.pdf\" data-type=\"link\" data-id=\"https:\/\/wp.unil.ch\/barrages\/files\/2024\/05\/wp4_Hongrin_vf.pdf\" target=\"_blank\" rel=\"noreferrer noopener\">working paper 4 <\/a>(multifonctionnalit\u00e9 dans le cas de l\u2019Hongrin-L\u00e9man) et le working paper 5 (multifonctionnalit\u00e9 dans le cas de la Gougra\u00a0; publication pr\u00e9vue \u00e0 l\u2019automne 2025)<\/em><\/p>\n\n\n\n<h2 class=\"wp-block-heading\">III. <strong>R\u00e9gulations actuelles de la multifonctionnalit\u00e9 au niveau f\u00e9d\u00e9ral et cantonal \u00a0\u00a0<\/strong><\/h2>\n\n\n\n<ol start=\"8\" class=\"wp-block-list\">\n<li>De nombreux usages des am\u00e9nagements hydro\u00e9lectriques ne sont <strong>pas r\u00e9gul\u00e9s<\/strong> par les bases l\u00e9gales f\u00e9d\u00e9rales et cantonales (\u00e9tendue limit\u00e9e du r\u00e9gime de r\u00e9gulation). C\u2019est le cas par exemple des usages r\u00e9cr\u00e9atifs des barrages ou de l\u2019usage de l\u2019eau pour l\u2019enneigement artificiel.<\/li>\n\n\n\n<li>En g\u00e9n\u00e9ral, les <strong>concessions <\/strong>actuellement en vigueur ne r\u00e8glent que les usages hydro\u00e9lectriques des am\u00e9nagements, \u00e0 l\u2019exception des usages historiques d\u2019irrigation ou d\u2019exploitation de la force hydraulique par les moulins.<\/li>\n\n\n\n<li>La r\u00e9gulation des nouveaux usages \u00e9mergents (multifonctionnalit\u00e9) se fait majoritairement sur un mode <strong>bottom-up<\/strong> (d\u2019abord au niveau local, puis \u00e9ventuellement \u00e0 d\u2019autres \u00e9chelons institutionnels) au travers de la mise en place de <strong>r\u00e9gulations ad hoc<\/strong> qui passent principalement par des <strong>contrats<\/strong>, <strong>conventions <\/strong>(volontaires) <strong>entre acteurs<\/strong><strong> priv\u00e9<\/strong><strong>s<\/strong> (i.e. sans intervention de l\u2019Etat) ou de <strong>d\u00e9cisions politico-administratives locales<\/strong> (r\u00e8glements communaux).<\/li>\n\n\n\n<li>Seuls les usages impliquant des enjeux <strong>\u00e9conomiques <\/strong>(d\u00e9bits r\u00e9serv\u00e9s \u00e0 l\u2019irrigation, redevances hydrauliques), <strong>s\u00e9curitaires <\/strong>(protection des populations en aval du barrage) ou <strong>environnementaux <\/strong>(d\u00e9bits r\u00e9siduels minimaux) sont (formellement) r\u00e9gul\u00e9s par les <strong>politiques publiques <\/strong>(mais rarement repris dans les concessions).<\/li>\n\n\n\n<li>De nombreux usages (p.ex. usages r\u00e9cr\u00e9atifs, pr\u00e9l\u00e8vements ponctuels) sont r\u00e9gul\u00e9s de <strong>mani\u00e8re informelle<\/strong>, sans bases r\u00e9glementaires particuli\u00e8res. L\u2019avantage de telles solutions consiste dans leur <strong>facilit\u00e9 <\/strong>de mise en place et leur <strong>flexibilit\u00e9<\/strong>. Le d\u00e9savantage repose sur la <strong>relative faiblesse <\/strong>de telles r\u00e9gulations en cas de conflits ou de p\u00e9nuries d\u2019eau.<\/li>\n<\/ol>\n\n\n\n<p>Pour en savoir plus\u00a0: <em><a href=\"https:\/\/wp.unil.ch\/barrages\/files\/2024\/05\/SavoyAndrea_WP3_version_finale.pdf\" data-type=\"link\" data-id=\"https:\/\/wp.unil.ch\/barrages\/files\/2024\/05\/SavoyAndrea_WP3_version_finale.pdf\" target=\"_blank\" rel=\"noreferrer noopener\">t\u00e9l\u00e9charger le working paper 3<\/a><\/em><\/p>\n\n\n\n<h2 class=\"wp-block-heading\">IV. <strong>\u00c9volution du r\u00e9gime de r\u00e9gulation<\/strong><\/h2>\n\n\n\n<ol start=\"13\" class=\"wp-block-list\">\n<li>Le d\u00e9veloppement de la multifonctionnalit\u00e9 fait \u00e9voluer le r\u00e9gime institutionnel de r\u00e9gulation des am\u00e9nagements hydro\u00e9lectriques d\u2019un r\u00e9gime simple (peu d\u2019usages, r\u00e9gul\u00e9s de mani\u00e8re coordonn\u00e9e) \u00e0 un <strong>r\u00e9gime complexe<\/strong> (davantage d\u2019usages, r\u00e9gul\u00e9s de mani\u00e8re peu coordonn\u00e9e) : l\u2019extension de la r\u00e9gulation des usages provoque une baisse de l\u2019int\u00e9gration du r\u00e9gime (\u00ab\u00a0<em>pi\u00e8ge de la complexit\u00e9 institutionnelle<\/em>\u00a0\u00bb).<\/li>\n\n\n\n<li>En l\u2019\u00e9tat, les recherches effectu\u00e9es montrent peu de signes concernant une \u00e9volution vers un <strong>r\u00e9gime int\u00e9gr\u00e9<\/strong> (o\u00f9 l\u2019ensemble des usages sont r\u00e9gul\u00e9s de mani\u00e8re coordonn\u00e9e). Une \u00e9ventuelle int\u00e9gration du r\u00e9gime n\u00e9cessite certainement une <strong>r\u00e9articulation <\/strong>entre <strong>politiques publiques<\/strong> (notamment de gestion de l\u2019eau et de l\u2019\u00e9nergie) et <strong>concessions<\/strong> <strong>hydro\u00e9lectriques<\/strong>. Une telle r\u00e9articulation implique probablement une <strong>adaptation de l\u2019instrument des concessions <\/strong>(concessions dynamiques\u00a0; possibilit\u00e9s d\u2019ajustement apr\u00e8s une certaine dur\u00e9e, selon des conditions d\u00e9finies pr\u00e9alablement\u00a0; concessions plus courtes, etc.).<\/li>\n\n\n\n<li>La multifonctionnalit\u00e9 implique une red\u00e9finition de la <strong>place <\/strong>et du <strong>r\u00f4le des exploitants hydro\u00e9lectriques<\/strong>, avec le passage d&rsquo;un r\u00f4le de <strong>producteur d\u2019\u00e9nergie<\/strong> \u00e0 un r\u00f4le de <strong>gestionnaire de l\u2019eau<\/strong> induit par la r\u00e9ponse \u00e0 de nouvelles demandes en eau.<\/li>\n<\/ol>\n\n\n\n<p>Pour en savoir plus : <em><a href=\"https:\/\/wp.unil.ch\/barrages\/files\/2024\/05\/SavoyAndrea_WP3_version_finale.pdf\" data-type=\"link\" data-id=\"https:\/\/wp.unil.ch\/barrages\/files\/2024\/05\/SavoyAndrea_WP3_version_finale.pdf\" target=\"_blank\" rel=\"noreferrer noopener\">t\u00e9l\u00e9charger le working paper 3<\/a><\/em><\/p>\n\n\n\n<h2 class=\"wp-block-heading\">V. <strong>La multifonctionnalit\u00e9 \u00e0 l\u2019\u00e9chelle des am\u00e9nagements<\/strong><\/h2>\n\n\n\n<ol start=\"16\" class=\"wp-block-list\">\n<li>Dans les trois cas \u00e9tudi\u00e9s (Cleuson, Hongrin-L\u00e9man, Gougra), il n\u2019y a <strong>pas de strat\u00e9gie globale de d\u00e9veloppement de la multifonctionnalit\u00e9<\/strong> \u00e0 l\u2019\u00e9chelle de l\u2019am\u00e9nagement, par exemple dans une logique d\u2019adaptation au r\u00e9chauffement climatique. Au contraire, le multiusage \u00e9merge graduellement et au cas par cas lorsque de nouveaux besoins apparaissent.<\/li>\n\n\n\n<li>La multifonctionnalit\u00e9 d\u2019un am\u00e9nagement <strong>d\u00e9pend fortement des caract\u00e9ristiques techniques<\/strong> de ce dernier, l\u2019existence d\u2019infrastructures (notamment des conduites) semblant favoriser le d\u00e9veloppement du multiusage.<\/li>\n\n\n\n<li>\u00c0 <strong>Cleuson<\/strong>, le barrage est per\u00e7u comme un atout pour le territoire local en lien avec son caract\u00e8re multifonctionnel (fourniture d\u2019eau pour l\u2019irrigation, l\u2019approvisionnement en eau potable et l\u2019enneigement artificiel) et la commune est l\u2019interlocuteur privil\u00e9gi\u00e9 de l\u2019exploitant hydro\u00e9lectrique (r\u00f4le de relais pour tous les usages non-\u00e9nerg\u00e9tiques). Les associations de protection de l\u2019environnement craignent que le d\u00e9veloppement de la multifonctionnalit\u00e9 ne se fasse au d\u00e9triment des fonctions environnementales des cours d\u2019eau, la question des d\u00e9bits r\u00e9siduels minimaux n\u2019\u00e9tant pas encore totalement r\u00e9gl\u00e9e.<\/li>\n\n\n\n<li>L\u2019am\u00e9nagement de l\u2019<strong>Hongrin-L\u00e9man <\/strong>joue un r\u00f4le marginal dans les dynamiques de d\u00e9veloppement territorial local, mais il est int\u00e9gr\u00e9 dans un territoire hydrosocial \u00e0 l\u2019\u00e9chelle de la Suisse en raison de sa fonction de stabilisation du r\u00e9seau \u00e9lectrique du pays. Cette faible int\u00e9gration dans le territoire local est certainement renforc\u00e9e par le r\u00e9gime de propri\u00e9t\u00e9 cantonale des cours d\u2019eau dans le canton de Vaud. Les usages non-\u00e9nerg\u00e9tiques de l\u2019eau sont tr\u00e8s faibles, \u00e0 l\u2019exception des usages de loisirs.<\/li>\n\n\n\n<li>L\u2019am\u00e9nagement de la <strong>Gougra <\/strong>est caract\u00e9ris\u00e9 par la pr\u00e9sence de deux bassins versants d\u2019alimentation du lac de Moiry (Navizence, Turtm\u00e4nna via le barrage de Tourtemagne). Bien que les am\u00e9nagements soient situ\u00e9s principalement dans le Val d\u2019Anniviers, la vall\u00e9e de Tourtemagne joue un r\u00f4le essentiel en termes de ressources en eau. Comme dans le cas de Cleuson, les usages non-\u00e9nerg\u00e9tiques de l\u2019am\u00e9nagement de la Gougra sont diversifi\u00e9s (irrigation, enneigement artificiel, protection contre les crues, loisirs), et la commune d\u2019Anniviers \u2013 comme celle de Nendaz \u2013 joue un r\u00f4le central, mais plut\u00f4t en termes d\u2019entit\u00e9 sp\u00e9cialiste de la production d\u2019\u00e9nergie.<\/li>\n\n\n\n<li>Les trois \u00e9tudes de cas r\u00e9alis\u00e9es soulignent le <strong>caract\u00e8re unique de chaque am\u00e9nagement hydro\u00e9lectrique en mati\u00e8re de multifonctionnalit\u00e9<\/strong>. Les enseignements observ\u00e9s repr\u00e9sentent donc davantage des pistes de r\u00e9flexion ou points de comparaison pour l\u2019analyse d\u2019autres am\u00e9nagements que des conclusions g\u00e9n\u00e9rales.<\/li>\n<\/ol>\n\n\n\n<p>Pour en savoir plus : <em>t\u00e9l\u00e9charger le <a href=\"https:\/\/wp.unil.ch\/barrages\/files\/2024\/03\/wp2_Cleuson.pdf\" data-type=\"link\" data-id=\"https:\/\/wp.unil.ch\/barrages\/files\/2024\/03\/wp2_Cleuson.pdf\" target=\"_blank\" rel=\"noreferrer noopener\">working paper 2<\/a> (Cleuson), le <a href=\"https:\/\/wp.unil.ch\/barrages\/files\/2024\/05\/wp4_Hongrin_vf.pdf\" data-type=\"link\" data-id=\"https:\/\/wp.unil.ch\/barrages\/files\/2024\/05\/wp4_Hongrin_vf.pdf\" target=\"_blank\" rel=\"noreferrer noopener\">working paper 4<\/a> (Hongrin-L\u00e9man) et le working paper 5 (Gougra ; <em>publication pr\u00e9vue \u00e0 l\u2019automne 2025<\/em>)<\/em><\/p>\n\n\n\n<h2 class=\"wp-block-heading\">VI. <strong>La gouvernance \u00e0 l\u2019\u00e9chelle des am\u00e9nagements<\/strong><\/h2>\n\n\n\n<ol start=\"22\" class=\"wp-block-list\">\n<li>Les trois \u00e9tudes de cas r\u00e9alis\u00e9es (Cleuson, Hongrin-L\u00e9man, Gougra) ont permis de constater que la plupart des usages non r\u00e9glement\u00e9s par les bases l\u00e9gales f\u00e9d\u00e9rales et cantonales le sont au final par des <strong>arrangements locaux<\/strong> entre les acteurs concern\u00e9s (conventions, contrats, accords informels). Si cette mani\u00e8re de faire correspond aux besoins des acteurs, elle aboutit fr\u00e9quemment \u00e0 une <strong>diminution globale de l\u2019int\u00e9gration du r\u00e9gime de gouvernance<\/strong> de l\u2019am\u00e9nagement, notamment puisqu\u2019elle consid\u00e8re chaque usage individuellement, sans m\u00e9canisme de priorisation entre les diff\u00e9rentes utilisations des am\u00e9nagements. De m\u00eame, la fourniture d\u2019eau \u00e0 des acteurs tiers par les exploitants hydro\u00e9lectriques (qui disposent de la <strong>force<\/strong> de l\u2019eau, mais pas de l\u2019eau en g\u00e9n\u00e9ral) entre en contradiction avec l\u2019esprit de la concession hydraulique.<\/li>\n\n\n\n<li>L\u2019\u00e9ch\u00e9ance de la concession semble constituer un <strong>moment crucial<\/strong> pour un \u00e9ventuel renforcement de l\u2019int\u00e9gration du r\u00e9gime de gouvernance de la multifonctionnalit\u00e9. En effet, nous formulons l\u2019hypoth\u00e8se qu\u2019une base solide d\u00e9finie dans la nouvelle concession et \u00e9tablissant certains principes de coordination \u2013 p.ex. via une priorisation des usages, en r\u00e9servant certains volumes d\u2019eau pour d\u2019\u00e9ventuels besoins futurs dans la concession ou encore en pr\u00e9voyant une ren\u00e9gociation de certaines clauses en cas de r\u00e9alisation d\u2019un sc\u00e9nario pr\u00e9\u00e9tabli (p.ex. manque durable d\u2019eau potable pour la communaut\u00e9 conc\u00e9dante) \u2013 permettrait de garantir une certaine int\u00e9gration du r\u00e9gime pour toute la dur\u00e9e de la nouvelle concession. Cette base \u2013 et les consignes qu\u2019elle contient \u2013 permettrait ensuite de d\u00e9velopper des arrangements locaux coordonn\u00e9s entre eux et ne d\u00e9bouchant pas sur des conflits d\u2019application.<\/li>\n\n\n\n<li>M\u00eame si un acte formel concerne un nouvel usage, il ne traite g\u00e9n\u00e9ralement pas directement de la multifonctionnalit\u00e9 (p.ex. en traitant de la th\u00e9matique de la priorisation du nouvel usage par rapport aux usages pr\u00e9existants), mais davantage de ses <strong>modalit\u00e9s techniques et juridiques<\/strong> (p.ex. de la propri\u00e9t\u00e9 des conduites pr\u00e9levant l\u2019eau pour l\u2019enneigement artificiel et de la responsabilit\u00e9 si ces conduites venaient \u00e0 endommager les infrastructures pour la production hydro\u00e9lectrique).<\/li>\n\n\n\n<li>Dans le cas de la Gougra, la plupart des usages non \u00e9nerg\u00e9tiques sont r\u00e9gul\u00e9s par des actes formels (convention, etc.) sign\u00e9s par l\u2019exploitant hydro\u00e9lectrique et l\u2019usager (remont\u00e9es m\u00e9caniques, etc.). Dans le cas de Cleuson, ces m\u00eames actes sont sign\u00e9s par l\u2019exploitant et la commune, qui fait le lien avec les usagers. Les <strong>caract\u00e9ristiques techniques de l\u2019am\u00e9nagement<\/strong>, et notamment la pr\u00e9sence d\u2019un r\u00e9servoir d\u2019eau de la commune de Nendaz \u00e0 proximit\u00e9 du barrage de Cleuson, pourraient expliquer cette diff\u00e9rence.<\/li>\n\n\n\n<li>Les \u00e9tudes de cas de Cleuson et de la Gougra ont permis de mettre en lumi\u00e8re des <strong>diff\u00e9rences dans l\u2019appr\u00e9hension des am\u00e9nagements hydro\u00e9lectriques par les acteurs du p\u00e9rim\u00e8tre<\/strong>\u00a0: alors que certains riverains voient dans le barrage une opportunit\u00e9 d\u2019acc\u00e9der \u00e0 l\u2019eau pour leurs besoins, d\u2019autres estiment au contraire que c\u2019est une affaire r\u00e9serv\u00e9e aux hydro\u00e9lectriciens.<\/li>\n<\/ol>\n\n\n\n<p>Pour en savoir plus : <em><a href=\"https:\/\/wp.unil.ch\/barrages\/files\/2025\/07\/wp6_savoyandrea_vf.pdf\" data-type=\"link\" data-id=\"https:\/\/wp.unil.ch\/barrages\/files\/2025\/07\/wp6_savoyandrea_vf.pdf\" target=\"_blank\" rel=\"noreferrer noopener\">t\u00e9l\u00e9charger le working paper 6<\/a><\/em><\/p>\n\n\n\n<h2 class=\"wp-block-heading\">VII. <strong>Enseignements internationaux<\/strong><\/h2>\n\n\n\n<p><em>R\u00e9sultats \u00e0 venir prochainement<\/em><\/p>\n","protected":false},"excerpt":{"rendered":"<p>Cette page pr\u00e9sente les enseignements provisoires du projet (version du 27.10.2025). Il est \u00e0 noter que des recommandations seront formul\u00e9es \u00e0 la fin du projet, pr\u00e9vue pour 2026.&hellip;<\/p>\n","protected":false},"author":1002755,"featured_media":0,"parent":0,"menu_order":0,"comment_status":"closed","ping_status":"closed","template":"template-full-width.php","meta":{"_seopress_robots_primary_cat":"","_seopress_titles_title":"","_seopress_titles_desc":"","_seopress_robots_index":"","footnotes":""},"class_list":["post-648","page","type-page","status-publish","has-post-thumbnail"],"_links":{"self":[{"href":"https:\/\/wp.unil.ch\/barrages\/wp-json\/wp\/v2\/pages\/648","targetHints":{"allow":["GET"]}}],"collection":[{"href":"https:\/\/wp.unil.ch\/barrages\/wp-json\/wp\/v2\/pages"}],"about":[{"href":"https:\/\/wp.unil.ch\/barrages\/wp-json\/wp\/v2\/types\/page"}],"author":[{"embeddable":true,"href":"https:\/\/wp.unil.ch\/barrages\/wp-json\/wp\/v2\/users\/1002755"}],"replies":[{"embeddable":true,"href":"https:\/\/wp.unil.ch\/barrages\/wp-json\/wp\/v2\/comments?post=648"}],"version-history":[{"count":6,"href":"https:\/\/wp.unil.ch\/barrages\/wp-json\/wp\/v2\/pages\/648\/revisions"}],"predecessor-version":[{"id":663,"href":"https:\/\/wp.unil.ch\/barrages\/wp-json\/wp\/v2\/pages\/648\/revisions\/663"}],"wp:attachment":[{"href":"https:\/\/wp.unil.ch\/barrages\/wp-json\/wp\/v2\/media?parent=648"}],"curies":[{"name":"wp","href":"https:\/\/api.w.org\/{rel}","templated":true}]}}