{"id":240,"date":"2024-03-05T12:57:14","date_gmt":"2024-03-05T11:57:14","guid":{"rendered":"https:\/\/wp.unil.ch\/barrages\/?page_id=240"},"modified":"2025-11-03T15:13:30","modified_gmt":"2025-11-03T14:13:30","slug":"accueil","status":"publish","type":"page","link":"https:\/\/wp.unil.ch\/barrages\/","title":{"rendered":"Accueil"},"content":{"rendered":"\n<p>Bienvenue sur le site du projet \u00ab\u00a0Multifonctionnalit\u00e9 des infrastructures hydro\u00e9lectriques alpines\u00a0\u00bb de l&rsquo;<a href=\"https:\/\/www.unil.ch\/\">Universit\u00e9 de Lausanne<\/a>, lanc\u00e9 en octobre 2020 et co-dirig\u00e9 par les Prof. Emmanuel Reynard et St\u00e9phane Nahrath. Vous trouverez davantage d&rsquo;informations sur l&rsquo;\u00e9quipe de recherche <a href=\"https:\/\/wp.unil.ch\/barrages\/equipe\/\">ici<\/a>.<\/p>\n\n\n\n<div class=\"wp-block-group has-border-background-color has-background\"><div class=\"wp-block-group__inner-container is-layout-constrained wp-block-group-is-layout-constrained\">\n<h2 class=\"wp-block-heading has-text-align-left\">La multifonctionnalit\u00e9 des am\u00e9nagements hydro\u00e9lectriques, c&rsquo;est quoi ?<\/h2>\n\n\n\n<div class=\"wp-block-columns is-layout-flex wp-container-core-columns-is-layout-9d6595d7 wp-block-columns-is-layout-flex\">\n<div class=\"wp-block-column is-layout-flow wp-block-column-is-layout-flow\" style=\"flex-basis:50%\">\n<p>Des barrages ont \u00e9t\u00e9 construits depuis la fin du 19\u00e8me si\u00e8cle dans les Alpes suisses pour produire de l&rsquo;\u00e9nergie indig\u00e8ne et r\u00e9pondre \u00e0 la demande croissante en \u00e9lectricit\u00e9 de la soci\u00e9t\u00e9 et de l&rsquo;industrie. Au fil du temps, <strong>les utilisations des am\u00e9nagements hydro\u00e9lectriques se sont toutefois diversifi\u00e9es<\/strong> et certains barrages fournissent de l&rsquo;eau potable aux communes environnantes, sont utilis\u00e9s comme support pour des panneaux solaires, servent \u00e0 prot\u00e9ger contre les crues, etc.<\/p>\n\n\n\n<p>Nos recherches ont permis d&rsquo;<strong>identifier 40 usages<\/strong> qui sont faits des am\u00e9nagements hydro\u00e9lectriques aujourd&rsquo;hui. <\/p>\n<\/div>\n\n\n\n<div class=\"wp-block-column is-layout-flow wp-block-column-is-layout-flow\" style=\"flex-basis:50%\"><div class=\"wp-block-image\">\n<figure data-wp-context=\"{&quot;imageId&quot;:&quot;69d0b45aca7be&quot;}\" data-wp-interactive=\"core\/image\" data-wp-key=\"69d0b45aca7be\" class=\"aligncenter size-full wp-lightbox-container\"><img alt=\"\" loading=\"lazy\" decoding=\"async\" width=\"1697\" height=\"1200\" data-wp-class--hide=\"state.isContentHidden\" data-wp-class--show=\"state.isContentVisible\" data-wp-init=\"callbacks.setButtonStyles\" data-wp-on--click=\"actions.showLightbox\" data-wp-on--load=\"callbacks.setButtonStyles\" data-wp-on-window--resize=\"callbacks.setButtonStyles\" src=\"https:\/\/wp.unil.ch\/barrages\/files\/2024\/03\/usages_savoyandrea-1.jpg\" alt=\"\" class=\"wp-image-415\" srcset=\"https:\/\/wp.unil.ch\/barrages\/files\/2024\/03\/usages_savoyandrea-1.jpg 1697w, https:\/\/wp.unil.ch\/barrages\/files\/2024\/03\/usages_savoyandrea-1-300x212.jpg 300w, https:\/\/wp.unil.ch\/barrages\/files\/2024\/03\/usages_savoyandrea-1-1024x724.jpg 1024w, https:\/\/wp.unil.ch\/barrages\/files\/2024\/03\/usages_savoyandrea-1-768x543.jpg 768w, https:\/\/wp.unil.ch\/barrages\/files\/2024\/03\/usages_savoyandrea-1-1536x1086.jpg 1536w, https:\/\/wp.unil.ch\/barrages\/files\/2024\/03\/usages_savoyandrea-1-540x382.jpg 540w, https:\/\/wp.unil.ch\/barrages\/files\/2024\/03\/usages_savoyandrea-1-1080x764.jpg 1080w\" sizes=\"auto, (max-width: 1697px) 100vw, 1697px\" \/><button\n\t\t\tclass=\"lightbox-trigger\"\n\t\t\ttype=\"button\"\n\t\t\taria-haspopup=\"dialog\"\n\t\t\taria-label=\"Agrandir\"\n\t\t\tdata-wp-init=\"callbacks.initTriggerButton\"\n\t\t\tdata-wp-on--click=\"actions.showLightbox\"\n\t\t\tdata-wp-style--right=\"state.imageButtonRight\"\n\t\t\tdata-wp-style--top=\"state.imageButtonTop\"\n\t\t>\n\t\t\t<svg xmlns=\"http:\/\/www.w3.org\/2000\/svg\" width=\"12\" height=\"12\" fill=\"none\" viewBox=\"0 0 12 12\">\n\t\t\t\t<path fill=\"#fff\" d=\"M2 0a2 2 0 0 0-2 2v2h1.5V2a.5.5 0 0 1 .5-.5h2V0H2Zm2 10.5H2a.5.5 0 0 1-.5-.5V8H0v2a2 2 0 0 0 2 2h2v-1.5ZM8 12v-1.5h2a.5.5 0 0 0 .5-.5V8H12v2a2 2 0 0 1-2 2H8Zm2-12a2 2 0 0 1 2 2v2h-1.5V2a.5.5 0 0 0-.5-.5H8V0h2Z\" \/>\n\t\t\t<\/svg>\n\t\t<\/button><\/figure>\n<\/div><\/div>\n<\/div>\n<\/div><\/div>\n\n\n\n<h2 class=\"wp-block-heading\">Pourquoi s&rsquo;int\u00e9resser \u00e0 la multifonctionnalit\u00e9 ?<\/h2>\n\n\n\n<p>La multifonctionnalit\u00e9 des barrages, contrairement \u00e0 la multifonctionnalit\u00e9 de l&rsquo;eau, est <strong>un concept r\u00e9cent<\/strong> en Suisse. Notre projet s&rsquo;int\u00e9resse \u00e0 l&rsquo;origine du concept, son \u00e9volution ainsi que la fa\u00e7on dont les diff\u00e9rent\u00b7e\u00b7s acteurs et actrices le per\u00e7oivent.<\/p>\n\n\n\n<p>Dans le contexte \u00e0 venir des retours de concessions hydrauliques, nous nous int\u00e9ressons \u00e9galement \u00e0 la r\u00e9gulation du multiusage des am\u00e9nagements hydro\u00e9lectriques afin d&rsquo;<strong>appr\u00e9hender les \u00e9ventuels points de tension futurs<\/strong> et de <strong>comprendre les pes\u00e9es des int\u00e9r\u00eats<\/strong> faites entre les diff\u00e9rents usages de l&rsquo;eau et des infrastructures.<\/p>\n\n\n\n<p>Finalement, par le biais de trois \u00e9tudes de cas, notre projet cherche \u00e0 identifier et <strong>\u00e9tudier les usages effectifs de trois am\u00e9nagements hydro\u00e9lectriques (Cleuson, Hongrin-L\u00e9man, Gougra)<\/strong> et \u00e0 \u00e9tudier leur r\u00e9gulation \u00e0 un niveau local. <\/p>\n\n\n\n<p>Pour en savoir plus sur le projet, rendez-vous sur la <a href=\"https:\/\/wp.unil.ch\/barrages\/projet\/\">page d\u00e9di\u00e9e<\/a>.<\/p>\n\n\n\n<p class=\"has-small-font-size\" style=\"font-style:normal;font-weight:100\"><em>Source image de couverture : Silvia Flaminio<\/em><\/p>\n\n\n<div class=\"wp-block-image\">\n<figure class=\"alignright size-full\"><img alt=\"\" loading=\"lazy\" decoding=\"async\" width=\"212\" height=\"74\" src=\"https:\/\/wp.unil.ch\/barrages\/files\/2024\/03\/logo-unil.png\" alt=\"\" class=\"wp-image-206\" \/><\/figure>\n<\/div>","protected":false},"excerpt":{"rendered":"<p>Bienvenue sur le site du projet \u00ab\u00a0Multifonctionnalit\u00e9 des infrastructures hydro\u00e9lectriques alpines\u00a0\u00bb de l&rsquo;Universit\u00e9 de Lausanne, lanc\u00e9 en octobre 2020 et co-dirig\u00e9 par les Prof. Emmanuel Reynard et St\u00e9phane&hellip;<\/p>\n","protected":false},"author":1002761,"featured_media":215,"parent":0,"menu_order":0,"comment_status":"closed","ping_status":"closed","template":"template-full-width-cover.php","meta":{"_seopress_robots_primary_cat":"","_seopress_titles_title":"","_seopress_titles_desc":"","_seopress_robots_index":"","footnotes":""},"class_list":["post-240","page","type-page","status-publish","has-post-thumbnail"],"_links":{"self":[{"href":"https:\/\/wp.unil.ch\/barrages\/wp-json\/wp\/v2\/pages\/240","targetHints":{"allow":["GET"]}}],"collection":[{"href":"https:\/\/wp.unil.ch\/barrages\/wp-json\/wp\/v2\/pages"}],"about":[{"href":"https:\/\/wp.unil.ch\/barrages\/wp-json\/wp\/v2\/types\/page"}],"author":[{"embeddable":true,"href":"https:\/\/wp.unil.ch\/barrages\/wp-json\/wp\/v2\/users\/1002761"}],"replies":[{"embeddable":true,"href":"https:\/\/wp.unil.ch\/barrages\/wp-json\/wp\/v2\/comments?post=240"}],"version-history":[{"count":6,"href":"https:\/\/wp.unil.ch\/barrages\/wp-json\/wp\/v2\/pages\/240\/revisions"}],"predecessor-version":[{"id":624,"href":"https:\/\/wp.unil.ch\/barrages\/wp-json\/wp\/v2\/pages\/240\/revisions\/624"}],"wp:featuredmedia":[{"embeddable":true,"href":"https:\/\/wp.unil.ch\/barrages\/wp-json\/wp\/v2\/media\/215"}],"wp:attachment":[{"href":"https:\/\/wp.unil.ch\/barrages\/wp-json\/wp\/v2\/media?parent=240"}],"curies":[{"name":"wp","href":"https:\/\/api.w.org\/{rel}","templated":true}]}}