{"id":180,"date":"2024-03-05T12:58:04","date_gmt":"2024-03-05T11:58:04","guid":{"rendered":"https:\/\/wp.unil.ch\/barrages\/?page_id=180"},"modified":"2024-11-26T14:33:57","modified_gmt":"2024-11-26T13:33:57","slug":"evenements","status":"publish","type":"page","link":"https:\/\/wp.unil.ch\/barrages\/evenements\/","title":{"rendered":"\u00c9v\u00e9nements"},"content":{"rendered":"\n<p>Cette page pr\u00e9sente les <a href=\"https:\/\/wp.unil.ch\/barrages\/category\/conferences\/\">conf\u00e9rences<\/a> auxquelles notre \u00e9quipe de recherche a particip\u00e9 et les <a href=\"https:\/\/wp.unil.ch\/barrages\/category\/news\/\">nouveaut\u00e9s<\/a> du projet.<\/p>\n\n\n<ul class=\"wp-block-latest-posts__list has-dates wp-block-latest-posts\"><li><div class=\"wp-block-latest-posts__featured-image alignright\"><img loading=\"lazy\" decoding=\"async\" width=\"150\" height=\"150\" src=\"https:\/\/wp.unil.ch\/barrages\/files\/2025\/11\/img_4827-150x150.jpeg\" class=\"attachment-thumbnail size-thumbnail wp-post-image\" alt=\"Colloque 28.10.2025\" style=\"max-width:150px;max-height:150px;\" \/><\/div><a class=\"wp-block-latest-posts__post-title\" href=\"https:\/\/wp.unil.ch\/barrages\/presentations-colloque-la-multifonctionnalite-des-barrages-alpins\/\">Pr\u00e9sentations &#8211; Colloque \u00ab\u00a0La multifonctionnalit\u00e9 des barrages alpins\u00a0\u00bb<\/a><time datetime=\"2025-11-06T14:25:23+01:00\" class=\"wp-block-latest-posts__post-date\">6 novembre 2025<\/time><div class=\"wp-block-latest-posts__post-excerpt\">Organis\u00e9 par Alpiq et l&rsquo;Universit\u00e9 de Lausanne le 28 octobre dernier \u00e0 Martigny, le colloque \u00ab\u00a0La multifonctionnalit\u00e9 des barrages alpins\u00a0\u00bb a r\u00e9uni plus de 130 participant\u00b7es autour de cette th\u00e9matique&hellip;<\/div><\/li>\n<li><div class=\"wp-block-latest-posts__featured-image alignright\"><img loading=\"lazy\" decoding=\"async\" width=\"150\" height=\"150\" src=\"https:\/\/wp.unil.ch\/barrages\/files\/2025\/11\/img_4807-150x150.jpeg\" class=\"attachment-thumbnail size-thumbnail wp-post-image\" alt=\"Colloque &quot;La multifonctionnalit\u00e9 des barrages alpins&quot;\" style=\"max-width:150px;max-height:150px;\" \/><\/div><a class=\"wp-block-latest-posts__post-title\" href=\"https:\/\/wp.unil.ch\/barrages\/interview-rhone-fm-colloque-sur-la-multifonctionnalite\/\">Interview Rh\u00f4ne FM \/ colloque sur la multifonctionnalit\u00e9<\/a><time datetime=\"2025-10-28T16:15:22+01:00\" class=\"wp-block-latest-posts__post-date\">28 octobre 2025<\/time><div class=\"wp-block-latest-posts__post-excerpt\">Dans le cadre du colloque \u00ab\u00a0La multifonctionnalit\u00e9 des barrages alpins\u00a0\u00bb organis\u00e9 conjointement par Alpiq et l&rsquo;Universit\u00e9 de Lausanne le 28 octobre 2025, Andr\u00e9a Savoy \u00e9tait sur les ondes de Rh\u00f4ne&hellip;<\/div><\/li>\n<li><div class=\"wp-block-latest-posts__featured-image alignright\"><img loading=\"lazy\" decoding=\"async\" width=\"150\" height=\"150\" src=\"https:\/\/wp.unil.ch\/barrages\/files\/2025\/09\/colloque_barrages_28_10_2025-150x150.png\" class=\"attachment-thumbnail size-thumbnail wp-post-image\" alt=\"colloque barrages 28 10 2025\" style=\"max-width:150px;max-height:150px;\" \/><\/div><a class=\"wp-block-latest-posts__post-title\" href=\"https:\/\/wp.unil.ch\/barrages\/colloque-sur-la-multifonctionnalite-des-barrages-alpins\/\">INVITATION &#8211; Colloque sur la multifonctionnalit\u00e9 des barrages alpins<\/a><time datetime=\"2025-09-11T18:17:45+02:00\" class=\"wp-block-latest-posts__post-date\">11 septembre 2025<\/time><div class=\"wp-block-latest-posts__post-excerpt\">L&rsquo;Universit\u00e9 de Lausanne et Alpiq ont le plaisir de vous informer de la tenue d\u2019un&nbsp;colloque sur la multifonctionnalit\u00e9 des barrages alpins&nbsp;\u00e0 Martigny Expo le&nbsp;28 octobre 2025. R\u00e9unissant des expertes et&hellip;<\/div><\/li>\n<li><div class=\"wp-block-latest-posts__featured-image alignright\"><img loading=\"lazy\" decoding=\"async\" width=\"150\" height=\"150\" src=\"https:\/\/wp.unil.ch\/barrages\/files\/2025\/07\/img_9337-150x150.png\" class=\"attachment-thumbnail size-thumbnail wp-post-image\" alt=\"Barrage de l&#039;Hongrin \u00a9 M\u00e9lanie Clivaz\" style=\"max-width:150px;max-height:150px;\" \/><\/div><a class=\"wp-block-latest-posts__post-title\" href=\"https:\/\/wp.unil.ch\/barrages\/save-the-date-colloque-du-28-octobre-2025\/\">SAVE THE DATE &#8211; Colloque du 28 octobre 2025<\/a><time datetime=\"2025-07-01T11:50:28+02:00\" class=\"wp-block-latest-posts__post-date\">1 juillet 2025<\/time><div class=\"wp-block-latest-posts__post-excerpt\">Alpiq SA et l&rsquo;Universit\u00e9 de Lausanne organisent un colloque sur la multifonctionnalit\u00e9 des barrages le 28 octobre 2025 au CERM de Martigny. Depuis 2020,&nbsp;ces deux acteurs&nbsp;collaborent dans le cadre d\u2019un&hellip;<\/div><\/li>\n<li><div class=\"wp-block-latest-posts__featured-image alignright\"><img loading=\"lazy\" decoding=\"async\" width=\"150\" height=\"104\" src=\"https:\/\/wp.unil.ch\/barrages\/files\/2024\/11\/BlueArk_2024.jpg\" class=\"attachment-thumbnail size-thumbnail wp-post-image\" alt=\"\" style=\"max-width:150px;max-height:150px;\" \/><\/div><a class=\"wp-block-latest-posts__post-title\" href=\"https:\/\/wp.unil.ch\/barrages\/participation-a-la-5eme-blueark-conference\/\">Participation \u00e0 la 5\u00e8me BlueArk Conference<\/a><time datetime=\"2024-11-21T14:58:56+01:00\" class=\"wp-block-latest-posts__post-date\">21 novembre 2024<\/time><div class=\"wp-block-latest-posts__post-excerpt\">L&rsquo;\u00e9quipe du projet a particip\u00e9 \u00e0 la 5\u00e8me BlueArk Conference le jeudi 21 novembre 2024 au Ch\u00e2ble (Verbier). Dans la session \u00ab\u00a0Acc\u00e8s \u00e0 l\u2019eau: quels outils? Quelles priorit\u00e9s?\u00a0\u00bb, Andr\u00e9a Savoy&hellip;<\/div><\/li>\n<li><div class=\"wp-block-latest-posts__featured-image alignright\"><img loading=\"lazy\" decoding=\"async\" width=\"150\" height=\"150\" src=\"https:\/\/wp.unil.ch\/barrages\/files\/2024\/05\/wp3_wp4-150x150.png\" class=\"attachment-thumbnail size-thumbnail wp-post-image\" alt=\"\" style=\"max-width:150px;max-height:150px;\" \/><\/div><a class=\"wp-block-latest-posts__post-title\" href=\"https:\/\/wp.unil.ch\/barrages\/publication-des-working-papers-3-et-4\/\">Publication des working papers 3 et 4<\/a><time datetime=\"2024-05-08T15:22:19+02:00\" class=\"wp-block-latest-posts__post-date\">8 mai 2024<\/time><div class=\"wp-block-latest-posts__post-excerpt\">Apr\u00e8s un premier working paper sur l&rsquo;apparition en Suisse du concept de multifonctionnalit\u00e9 des infrastructures hydro\u00e9lectriques alpines et les visions qui y sont associ\u00e9es (WP1) ainsi qu&rsquo;un working paper sur&hellip;<\/div><\/li>\n<li><div class=\"wp-block-latest-posts__featured-image alignright\"><img loading=\"lazy\" decoding=\"async\" width=\"150\" height=\"150\" src=\"https:\/\/wp.unil.ch\/barrages\/files\/2024\/03\/atelier_blueark_alpiq-150x150.png\" class=\"attachment-thumbnail size-thumbnail wp-post-image\" alt=\"\" style=\"max-width:150px;max-height:150px;\" \/><\/div><a class=\"wp-block-latest-posts__post-title\" href=\"https:\/\/wp.unil.ch\/barrages\/atelier-alpiq-blueark\/\">Atelier Alpiq\/BlueArk<\/a><time datetime=\"2024-03-21T16:45:43+01:00\" class=\"wp-block-latest-posts__post-date\">21 mars 2024<\/time><div class=\"wp-block-latest-posts__post-excerpt\">Dans le cadre de l&rsquo;atelier en ligne \u00ab\u00a0Multifonctionnalit\u00e9 de l\u2019eau en Valais : quelle gouvernance et quelles solutions pour l&rsquo;avenir ?\u00a0\u00bb du 21 mars 2024 organis\u00e9 par Alpiq et Blueark,&hellip;<\/div><\/li>\n<li><div class=\"wp-block-latest-posts__featured-image alignright\"><img loading=\"lazy\" decoding=\"async\" width=\"150\" height=\"150\" src=\"https:\/\/wp.unil.ch\/barrages\/files\/2024\/03\/rhonefm-150x150.jpeg\" class=\"attachment-thumbnail size-thumbnail wp-post-image\" alt=\"\" style=\"max-width:150px;max-height:150px;\" \/><\/div><a class=\"wp-block-latest-posts__post-title\" href=\"https:\/\/wp.unil.ch\/barrages\/interview-rhone-fm-rro\/\">Interview Rh\u00f4ne FM \/ rro<\/a><time datetime=\"2024-03-04T16:31:24+01:00\" class=\"wp-block-latest-posts__post-date\">4 mars 2024<\/time><div class=\"wp-block-latest-posts__post-excerpt\">Andr\u00e9a Savoy \u00e9tait en direct sur Rh\u00f4ne FM le lundi 4 mars 2024 avec Micha\u00ebl Plaschy, responsable de la production hydraulique chez Alpiq et Yann Rodriguez, directeur adjoint du BlueArk.&hellip;<\/div><\/li>\n<li><div class=\"wp-block-latest-posts__featured-image alignright\"><img loading=\"lazy\" decoding=\"async\" width=\"150\" height=\"150\" src=\"https:\/\/wp.unil.ch\/barrages\/files\/2024\/03\/53349716612_702b096c9d_c-150x150.jpg\" class=\"attachment-thumbnail size-thumbnail wp-post-image\" alt=\"\" style=\"max-width:150px;max-height:150px;\" \/><\/div><a class=\"wp-block-latest-posts__post-title\" href=\"https:\/\/wp.unil.ch\/barrages\/conference-blueark\/\">BlueArk Conference<\/a><time datetime=\"2023-11-23T13:17:22+01:00\" class=\"wp-block-latest-posts__post-date\">23 novembre 2023<\/time><div class=\"wp-block-latest-posts__post-excerpt\">Andr\u00e9a Savoy a pr\u00e9sent\u00e9 sa recherche et ses r\u00e9sultats \u00e0 l&rsquo;occasion de la BlueArk Conference du 23 novembre 2023 au Ch\u00e2ble, dans la session \u00ab\u00a0Multi-usage de l\u2019eau et hydro\u00e9lectricit\u00e9\u00a0\u00bb. Source&hellip;<\/div><\/li>\n<li><div class=\"wp-block-latest-posts__featured-image alignright\"><img loading=\"lazy\" decoding=\"async\" width=\"150\" height=\"150\" src=\"https:\/\/wp.unil.ch\/barrages\/files\/2023\/09\/icold-150x150.jpg\" class=\"attachment-thumbnail size-thumbnail wp-post-image\" alt=\"\" style=\"max-width:150px;max-height:150px;\" \/><\/div><a class=\"wp-block-latest-posts__post-title\" href=\"https:\/\/wp.unil.ch\/barrages\/icold-european-club-symposium\/\">ICOLD European Club Symposium<\/a><time datetime=\"2023-09-07T14:01:36+02:00\" class=\"wp-block-latest-posts__post-date\">7 septembre 2023<\/time><div class=\"wp-block-latest-posts__post-excerpt\">Dans le cadre du 12\u00e8me ICOLD European Club Symposium \u00e0 Interlaken, Emmanuel Reynard a pr\u00e9sent\u00e9 la recherche et les r\u00e9sultats obtenus dans une conf\u00e9rence intitul\u00e9e Multi-purpose dams and water resources&hellip;<\/div><\/li>\n<\/ul>\n\n\n<p><\/p>\n","protected":false},"excerpt":{"rendered":"<p>Cette page pr\u00e9sente les conf\u00e9rences auxquelles notre \u00e9quipe de recherche a particip\u00e9 et les nouveaut\u00e9s du projet.<\/p>\n","protected":false},"author":1002755,"featured_media":0,"parent":0,"menu_order":0,"comment_status":"closed","ping_status":"closed","template":"template-full-width.php","meta":{"_seopress_robots_primary_cat":"","_seopress_titles_title":"","_seopress_titles_desc":"","_seopress_robots_index":"","footnotes":""},"class_list":["post-180","page","type-page","status-publish","has-post-thumbnail"],"_links":{"self":[{"href":"https:\/\/wp.unil.ch\/barrages\/wp-json\/wp\/v2\/pages\/180","targetHints":{"allow":["GET"]}}],"collection":[{"href":"https:\/\/wp.unil.ch\/barrages\/wp-json\/wp\/v2\/pages"}],"about":[{"href":"https:\/\/wp.unil.ch\/barrages\/wp-json\/wp\/v2\/types\/page"}],"author":[{"embeddable":true,"href":"https:\/\/wp.unil.ch\/barrages\/wp-json\/wp\/v2\/users\/1002755"}],"replies":[{"embeddable":true,"href":"https:\/\/wp.unil.ch\/barrages\/wp-json\/wp\/v2\/comments?post=180"}],"version-history":[{"count":6,"href":"https:\/\/wp.unil.ch\/barrages\/wp-json\/wp\/v2\/pages\/180\/revisions"}],"predecessor-version":[{"id":595,"href":"https:\/\/wp.unil.ch\/barrages\/wp-json\/wp\/v2\/pages\/180\/revisions\/595"}],"wp:attachment":[{"href":"https:\/\/wp.unil.ch\/barrages\/wp-json\/wp\/v2\/media?parent=180"}],"curies":[{"name":"wp","href":"https:\/\/api.w.org\/{rel}","templated":true}]}}