{"id":178,"date":"2024-03-05T12:58:36","date_gmt":"2024-03-05T11:58:36","guid":{"rendered":"https:\/\/wp.unil.ch\/barrages\/?page_id=178"},"modified":"2026-03-18T17:10:37","modified_gmt":"2026-03-18T16:10:37","slug":"publications","status":"publish","type":"page","link":"https:\/\/wp.unil.ch\/barrages\/publications\/","title":{"rendered":"Publications"},"content":{"rendered":"\n<p>Les r\u00e9sultats du projet sont publi\u00e9s sous forme de <em><strong>working papers<\/strong><\/em> accessibles librement, ainsi que sous forme d&rsquo;<strong>articles<\/strong> dans des revues scientifiques sp\u00e9cialis\u00e9es. Cette page regroupe les diff\u00e9rentes publications du projet. <\/p>\n\n\n\n<h2 class=\"wp-block-heading\">Articles scientifiques<\/h2>\n\n\n\n<div class=\"wp-block-group\"><div class=\"wp-block-group__inner-container is-layout-constrained wp-block-group-is-layout-constrained\">\n<div class=\"wp-block-media-text is-stacked-on-mobile is-image-fill-element\" style=\"grid-template-columns:23% auto\"><figure class=\"wp-block-media-text__media\"><img loading=\"lazy\" decoding=\"async\" width=\"712\" height=\"912\" src=\"https:\/\/wp.unil.ch\/barrages\/files\/2025\/10\/article_rga.png\" alt=\"article rga\" class=\"wp-image-642 size-full\" style=\"object-position:0% 7%\" srcset=\"https:\/\/wp.unil.ch\/barrages\/files\/2025\/10\/article_rga.png 712w, https:\/\/wp.unil.ch\/barrages\/files\/2025\/10\/article_rga-234x300.png 234w, https:\/\/wp.unil.ch\/barrages\/files\/2025\/10\/article_rga-540x692.png 540w\" sizes=\"auto, (max-width: 712px) 100vw, 712px\" \/><\/figure><div class=\"wp-block-media-text__content\">\n<h5 class=\"wp-block-heading\">\u00ab&nbsp;Hydro\u00e9lectriques&nbsp;\u00bb ou \u00ab&nbsp;multifonctionnels&nbsp;\u00bb&nbsp;? Les territoires hydrosociaux de deux barrages alpins suisses (Cleuson et Hongrin)<\/h5>\n\n\n\n<p>Silvia Flaminio et Emmanuel Reynard, 2025<\/p>\n\n\n\n<p class=\"has-small-font-size\">Revue de g\u00e9ographie alpine 113-4<\/p>\n\n\n\n<p class=\"has-small-font-size\" style=\"font-style:normal;font-weight:500\"><a href=\"https:\/\/journals.openedition.org\/rga\/14943\" target=\"_blank\" rel=\"noreferrer noopener\"><strong>T\u00e9l\u00e9charger l&rsquo;article<\/strong><\/a><\/p>\n<\/div><\/div>\n\n\n\n<div class=\"wp-block-media-text is-stacked-on-mobile is-image-fill-element\" style=\"grid-template-columns:23% auto\"><figure class=\"wp-block-media-text__media\"><img alt=\"\" loading=\"lazy\" decoding=\"async\" width=\"651\" height=\"842\" src=\"https:\/\/wp.unil.ch\/barrages\/files\/2024\/03\/water-alternatives.png\" alt=\"\" class=\"wp-image-324 size-full\" style=\"object-position:0% 0%\" srcset=\"https:\/\/wp.unil.ch\/barrages\/files\/2024\/03\/water-alternatives.png 651w, https:\/\/wp.unil.ch\/barrages\/files\/2024\/03\/water-alternatives-232x300.png 232w, https:\/\/wp.unil.ch\/barrages\/files\/2024\/03\/water-alternatives-540x698.png 540w\" sizes=\"auto, (max-width: 651px) 100vw, 651px\" \/><\/figure><div class=\"wp-block-media-text__content\">\n<h5 class=\"wp-block-heading\">Multipurpose use of hydropower reservoirs: Imaginaries of Swiss reservoirs in the context of climate change and dam relicensing<\/h5>\n\n\n\n<p>Silvia Flaminio et Emmanuel Reynard, 2023<\/p>\n\n\n\n<p class=\"has-small-font-size\">Water Alternatives 16(2)<\/p>\n\n\n\n<p class=\"has-small-font-size\" style=\"font-style:normal;font-weight:500\"><a href=\"https:\/\/www.water-alternatives.org\/index.php\/alldoc\/articles\/vol16\/v16issue2\/701-a16-2-4\/file\" target=\"_blank\" rel=\"noreferrer noopener\"><strong>T\u00e9l\u00e9charger l&rsquo;article<\/strong><\/a><\/p>\n<\/div><\/div>\n\n\n\n<div class=\"wp-block-media-text is-stacked-on-mobile is-image-fill-element\" style=\"grid-template-columns:23% auto\"><figure class=\"wp-block-media-text__media\"><img alt=\"\" loading=\"lazy\" decoding=\"async\" width=\"631\" height=\"895\" src=\"https:\/\/wp.unil.ch\/barrages\/files\/2024\/04\/article_ICOLD.png\" alt=\"\" class=\"wp-image-537 size-full\" style=\"object-position:0% 15%\" srcset=\"https:\/\/wp.unil.ch\/barrages\/files\/2024\/04\/article_ICOLD.png 631w, https:\/\/wp.unil.ch\/barrages\/files\/2024\/04\/article_ICOLD-212x300.png 212w, https:\/\/wp.unil.ch\/barrages\/files\/2024\/04\/article_ICOLD-540x766.png 540w\" sizes=\"auto, (max-width: 631px) 100vw, 631px\" \/><\/figure><div class=\"wp-block-media-text__content\">\n<h5 class=\"wp-block-heading\">From energy producer to water manager: A research-industry collaboration<\/h5>\n\n\n\n<p>Xavi\u00e8re Schr\u00f6der, Emmanuel Reynard et St\u00e9phane Nahrath, 2023<\/p>\n\n\n\n<p class=\"has-small-font-size\">12th ICOLD European club symposium 2023<\/p>\n\n\n\n<p class=\"has-small-font-size\" style=\"font-style:normal;font-weight:500\"><a href=\"https:\/\/serval.unil.ch\/resource\/serval:BIB_A987CA4D6073.P001\/REF\" target=\"_blank\" rel=\"noreferrer noopener\"><strong>T\u00e9l\u00e9charger l&rsquo;article<\/strong><\/a><\/p>\n<\/div><\/div>\n<\/div><\/div>\n\n\n\n<h2 class=\"wp-block-heading\">Working papers<\/h2>\n\n\n\n<div class=\"wp-block-group\"><div class=\"wp-block-group__inner-container is-layout-constrained wp-block-group-is-layout-constrained\">\n<div class=\"wp-block-media-text is-stacked-on-mobile is-image-fill-element\" style=\"grid-template-columns:23% auto\"><figure class=\"wp-block-media-text__media\"><img alt=\"\" loading=\"lazy\" decoding=\"async\" width=\"646\" height=\"910\" src=\"https:\/\/wp.unil.ch\/barrages\/files\/2024\/03\/wp1-1.png\" alt=\"\" class=\"wp-image-320 size-full\" style=\"object-position:0% 0%\" srcset=\"https:\/\/wp.unil.ch\/barrages\/files\/2024\/03\/wp1-1.png 646w, https:\/\/wp.unil.ch\/barrages\/files\/2024\/03\/wp1-1-213x300.png 213w, https:\/\/wp.unil.ch\/barrages\/files\/2024\/03\/wp1-1-540x761.png 540w\" sizes=\"auto, (max-width: 646px) 100vw, 646px\" \/><\/figure><div class=\"wp-block-media-text__content\">\n<h5 class=\"wp-block-heading\">Working paper 1 : Une g\u00e9n\u00e9alogie de la multifonctionnalit\u00e9 des barrages-r\u00e9servoirs en Suisse<\/h5>\n\n\n\n<p>Silvia Flaminio et Emmanuel Reynard, 2022<\/p>\n\n\n\n<p class=\"has-small-font-size\">Ce <em>working paper<\/em> se focalise sur l\u2019\u00e9mergence de la notion de multifonctionnalit\u00e9 des barrages-r\u00e9servoirs en Suisse, ainsi que sur les d\u00e9finitions et les visions qui lui sont associ\u00e9es aux \u00e9chelons f\u00e9d\u00e9ral et cantonal valaisan.<\/p>\n\n\n\n<div class=\"wp-block-file\"><a id=\"wp-block-file--media-ded0f68c-3d8e-4e2e-9165-74c393b72d17\" href=\"https:\/\/wp.unil.ch\/barrages\/files\/2024\/03\/wp1_multifonctionnalite.pdf\" target=\"_blank\" rel=\"noreferrer noopener\"><strong>T\u00e9l\u00e9charger le working paper 1<\/strong><\/a><\/div>\n<\/div><\/div>\n\n\n\n<div class=\"wp-block-media-text is-stacked-on-mobile is-image-fill-element\" style=\"grid-template-columns:23% auto\"><figure class=\"wp-block-media-text__media\"><img alt=\"\" loading=\"lazy\" decoding=\"async\" width=\"663\" height=\"912\" src=\"https:\/\/wp.unil.ch\/barrages\/files\/2024\/03\/wp2-1.png\" alt=\"\" class=\"wp-image-321 size-full\" style=\"object-position:0% 0%\" srcset=\"https:\/\/wp.unil.ch\/barrages\/files\/2024\/03\/wp2-1.png 663w, https:\/\/wp.unil.ch\/barrages\/files\/2024\/03\/wp2-1-218x300.png 218w, https:\/\/wp.unil.ch\/barrages\/files\/2024\/03\/wp2-1-540x743.png 540w\" sizes=\"auto, (max-width: 663px) 100vw, 663px\" \/><\/figure><div class=\"wp-block-media-text__content\">\n<h5 class=\"wp-block-heading\">Working paper 2 : Analyse de la multifonctionnalit\u00e9 des am\u00e9nagements hydro\u00e9lectriques alpins : Le cas de Cleuson (Valais)<\/h5>\n\n\n\n<p>Silvia Flaminio, 2023<\/p>\n\n\n\n<p class=\"has-small-font-size\">Ce <em>working paper<\/em> propose un panorama des usages de l\u2019eau et des infrastructures li\u00e9es \u00e0 l\u2019am\u00e9nagement hydro\u00e9lectrique de Cleuson, en Valais.<\/p>\n\n\n\n<div class=\"wp-block-file\"><a id=\"wp-block-file--media-ded0f68c-3d8e-4e2e-9165-74c393b72d17\" href=\"https:\/\/wp.unil.ch\/barrages\/files\/2024\/03\/wp2_Cleuson.pdf\" target=\"_blank\" rel=\"noreferrer noopener\"><strong>T\u00e9l\u00e9charger le working paper 2<\/strong><\/a><\/div>\n<\/div><\/div>\n\n\n\n<div class=\"wp-block-media-text is-stacked-on-mobile is-image-fill-element\" style=\"grid-template-columns:23% auto\" id=\"wp3\"><figure class=\"wp-block-media-text__media\"><img alt=\"\" loading=\"lazy\" decoding=\"async\" width=\"724\" height=\"1024\" src=\"https:\/\/wp.unil.ch\/barrages\/files\/2024\/05\/wp3_couverture-724x1024.png\" alt=\"\" class=\"wp-image-545 size-full\" style=\"object-position:0% 0%\" srcset=\"https:\/\/wp.unil.ch\/barrages\/files\/2024\/05\/wp3_couverture-724x1024.png 724w, https:\/\/wp.unil.ch\/barrages\/files\/2024\/05\/wp3_couverture-212x300.png 212w, https:\/\/wp.unil.ch\/barrages\/files\/2024\/05\/wp3_couverture-768x1087.png 768w, https:\/\/wp.unil.ch\/barrages\/files\/2024\/05\/wp3_couverture-540x764.png 540w, https:\/\/wp.unil.ch\/barrages\/files\/2024\/05\/wp3_couverture.png 848w\" sizes=\"auto, (max-width: 724px) 100vw, 724px\" \/><\/figure><div class=\"wp-block-media-text__content\">\n<h5 class=\"wp-block-heading\">Working paper 3 : Analyse du r\u00e9gime institutionnel de la multifonctionnalit\u00e9 des am\u00e9nagements hydro\u00e9lectriques alpins en Suisse<\/h5>\n\n\n\n<p>Andr\u00e9a Savoy, 2024<\/p>\n\n\n\n<p class=\"has-small-font-size\">Ce <em>working paper<\/em> liste la quarantaine d\u2019usages qui sont faits des am\u00e9nagements hydro\u00e9lectriques aujourd\u2019hui et propose de les regrouper en neuf fonctions principales. Il propose ensuite une analyse de la r\u00e9gulation de ces diff\u00e9rents usages au moyen de l&rsquo;approche par les r\u00e9gimes institutionnels de ressources (RIR).<\/p>\n\n\n\n<div class=\"wp-block-file\"><a id=\"wp-block-file--media-758125a3-73b6-44d1-8040-6e1fec36af97\" href=\"https:\/\/wp.unil.ch\/barrages\/files\/2024\/05\/SavoyAndrea_WP3_version_finale.pdf\" target=\"_blank\" rel=\"noreferrer noopener\"><strong>T\u00e9l\u00e9charger le working paper 3<\/strong><\/a><\/div>\n<\/div><\/div>\n\n\n\n<div class=\"wp-block-media-text is-stacked-on-mobile is-image-fill-element\" style=\"grid-template-columns:23% auto\" id=\"wp4\"><figure class=\"wp-block-media-text__media\"><img alt=\"\" loading=\"lazy\" decoding=\"async\" width=\"724\" height=\"1024\" src=\"https:\/\/wp.unil.ch\/barrages\/files\/2024\/05\/wp4_Hongrin_couverture-724x1024.png\" alt=\"\" class=\"wp-image-543 size-full\" style=\"object-position:0% 0%\" srcset=\"https:\/\/wp.unil.ch\/barrages\/files\/2024\/05\/wp4_Hongrin_couverture-724x1024.png 724w, https:\/\/wp.unil.ch\/barrages\/files\/2024\/05\/wp4_Hongrin_couverture-212x300.png 212w, https:\/\/wp.unil.ch\/barrages\/files\/2024\/05\/wp4_Hongrin_couverture-768x1087.png 768w, https:\/\/wp.unil.ch\/barrages\/files\/2024\/05\/wp4_Hongrin_couverture-540x764.png 540w, https:\/\/wp.unil.ch\/barrages\/files\/2024\/05\/wp4_Hongrin_couverture.png 848w\" sizes=\"auto, (max-width: 724px) 100vw, 724px\" \/><\/figure><div class=\"wp-block-media-text__content\">\n<h5 class=\"wp-block-heading\">Working paper 4 : Analyse de la multifonctionnalit\u00e9 des am\u00e9nagements hydro\u00e9lectriques alpins : Le cas de l&rsquo;Hongrin-L\u00e9man (Vaud)<\/h5>\n\n\n\n<p>Silvia Flaminio, 2023<\/p>\n\n\n\n<p class=\"has-small-font-size\">Ce working paper propose un panorama des usages de l\u2019eau et des infrastructures li\u00e9es \u00e0 l\u2019am\u00e9nagement hydro\u00e9lectrique de l&rsquo;Hongrin-L\u00e9man, dans le canton de Vaud.<\/p>\n\n\n\n<div class=\"wp-block-file\"><a id=\"wp-block-file--media-ee689569-1c39-4b6f-891f-1cca8e294ac2\" href=\"https:\/\/wp.unil.ch\/barrages\/files\/2024\/05\/wp4_Hongrin_vf.pdf\" target=\"_blank\" rel=\"noreferrer noopener\"><strong>T\u00e9l\u00e9charger le working paper 4<\/strong><\/a><\/div>\n<\/div><\/div>\n\n\n\n<div class=\"wp-block-media-text is-stacked-on-mobile is-image-fill-element\" style=\"grid-template-columns:23% auto\" id=\"wp6\"><figure class=\"wp-block-media-text__media\"><img loading=\"lazy\" decoding=\"async\" width=\"724\" height=\"1024\" src=\"https:\/\/wp.unil.ch\/barrages\/files\/2025\/07\/wp6_couverture_juillet-724x1024.png\" alt=\"Working paper 6\" class=\"wp-image-621 size-full\" style=\"object-position:0% 40%\" srcset=\"https:\/\/wp.unil.ch\/barrages\/files\/2025\/07\/wp6_couverture_juillet-724x1024.png 724w, https:\/\/wp.unil.ch\/barrages\/files\/2025\/07\/wp6_couverture_juillet-212x300.png 212w, https:\/\/wp.unil.ch\/barrages\/files\/2025\/07\/wp6_couverture_juillet-768x1086.png 768w, https:\/\/wp.unil.ch\/barrages\/files\/2025\/07\/wp6_couverture_juillet-540x763.png 540w, https:\/\/wp.unil.ch\/barrages\/files\/2025\/07\/wp6_couverture_juillet.png 849w\" sizes=\"auto, (max-width: 724px) 100vw, 724px\" \/><\/figure><div class=\"wp-block-media-text__content\">\n<h5 class=\"wp-block-heading\">Working paper 6 : <strong>Analyse de la gouvernance de la multifonctionnalit\u00e9 \u00e0 l&rsquo;\u00e9chelle des am\u00e9nagements hydro\u00e9lectriques : les cas de Cleuson (Valais), de l&rsquo;Hongrin-L\u00e9man (Vaud) et de la Gougra (Valais)<\/strong><\/h5>\n\n\n\n<p>Andr\u00e9a Savoy, 2025<\/p>\n\n\n\n<p class=\"has-small-font-size\">Ce working paper s&rsquo;int\u00e9resse sp\u00e9cifiquement \u00e0 la r\u00e9gulation des usages des am\u00e9nagements de Cleuson, de l&rsquo;Hongrin-L\u00e9man et de la Gougra en \u00e9tudiant les concessions, conventions et contrats liant les acteurs et actrices de ces am\u00e9nagements.<\/p>\n\n\n\n<div class=\"wp-block-file\"><a id=\"wp-block-file--media-6dfd4ca2-2ca2-4237-8c90-b86bd621e263\" href=\"https:\/\/wp.unil.ch\/barrages\/files\/2025\/07\/wp6_savoyandrea_vf.pdf\" target=\"_blank\" rel=\"noreferrer noopener\"><strong>T\u00e9l\u00e9charger le working paper 6<\/strong><\/a><\/div>\n<\/div><\/div>\n<\/div><\/div>\n\n\n\n<h2 class=\"wp-block-heading\">Publications \u00e0 venir<\/h2>\n\n\n\n<ul class=\"wp-block-list\">\n<li><strong>Working paper 5 : Analyse de la multifonctionnalit\u00e9 des am\u00e9nagements hydro\u00e9lectriques alpins : Le cas de la Gougra (Valais)<\/strong>. Nathalie Gees et Emmanuel Reynard, publication pr\u00e9vue au printemps 2026.<\/li>\n\n\n\n<li><strong>Working paper 7 : La gouvernance de la multifonctionnalit\u00e9 des am\u00e9nagements hydro\u00e9lectriques\u00a0: analyse de dispositifs de r\u00e9gulation alternatifs. <\/strong>Andr\u00e9a Savoy, publication pr\u00e9vue au printemps 2026.<\/li>\n<\/ul>\n","protected":false},"excerpt":{"rendered":"<p>Les r\u00e9sultats du projet sont publi\u00e9s sous forme de working papers accessibles librement, ainsi que sous forme d&rsquo;articles dans des revues scientifiques sp\u00e9cialis\u00e9es. Cette page regroupe les diff\u00e9rentes&hellip;<\/p>\n","protected":false},"author":1002755,"featured_media":0,"parent":0,"menu_order":0,"comment_status":"closed","ping_status":"closed","template":"template-full-width.php","meta":{"_seopress_robots_primary_cat":"","_seopress_titles_title":"","_seopress_titles_desc":"","_seopress_robots_index":"","footnotes":""},"class_list":["post-178","page","type-page","status-publish","has-post-thumbnail"],"_links":{"self":[{"href":"https:\/\/wp.unil.ch\/barrages\/wp-json\/wp\/v2\/pages\/178","targetHints":{"allow":["GET"]}}],"collection":[{"href":"https:\/\/wp.unil.ch\/barrages\/wp-json\/wp\/v2\/pages"}],"about":[{"href":"https:\/\/wp.unil.ch\/barrages\/wp-json\/wp\/v2\/types\/page"}],"author":[{"embeddable":true,"href":"https:\/\/wp.unil.ch\/barrages\/wp-json\/wp\/v2\/users\/1002755"}],"replies":[{"embeddable":true,"href":"https:\/\/wp.unil.ch\/barrages\/wp-json\/wp\/v2\/comments?post=178"}],"version-history":[{"count":5,"href":"https:\/\/wp.unil.ch\/barrages\/wp-json\/wp\/v2\/pages\/178\/revisions"}],"predecessor-version":[{"id":697,"href":"https:\/\/wp.unil.ch\/barrages\/wp-json\/wp\/v2\/pages\/178\/revisions\/697"}],"wp:attachment":[{"href":"https:\/\/wp.unil.ch\/barrages\/wp-json\/wp\/v2\/media?parent=178"}],"curies":[{"name":"wp","href":"https:\/\/api.w.org\/{rel}","templated":true}]}}