{"id":176,"date":"2024-03-05T12:57:44","date_gmt":"2024-03-05T11:57:44","guid":{"rendered":"https:\/\/wp.unil.ch\/barrages\/?page_id=176"},"modified":"2025-11-03T15:21:25","modified_gmt":"2025-11-03T14:21:25","slug":"equipe","status":"publish","type":"page","link":"https:\/\/wp.unil.ch\/barrages\/equipe\/","title":{"rendered":"Equipe"},"content":{"rendered":"\n<div class=\"wp-block-group\"><div class=\"wp-block-group__inner-container is-layout-constrained wp-block-group-is-layout-constrained\">\n<div class=\"wp-block-columns is-layout-flex wp-container-core-columns-is-layout-9d6595d7 wp-block-columns-is-layout-flex\">\n<div class=\"wp-block-column is-layout-flow wp-block-column-is-layout-flow\">\n<div class=\"wp-block-group has-border-background-color has-background\"><div class=\"wp-block-group__inner-container is-layout-constrained wp-block-group-is-layout-constrained\">\n<h2 class=\"wp-block-heading has-text-align-center has-large-font-size\">Andr\u00e9a Savoy<\/h2>\n\n\n<div class=\"wp-block-image is-style-rounded\">\n<figure class=\"aligncenter size-large is-resized\"><img alt=\"\" loading=\"lazy\" decoding=\"async\" width=\"806\" height=\"1024\" src=\"https:\/\/wp.unil.ch\/barrages\/files\/2024\/03\/Andrea_Savoy_1-806x1024.jpg\" alt=\"\" class=\"wp-image-271\" style=\"object-fit:cover;width:128px;height:128px\" srcset=\"https:\/\/wp.unil.ch\/barrages\/files\/2024\/03\/Andrea_Savoy_1-806x1024.jpg 806w, https:\/\/wp.unil.ch\/barrages\/files\/2024\/03\/Andrea_Savoy_1-236x300.jpg 236w, https:\/\/wp.unil.ch\/barrages\/files\/2024\/03\/Andrea_Savoy_1-768x975.jpg 768w, https:\/\/wp.unil.ch\/barrages\/files\/2024\/03\/Andrea_Savoy_1-540x686.jpg 540w, https:\/\/wp.unil.ch\/barrages\/files\/2024\/03\/Andrea_Savoy_1.jpg 945w\" sizes=\"auto, (max-width: 806px) 100vw, 806px\" \/><\/figure>\n<\/div>\n\n\n<p class=\"has-text-align-center\">Doctorante en Administration publique<\/p>\n\n\n\n<p class=\"has-text-align-center has-small-font-size\">Universit\u00e9 de Lausanne<\/p>\n\n\n\n<p class=\"has-text-align-center has-small-font-size\">Institut de hautes \u00e9tudes en administration publique (IDHEAP) <\/p>\n\n\n\n<p class=\"has-text-align-center has-small-font-size\">Centre interdisciplinaire de recherche sur la montagne (CIRM)<\/p>\n\n\n\n<p class=\"has-text-align-center has-small-font-size\"><a href=\"https:\/\/igd.unil.ch\/andreasavoy\/\" target=\"_blank\" rel=\"noreferrer noopener\">En savoir + <\/a><\/p>\n\n\n\n<div class=\"wp-block-buttons alignwide is-content-justification-center is-nowrap is-layout-flex wp-container-core-buttons-is-layout-1fb9aab6 wp-block-buttons-is-layout-flex\">\n<div class=\"wp-block-button\"><a class=\"wp-block-button__link has-text-align-left wp-element-button\" href=\"mailto:andrea.savoy@unil.ch\" target=\"_blank\" rel=\"noreferrer noopener\">Contact<\/a><\/div>\n<\/div>\n<\/div><\/div>\n<\/div>\n\n\n\n<div class=\"wp-block-column is-layout-flow wp-block-column-is-layout-flow\">\n<div class=\"wp-block-group has-border-background-color has-background\"><div class=\"wp-block-group__inner-container is-layout-constrained wp-block-group-is-layout-constrained\">\n<h2 class=\"wp-block-heading has-text-align-center has-large-font-size\">Emmanuel Reynard<\/h2>\n\n\n<div class=\"wp-block-image is-style-rounded\">\n<figure class=\"aligncenter size-full is-resized\"><img alt=\"\" loading=\"lazy\" decoding=\"async\" width=\"305\" height=\"404\" src=\"https:\/\/wp.unil.ch\/barrages\/files\/2024\/03\/emmanuel_reynard.jpg\" alt=\"\" class=\"wp-image-265\" style=\"object-fit:cover;width:128px;height:128px\" srcset=\"https:\/\/wp.unil.ch\/barrages\/files\/2024\/03\/emmanuel_reynard.jpg 305w, https:\/\/wp.unil.ch\/barrages\/files\/2024\/03\/emmanuel_reynard-226x300.jpg 226w\" sizes=\"auto, (max-width: 305px) 100vw, 305px\" \/><\/figure>\n<\/div>\n\n\n<p class=\"has-text-align-center\">Prof. de G\u00e9ographie, chef du projet<\/p>\n\n\n\n<p class=\"has-text-align-center has-small-font-size\">Universit\u00e9 de Lausanne<\/p>\n\n\n\n<p class=\"has-text-align-center has-small-font-size\">Institut de g\u00e9ographie et durabilit\u00e9 (IGD) <\/p>\n\n\n\n<p class=\"has-text-align-center has-small-font-size\">Centre interdisciplinaire de recherche sur la montagne (CIRM)<\/p>\n\n\n\n<p class=\"has-text-align-center has-small-font-size\"><a href=\"https:\/\/igd.unil.ch\/reynard\/\" target=\"_blank\" rel=\"noreferrer noopener\">En savoir + <\/a><\/p>\n\n\n\n<div class=\"wp-block-buttons alignwide is-content-justification-center is-nowrap is-layout-flex wp-container-core-buttons-is-layout-1fb9aab6 wp-block-buttons-is-layout-flex\">\n<div class=\"wp-block-button\"><a class=\"wp-block-button__link has-text-align-left wp-element-button\" href=\"mailto:emmanuel.reynard@unil.ch\" target=\"_blank\" rel=\"noreferrer noopener\">Contact<\/a><\/div>\n<\/div>\n<\/div><\/div>\n<\/div>\n\n\n\n<div class=\"wp-block-column is-layout-flow wp-block-column-is-layout-flow\">\n<div class=\"wp-block-group has-border-background-color has-background\"><div class=\"wp-block-group__inner-container is-layout-constrained wp-block-group-is-layout-constrained\">\n<h2 class=\"wp-block-heading has-text-align-center has-large-font-size\">St\u00e9phane Nahrath<\/h2>\n\n\n<div class=\"wp-block-image is-style-rounded\">\n<figure class=\"aligncenter size-large is-resized\"><img alt=\"\" loading=\"lazy\" decoding=\"async\" width=\"817\" height=\"1024\" src=\"https:\/\/wp.unil.ch\/barrages\/files\/2024\/03\/stephane_nahrath-817x1024.jpg\" alt=\"\" class=\"wp-image-266\" style=\"object-fit:cover;width:128px;height:128px\" srcset=\"https:\/\/wp.unil.ch\/barrages\/files\/2024\/03\/stephane_nahrath-817x1024.jpg 817w, https:\/\/wp.unil.ch\/barrages\/files\/2024\/03\/stephane_nahrath-239x300.jpg 239w, https:\/\/wp.unil.ch\/barrages\/files\/2024\/03\/stephane_nahrath-768x963.jpg 768w, https:\/\/wp.unil.ch\/barrages\/files\/2024\/03\/stephane_nahrath-540x677.jpg 540w, https:\/\/wp.unil.ch\/barrages\/files\/2024\/03\/stephane_nahrath.jpg 957w\" sizes=\"auto, (max-width: 817px) 100vw, 817px\" \/><\/figure>\n<\/div>\n\n\n<p class=\"has-text-align-center\">Prof. de Science politique<\/p>\n\n\n\n<p class=\"has-text-align-center has-small-font-size\">Universit\u00e9 de Lausanne<\/p>\n\n\n\n<p class=\"has-text-align-center has-small-font-size\">Institut de hautes \u00e9tudes en administration publique (IDHEAP)<\/p>\n\n\n\n<p class=\"has-text-align-center has-small-font-size\"> Centre interdisciplinaire de recherche sur la montagne (CIRM)<\/p>\n\n\n\n<p class=\"has-text-align-center has-small-font-size\"><a href=\"https:\/\/www.unil.ch\/idheap\/home\/menuinst\/unitescompetences\/politiques-publiques-et-durabilite\/collaborateurtrices.html?url_params=-v_faculte=20-v_unite=293-v_personne=870635-mode=fiche&amp;pubsIdParam=9e110cb5dcc8420e91a7ff05e1d61c37\" target=\"_blank\" rel=\"noreferrer noopener\">En savoir + <\/a><\/p>\n\n\n\n<div class=\"wp-block-buttons alignwide is-content-justification-center is-nowrap is-layout-flex wp-container-core-buttons-is-layout-1fb9aab6 wp-block-buttons-is-layout-flex\">\n<div class=\"wp-block-button\"><a class=\"wp-block-button__link has-text-align-left wp-element-button\" href=\"mailto:stephane.nahrath@unil.ch\" target=\"_blank\" rel=\"noreferrer noopener\">Contact<\/a><\/div>\n<\/div>\n<\/div><\/div>\n<\/div>\n<\/div>\n<\/div><\/div>\n\n\n\n<h2 class=\"wp-block-heading\">Ancien\u00b7ne\u00b7s membres<\/h2>\n\n\n\n<p>Dans le cadre d&rsquo;une recherche post-doctorale, la Dre. en G\u00e9ographie <strong><a href=\"https:\/\/www.researchgate.net\/profile\/Silvia-Flaminio\" target=\"_blank\" rel=\"noreferrer noopener\">Silvia Flaminio<\/a><\/strong> a travaill\u00e9 pour le projet de 2020 \u00e0 2023. <a href=\"https:\/\/www.researchgate.net\/profile\/Nathalie-Gees\" data-type=\"link\" data-id=\"https:\/\/www.researchgate.net\/profile\/Nathalie-Gees\"><strong>Nathalie Gees<\/strong><\/a> l&rsquo;a ensuite remplac\u00e9e pendant une ann\u00e9e (novembre 2023-octobre 2024).<\/p>\n\n\n\n<p>M. Jacques Bourgeois, conseiller national PLR\/Fribourg, a fait partie du comit\u00e9 de pilotage du projet entre 2022 et 2024, tout comme Mme Chrystelle Gabbud, cheffe de projet environnement chez Alpiq, entre 2022 et 2025.<\/p>\n\n\n\n<h2 class=\"wp-block-heading\">Comit\u00e9 de pilotage du projet<\/h2>\n\n\n\n<p>L&rsquo;\u00e9quipe de recherche de l&rsquo;Universit\u00e9 de Lausanne rencontre deux fois par ann\u00e9e le comit\u00e9 de pilotage du projet. Ces s\u00e9ances sont l&rsquo;occasion de confronter les r\u00e9sultats scientifiques avec la vision d&rsquo;acteurs et actrices \u00ab\u00a0de terrain\u00a0\u00bb, permettant notamment d&rsquo;enrichir la recherche en donn\u00e9es techniques ou encore politiques. Pour en savoir plus sur le contexte du projet et son partenariat universit\u00e9\/industrie, rendez-vous sur la page <a href=\"https:\/\/wp.unil.ch\/barrages\/projet\/\">Projet<\/a>.<\/p>\n\n\n\n<h4 class=\"wp-block-heading\">Les membres du comit\u00e9 de pilotage sont les suivant\u00b7e\u00b7s :<\/h4>\n\n\n\n<ul class=\"wp-block-list\">\n<li><strong>Christophe Clivaz<\/strong>, conseiller national Les Vert\u00b7e\u00b7s\/Valais<\/li>\n\n\n\n<li><strong>Simone de Montmollin<\/strong>, conseill\u00e8re nationale PLR\/Gen\u00e8ve<\/li>\n\n\n\n<li><strong>Jonathan Fauriel<\/strong>, Responsable de l&rsquo;unit\u00e9 G\u00e9nie Civil et Environnement chez Alpiq<\/li>\n\n\n\n<li><strong>Paul Michellod<\/strong>, <em>Senior Strategist <\/em>chez Alpiq<\/li>\n\n\n\n<li><strong>Nicolas Rouge<\/strong>, Chef de projet concessions et <em>Asset Manager<\/em> chez Alpiq<\/li>\n\n\n\n<li><strong>Xavi\u00e8re Schr\u00f6der<\/strong>, cheffe de projet environnement chez Alpiq<\/li>\n\n\n\n<li><strong>David Siffert<\/strong>, section Protection contre les crues \u00e0 l\u2019OFEV<\/li>\n<\/ul>\n","protected":false},"excerpt":{"rendered":"<p>Andr\u00e9a Savoy Doctorante en Administration publique Universit\u00e9 de Lausanne Institut de hautes \u00e9tudes en administration publique (IDHEAP) Centre interdisciplinaire de recherche sur la montagne (CIRM) En savoir +&hellip;<\/p>\n","protected":false},"author":1002755,"featured_media":0,"parent":0,"menu_order":0,"comment_status":"closed","ping_status":"closed","template":"template-full-width.php","meta":{"_seopress_robots_primary_cat":"","_seopress_titles_title":"","_seopress_titles_desc":"","_seopress_robots_index":"","footnotes":""},"class_list":["post-176","page","type-page","status-publish","has-post-thumbnail"],"_links":{"self":[{"href":"https:\/\/wp.unil.ch\/barrages\/wp-json\/wp\/v2\/pages\/176","targetHints":{"allow":["GET"]}}],"collection":[{"href":"https:\/\/wp.unil.ch\/barrages\/wp-json\/wp\/v2\/pages"}],"about":[{"href":"https:\/\/wp.unil.ch\/barrages\/wp-json\/wp\/v2\/types\/page"}],"author":[{"embeddable":true,"href":"https:\/\/wp.unil.ch\/barrages\/wp-json\/wp\/v2\/users\/1002755"}],"replies":[{"embeddable":true,"href":"https:\/\/wp.unil.ch\/barrages\/wp-json\/wp\/v2\/comments?post=176"}],"version-history":[{"count":5,"href":"https:\/\/wp.unil.ch\/barrages\/wp-json\/wp\/v2\/pages\/176\/revisions"}],"predecessor-version":[{"id":665,"href":"https:\/\/wp.unil.ch\/barrages\/wp-json\/wp\/v2\/pages\/176\/revisions\/665"}],"wp:attachment":[{"href":"https:\/\/wp.unil.ch\/barrages\/wp-json\/wp\/v2\/media?parent=176"}],"curies":[{"name":"wp","href":"https:\/\/api.w.org\/{rel}","templated":true}]}}