{"id":173,"date":"2024-03-05T12:58:20","date_gmt":"2024-03-05T11:58:20","guid":{"rendered":"https:\/\/wp.unil.ch\/barrages\/?page_id=173"},"modified":"2024-04-26T18:00:43","modified_gmt":"2024-04-26T16:00:43","slug":"projet","status":"publish","type":"page","link":"https:\/\/wp.unil.ch\/barrages\/projet\/","title":{"rendered":"Projet"},"content":{"rendered":"\n<p>Contrairement \u00e0 beaucoup de barrages \u00e0 accumulation \u00e9trangers, les barrages alpins suisses ont \u00e9t\u00e9 con\u00e7us pour r\u00e9pondre presque exclusivement \u00e0 une fonction, la production d\u2019\u00e9nergie. Toutefois, de nouveaux usages se sont ajout\u00e9s au fil du temps, en particulier dans les domaines touristiques et de la protection contre les crues.<\/p>\n\n\n\n<p>Dans le contexte du retour des concessions et suite au programme national de recherche&nbsp;61 \u00ab&nbsp;<a href=\"https:\/\/www.snf.ch\/fr\/c1bqtkbyPqB21bZ3\/page\/pointrecherche\/programmes-nationaux-de-recherche\/pnr61-gestion-durable-de-leau\" data-type=\"link\" data-id=\"https:\/\/www.snf.ch\/fr\/c1bqtkbyPqB21bZ3\/page\/pointrecherche\/programmes-nationaux-de-recherche\/pnr61-gestion-durable-de-leau\" target=\"_blank\" rel=\"noreferrer noopener\">Gestion durable de l\u2019eau en Suisse<\/a>&nbsp;\u00bb (FNS, 2010-2015), la diversification des fonctions des barrages pour \u00ab&nbsp;compenser la disparition des glaciers et la diminution du manteau neigeux&nbsp;\u00bb (Thut et al., 2016) semble \u00eatre promue&nbsp;; des am\u00e9nagements hydro\u00e9lectriques destin\u00e9s \u00e0 la production \u00e9nerg\u00e9tique pourraient contribuer \u00e0 l\u2019approvisionnement en eau de communes, ou encore \u00e0 l\u2019irrigation de terres agricoles. Plusieurs rapports de l\u2019Office f\u00e9d\u00e9ral de l\u2019environnement et de l\u2019Office f\u00e9d\u00e9ral de l\u2019\u00e9nergie ont d\u2019ailleurs mentionn\u00e9 le besoin d\u2019\u00e9valuer la possible utilisation multifonctionnelle des barrages. En parall\u00e8le, la gestion des am\u00e9nagements hydro\u00e9lectriques doit \u00eatre rendue compatible avec la protection des cours d\u2019eau et des milieux aquatiques (LEaux, RS 814.20).<\/p>\n\n\n\n<p>Dans ce contexte, l&rsquo;Universit\u00e9 de Lausanne m\u00e8ne un projet durant la p\u00e9riode 2020-2025 sur la multifonctionnalit\u00e9 des infrastructures hydro\u00e9lectriques alpines.<\/p>\n\n\n\n<h2 class=\"wp-block-heading\">Questions et axes de recherche<\/h2>\n\n\n\n<p>La recherche est structur\u00e9e en diff\u00e9rentes \u00e9tapes, dont les r\u00e9sultats sont publi\u00e9s sous forme de <em><a href=\"https:\/\/wp.unil.ch\/barrages\/publications\/\" data-type=\"page\" data-id=\"178\">working papers<\/a><\/em> (WP).<\/p>\n\n\n<div class=\"wp-block-image\">\n<figure class=\"aligncenter size-large\"><img alt=\"\" loading=\"lazy\" decoding=\"async\" width=\"1024\" height=\"733\" src=\"https:\/\/wp.unil.ch\/barrages\/files\/2024\/04\/graph_projet-1024x733.png\" alt=\"\" class=\"wp-image-481\" srcset=\"https:\/\/wp.unil.ch\/barrages\/files\/2024\/04\/graph_projet-1024x733.png 1024w, https:\/\/wp.unil.ch\/barrages\/files\/2024\/04\/graph_projet-300x215.png 300w, https:\/\/wp.unil.ch\/barrages\/files\/2024\/04\/graph_projet-768x550.png 768w, https:\/\/wp.unil.ch\/barrages\/files\/2024\/04\/graph_projet-1536x1100.png 1536w, https:\/\/wp.unil.ch\/barrages\/files\/2024\/04\/graph_projet-2048x1467.png 2048w, https:\/\/wp.unil.ch\/barrages\/files\/2024\/04\/graph_projet-540x387.png 540w, https:\/\/wp.unil.ch\/barrages\/files\/2024\/04\/graph_projet-1080x773.png 1080w, https:\/\/wp.unil.ch\/barrages\/files\/2024\/04\/graph_projet-1980x1418.png 1980w\" sizes=\"auto, (max-width: 1024px) 100vw, 1024px\" \/><\/figure>\n<\/div>\n\n\n<p>Le premier axe du projet concerne l&rsquo;<strong>usage multifonctionnel<\/strong> des am\u00e9nagements hydro\u00e9lectriques. Un premier travail a permis de reconstruire <strong>l\u2019\u00e9mergence, la promotion et la mise en \u0153uvre de la \u00ab&nbsp;multifonctionnalit\u00e9&nbsp;\u00bb<\/strong> et de comprendre les <strong>visions<\/strong> qu&rsquo;ont diff\u00e9rent\u00b7e\u00b7s actrices et acteurs de cette multifonctionnalit\u00e9 (WP1). <br>Le deuxi\u00e8me axe s&rsquo;int\u00e9resse <strong>aux r\u00e8gles institutionnelles r\u00e9glant et arbitrant les diff\u00e9rents usages des barrages<\/strong>, \u00e0 la configuration des actrices et acteurs concern\u00e9\u00b7e\u00b7s par ces usages et ces r\u00e9gulations et, finalement, \u00e0 l\u2019effet de la gouvernance sur la durabilit\u00e9 de la gestion des am\u00e9nagements hydro\u00e9lectriques.<br>Ces deux axes de recherche sont ensuite \u00e9tudi\u00e9s dans le cas d&rsquo;am\u00e9nagements hydro\u00e9lectriques pr\u00e9cis (<strong>traduction locale de la multifonctionnalit\u00e9<\/strong>), \u00e0 savoir :<\/p>\n\n\n\n<div class=\"wp-block-columns is-layout-flex wp-container-core-columns-is-layout-9d6595d7 wp-block-columns-is-layout-flex\">\n<div class=\"wp-block-column is-layout-flow wp-block-column-is-layout-flow\">\n<h4 class=\"wp-block-heading has-text-align-center\">Cleuson (VS)<\/h4>\n\n\n<div class=\"wp-block-image is-style-rounded\">\n<figure class=\"aligncenter size-large\"><img alt=\"\" loading=\"lazy\" decoding=\"async\" width=\"1024\" height=\"472\" src=\"https:\/\/wp.unil.ch\/barrages\/files\/2024\/03\/Cleuson_sf-1024x472.jpg\" alt=\"\" class=\"wp-image-458\" style=\"aspect-ratio:1;object-fit:cover\" srcset=\"https:\/\/wp.unil.ch\/barrages\/files\/2024\/03\/Cleuson_sf-1024x472.jpg 1024w, https:\/\/wp.unil.ch\/barrages\/files\/2024\/03\/Cleuson_sf-300x138.jpg 300w, https:\/\/wp.unil.ch\/barrages\/files\/2024\/03\/Cleuson_sf-768x354.jpg 768w, https:\/\/wp.unil.ch\/barrages\/files\/2024\/03\/Cleuson_sf-1536x708.jpg 1536w, https:\/\/wp.unil.ch\/barrages\/files\/2024\/03\/Cleuson_sf-540x249.jpg 540w, https:\/\/wp.unil.ch\/barrages\/files\/2024\/03\/Cleuson_sf-1080x498.jpg 1080w, https:\/\/wp.unil.ch\/barrages\/files\/2024\/03\/Cleuson_sf.jpg 1920w\" sizes=\"auto, (max-width: 1024px) 100vw, 1024px\" \/><\/figure>\n<\/div>\n\n\n<p class=\"has-text-align-center has-small-font-size\">\u00a9<em>Silvia Flaminio<\/em><\/p>\n<\/div>\n\n\n\n<div class=\"wp-block-column is-layout-flow wp-block-column-is-layout-flow\">\n<h4 class=\"wp-block-heading has-text-align-center\">Hongrin-L\u00e9man (VD)<\/h4>\n\n\n<div class=\"wp-block-image is-style-rounded\">\n<figure class=\"aligncenter size-large\"><img loading=\"lazy\" decoding=\"async\" width=\"1024\" height=\"553\" src=\"https:\/\/wp.unil.ch\/barrages\/files\/2024\/03\/IMG_4487-e1710772025171-1024x553.jpg\" alt=\"Vue du barrage Hongrin-L\u00e9man\" class=\"wp-image-215\" style=\"aspect-ratio:1;object-fit:cover\" srcset=\"https:\/\/wp.unil.ch\/barrages\/files\/2024\/03\/IMG_4487-e1710772025171-1024x553.jpg 1024w, https:\/\/wp.unil.ch\/barrages\/files\/2024\/03\/IMG_4487-e1710772025171-300x162.jpg 300w, https:\/\/wp.unil.ch\/barrages\/files\/2024\/03\/IMG_4487-e1710772025171-768x415.jpg 768w, https:\/\/wp.unil.ch\/barrages\/files\/2024\/03\/IMG_4487-e1710772025171-1536x829.jpg 1536w, https:\/\/wp.unil.ch\/barrages\/files\/2024\/03\/IMG_4487-e1710772025171-540x292.jpg 540w, https:\/\/wp.unil.ch\/barrages\/files\/2024\/03\/IMG_4487-e1710772025171-1080x583.jpg 1080w, https:\/\/wp.unil.ch\/barrages\/files\/2024\/03\/IMG_4487-e1710772025171.jpg 1800w\" sizes=\"auto, (max-width: 1024px) 100vw, 1024px\" \/><\/figure>\n<\/div>\n\n\n<p class=\"has-text-align-center has-small-font-size\">\u00a9<em>Silvia Flaminio<\/em><\/p>\n<\/div>\n\n\n\n<div class=\"wp-block-column is-layout-flow wp-block-column-is-layout-flow\">\n<h4 class=\"wp-block-heading has-text-align-center\">Gougra (VS)<\/h4>\n\n\n<div class=\"wp-block-image is-style-rounded\">\n<figure class=\"aligncenter size-large\"><img alt=\"\" loading=\"lazy\" decoding=\"async\" width=\"1024\" height=\"461\" src=\"https:\/\/wp.unil.ch\/barrages\/files\/2024\/03\/Moiry_SavoyAndrea-1024x461.jpg\" alt=\"\" class=\"wp-image-451\" style=\"aspect-ratio:1;object-fit:cover\" srcset=\"https:\/\/wp.unil.ch\/barrages\/files\/2024\/03\/Moiry_SavoyAndrea-1024x461.jpg 1024w, https:\/\/wp.unil.ch\/barrages\/files\/2024\/03\/Moiry_SavoyAndrea-300x135.jpg 300w, https:\/\/wp.unil.ch\/barrages\/files\/2024\/03\/Moiry_SavoyAndrea-768x346.jpg 768w, https:\/\/wp.unil.ch\/barrages\/files\/2024\/03\/Moiry_SavoyAndrea-1536x691.jpg 1536w, https:\/\/wp.unil.ch\/barrages\/files\/2024\/03\/Moiry_SavoyAndrea-540x243.jpg 540w, https:\/\/wp.unil.ch\/barrages\/files\/2024\/03\/Moiry_SavoyAndrea-1080x486.jpg 1080w, https:\/\/wp.unil.ch\/barrages\/files\/2024\/03\/Moiry_SavoyAndrea.jpg 1920w\" sizes=\"auto, (max-width: 1024px) 100vw, 1024px\" \/><\/figure>\n<\/div>\n\n\n<p class=\"has-text-align-center has-small-font-size\">\u00a9<em>Andr\u00e9a Savoy<\/em><\/p>\n<\/div>\n<\/div>\n\n\n\n<p>La gouvernance de la multifonctionnalit\u00e9 sera par ailleurs \u00e9galement analys\u00e9e dans le cadre de deux \u00e9tudes de cas \u00e0 l&rsquo;\u00e9tranger (WP7) et la derni\u00e8re phase du projet consistera \u00e0 formuler des recommandations de mesures applicables en Suisse (WP8), sur la base des recherches effectu\u00e9es pendant toute la dur\u00e9e du projet.<\/p>\n\n\n\n<h2 class=\"wp-block-heading\">Partenariat avec Alpiq<\/h2>\n\n\n\n<p>Le projet est men\u00e9 en partenariat avec l\u2019exploitant hydro\u00e9lectrique <a href=\"https:\/\/www.alpiq.ch\/fr\" target=\"_blank\" rel=\"noreferrer noopener\">Alpiq SA<\/a>. Ce dernier co-finance le projet sans toutefois \u00eatre impliqu\u00e9 dans la recherche effective. Il est \u00e0 noter que les doctorantes du projet sont engag\u00e9es par l&rsquo;Universit\u00e9 de Lausanne, cette derni\u00e8re ayant quant \u00e0 elle conclu un contrat avec Alpiq.<\/p>\n\n\n\n<p>La collaboration universit\u00e9\/industrie permet d&rsquo;ancrer la recherche dans une r\u00e9alit\u00e9 pratique et de r\u00e9colter de pr\u00e9cieux retours \u00ab\u00a0du terrain\u00a0\u00bb. Un <a href=\"https:\/\/wp.unil.ch\/barrages\/files\/2024\/03\/poster_ICOLD.pdf\" target=\"_blank\" rel=\"noreferrer noopener\">poster<\/a> pr\u00e9sentant le partenariat a par ailleurs \u00e9t\u00e9 r\u00e9alis\u00e9 en 2023 et pr\u00e9sent\u00e9 lors du <a href=\"https:\/\/wp.unil.ch\/barrages\/icold-european-club-symposium\/\" target=\"_blank\" rel=\"noreferrer noopener\">Symposium ICOLD<\/a> de cette m\u00eame ann\u00e9e.<\/p>\n\n\n\n<p>Il est \u00e0 noter que l&rsquo;\u00e9quipe du projet rattach\u00e9e \u00e0 l&rsquo;Universit\u00e9 de Lausanne assume toute la responsabilit\u00e9 du contenu de ce site internet.<\/p>\n\n\n\n<div class=\"wp-block-media-text is-stacked-on-mobile\" style=\"grid-template-columns:26% auto\"><figure class=\"wp-block-media-text__media\"><img alt=\"\" loading=\"lazy\" decoding=\"async\" width=\"1024\" height=\"490\" src=\"https:\/\/wp.unil.ch\/barrages\/files\/2024\/04\/Alpiq_intec_logo-1024x490.png\" alt=\"\" class=\"wp-image-488 size-full\" srcset=\"https:\/\/wp.unil.ch\/barrages\/files\/2024\/04\/Alpiq_intec_logo-1024x490.png 1024w, https:\/\/wp.unil.ch\/barrages\/files\/2024\/04\/Alpiq_intec_logo-300x143.png 300w, https:\/\/wp.unil.ch\/barrages\/files\/2024\/04\/Alpiq_intec_logo-768x367.png 768w, https:\/\/wp.unil.ch\/barrages\/files\/2024\/04\/Alpiq_intec_logo-1536x735.png 1536w, https:\/\/wp.unil.ch\/barrages\/files\/2024\/04\/Alpiq_intec_logo-540x258.png 540w, https:\/\/wp.unil.ch\/barrages\/files\/2024\/04\/Alpiq_intec_logo-1080x516.png 1080w, https:\/\/wp.unil.ch\/barrages\/files\/2024\/04\/Alpiq_intec_logo.png 1654w\" sizes=\"auto, (max-width: 1024px) 100vw, 1024px\" \/><\/figure><div class=\"wp-block-media-text__content\">\n<div class=\"wp-block-buttons is-layout-flex wp-block-buttons-is-layout-flex\">\n<div class=\"wp-block-button has-custom-font-size has-small-font-size\"><a class=\"wp-block-button__link has-accent-background-color has-background wp-element-button\" href=\"mailto:xaviere.schroeder@alpiq.com\">Contacter Xavi\u00e8re Schr\u00f6der, la r\u00e9pondante du projet chez Alpiq<\/a><\/div>\n<\/div>\n<\/div><\/div>\n","protected":false},"excerpt":{"rendered":"<p>Contrairement \u00e0 beaucoup de barrages \u00e0 accumulation \u00e9trangers, les barrages alpins suisses ont \u00e9t\u00e9 con\u00e7us pour r\u00e9pondre presque exclusivement \u00e0 une fonction, la production d\u2019\u00e9nergie. Toutefois, de nouveaux&hellip;<\/p>\n","protected":false},"author":1002755,"featured_media":0,"parent":0,"menu_order":0,"comment_status":"closed","ping_status":"closed","template":"template-full-width.php","meta":{"_seopress_robots_primary_cat":"","_seopress_titles_title":"","_seopress_titles_desc":"","_seopress_robots_index":"","footnotes":""},"class_list":["post-173","page","type-page","status-publish","has-post-thumbnail"],"_links":{"self":[{"href":"https:\/\/wp.unil.ch\/barrages\/wp-json\/wp\/v2\/pages\/173","targetHints":{"allow":["GET"]}}],"collection":[{"href":"https:\/\/wp.unil.ch\/barrages\/wp-json\/wp\/v2\/pages"}],"about":[{"href":"https:\/\/wp.unil.ch\/barrages\/wp-json\/wp\/v2\/types\/page"}],"author":[{"embeddable":true,"href":"https:\/\/wp.unil.ch\/barrages\/wp-json\/wp\/v2\/users\/1002755"}],"replies":[{"embeddable":true,"href":"https:\/\/wp.unil.ch\/barrages\/wp-json\/wp\/v2\/comments?post=173"}],"version-history":[{"count":5,"href":"https:\/\/wp.unil.ch\/barrages\/wp-json\/wp\/v2\/pages\/173\/revisions"}],"predecessor-version":[{"id":575,"href":"https:\/\/wp.unil.ch\/barrages\/wp-json\/wp\/v2\/pages\/173\/revisions\/575"}],"wp:attachment":[{"href":"https:\/\/wp.unil.ch\/barrages\/wp-json\/wp\/v2\/media?parent=173"}],"curies":[{"name":"wp","href":"https:\/\/api.w.org\/{rel}","templated":true}]}}