{"id":916,"date":"2013-02-18T15:17:06","date_gmt":"2013-02-18T14:17:06","guid":{"rendered":"http:\/\/wp.unil.ch\/avml\/?page_id=916"},"modified":"2020-10-25T22:03:13","modified_gmt":"2020-10-25T21:03:13","slug":"commissions","status":"publish","type":"page","link":"https:\/\/wp.unil.ch\/avml\/commissaire-professionnel\/commissions\/","title":{"rendered":"Commissions"},"content":{"rendered":"<h3>Commission de formation professionnelle<\/h3>\n<p>Sur pr\u00e9avis des associations professionnelles concern\u00e9es, la CFP est nomm\u00e9e pour une l\u00e9gislature de 5 ans. Ses membres sont issus des associations professionnelles et syndicales, ils sont actifs dans leurs domaines respectifs.<\/p>\n<ul>\n<li>La commission pr\u00e9avise notamment sur les autorisations de former, coordonne avec le d\u00e9partement la coh\u00e9rence et la qualit\u00e9 des formations donn\u00e9es et offre un appui au commissaire dans certaines situations.<\/li>\n<li>Elle remplit un certain nombre de missions, dont les pr\u00e9avis sur les cas litigieux d\u2019octroi ou de retrait de l\u2019autorisation de former et l\u2019assistance du commissaire professionnel dans ses propres missions.<\/li>\n<\/ul>\n<h3>Commission de qualification<\/h3>\n<p>La DGEP d\u00e9signe pour chaque domaine professionnel une commission de qualification compos\u00e9e d\u2019experts et d\u2019un chef-expert et collabore avec la DGEP \u00e0 l\u2019organisation des examens finaux ; ils coordonnent l\u2019action des experts et sont responsables de leur formation et de leur surveillance.<\/p>\n","protected":false},"excerpt":{"rendered":"<p>Commission de formation professionnelle Sur pr\u00e9avis des associations professionnelles concern\u00e9es, la CFP est nomm\u00e9e pour une l\u00e9gislature de 5 ans. Ses membres sont issus des associations professionnelles et syndicales, ils sont actifs dans leurs&#46;&#46;&#46;<\/p>\n","protected":false},"author":274,"featured_media":0,"parent":41,"menu_order":0,"comment_status":"closed","ping_status":"closed","template":"","meta":{"_seopress_robots_primary_cat":"","_seopress_titles_title":"","_seopress_titles_desc":"","_seopress_robots_index":"","footnotes":""},"class_list":["post-916","page","type-page","status-publish"],"_links":{"self":[{"href":"https:\/\/wp.unil.ch\/avml\/wp-json\/wp\/v2\/pages\/916","targetHints":{"allow":["GET"]}}],"collection":[{"href":"https:\/\/wp.unil.ch\/avml\/wp-json\/wp\/v2\/pages"}],"about":[{"href":"https:\/\/wp.unil.ch\/avml\/wp-json\/wp\/v2\/types\/page"}],"author":[{"embeddable":true,"href":"https:\/\/wp.unil.ch\/avml\/wp-json\/wp\/v2\/users\/274"}],"replies":[{"embeddable":true,"href":"https:\/\/wp.unil.ch\/avml\/wp-json\/wp\/v2\/comments?post=916"}],"version-history":[{"count":0,"href":"https:\/\/wp.unil.ch\/avml\/wp-json\/wp\/v2\/pages\/916\/revisions"}],"up":[{"embeddable":true,"href":"https:\/\/wp.unil.ch\/avml\/wp-json\/wp\/v2\/pages\/41"}],"wp:attachment":[{"href":"https:\/\/wp.unil.ch\/avml\/wp-json\/wp\/v2\/media?parent=916"}],"curies":[{"name":"wp","href":"https:\/\/api.w.org\/{rel}","templated":true}]}}