{"id":753,"date":"2012-10-31T19:14:56","date_gmt":"2012-10-31T18:14:56","guid":{"rendered":"http:\/\/wp.unil.ch\/avml\/?page_id=753"},"modified":"2020-10-25T22:07:21","modified_gmt":"2020-10-25T21:07:21","slug":"cours-interentreprises","status":"publish","type":"page","link":"https:\/\/wp.unil.ch\/avml\/prestations-aux-laborantins-apprentis-et-futurs-apprentis\/cours-interentreprises\/","title":{"rendered":"Cours interentreprises"},"content":{"rendered":"<p>L&rsquo;AVML est responsable d\u2019organiser les cours Interentreprises pour les apprentiEs laborantinEs option biologie et option chimie. Ces cours sont obligatoires et doivent donner la possibilit\u00e9 \u00e0 tous les apprentis de pratiquer des exp\u00e9riences \u00e9l\u00e9mentaires, parfois peu ou pas exerc\u00e9es dans l&rsquo;entreprise. Les manipulations propos\u00e9es sont consid\u00e9r\u00e9es comme des exp\u00e9riences de base dont l\u2019aspect pratique est privil\u00e9gi\u00e9.<\/p>\n<p>Ces cours ont g\u00e9n\u00e9ralement lieu sur les sites de l\u2019Universit\u00e9 de Lausanne et de l\u2019Ecole Polytechnique F\u00e9d\u00e9rale.<\/p>\n<p>Actuellement l\u2019AVML organise 3 cours<\/p>\n<h3>CIE- intro<\/h3>\n<p>Ce cours a lieu au d\u00e9but de la 1\u00e8re ann\u00e9e d\u2019apprentissage, et s\u2019adresse aux apprentiEs laborantinEs option biologie,&nbsp; option chimie&nbsp; et option Physique.<\/p>\n<p>Dur\u00e9e&nbsp;: 19 jours.<\/p>\n<h3>CIE \u2013 min\u00e9rale<\/h3>\n<p>Ce cours a lieu au d\u00e9but de la 3\u00e8me&nbsp; ann\u00e9e d\u2019apprentissage, et s\u2019adresse aux apprentiEs laborantinEs option chimie. Dur\u00e9e&nbsp;: 9 jours.<\/p>\n<h3>CIE \u2013 organique<\/h3>\n<p>Ce cours a lieu au d\u00e9but du deuxi\u00e8me semestre de la 3\u00e8me&nbsp; ann\u00e9e d\u2019apprentissage, et s\u2019adresse aux apprentiEs laborantinEs option chimie. Dur\u00e9e&nbsp;: 12 jours.<\/p>\n<p>&nbsp;<\/p>\n","protected":false},"excerpt":{"rendered":"<p>L&rsquo;AVML est responsable d\u2019organiser les cours Interentreprises pour les apprentiEs laborantinEs option biologie et option chimie. Ces cours sont obligatoires et doivent donner la possibilit\u00e9 \u00e0 tous les apprentis de pratiquer des exp\u00e9riences \u00e9l\u00e9mentaires,&#46;&#46;&#46;<\/p>\n","protected":false},"author":274,"featured_media":0,"parent":727,"menu_order":0,"comment_status":"closed","ping_status":"closed","template":"","meta":{"_seopress_robots_primary_cat":"","_seopress_titles_title":"","_seopress_titles_desc":"","_seopress_robots_index":"","footnotes":""},"class_list":["post-753","page","type-page","status-publish"],"_links":{"self":[{"href":"https:\/\/wp.unil.ch\/avml\/wp-json\/wp\/v2\/pages\/753","targetHints":{"allow":["GET"]}}],"collection":[{"href":"https:\/\/wp.unil.ch\/avml\/wp-json\/wp\/v2\/pages"}],"about":[{"href":"https:\/\/wp.unil.ch\/avml\/wp-json\/wp\/v2\/types\/page"}],"author":[{"embeddable":true,"href":"https:\/\/wp.unil.ch\/avml\/wp-json\/wp\/v2\/users\/274"}],"replies":[{"embeddable":true,"href":"https:\/\/wp.unil.ch\/avml\/wp-json\/wp\/v2\/comments?post=753"}],"version-history":[{"count":0,"href":"https:\/\/wp.unil.ch\/avml\/wp-json\/wp\/v2\/pages\/753\/revisions"}],"up":[{"embeddable":true,"href":"https:\/\/wp.unil.ch\/avml\/wp-json\/wp\/v2\/pages\/727"}],"wp:attachment":[{"href":"https:\/\/wp.unil.ch\/avml\/wp-json\/wp\/v2\/media?parent=753"}],"curies":[{"name":"wp","href":"https:\/\/api.w.org\/{rel}","templated":true}]}}