{"id":749,"date":"2012-10-31T19:02:47","date_gmt":"2012-10-31T18:02:47","guid":{"rendered":"http:\/\/wp.unil.ch\/avml\/?page_id=749"},"modified":"2023-11-20T10:01:14","modified_gmt":"2023-11-20T09:01:14","slug":"offres-de-pre-stage","status":"publish","type":"page","link":"https:\/\/wp.unil.ch\/avml\/prestations-aux-laborantins-apprentis-et-futurs-apprentis\/offres-de-pre-stage\/","title":{"rendered":"Offres de pr\u00e9-stages"},"content":{"rendered":"<p>Ci-joint vous trouverez les adresses des entreprises de formation qui organisent des pr\u00e9-stages. Nous vous conseillons de toujours joindre une lettre de motivation, ainsi que vos derniers r\u00e9sultats scolaires lors de votre demande.<\/p>\n<h3>Laborantin\/e en biologie, chimie et physique<\/h3>\n<ul>\n<li>EPFL, \u00c9cole Polytechnique F\u00e9d\u00e9rale de Lausanne<br \/>\n<a href=\"https:\/\/www.epfl.ch\/about\/working\/apprentissage\/stages\/\">Formulaire de demande de stage d\u00e9couverte<\/a><\/li>\n<\/ul>\n<h3>Laborantin\/e en biologie<\/h3>\n<ul>\n<li>ExcellGene SA<br \/>\nRoute de l&rsquo;Ile-au-Bois 1A<br \/>\n1870 Monthey<br \/>\nUniquement les dates disponibles sur le site internet\u00a0<a href=\"https:\/\/www.excellgene.com\" target=\"_blank\" rel=\"noopener noreferrer\">www.excellgene.com<\/a>.<\/li>\n<li>UNIL, D\u00e9partement des sciences biom\u00e9dicales<br \/>\nRue du Bugnon 27<br \/>\n1011 Lausanne<br \/>\nContact : Muriel.Auberson@unil.ch<\/li>\n<\/ul>\n<h3>Laborantin\/e en physique<\/h3>\n<ul>\n<li>Usines M\u00e9tallurgiques de Vallorbe SA<br \/>\nService RH<br \/>\nRue du Moutier 49<br \/>\nCH 1337 Vallorbe<br \/>\n<a href=\"https:\/\/www.vallorbe.com\/fr-ch\/index.cfm\">https:\/\/www.vallorbe.com\/fr-ch\/index.cfm<\/a><\/li>\n<\/ul>\n<ul>\n<li>AC Contr\u00f4le S\u00e0rl<br \/>\nRoute des Courtraits 13<br \/>\nCH-1880 Bex (VD)<br \/>\nAvenue de la Gare 41\u00a0&#8211; CP 503<br \/>\nCH-1870 Monthey 1 (VS)<br \/>\n<a href=\"https:\/\/accontrole.ch\/v2\/index.php?option=com_frontpage&amp;Itemid=1\">https:\/\/accontrole.ch\/v2\/index.php?option=com_frontpage&amp;Itemid=1<\/a><\/li>\n<\/ul>\n","protected":false},"excerpt":{"rendered":"<p>Ci-joint vous trouverez les adresses des entreprises de formation qui organisent des pr\u00e9-stages. Nous vous conseillons de toujours joindre une lettre de motivation, ainsi que vos derniers r\u00e9sultats scolaires lors de votre demande. Laborantin\/e&#46;&#46;&#46;<\/p>\n","protected":false},"author":274,"featured_media":0,"parent":727,"menu_order":0,"comment_status":"closed","ping_status":"closed","template":"","meta":{"_seopress_robots_primary_cat":"","_seopress_titles_title":"","_seopress_titles_desc":"","_seopress_robots_index":"","footnotes":""},"class_list":["post-749","page","type-page","status-publish"],"_links":{"self":[{"href":"https:\/\/wp.unil.ch\/avml\/wp-json\/wp\/v2\/pages\/749","targetHints":{"allow":["GET"]}}],"collection":[{"href":"https:\/\/wp.unil.ch\/avml\/wp-json\/wp\/v2\/pages"}],"about":[{"href":"https:\/\/wp.unil.ch\/avml\/wp-json\/wp\/v2\/types\/page"}],"author":[{"embeddable":true,"href":"https:\/\/wp.unil.ch\/avml\/wp-json\/wp\/v2\/users\/274"}],"replies":[{"embeddable":true,"href":"https:\/\/wp.unil.ch\/avml\/wp-json\/wp\/v2\/comments?post=749"}],"version-history":[{"count":5,"href":"https:\/\/wp.unil.ch\/avml\/wp-json\/wp\/v2\/pages\/749\/revisions"}],"predecessor-version":[{"id":5081,"href":"https:\/\/wp.unil.ch\/avml\/wp-json\/wp\/v2\/pages\/749\/revisions\/5081"}],"up":[{"embeddable":true,"href":"https:\/\/wp.unil.ch\/avml\/wp-json\/wp\/v2\/pages\/727"}],"wp:attachment":[{"href":"https:\/\/wp.unil.ch\/avml\/wp-json\/wp\/v2\/media?parent=749"}],"curies":[{"name":"wp","href":"https:\/\/api.w.org\/{rel}","templated":true}]}}