{"id":735,"date":"2012-10-31T18:49:01","date_gmt":"2012-10-31T17:49:01","guid":{"rendered":"http:\/\/wp.unil.ch\/avml\/?page_id=735"},"modified":"2020-10-25T22:07:55","modified_gmt":"2020-10-25T21:07:55","slug":"formation-continue","status":"publish","type":"page","link":"https:\/\/wp.unil.ch\/avml\/prestations-aux-laborantins-apprentis-et-futurs-apprentis\/formation-continue\/","title":{"rendered":"Formation continue"},"content":{"rendered":"<h3>Objectifs des cours<\/h3>\n<p>Nos cours de formation continue ont \u00e9t\u00e9 mis sur pied afin de s&rsquo;adapter au d\u00e9veloppement incessant de nouveaux concepts et de nouvelles techniques de recherche, car les questions pos\u00e9es par la recherche scientifique exigent une \u00e9volution constante des outils utilis\u00e9s au sein d&rsquo;un laboratoire.<\/p>\n<p><a href=\"https:\/\/wp.unil.ch\/avml\/files\/2013\/06\/Conditions-g\u00e9n\u00e9rales.pdf\">Conditions g\u00e9n\u00e9rales<\/a><\/p>\n<h3>Organisation<\/h3>\n<p>Ces cours sont organis\u00e9s par la section de Formation Continue de l&rsquo;Association Vaudoise pour les M\u00e9tiers de Laboratoire (AVML). Cette association a pour but de promouvoir, d\u00e9velopper et organiser tout ce qui a trait \u00e0 la formation et au perfectionnement professionnels dans les m\u00e9tiers du laboratoire.<\/p>\n<p>&nbsp;<\/p>\n<h3><a href=\"https:\/\/wp.unil.ch\/avml\/prestations-aux-laborantins-apprentis-et-futurs-apprentis\/anciens-cours\/\">Anciens cours<\/a><\/h3>\n","protected":false},"excerpt":{"rendered":"<p>Objectifs des cours Nos cours de formation continue ont \u00e9t\u00e9 mis sur pied afin de s&rsquo;adapter au d\u00e9veloppement incessant de nouveaux concepts et de nouvelles techniques de recherche, car les questions pos\u00e9es par la&#46;&#46;&#46;<\/p>\n","protected":false},"author":274,"featured_media":0,"parent":727,"menu_order":0,"comment_status":"closed","ping_status":"closed","template":"","meta":{"_seopress_robots_primary_cat":"","_seopress_titles_title":"","_seopress_titles_desc":"","_seopress_robots_index":"","footnotes":""},"class_list":["post-735","page","type-page","status-publish"],"_links":{"self":[{"href":"https:\/\/wp.unil.ch\/avml\/wp-json\/wp\/v2\/pages\/735","targetHints":{"allow":["GET"]}}],"collection":[{"href":"https:\/\/wp.unil.ch\/avml\/wp-json\/wp\/v2\/pages"}],"about":[{"href":"https:\/\/wp.unil.ch\/avml\/wp-json\/wp\/v2\/types\/page"}],"author":[{"embeddable":true,"href":"https:\/\/wp.unil.ch\/avml\/wp-json\/wp\/v2\/users\/274"}],"replies":[{"embeddable":true,"href":"https:\/\/wp.unil.ch\/avml\/wp-json\/wp\/v2\/comments?post=735"}],"version-history":[{"count":0,"href":"https:\/\/wp.unil.ch\/avml\/wp-json\/wp\/v2\/pages\/735\/revisions"}],"up":[{"embeddable":true,"href":"https:\/\/wp.unil.ch\/avml\/wp-json\/wp\/v2\/pages\/727"}],"wp:attachment":[{"href":"https:\/\/wp.unil.ch\/avml\/wp-json\/wp\/v2\/media?parent=735"}],"curies":[{"name":"wp","href":"https:\/\/api.w.org\/{rel}","templated":true}]}}