{"id":698,"date":"2012-10-31T17:51:15","date_gmt":"2012-10-31T16:51:15","guid":{"rendered":"http:\/\/wp.unil.ch\/avml\/?page_id=698"},"modified":"2025-10-29T01:49:52","modified_gmt":"2025-10-29T00:49:52","slug":"presentations-des-membres","status":"publish","type":"page","link":"https:\/\/wp.unil.ch\/avml\/prestations-aux-entreprises\/presentations-des-membres\/","title":{"rendered":"Pr\u00e9sentation des membres"},"content":{"rendered":"<p><span style=\"color: #666699\"><a style=\"color: #666699\" href=\"https:\/\/www.accontrole.ch\/v2\/\"><span style=\"color: #000000\">AC Contr\u00f4le S\u00e0rl<\/span><\/a><\/span><\/p>\n<p><span style=\"color: #000000\"><a style=\"color: #000000\" href=\"https:\/\/adipogen.com\/\">Adipogen SA<\/a><\/span><\/p>\n<p><span style=\"color: #000000\"><a style=\"color: #000000\" href=\"https:\/\/www.changins.ch\/\">Agroscope, Changins<\/a><\/span><\/p>\n<p><span style=\"color: #000000\"><a style=\"color: #000000\" href=\"https:\/\/www.chuv.ch\/ira\/\">CHUV Institut de Radiophysique<\/a><\/span><\/p>\n<p><span style=\"color: #000000\"><a style=\"color: #000000\" href=\"https:\/\/www.chuv.ch\/laboratoires\">CHUV, D\u00e9partement des laboratoires<\/a><\/span><\/p>\n<p><span style=\"color: #000000\"><a style=\"color: #000000\" href=\"https:\/\/www.chuv.ch\/dml\/dml_home\/dml_lch_home.htm\">CHUV Laboratoire Central d&rsquo;H\u00e9matologie<\/a><\/span><\/p>\n<p><span style=\"color: #000000\"><a style=\"color: #000000\" href=\"https:\/\/www.decerenville.com\/\">De C\u00e9renville G\u00e9otechnique SA<\/a><\/span><\/p>\n<p><span style=\"color: #000000\"><a style=\"color: #000000\" href=\"https:\/\/wp.unil.ch\/avml\/files\/2016\/11\/service-de-leau-EG2017.pdf\">Direction de la s\u00e9curit\u00e9 et de l&rsquo;\u00e9conomie, service de l&rsquo;eau<\/a><\/span><\/p>\n<p><a href=\"https:\/\/www.changins.ch\/\"><span style=\"color: #000000\">Haute \u00c9cole de Changins<\/span><\/a><\/p>\n<p><span style=\"color: #000000\"><a style=\"color: #000000\" href=\"https:\/\/www.ecolelaborantines.ch\/\">Ecole sup\u00e9rieure de la Sant\u00e9 &#8211; ESSant\u00e9<\/a><\/span><\/p>\n<p><span style=\"color: #000000\"><a style=\"color: #000000\" href=\"https:\/\/www.vd.ch\/themes\/vie-privee\/animaux\/laboratoire-veterinaire-institut-galli-valerio\/\">Etat de Vaud- Institut Galli Valerio<\/a><\/span><\/p>\n<p><span style=\"color: #000000\"><a style=\"color: #000000\" href=\"https:\/\/www.vd.ch\/autorites\/departements\/dse\/consommation-et-affaires-veterinaires\/\">Etat de Vaud- Office de la Consommation<\/a><\/span><\/p>\n<p><span style=\"color: #000000\">Ecole polytechnique f\u00e9d\u00e9rale de Lausanne :<\/span><\/p>\n<p style=\"text-align: left;padding-left: 40px\"><span style=\"color: #000000\"><a style=\"color: #000000\" href=\"https:\/\/cmi.epfl.ch\/\">EPFL Centre de MicroNanoTechnologie CMI<\/a><\/span><\/p>\n<p style=\"padding-left: 40px\"><span style=\"color: #000000\"><a style=\"color: #000000\" href=\"https:\/\/cime.epfl.ch\/\">EPFL Centre interdisciplinaire de microscopie \u00e9lectronique CIME<\/a><\/span><\/p>\n<p style=\"padding-left: 40px\"><span style=\"color: #000000\"><a style=\"color: #000000\" href=\"https:\/\/infoscience.epfl.ch\/collection\/Infoscience\/Research\/SV\/ISREC?ln=fr\">EPFL Institut suisse de recherche exp\u00e9rimentale sur le cancer ISREC<\/a><\/span><\/p>\n<ul>\n<li style=\"list-style-type: none\">\n<ul>\n<li><span style=\"color: #000000\"><a style=\"color: #000000\" href=\"https:\/\/www.isrec.ch\/la-fondation\/mission\/\">Chaire Fondation ISREC en oncologie translationnelle SA<\/a><\/span><\/li>\n<\/ul>\n<\/li>\n<\/ul>\n<p style=\"padding-left: 40px\"><span style=\"color: #000000\"><a style=\"color: #000000\" href=\"https:\/\/sti.epfl.ch\/page-1674.html\">EPFL Institut de microtechnique IMT<\/a><\/span><\/p>\n<p style=\"padding-left: 40px\"><span style=\"color: #000000\"><a style=\"color: #000000\" href=\"https:\/\/sv.epfl.ch\/neurosciences\">EPFL Institut de neurosciences BMI<\/a><\/span><\/p>\n<ul>\n<li style=\"list-style-type: none\">\n<ul>\n<li><span style=\"color: #000000\"><a style=\"color: #000000\" href=\"https:\/\/infoscience.epfl.ch\/collection\/Infoscience\/Research\/SV\/BMI\/LGC?ln=fr&amp;as=1\">Laboratoire de g\u00e9n\u00e9tique comportementale LGC<\/a><\/span><\/li>\n<\/ul>\n<\/li>\n<\/ul>\n<p style=\"padding-left: 40px\"><span style=\"color: #000000\"><a style=\"color: #000000\" href=\"https:\/\/iphys.epfl.ch\/fr\/index\/\">EPFL Institut de physique IPHYS<\/a><\/span><\/p>\n<p style=\"padding-left: 40px\"><span style=\"color: #000000\">EPFL Institut de physique de l\u2019\u00e9nergie et des particules IPEP<\/span><\/p>\n<ul>\n<li style=\"list-style-type: none\">\n<ul>\n<li><span style=\"color: #000000\"><a style=\"color: #000000\" href=\"https:\/\/lphe.epfl.ch\/\">Laboratoire de physique des hautes \u00e9nergies 1 LPHE1<\/a><\/span><\/li>\n<\/ul>\n<\/li>\n<\/ul>\n<p style=\"padding-left: 40px\"><span style=\"color: #000000\"><a style=\"color: #000000\" href=\"https:\/\/sv.epfl.ch\/infectiologie\">EPFL Institut de recherche en infectiologie GHI<\/a><\/span><\/p>\n<ul>\n<li style=\"list-style-type: none\">\n<ul>\n<li><span style=\"color: #000000\"><a style=\"color: #000000\" href=\"https:\/\/infoscience.epfl.ch\/collection\/Infoscience\/Research\/SV\/GHI\/UPBLO?ln=fr\">Unit\u00e9 de la Prof. Blokesch<\/a><\/span><\/li>\n<\/ul>\n<\/li>\n<\/ul>\n<p style=\"padding-left: 40px\"><span style=\"color: #000000\"><a style=\"color: #000000\" href=\"https:\/\/sti.epfl.ch\/page-116453.html\">EPFL Institut des mat\u00e9riaux IMX<\/a><\/span><\/p>\n<ul>\n<li style=\"list-style-type: none\">\n<ul>\n<li><span style=\"color: #000000\"><a style=\"color: #000000\" href=\"https:\/\/infoscience.epfl.ch\/collection\/Infoscience\/Research\/STI\/IMX\/LMC?ln=fr&amp;as=1\">Laboratoire des mat\u00e9riaux de construction LMC<\/a><\/span><\/li>\n<\/ul>\n<\/li>\n<\/ul>\n<p style=\"padding-left: 40px\"><span style=\"color: #000000\"><a style=\"color: #000000\" href=\"https:\/\/infoscience.epfl.ch\/collection\/Infoscience\/Research\/SB\/ISIC?ln=fr&amp;as=1\">EPFL Institut des sciences et ing\u00e9nierie chimiques ISIC<\/a><\/span><\/p>\n<ul>\n<li style=\"list-style-type: none\">\n<ul>\n<li><span style=\"color: #000000\"><a style=\"color: #000000\" href=\"https:\/\/isic.epfl.ch\/Technicians_Training_Laboratory\">Laboratoire\u2013\u00e9cole apprentis ISIC<\/a><\/span><\/li>\n<\/ul>\n<\/li>\n<\/ul>\n<p style=\"padding-left: 40px\"><span style=\"color: #000000\"><a style=\"color: #000000\" href=\"https:\/\/infoscience.epfl.ch\/collection\/Infoscience\/Research\/ENAC\/IIC?ln=fr&amp;as=1\">EPFL Institut d\u2019ing\u00e9nierie civile IIC<\/a><\/span><\/p>\n<ul>\n<li style=\"list-style-type: none\">\n<ul>\n<li><span style=\"color: #000000\"><a style=\"color: #000000\" href=\"https:\/\/lms.epfl.ch\/\">Laboratoire de m\u00e9canique des sols LMS<\/a><\/span><\/li>\n<li><span style=\"color: #000000\"><a style=\"color: #000000\" href=\"https:\/\/lemr.epfl.ch\/\">Laboratoire exp\u00e9rimental de m\u00e9canique des roches LMR<\/a><\/span><\/li>\n<\/ul>\n<\/li>\n<\/ul>\n<p style=\"padding-left: 40px\"><span style=\"color: #000000\"><a style=\"color: #000000\" href=\"https:\/\/infoscience.epfl.ch\/collection\/Infoscience\/Research\/ENAC\/IIE?ln=fr\">EPFL Institut d\u2019ing\u00e9nierie de l\u2019environnement IIE<\/a><\/span><\/p>\n<ul>\n<li style=\"list-style-type: none\">\n<ul>\n<li><span style=\"color: #000000\"><a style=\"color: #000000\" href=\"https:\/\/gr-cel.epfl.ch\/\">Laboratoire central environnemental CEL<\/a><\/span><\/li>\n<li><span style=\"color: #000000\"><a style=\"color: #000000\" href=\"https:\/\/lbe.epfl.ch\/\">Laboratoire de biotechnologie environnementale LBE<\/a><\/span><\/li>\n<\/ul>\n<\/li>\n<\/ul>\n<p style=\"padding-left: 40px\"><span style=\"color: #000000\"><a style=\"color: #000000\" href=\"https:\/\/www.isrec.ch\/accueil\/\">EPFL Institut suisse de recherche exp\u00e9rimentale sur le cancer ISREC<\/a><\/span><\/p>\n<ul>\n<li style=\"list-style-type: none\">\n<ul>\n<li><span style=\"color: #000000\"><a style=\"color: #000000\" href=\"https:\/\/infoscience.epfl.ch\/collection\/Infoscience\/Research\/SV\/ISREC\/UPDEPALMA?ln=fr\">Unit\u00e9 du Prof. De Palma<\/a><\/span><\/li>\n<li><span style=\"color: #000000\"><a style=\"color: #000000\" href=\"https:\/\/www.isrec.ch\/accueil\/\">Chaire Fondation ISREC en oncologie translationnelle<\/a><\/span><\/li>\n<li><span style=\"color: #000000\"><a style=\"color: #000000\" href=\"https:\/\/meylan-lab.epfl.ch\/\">Unit\u00e9 du Prof. E. Meylan<\/a><\/span><\/li>\n<\/ul>\n<\/li>\n<\/ul>\n<p><span style=\"color: #000000\"><a style=\"color: #000000\" href=\"https:\/\/www.epsic.ch\/\">EPSIC-Ecole professionnelle de Lausanne<\/a><\/span><\/p>\n<p><span style=\"color: #000000\"><a style=\"color: #000000\" href=\"https:\/\/www.ferring.com\/en\/home\/\">Ferring International Center<\/a><\/span><\/p>\n<p><span style=\"color: #000000\"><a style=\"color: #000000\" href=\"https:\/\/www.haleon.com\/\">Haleon CH SARL<\/a><\/span><\/p>\n<p><span style=\"color: #000000\"><a style=\"color: #000000\" href=\"https:\/\/www.kfsa.ch\/\">Karakas &amp; Fran\u00e7ais SA<\/a><\/span><\/p>\n<p><span style=\"color: #000000\"><a style=\"color: #000000\" href=\"https:\/\/www.i-s-t.ch\/\">Institut Universitaire Romand de Sant\u00e9 au Travail<\/a><\/span><\/p>\n<p><span style=\"color: #000000\"><a style=\"color: #000000\" href=\"https:\/\/www.isover.ch\/\">ISOVER St Gobain SA<\/a><\/span><\/p>\n<p><span style=\"color: #000000\"><a style=\"color: #000000\" href=\"https:\/\/biopharma.merckgroup.com\/en\/research_development\/technical_operations\/biotech_production\/biotech_production.html\">Merck Serono SA, Corsier-sur-Vevey<\/a><\/span><\/p>\n<p><span style=\"color: #000000\"><a style=\"color: #000000\" href=\"https:\/\/www.merck.ch\/fr\/index.html\">Merck Serono SA, Aubonne<\/a><\/span><\/p>\n<p><span style=\"color: #000000\">Nestl\u00e9 Research Lausanne<\/span><\/p>\n<p><span style=\"color: #000000\">Nestl\u00e9 PTC Orbe<\/span><\/p>\n<p><span style=\"color: #000000\"><a style=\"color: #000000\" href=\"https:\/\/www.orif.ch\/espace-decouvrir-lorif\/les-sites-orif-en-bref\/orif-pomy\/\">ORIF POMY<\/a><\/span><\/p>\n<p><span style=\"color: #000000\"><a style=\"color: #000000\" href=\"https:\/\/www.unil.ch\/cig\/en\/home.html\">UNIL-Centre Integratif de G\u00e9nomique<\/a><\/span><\/p>\n<p><span style=\"color: #000000\"><a style=\"color: #000000\" href=\"https:\/\/applicationspub.unil.ch\/interpub\/noauth\/php\/Un\/UnUnite.php?UnId=129&amp;LanCode=37\">UNIL-D\u00e9partement d&rsquo;Ecologie et d&rsquo;Evolution<\/a><\/span><\/p>\n<p><span style=\"color: #000000\"><a style=\"color: #000000\" href=\"https:\/\/www.unil.ch\/ib\/en\/home.html\">UNIL-D\u00e9partement d&rsquo;Immunobiologie<\/a><\/span><\/p>\n<p><span style=\"color: #000000\"><a style=\"color: #000000\" href=\"https:\/\/applicationspub.unil.ch\/interpub\/noauth\/php\/Un\/UnUnite.php?UnId=45&amp;LanCode=37\">UNIL-D\u00e9partement de Microbiologie Fondamentale<\/a><\/span><\/p>\n<p><span style=\"color: #000000\"><a style=\"color: #000000\" href=\"https:\/\/www.unil.ch\/dsb\/en\/home.html\">UNIL-D\u00e8partement des sciences biom\u00e9dicales<\/a><\/span><\/p>\n<p><span style=\"color: #000000\"><a style=\"color: #000000\" href=\"https:\/\/www.unil.ch\/dnf\/fr\/home.html\">UNIL-D\u00e9partement des Neurosciences Fondamentales<\/a><\/span><\/p>\n<p><span style=\"color: #000000\"><a style=\"color: #000000\" href=\"https:\/\/www.vallorbe.com\/\">Usines M\u00e9tallurgiques de Vallorbe<\/a><\/span><\/p>\n","protected":false},"excerpt":{"rendered":"<p>AC Contr\u00f4le S\u00e0rl Adipogen SA Agroscope, Changins CHUV Institut de Radiophysique CHUV, D\u00e9partement des laboratoires CHUV Laboratoire Central d&rsquo;H\u00e9matologie De C\u00e9renville G\u00e9otechnique SA Direction de la s\u00e9curit\u00e9 et de l&rsquo;\u00e9conomie, service de l&rsquo;eau Haute&#46;&#46;&#46;<\/p>\n","protected":false},"author":274,"featured_media":0,"parent":656,"menu_order":0,"comment_status":"closed","ping_status":"closed","template":"","meta":{"_seopress_robots_primary_cat":"","_seopress_titles_title":"","_seopress_titles_desc":"","_seopress_robots_index":"","footnotes":""},"class_list":["post-698","page","type-page","status-publish"],"_links":{"self":[{"href":"https:\/\/wp.unil.ch\/avml\/wp-json\/wp\/v2\/pages\/698","targetHints":{"allow":["GET"]}}],"collection":[{"href":"https:\/\/wp.unil.ch\/avml\/wp-json\/wp\/v2\/pages"}],"about":[{"href":"https:\/\/wp.unil.ch\/avml\/wp-json\/wp\/v2\/types\/page"}],"author":[{"embeddable":true,"href":"https:\/\/wp.unil.ch\/avml\/wp-json\/wp\/v2\/users\/274"}],"replies":[{"embeddable":true,"href":"https:\/\/wp.unil.ch\/avml\/wp-json\/wp\/v2\/comments?post=698"}],"version-history":[{"count":4,"href":"https:\/\/wp.unil.ch\/avml\/wp-json\/wp\/v2\/pages\/698\/revisions"}],"predecessor-version":[{"id":5455,"href":"https:\/\/wp.unil.ch\/avml\/wp-json\/wp\/v2\/pages\/698\/revisions\/5455"}],"up":[{"embeddable":true,"href":"https:\/\/wp.unil.ch\/avml\/wp-json\/wp\/v2\/pages\/656"}],"wp:attachment":[{"href":"https:\/\/wp.unil.ch\/avml\/wp-json\/wp\/v2\/media?parent=698"}],"curies":[{"name":"wp","href":"https:\/\/api.w.org\/{rel}","templated":true}]}}