{"id":656,"date":"2012-10-30T17:33:23","date_gmt":"2012-10-30T16:33:23","guid":{"rendered":"http:\/\/wp.unil.ch\/avml\/?page_id=656"},"modified":"2024-11-04T15:25:29","modified_gmt":"2024-11-04T14:25:29","slug":"prestations-aux-entreprises","status":"publish","type":"page","link":"https:\/\/wp.unil.ch\/avml\/prestations-aux-entreprises\/","title":{"rendered":"PRESTATIONS AUX ENTREPRISES"},"content":{"rendered":"<h3>Engagement group\u00e9<\/h3>\n<p>Vous souhaitez former un-e apprenti-e\u00a0?<\/p>\n<p>Chaque ann\u00e9e en automne, l&rsquo;AVML proc\u00e8de au recrutement group\u00e9 de futurs\u00a0 candidats pour un apprentissage (laborantinEs option chimie, biologie et physique). Cette prestation r\u00e9pond \u00e0 la demande des entreprises qui souhaitent \u00eatre d\u00e9charg\u00e9es d&rsquo;une grande partie de leur travail administratif, moyennant une taxe de participation.<\/p>\n<p>De l\u2019annonce 24h, au formulaire d\u2019inscription, et jusqu\u2019aux tests d\u2019aptitudes th\u00e9oriques et pratiques, nous vous fournissons des dossiers complets qui vous permettront de faire votre choix.<\/p>\n<h3>Documents de formation<\/h3>\n<p><a href=\"https:\/\/wp.unil.ch\/avml\/files\/2024\/11\/AVML_RapportDeFormation_der.docx\">AVML_RapportDeFormation_der<\/a><\/p>\n<p><a href=\"https:\/\/wp.unil.ch\/avml\/files\/2024\/11\/mesures-daccompagnement_lab_biol-et-chimie.pdf\">mesures d&rsquo;accompagnement_lab_biol et chimie<\/a><\/p>\n<p><a href=\"https:\/\/wp.unil.ch\/avml\/files\/2024\/11\/Modele-de-dossier-de-formation_20230101_FR.pdf\">Modele-de-dossier-de-formation_20230101_FR<\/a><\/p>\n<p><a href=\"https:\/\/wp.unil.ch\/avml\/files\/2024\/11\/ORFO_lab_biol-et-chimie.pdf\">ORFO_lab_biol et chimie<\/a><a href=\"https:\/\/wp.unil.ch\/avml\/files\/2024\/11\/guide-entreprise-formatrice-WEB.pdf\">guide-entreprise-formatrice-WEB<\/a><\/p>\n<p><a href=\"https:\/\/wp.unil.ch\/avml\/files\/2024\/11\/CC-entreprise-chimie-AVML_2024.xlsx\">CC-entreprise-chimie-AVML_2024<\/a><\/p>\n<p><a href=\"https:\/\/wp.unil.ch\/avml\/files\/2024\/11\/CC-entreprise-biologie-AVML_2024.xlsx\">CC-entreprise-biologie-AVML_2024<\/a><\/p>\n","protected":false},"excerpt":{"rendered":"<p>Engagement group\u00e9 Vous souhaitez former un-e apprenti-e\u00a0? Chaque ann\u00e9e en automne, l&rsquo;AVML proc\u00e8de au recrutement group\u00e9 de futurs\u00a0 candidats pour un apprentissage (laborantinEs option chimie, biologie et physique). Cette prestation r\u00e9pond \u00e0 la demande&#46;&#46;&#46;<\/p>\n","protected":false},"author":274,"featured_media":0,"parent":0,"menu_order":20,"comment_status":"closed","ping_status":"closed","template":"","meta":{"_seopress_robots_primary_cat":"","_seopress_titles_title":"","_seopress_titles_desc":"","_seopress_robots_index":"","footnotes":""},"class_list":["post-656","page","type-page","status-publish"],"_links":{"self":[{"href":"https:\/\/wp.unil.ch\/avml\/wp-json\/wp\/v2\/pages\/656","targetHints":{"allow":["GET"]}}],"collection":[{"href":"https:\/\/wp.unil.ch\/avml\/wp-json\/wp\/v2\/pages"}],"about":[{"href":"https:\/\/wp.unil.ch\/avml\/wp-json\/wp\/v2\/types\/page"}],"author":[{"embeddable":true,"href":"https:\/\/wp.unil.ch\/avml\/wp-json\/wp\/v2\/users\/274"}],"replies":[{"embeddable":true,"href":"https:\/\/wp.unil.ch\/avml\/wp-json\/wp\/v2\/comments?post=656"}],"version-history":[{"count":2,"href":"https:\/\/wp.unil.ch\/avml\/wp-json\/wp\/v2\/pages\/656\/revisions"}],"predecessor-version":[{"id":5242,"href":"https:\/\/wp.unil.ch\/avml\/wp-json\/wp\/v2\/pages\/656\/revisions\/5242"}],"wp:attachment":[{"href":"https:\/\/wp.unil.ch\/avml\/wp-json\/wp\/v2\/media?parent=656"}],"curies":[{"name":"wp","href":"https:\/\/api.w.org\/{rel}","templated":true}]}}