{"id":41,"date":"2011-10-18T17:00:43","date_gmt":"2011-10-18T15:00:43","guid":{"rendered":"http:\/\/wp.unil.ch\/avml\/?page_id=41"},"modified":"2020-10-25T22:02:50","modified_gmt":"2020-10-25T21:02:50","slug":"commissaire-professionnel","status":"publish","type":"page","link":"https:\/\/wp.unil.ch\/avml\/commissaire-professionnel\/","title":{"rendered":"COMMISSAIRE PROFESSIONNEL"},"content":{"rendered":"<p>Le commissaire professionnel est engag\u00e9 par les associations professionnelles, il est le garant de la qualit\u00e9 de la formation pratique en entreprise, notamment par son pr\u00e9avis sur l\u2019autorisation de former et par ses visites aux apprentis.<\/p>\n<p align=\"center\"><strong>Madame Chantal Verdumo<\/strong><br \/>\nCommissaire pour les apprentis laborantins en Biologie, Chimie et Physique.<br \/>\ne-mail: <a href=\"mailto:chantal.verdumo@unil.ch\">chantal.verdumo@unil.ch<\/a><\/p>\n","protected":false},"excerpt":{"rendered":"<p>Le commissaire professionnel est engag\u00e9 par les associations professionnelles, il est le garant de la qualit\u00e9 de la formation pratique en entreprise, notamment par son pr\u00e9avis sur l\u2019autorisation de former et par ses visites&#46;&#46;&#46;<\/p>\n","protected":false},"author":274,"featured_media":0,"parent":0,"menu_order":8,"comment_status":"closed","ping_status":"closed","template":"","meta":{"_seopress_robots_primary_cat":"","_seopress_titles_title":"","_seopress_titles_desc":"","_seopress_robots_index":"","footnotes":""},"class_list":["post-41","page","type-page","status-publish"],"_links":{"self":[{"href":"https:\/\/wp.unil.ch\/avml\/wp-json\/wp\/v2\/pages\/41","targetHints":{"allow":["GET"]}}],"collection":[{"href":"https:\/\/wp.unil.ch\/avml\/wp-json\/wp\/v2\/pages"}],"about":[{"href":"https:\/\/wp.unil.ch\/avml\/wp-json\/wp\/v2\/types\/page"}],"author":[{"embeddable":true,"href":"https:\/\/wp.unil.ch\/avml\/wp-json\/wp\/v2\/users\/274"}],"replies":[{"embeddable":true,"href":"https:\/\/wp.unil.ch\/avml\/wp-json\/wp\/v2\/comments?post=41"}],"version-history":[{"count":0,"href":"https:\/\/wp.unil.ch\/avml\/wp-json\/wp\/v2\/pages\/41\/revisions"}],"wp:attachment":[{"href":"https:\/\/wp.unil.ch\/avml\/wp-json\/wp\/v2\/media?parent=41"}],"curies":[{"name":"wp","href":"https:\/\/api.w.org\/{rel}","templated":true}]}}