{"id":3928,"date":"2018-10-27T17:03:44","date_gmt":"2018-10-27T15:03:44","guid":{"rendered":"http:\/\/wp.unil.ch\/avml\/?page_id=3928"},"modified":"2026-01-10T00:30:13","modified_gmt":"2026-01-09T23:30:13","slug":"entreprises-2026","status":"publish","type":"page","link":"https:\/\/wp.unil.ch\/avml\/entreprises-2026\/","title":{"rendered":""},"content":{"rendered":"<p style=\"text-align: center\"><strong>PR\u00c9SENTATIONS DES ENTREPRISES <\/strong><strong>QUI PARTICIPENT \u00c0<\/strong><strong>\u00a0L&rsquo;ENGAGEMENT GROUP\u00c9 <\/strong><strong>DES APPRENTIS 2026<\/strong><\/p>\n<h3><span style=\"color: #000000\"><a href=\"https:\/\/www.agroscope.admin.ch\/agroscope\/fr\/home\/a-propos\/offres-emploi\/possibilites-formation-2023.html\"><span style=\"color: #000000\">Agroscope-Changins<\/span><\/a><\/span><\/h3>\n<h3><span style=\"color: #000000\">\u00c9cole polytechnique f\u00e9d\u00e9rale de Lausanne:<\/span><\/h3>\n<p><a href=\"https:\/\/www.epfl.ch\/about\/working\/apprentissage\/professions\/laborantin-e-en-biologie\/\"><span style=\"color: #000000\">biologie:<\/span><\/a><\/p>\n<ul>\n<li><span style=\"color: #000000\">\u00a0 \u00a0 <a style=\"color: #000000\" href=\"https:\/\/wp.unil.ch\/avml\/files\/2026\/01\/presentations_plateforme-proteomique.pdf\">Plateforme technologique de prot\u00e9omique<\/a><\/span><\/li>\n<li><span style=\"color: #000000\">\u00a0 \u00a0\u00a0<a style=\"color: #000000\" href=\"https:\/\/wp.unil.ch\/avml\/files\/2026\/01\/presentation_labo_apprenti_antanasijevic.pdf\">Antanasijevic Lab-Virology and structural Immunology<\/a><\/span><\/li>\n<li><span style=\"color: #000000\">\u00a0 \u00a0 <a style=\"color: #000000\" href=\"https:\/\/wp.unil.ch\/avml\/files\/2026\/01\/presentation-plateforme-ptpsp.pdf\">Plateforme technologique de la production et structure des prot\u00e9ines<\/a><\/span><\/li>\n<li><span style=\"color: #000000\">\u00a0 \u00a0 <a href=\"https:\/\/wp.unil.ch\/avml\/files\/2026\/01\/presentation-lipid-cell-biology-laboratory.pdf\"><span style=\"color: #000000\">Institut interfacultaire de bioingenierie<\/span><\/a><\/span><\/li>\n<\/ul>\n<p><a href=\"https:\/\/www.epfl.ch\/about\/working\/apprentissage\/professions\/laborantin-en-chimie\/\"><span style=\"color: #000000\">chimie:<\/span><\/a><\/p>\n<ul>\n<li><span style=\"color: #000000\">\u00a0 \u00a0 <\/span><a href=\"https:\/\/www.epfl.ch\/labs\/gr-cel\/\"><span style=\"color: #000000\">Central environmental Laboratory<\/span><\/a><\/li>\n<\/ul>\n<h3><a href=\"https:\/\/www.changins.ch\/\"><span style=\"color: #000000\">Haute \u00e9cole de Changins<\/span><\/a><\/h3>\n<h3><span style=\"color: #000000\"><a style=\"color: #000000\" href=\"https:\/\/wp.unil.ch\/avml\/files\/2018\/10\/Merck_2019.pdf\">Merck<\/a><\/span><\/h3>\n<ul>\n<li><span style=\"color: #000000\">Aubonne<\/span><\/li>\n<li><span style=\"color: #000000\">Vevey-sur-Corsier<\/span><\/li>\n<\/ul>\n<h3><span style=\"color: #000000\">Nestl\u00e9:<\/span><\/h3>\n<ul>\n<li><a href=\"https:\/\/wp.unil.ch\/avml\/files\/2023\/01\/AVML-1.pdf\"><span style=\"color: #000000\">CRN Lausanne<\/span><\/a><\/li>\n<\/ul>\n<h3><span style=\"color: #000000\">UNIL: <\/span><\/h3>\n<ul>\n<li><span style=\"color: #000000\"><a style=\"color: #000000\" href=\"https:\/\/www.unil.ch\/dsb\/en\/home.html\">D\u00e9partement des sciences biom\u00e9dicales<\/a><\/span><\/li>\n<\/ul>\n","protected":false},"excerpt":{"rendered":"<p>PR\u00c9SENTATIONS DES ENTREPRISES QUI PARTICIPENT \u00c0\u00a0L&rsquo;ENGAGEMENT GROUP\u00c9 DES APPRENTIS 2026 Agroscope-Changins \u00c9cole polytechnique f\u00e9d\u00e9rale de Lausanne: biologie: \u00a0 \u00a0 Plateforme technologique de prot\u00e9omique \u00a0 \u00a0\u00a0Antanasijevic Lab-Virology and structural Immunology \u00a0 \u00a0 Plateforme technologique de&#46;&#46;&#46;<\/p>\n","protected":false},"author":274,"featured_media":0,"parent":0,"menu_order":0,"comment_status":"closed","ping_status":"closed","template":"","meta":{"_seopress_robots_primary_cat":"","_seopress_titles_title":"","_seopress_titles_desc":"","_seopress_robots_index":"","footnotes":""},"class_list":["post-3928","page","type-page","status-publish"],"_links":{"self":[{"href":"https:\/\/wp.unil.ch\/avml\/wp-json\/wp\/v2\/pages\/3928","targetHints":{"allow":["GET"]}}],"collection":[{"href":"https:\/\/wp.unil.ch\/avml\/wp-json\/wp\/v2\/pages"}],"about":[{"href":"https:\/\/wp.unil.ch\/avml\/wp-json\/wp\/v2\/types\/page"}],"author":[{"embeddable":true,"href":"https:\/\/wp.unil.ch\/avml\/wp-json\/wp\/v2\/users\/274"}],"replies":[{"embeddable":true,"href":"https:\/\/wp.unil.ch\/avml\/wp-json\/wp\/v2\/comments?post=3928"}],"version-history":[{"count":4,"href":"https:\/\/wp.unil.ch\/avml\/wp-json\/wp\/v2\/pages\/3928\/revisions"}],"predecessor-version":[{"id":5536,"href":"https:\/\/wp.unil.ch\/avml\/wp-json\/wp\/v2\/pages\/3928\/revisions\/5536"}],"wp:attachment":[{"href":"https:\/\/wp.unil.ch\/avml\/wp-json\/wp\/v2\/media?parent=3928"}],"curies":[{"name":"wp","href":"https:\/\/api.w.org\/{rel}","templated":true}]}}