{"id":39,"date":"2011-10-18T16:58:49","date_gmt":"2011-10-18T14:58:49","guid":{"rendered":"http:\/\/wp.unil.ch\/avml\/?page_id=39"},"modified":"2025-10-29T00:54:24","modified_gmt":"2025-10-28T23:54:24","slug":"comite","status":"publish","type":"page","link":"https:\/\/wp.unil.ch\/avml\/comite\/","title":{"rendered":"COMIT\u00c9"},"content":{"rendered":"<p>Le comit\u00e9 de l&rsquo;AVML est compos\u00e9 des personnes suivantes :<\/p>\n<ul>\n<li>Marie-Christine Broillet, Pr\u00e9sidente, UNIL<\/li>\n<li>Marie-Gabrielle Zurich, vice-Pr\u00e9sidente, UNIL<\/li>\n<li>Morgane Freiholz, Merck Group<\/li>\n<li>Christophe Darioli, EPSIC<\/li>\n<li>Raymond Frei, EPFL<\/li>\n<li>Julien Andres, EPFL<\/li>\n<li>Jean-Luc Marendaz, EPFL<\/li>\n<\/ul>\n<div>\n<p>Ses t\u00e2ches sont en particulier les suivantes :<\/p>\n<ul>\n<li>Promouvoir, d\u00e9velopper et organiser tout ce qui a trait \u00e0 la formation et aux perfectionnements professionnels dans ces m\u00e9tiers.<\/li>\n<li>Organiser et mettre en \u0153uvre les cours d&rsquo;introduction obligatoires pour les apprentis.<\/li>\n<li>Organiser et mettre en \u0153uvre des tests d&rsquo;aptitudes en vue de l&rsquo;engagement des apprentis.<\/li>\n<li>Repr\u00e9senter et faire valoir les int\u00e9r\u00eats des m\u00e9tiers et des formations de laboratoire aupr\u00e8s des autorit\u00e9s, des milieux politiques, des organisations \u00e9conomiques et sociales ainsi que de l&rsquo;opinion publique.<\/li>\n<li>Conseiller, aider et favoriser la collaboration et la bonne entente entre ses membres.<\/li>\n<li>Chercher \u00e0 \u00e9tablir des rapports confiants et loyaux avec tous les partenaires de ces formations, afin de faciliter la conclusion d&rsquo;accords favorables \u00e0 la sauvegarde des int\u00e9r\u00eats permanents des m\u00e9tiers de laboratoire.<\/li>\n<\/ul>\n<\/div>\n<p><strong>Secr\u00e9tariat AVML :\u00a0<\/strong><\/p>\n<ul>\n<li>Chantal Verdumo, secr\u00e9taire, UNIL<\/li>\n<\/ul>\n","protected":false},"excerpt":{"rendered":"<p>Le comit\u00e9 de l&rsquo;AVML est compos\u00e9 des personnes suivantes : Marie-Christine Broillet, Pr\u00e9sidente, UNIL Marie-Gabrielle Zurich, vice-Pr\u00e9sidente, UNIL Morgane Freiholz, Merck Group Christophe Darioli, EPSIC Raymond Frei, EPFL Julien Andres, EPFL Jean-Luc Marendaz, EPFL&#46;&#46;&#46;<\/p>\n","protected":false},"author":274,"featured_media":0,"parent":0,"menu_order":7,"comment_status":"closed","ping_status":"closed","template":"","meta":{"_seopress_robots_primary_cat":"","_seopress_titles_title":"","_seopress_titles_desc":"","_seopress_robots_index":"","footnotes":""},"class_list":["post-39","page","type-page","status-publish"],"_links":{"self":[{"href":"https:\/\/wp.unil.ch\/avml\/wp-json\/wp\/v2\/pages\/39","targetHints":{"allow":["GET"]}}],"collection":[{"href":"https:\/\/wp.unil.ch\/avml\/wp-json\/wp\/v2\/pages"}],"about":[{"href":"https:\/\/wp.unil.ch\/avml\/wp-json\/wp\/v2\/types\/page"}],"author":[{"embeddable":true,"href":"https:\/\/wp.unil.ch\/avml\/wp-json\/wp\/v2\/users\/274"}],"replies":[{"embeddable":true,"href":"https:\/\/wp.unil.ch\/avml\/wp-json\/wp\/v2\/comments?post=39"}],"version-history":[{"count":3,"href":"https:\/\/wp.unil.ch\/avml\/wp-json\/wp\/v2\/pages\/39\/revisions"}],"predecessor-version":[{"id":5444,"href":"https:\/\/wp.unil.ch\/avml\/wp-json\/wp\/v2\/pages\/39\/revisions\/5444"}],"wp:attachment":[{"href":"https:\/\/wp.unil.ch\/avml\/wp-json\/wp\/v2\/media?parent=39"}],"curies":[{"name":"wp","href":"https:\/\/api.w.org\/{rel}","templated":true}]}}