{"id":195,"date":"2011-10-31T12:27:17","date_gmt":"2011-10-31T11:27:17","guid":{"rendered":"http:\/\/wp.unil.ch\/avml\/?page_id=195"},"modified":"2022-12-14T14:32:00","modified_gmt":"2022-12-14T13:32:00","slug":"activites","status":"publish","type":"page","link":"https:\/\/wp.unil.ch\/avml\/activites\/","title":{"rendered":"ACTIVITES"},"content":{"rendered":"<ul>\n<li>Info-M\u00e9tiers<\/li>\n<li>Engagement group\u00e9 des apprentis laborantins<\/li>\n<li>Organisation des cours interentreprises pour les apprentis<\/li>\n<li>Examen pratique interm\u00e9diaire pour les apprentis laborantins<br \/>\nen chimie<\/li>\n<li>C\u00e9r\u00e9monie de remise des CFC \u00e0 l&rsquo;intention des laborantins<br \/>\nqui terminent avec succ\u00e8s leur formation<\/li>\n<li>Cours de formation continue<\/li>\n<\/ul>\n","protected":false},"excerpt":{"rendered":"<p>Info-M\u00e9tiers Engagement group\u00e9 des apprentis laborantins Organisation des cours interentreprises pour les apprentis Examen pratique interm\u00e9diaire pour les apprentis laborantins en chimie C\u00e9r\u00e9monie de remise des CFC \u00e0 l&rsquo;intention des laborantins qui terminent avec&#46;&#46;&#46;<\/p>\n","protected":false},"author":274,"featured_media":0,"parent":0,"menu_order":4,"comment_status":"closed","ping_status":"closed","template":"","meta":{"_seopress_robots_primary_cat":"","_seopress_titles_title":"","_seopress_titles_desc":"","_seopress_robots_index":"","footnotes":""},"class_list":["post-195","page","type-page","status-publish"],"_links":{"self":[{"href":"https:\/\/wp.unil.ch\/avml\/wp-json\/wp\/v2\/pages\/195","targetHints":{"allow":["GET"]}}],"collection":[{"href":"https:\/\/wp.unil.ch\/avml\/wp-json\/wp\/v2\/pages"}],"about":[{"href":"https:\/\/wp.unil.ch\/avml\/wp-json\/wp\/v2\/types\/page"}],"author":[{"embeddable":true,"href":"https:\/\/wp.unil.ch\/avml\/wp-json\/wp\/v2\/users\/274"}],"replies":[{"embeddable":true,"href":"https:\/\/wp.unil.ch\/avml\/wp-json\/wp\/v2\/comments?post=195"}],"version-history":[{"count":0,"href":"https:\/\/wp.unil.ch\/avml\/wp-json\/wp\/v2\/pages\/195\/revisions"}],"wp:attachment":[{"href":"https:\/\/wp.unil.ch\/avml\/wp-json\/wp\/v2\/media?parent=195"}],"curies":[{"name":"wp","href":"https:\/\/api.w.org\/{rel}","templated":true}]}}