{"id":641,"date":"2022-09-01T13:16:33","date_gmt":"2022-09-01T11:16:33","guid":{"rendered":"https:\/\/wp.unil.ch\/atmos\/?page_id=641"},"modified":"2025-09-17T11:26:05","modified_gmt":"2025-09-17T09:26:05","slug":"pauline-rivoire","status":"publish","type":"page","link":"https:\/\/wp.unil.ch\/atmos\/people\/pauline-rivoire\/","title":{"rendered":"Pauline Rivoire"},"content":{"rendered":"\n<blockquote class=\"wp-block-quote is-layout-flow wp-block-quote-is-layout-flow\" style=\"font-size:14px\">\n<p>Contact: <a href=\"mailto:pauline.rivoire@unil.ch\" data-type=\"mailto\">pauline.rivoire@unil.ch<\/a><br>Office 3239, G\u00e9opolis Building<\/p>\n<\/blockquote>\n\n\n\n<p>Pauline Rivoire is a postdoctoral researcher interested in climate extremes and vegetation damage.<br>Her work is focused on the impact of frost, heat and drought and their prediction on a sub-seasonal to seasonal (S2S) timescale.<\/p>\n\n\n\n<p>She is also has interest in the precipitation extremes and assessment of precipitation datasets, such as reanalysis and forecast.<\/p>\n\n\n\n<div style=\"height:15px\" aria-hidden=\"true\" class=\"wp-block-spacer\"><\/div>\n\n\n\n<p><strong><span style=\"text-decoration: underline\">Publications:<\/span><\/strong><\/p>\n\n\n\n<p>Andries J. De Vries; W. Wicker; G. Fragkoulidis; I. Rudeva; P. Yadav; E. Russo; J. W. Casselman; <strong>P. Rivoire<\/strong>;&nbsp;R. Pilon; H. Afargan-Gerstman; S. S. Nangombe; N. C. G. Hart; D. Domeisen. Extreme weather in the Southern Hemisphere in early 2022. BAMS, <a href=\"https:\/\/doi.org\/10.1175\/BAMS-D-23-0141.1\" data-type=\"link\" data-id=\"https:\/\/essopenarchive.org\/doi\/full\/10.22541\/essoar.172736751.18175556\/v1\" target=\"_blank\" rel=\"noreferrer noopener\">doi: 10.1175\/BAMS-D-23-0141.1<\/a><\/p>\n\n\n\n<p><strong>Pauline Rivoire<\/strong>, Philom\u00e8ne Le Gall, Anne-Catherine Favre, Philippe Naveau, and Olivia Martius. High return level estimates of daily ERA-5 precipitation in Europe estimated using regionalised extreme value distributions, Weather And Climate Extremes, 2022 (manuscript accepted). <a rel=\"noreferrer noopener\" href=\"https:\/\/doi.org\/10.48550\/arXiv.2112.02182\" target=\"_blank\">https:\/\/doi.org\/10.48550\/arXiv.2112.02182<\/a><\/p>\n\n\n\n<p>Emanuele Bevacqua, Carlo De Michele, Colin Manning, Ana\u00efs Couasnon, Andreia F.S. Ribeiro, Alexandre M. Ramos, Edoardo Vignotto, Ana Bastos, Suzana Blesi\u0107, Fabrizio Durante, John Hillier, S\u00e9rgio C. Oliveira, Joaquim G. Pinto, Elisa Ragno, <strong>Pauline Rivoire<\/strong>, Kate Saunders, Karin van der Wiel, Wenyan Wu, Tianyi Zhang, and Jakob Zscheischler. Guidelines for Studying Diverse Types of Compound Weather and Climate Events. Earth\u2019s Future, 9(11):1\u201323, 2021. <a rel=\"noreferrer noopener\" href=\"https:\/\/doi.org\/10.1029\/2021EF002340\" target=\"_blank\">https:\/\/doi.org\/10.1029\/2021EF002340<\/a><\/p>\n\n\n\n<p>J\u00e9r\u00f4me Kopp, <strong>Pauline Rivoire<\/strong>, S. Mubashshir Ali, Yannick Barton, and Olivia Martius. A novel method to identify sub-seasonal clustering episodes of extreme precipitation events and their contributions to large accumulation periods. Hydrology and Earth System Sciences, 25(9):5153\u20135174, 2021. <a rel=\"noreferrer noopener\" href=\"https:\/\/doi.org\/10.5194\/hess-25-5153-2021\" target=\"_blank\">https:\/\/doi.org\/10.5194\/hess-25-5153-2021<\/a><\/p>\n\n\n\n<p><strong>Pauline Rivoire<\/strong>, Olivia Martius, and Philippe Naveau. A Comparison of Moderate and Extreme ERA-5 Daily Precipitation With Two Observational Data Sets. Earth and Space Science, 8(4), 2021. <a rel=\"noreferrer noopener\" href=\"https:\/\/doi.org\/10.1029\/2020EA001633\" target=\"_blank\">https:\/\/doi.org\/10.1029\/2020EA001633<\/a><\/p>\n\n\n\n<p>Johannes Vogel, <strong>Pauline Rivoire<\/strong>, Cristina Deidda, Leila Rahimi, Christoph Sauter, Elisabeth Tschumi, Karin van der Wiel, Tianyi Zhang, and Jakob Zscheischler. Identifying meteorological drivers of extreme impacts: an application to simulated crop yields. Earth System Dynamics, 12:151\u2013172, 02 2021. <a rel=\"noreferrer noopener\" href=\"https:\/\/doi.org\/10.5194\/esd-12-151-2021\" target=\"_blank\">https:\/\/doi.org\/10.5194\/esd-12-151-2021<\/a><\/p>\n\n\n\n<p><strong>Pauline Rivoire<\/strong>, Yves Tramblay, Luc Neppel, E. Hertig, and Sergio Vicente-Serrano. Impact of the dry-day definition on mediterranean extreme dry-spell analysis. Natural Hazards and Earth System Sciences, 19:1629\u20131638, 08 2019. <a rel=\"noreferrer noopener\" href=\"https:\/\/doi.org\/10.5194\/nhess-19-1629-2019\" target=\"_blank\">https:\/\/doi.org\/10.5194\/nhess-19-1629-2019<\/a><\/p>\n","protected":false},"excerpt":{"rendered":"<p>Contact: pauline.rivoire@unil.chOffice 3239, G\u00e9opolis Building Pauline Rivoire is a postdoctoral researcher interested in climate extremes and vegetation damage.Her work is focused on the impact of frost, heat and&hellip;<\/p>\n","protected":false},"author":1002356,"featured_media":0,"parent":173,"menu_order":0,"comment_status":"closed","ping_status":"closed","template":"template-full-width.php","meta":{"_seopress_robots_primary_cat":"","_seopress_titles_title":"","_seopress_titles_desc":"","_seopress_robots_index":"","footnotes":""},"class_list":["post-641","page","type-page","status-publish","has-post-thumbnail"],"_links":{"self":[{"href":"https:\/\/wp.unil.ch\/atmos\/wp-json\/wp\/v2\/pages\/641","targetHints":{"allow":["GET"]}}],"collection":[{"href":"https:\/\/wp.unil.ch\/atmos\/wp-json\/wp\/v2\/pages"}],"about":[{"href":"https:\/\/wp.unil.ch\/atmos\/wp-json\/wp\/v2\/types\/page"}],"author":[{"embeddable":true,"href":"https:\/\/wp.unil.ch\/atmos\/wp-json\/wp\/v2\/users\/1002356"}],"replies":[{"embeddable":true,"href":"https:\/\/wp.unil.ch\/atmos\/wp-json\/wp\/v2\/comments?post=641"}],"version-history":[{"count":5,"href":"https:\/\/wp.unil.ch\/atmos\/wp-json\/wp\/v2\/pages\/641\/revisions"}],"predecessor-version":[{"id":1114,"href":"https:\/\/wp.unil.ch\/atmos\/wp-json\/wp\/v2\/pages\/641\/revisions\/1114"}],"up":[{"embeddable":true,"href":"https:\/\/wp.unil.ch\/atmos\/wp-json\/wp\/v2\/pages\/173"}],"wp:attachment":[{"href":"https:\/\/wp.unil.ch\/atmos\/wp-json\/wp\/v2\/media?parent=641"}],"curies":[{"name":"wp","href":"https:\/\/api.w.org\/{rel}","templated":true}]}}