{"id":8054,"date":"2016-04-14T08:55:29","date_gmt":"2016-04-14T06:55:29","guid":{"rendered":"http:\/\/wp.unil.ch\/ateliercritique\/?page_id=8054"},"modified":"2026-02-13T16:27:23","modified_gmt":"2026-02-13T15:27:23","slug":"le-poche-geneve","status":"publish","type":"page","link":"https:\/\/wp.unil.ch\/ateliercritique\/theatres-partenaires\/le-poche-geneve\/","title":{"rendered":"Le Poche (Gen\u00e8ve)"},"content":{"rendered":"<div class=\"wp-block-image\">\n<figure class=\"alignleft size-large is-resized\"><a href=\"https:\/\/lepoche.ch\/\"><img loading=\"lazy\" decoding=\"async\" width=\"1024\" height=\"724\" src=\"https:\/\/wp.unil.ch\/ateliercritique\/files\/2026\/02\/le-poche-logo-1024x724.png\" alt=\"le poche logo\" class=\"wp-image-23440\" style=\"width:300px\" srcset=\"https:\/\/wp.unil.ch\/ateliercritique\/files\/2026\/02\/le-poche-logo-1024x724.png 1024w, https:\/\/wp.unil.ch\/ateliercritique\/files\/2026\/02\/le-poche-logo-283x200.png 283w, https:\/\/wp.unil.ch\/ateliercritique\/files\/2026\/02\/le-poche-logo-240x170.png 240w, https:\/\/wp.unil.ch\/ateliercritique\/files\/2026\/02\/le-poche-logo-768x543.png 768w, https:\/\/wp.unil.ch\/ateliercritique\/files\/2026\/02\/le-poche-logo.png 1400w\" sizes=\"auto, (max-width: 1024px) 100vw, 1024px\" \/><\/a><\/figure>\n<\/div>\n\n\n<h4 class=\"wp-block-heading\">Critiques par spectacles jou\u00e9s dans ce th\u00e9\u00e2tre :<\/h4>\n\n\n\n<div class=\"wp-block-query is-layout-flow wp-block-query-is-layout-flow\"><ul class=\"wp-block-post-template is-layout-flow wp-block-post-template-is-layout-flow\"><li class=\"wp-block-post post-17278 post type-post status-publish format-standard has-post-thumbnail category-critique category-expired category-le-poche category-spectacle tag-enola-rindlisbacher\">\n<h6 class=\"liensouligne wp-block-post-title\"><a href=\"https:\/\/wp.unil.ch\/ateliercritique\/2023\/12\/le-si-peu-talentueux-mister-r\/\" target=\"_self\" >Le si peu talentueux Mister R.\u00a0<\/a><\/h6>\n\n<div class=\"wp-block-post-excerpt\"><p class=\"wp-block-post-excerpt__excerpt\">Texte et mise en sc\u00e8ne par Jan Koslowski \/ POCHE\/GVE \/ du 20 novembre au 3 d\u00e9cembre 2023 \/ critique par Enola Rindlisbacher . <\/p><\/div>\n\n\n<div style=\"height:1px\" aria-hidden=\"true\" class=\"wp-block-spacer\"><\/div>\n\n<\/li><li class=\"wp-block-post post-16604 post type-post status-publish format-standard has-post-thumbnail category-critique category-expired category-le-poche category-spectacle tag-melanie-carrel-2 tag-sylvain-grangier\">\n<h6 class=\"liensouligne wp-block-post-title\"><a href=\"https:\/\/wp.unil.ch\/ateliercritique\/2023\/01\/une-oreille-nue-a-la-patte-de-lamour-ou-comment-filer-une-puce-malgre-soi\/\" target=\"_self\" >Une oreille nue \u00e0 la patte de l\u2019amour\u2026 ou comment filer une puce malgr\u00e9 soi<\/a><\/h6>\n\n<div class=\"wp-block-post-excerpt\"><p class=\"wp-block-post-excerpt__excerpt\">Par Rebekka Kricheldorf d\u2019apr\u00e8s l\u2019ensemble de l\u2019\u0153uvre de Georges Feydeau \/ Mise en sc\u00e8ne Superprod (C\u00e9line Nidegger et Bastien Semenzato) \/ Th\u00e9\u00e2tre Poche &#8211; Gen\u00e8ve \/ du 14 novembre 2022 au 5 f\u00e9vrier 2023 \/ critiques par M\u00e9lanie Carrel et\u2026 <\/p><\/div>\n\n\n<div style=\"height:1px\" aria-hidden=\"true\" class=\"wp-block-spacer\"><\/div>\n\n<\/li><li class=\"wp-block-post post-15184 post type-post status-publish format-standard has-post-thumbnail category-critique category-expired category-le-poche category-spectacle category-theatre-de-vidy tag-michael-rolli\">\n<h6 class=\"liensouligne wp-block-post-title\"><a href=\"https:\/\/wp.unil.ch\/ateliercritique\/2021\/05\/villa-dolorosa\/\" target=\"_self\" >Villa Dolorosa<\/a><\/h6>\n\n<div class=\"wp-block-post-excerpt\"><p class=\"wp-block-post-excerpt__excerpt\">Texte de Rebekka Kricheldorf \/ Mise en sc\u00e8ne de Guillaume B\u00e9guin \/ Sc\u00e9nographie de Sylvie Kleiber \/ Captation au Poche\/GVE en octobre 2015, repris au Th\u00e9\u00e2tre Vidy du 9 au 18 f\u00e9vrier 2016 \/ Critique par Micha\u00ebl Rolli . <\/p><\/div>\n\n\n<div style=\"height:1px\" aria-hidden=\"true\" class=\"wp-block-spacer\"><\/div>\n\n<\/li><li class=\"wp-block-post post-13335 post type-post status-publish format-standard has-post-thumbnail category-critique category-expired category-le-poche category-spectacle tag-brice-torriani tag-jade-lambelet\">\n<h6 class=\"liensouligne wp-block-post-title\"><a href=\"https:\/\/wp.unil.ch\/ateliercritique\/2019\/04\/lhistoire-mondiale-de-ton-ame\/\" target=\"_self\" >L\u2019Histoire mondiale de ton \u00e2me<\/a><\/h6>\n\n<div class=\"wp-block-post-excerpt\"><p class=\"wp-block-post-excerpt__excerpt\">Textes d\u2019Enzo Cormann \/ Mise en sc\u00e8ne de Philippe Delaigue et Enzo Cormann \/ Th\u00e9\u00e2tre de Poche GVE \/ du 1er au 14 avril 2019 \/ Critiques par Brice Torriani et Jade Lambelet. <\/p><\/div>\n\n\n<div style=\"height:1px\" aria-hidden=\"true\" class=\"wp-block-spacer\"><\/div>\n\n<\/li><li class=\"wp-block-post post-13005 post type-post status-publish format-standard has-post-thumbnail category-critique category-expired category-le-poche category-spectacle tag-lena-rossel tag-melanie-scyboz\">\n<h6 class=\"liensouligne wp-block-post-title\"><a href=\"https:\/\/wp.unil.ch\/ateliercritique\/2018\/11\/la-largeur-du-bassin\/\" target=\"_self\" >La Largeur du Bassin<\/a><\/h6>\n\n<div class=\"wp-block-post-excerpt\"><p class=\"wp-block-post-excerpt__excerpt\">Texte de Perrine G\u00e9rard \/ Mise en sc\u00e8ne de Lucile Carr\u00e9 \/ Th\u00e9\u00e2tre Poche Gve \/ du 12 novembre au 16 d\u00e9cembre 2018 \/ Critiques par Lena Rossel et M\u00e9lanie Scyboz. <\/p><\/div>\n\n\n<div style=\"height:1px\" aria-hidden=\"true\" class=\"wp-block-spacer\"><\/div>\n\n<\/li><li class=\"wp-block-post post-12900 post type-post status-publish format-standard has-post-thumbnail category-critique category-expired category-le-poche category-spectacle tag-lena-rossel\">\n<h6 class=\"liensouligne wp-block-post-title\"><a href=\"https:\/\/wp.unil.ch\/ateliercritique\/2018\/10\/la-resistance-thermale\/\" target=\"_self\" >La r\u00e9sistance thermale<\/a><\/h6>\n\n<div class=\"wp-block-post-excerpt\"><p class=\"wp-block-post-excerpt__excerpt\">Texte de Ferdinand Schmalz \/ Traduction par Mathieu Bertholet \/ Mise en sc\u00e8ne de Jean-Daniel Piguet \/ Th\u00e9\u00e2tre Poche Gve \/ du 15 octobre au 16 d\u00e9cembre 2018 \/ Critique par Lena Rossel. <\/p><\/div>\n\n\n<div style=\"height:1px\" aria-hidden=\"true\" class=\"wp-block-spacer\"><\/div>\n\n<\/li><li class=\"wp-block-post post-12647 post type-post status-publish format-standard has-post-thumbnail category-critique category-expired category-le-poche category-spectacle tag-coralie-gil\">\n<h6 class=\"liensouligne wp-block-post-title\"><a href=\"https:\/\/wp.unil.ch\/ateliercritique\/2018\/04\/change-letat-dagregation-de-ton-chagrin\/\" target=\"_self\" >Change l&rsquo;\u00e9tat d&rsquo;agr\u00e9gation de ton chagrin<\/a><\/h6>\n\n<div class=\"wp-block-post-excerpt\"><p class=\"wp-block-post-excerpt__excerpt\">De\u00a0Katja Brunner \/ Mise en sc\u00e8ne de\u00a0Anna Van Br\u00e9e \/ Le Poche (Gen\u00e8ve) \/ du 23 avril au 13 mai 2018 \/ Critique par Coralie Gil. <\/p><\/div>\n\n\n<div style=\"height:1px\" aria-hidden=\"true\" class=\"wp-block-spacer\"><\/div>\n\n<\/li><li class=\"wp-block-post post-11893 post type-post status-publish format-standard has-post-thumbnail category-critique category-expired category-le-poche category-spectacle tag-lucien-zuchuat tag-pierre-paul-bianchi\">\n<h6 class=\"liensouligne wp-block-post-title\"><a href=\"https:\/\/wp.unil.ch\/ateliercritique\/2017\/10\/erratiques\/\" target=\"_self\" >Erratiques<\/a><\/h6>\n\n<div class=\"wp-block-post-excerpt\"><p class=\"wp-block-post-excerpt__excerpt\">De Wolfram H\u00f6ll \/ Mise en sc\u00e8ne d\u2019Armand Delado\u00eby \/ Le Poche \/ du 16 octobre au 5 novembre 2017 \/ Critiques par Pierre-Paul Bianchi et Lucien Zuchuat. <\/p><\/div>\n\n\n<div style=\"height:1px\" aria-hidden=\"true\" class=\"wp-block-spacer\"><\/div>\n\n<\/li><li class=\"wp-block-post post-10860 post type-post status-publish format-standard has-post-thumbnail category-critique category-expired category-le-poche category-spectacle tag-thomas-cordova\">\n<h6 class=\"liensouligne wp-block-post-title\"><a href=\"https:\/\/wp.unil.ch\/ateliercritique\/2017\/01\/jappelle-mes-freres\/\" target=\"_self\" >J&rsquo;appelle mes fr\u00e8res<\/a><\/h6>\n\n<div class=\"wp-block-post-excerpt\"><p class=\"wp-block-post-excerpt__excerpt\">de Jonas Hassen Khemiri \/ mise en sc\u00e8ne de Mich\u00e8le Pralong \/ Le Poche (Gen\u00e8ve) \/ du 9 au 29 janvier 2017 \/ Critique par Thomas Cordova. <\/p><\/div>\n\n\n<div style=\"height:1px\" aria-hidden=\"true\" class=\"wp-block-spacer\"><\/div>\n\n<\/li><li class=\"wp-block-post post-10752 post type-post status-publish format-standard has-post-thumbnail category-critique category-expired category-le-poche category-spectacle tag-thomas-cordova\">\n<h6 class=\"liensouligne wp-block-post-title\"><a href=\"https:\/\/wp.unil.ch\/ateliercritique\/2016\/12\/nino\/\" target=\"_self\" >Nino<\/a><\/h6>\n\n<div class=\"wp-block-post-excerpt\"><p class=\"wp-block-post-excerpt__excerpt\">De R\u00e9becca D\u00e9raspe \/ mise en sc\u00e8ne de Yvan Rihs \/ POCHE Gen\u00e8ve \/ du 05 d\u00e9cembre 2016 au 29 janvier 2017 \/\u00a0 Critique par Thomas Cordova. <\/p><\/div>\n\n\n<div style=\"height:1px\" aria-hidden=\"true\" class=\"wp-block-spacer\"><\/div>\n\n<\/li><li class=\"wp-block-post post-10693 post type-post status-publish format-standard has-post-thumbnail category-critique category-expired category-le-poche category-spectacle tag-kendra-simons tag-sarah-simon\">\n<h6 class=\"liensouligne wp-block-post-title\"><a href=\"https:\/\/wp.unil.ch\/ateliercritique\/2016\/11\/morbydes\/\" target=\"_self\" >Morb(y)des<\/a><\/h6>\n\n<div class=\"wp-block-post-excerpt\"><p class=\"wp-block-post-excerpt__excerpt\">De S\u00e9bastien David \/ mise en sc\u00e8ne Manon Kr\u00fcttli \/ Poche, Gen\u00e8ve \/ du 21 novembre au 29 janvier 2017 \/ Critiques par Kendra Simons et Sarah Simon.\u00a0 <\/p><\/div>\n\n\n<div style=\"height:1px\" aria-hidden=\"true\" class=\"wp-block-spacer\"><\/div>\n\n<\/li><li class=\"wp-block-post post-10583 post type-post status-publish format-standard has-post-thumbnail category-critique category-expired category-le-poche category-spectacle tag-thomas-cordova\">\n<h6 class=\"liensouligne wp-block-post-title\"><a href=\"https:\/\/wp.unil.ch\/ateliercritique\/2016\/11\/unite-model\/\" target=\"_self\" >Unit\u00e9 mod\u00e8le<\/a><\/h6>\n\n<div class=\"wp-block-post-excerpt\"><p class=\"wp-block-post-excerpt__excerpt\">De Guillaume Corbeil \/ Mise en sc\u00e8ne de Manon Kr\u00fcttli \/ du 14 novembre 2016 au 29 janvier 2017 \/ POCHE Gen\u00e8ve \/ Critique par Thomas Cordova. <\/p><\/div>\n\n\n<div style=\"height:1px\" aria-hidden=\"true\" class=\"wp-block-spacer\"><\/div>\n\n<\/li><li class=\"wp-block-post post-8050 post type-post status-publish format-standard has-post-thumbnail category-critique category-expired category-le-poche category-spectacle tag-josefa-terribilini tag-luc-siegenthaler\">\n<h6 class=\"liensouligne wp-block-post-title\"><a href=\"https:\/\/wp.unil.ch\/ateliercritique\/2016\/04\/ctrl-x\/\" target=\"_self\" >CTRL-X<\/a><\/h6>\n\n<div class=\"wp-block-post-excerpt\"><p class=\"wp-block-post-excerpt__excerpt\">De Pauline Peyrade \/ mise en sc\u00e8ne Cyril Teste \/ Le Poche \/ du 11 avril au 1er mai 2016 \/ Critiques par Josefa Terribilini et Luc Siegenthaler. <\/p><\/div>\n\n\n<div style=\"height:1px\" aria-hidden=\"true\" class=\"wp-block-spacer\"><\/div>\n\n<\/li><\/ul><\/div>\n","protected":false},"excerpt":{"rendered":"<p>Critiques par spectacles jou\u00e9s dans ce th\u00e9\u00e2tre :<\/p>\n","protected":false},"author":1001220,"featured_media":0,"parent":2713,"menu_order":0,"comment_status":"closed","ping_status":"closed","template":"","meta":{"_seopress_robots_primary_cat":"","_seopress_titles_title":"","_seopress_titles_desc":"","_seopress_robots_index":"","footnotes":""},"class_list":["post-8054","page","type-page","status-publish"],"_links":{"self":[{"href":"https:\/\/wp.unil.ch\/ateliercritique\/wp-json\/wp\/v2\/pages\/8054","targetHints":{"allow":["GET"]}}],"collection":[{"href":"https:\/\/wp.unil.ch\/ateliercritique\/wp-json\/wp\/v2\/pages"}],"about":[{"href":"https:\/\/wp.unil.ch\/ateliercritique\/wp-json\/wp\/v2\/types\/page"}],"author":[{"embeddable":true,"href":"https:\/\/wp.unil.ch\/ateliercritique\/wp-json\/wp\/v2\/users\/1001220"}],"replies":[{"embeddable":true,"href":"https:\/\/wp.unil.ch\/ateliercritique\/wp-json\/wp\/v2\/comments?post=8054"}],"version-history":[{"count":3,"href":"https:\/\/wp.unil.ch\/ateliercritique\/wp-json\/wp\/v2\/pages\/8054\/revisions"}],"predecessor-version":[{"id":23441,"href":"https:\/\/wp.unil.ch\/ateliercritique\/wp-json\/wp\/v2\/pages\/8054\/revisions\/23441"}],"up":[{"embeddable":true,"href":"https:\/\/wp.unil.ch\/ateliercritique\/wp-json\/wp\/v2\/pages\/2713"}],"wp:attachment":[{"href":"https:\/\/wp.unil.ch\/ateliercritique\/wp-json\/wp\/v2\/media?parent=8054"}],"curies":[{"name":"wp","href":"https:\/\/api.w.org\/{rel}","templated":true}]}}