{"id":7091,"date":"2015-10-22T09:53:46","date_gmt":"2015-10-22T07:53:46","guid":{"rendered":"http:\/\/wp.unil.ch\/ateliercritique\/?page_id=7091"},"modified":"2025-02-06T17:55:47","modified_gmt":"2025-02-06T16:55:47","slug":"lauriane-pointet","status":"publish","type":"page","link":"https:\/\/wp.unil.ch\/ateliercritique\/lequipe\/lauriane-pointet\/","title":{"rendered":"Lauriane Pointet"},"content":{"rendered":"<p align=\"justify\">C\u2019est par le biais de l\u2019improvisation th\u00e9\u00e2trale que j\u2019ai d\u00e9couvert le monde du th\u00e9\u00e2tre et que j\u2019en suis tomb\u00e9e amoureuse. Apr\u00e8s quelques ann\u00e9es d\u2019improvisation, j\u2019ai eu la chance d\u2019int\u00e9grer le Groupe de Th\u00e9\u00e2tre Antique de l\u2019Universit\u00e9 de Neuch\u00e2tel, dont la vocation est de transmettre au public contemporain des textes grecs ou latins. C\u2019est avec ce groupe que je me suis familiaris\u00e9e avec les diff\u00e9rents aspects de la cr\u00e9ation d\u2019une pi\u00e8ce\u00a0: choix du texte, adaptation, montage des d\u00e9cors, etc. Suivant actuellement un Master en litt\u00e9rature \u00e0 Neuch\u00e2tel, je suis avide de (faire) d\u00e9couvrir les pi\u00e8ces qui font l\u2019actualit\u00e9 en Suisse romande.<\/p>\n<h4>Les critiques de Lauriane Pointet :<\/h4>\n\n\n<div class=\"wp-block-query is-layout-flow wp-block-query-is-layout-flow\"><ul class=\"wp-block-post-template is-layout-flow wp-block-post-template-is-layout-flow\"><li class=\"wp-block-post post-7688 post type-post status-publish format-standard has-post-thumbnail category-critique category-expired category-theatre-des-osses category-spectacle tag-chantal-zumwald tag-lauriane-pointet\">\n<h6 class=\"liensouligne wp-block-post-title\"><a href=\"https:\/\/wp.unil.ch\/ateliercritique\/2016\/01\/dans-la-mer-il-y-a-des-crocodiles\/\" target=\"_self\" >Dans la mer il y a des crocodiles<\/a><\/h6>\n\n<div class=\"wp-block-post-excerpt\"><p class=\"wp-block-post-excerpt__excerpt\">D\u2019apr\u00e8s Fabio Geda \/ mise en sc\u00e8ne Isabelle Loyse Gremaud \/ Th\u00e9\u00e2tre des Osses \/ du 15 au 31 janvier 2016 \/ Critiques par Lauriane Pointelet et Chantal Zumwald. <\/p><\/div>\n\n\n<div style=\"height:1px\" aria-hidden=\"true\" class=\"wp-block-spacer\"><\/div>\n\n<\/li><li class=\"wp-block-post post-7616 post type-post status-publish format-standard has-post-thumbnail category-critique category-expired category-spectacle category-theatre-am-stram-gram-geneve tag-lauriane-pointet tag-waqas-mirza\">\n<h6 class=\"liensouligne wp-block-post-title\"><a href=\"https:\/\/wp.unil.ch\/ateliercritique\/2015\/12\/cette-annee-noel-est-annule\/\" target=\"_self\" >Cette ann\u00e9e No\u00ebl est annul\u00e9<\/a><\/h6>\n\n<div class=\"wp-block-post-excerpt\"><p class=\"wp-block-post-excerpt__excerpt\">Carte blanche \u00e0 Robert Sandoz \/ Laboratoire spontan\u00e9 du Th\u00e9\u00e2tre Am Stram Gram \/ du 15 au 20 d\u00e9cembre 2015 \/ Critiques par Waqas Mirza et Lauriane Pointet. <\/p><\/div>\n\n\n<div style=\"height:1px\" aria-hidden=\"true\" class=\"wp-block-spacer\"><\/div>\n\n<\/li><li class=\"wp-block-post post-7565 post type-post status-publish format-standard has-post-thumbnail category-critique category-expired category-spectacle category-tkm-theatre-kleber-meleau tag-lauriane-pointet tag-waqas-mirza\">\n<h6 class=\"liensouligne wp-block-post-title\"><a href=\"https:\/\/wp.unil.ch\/ateliercritique\/2015\/12\/on-ne-badine-pas-avec-lamour-2\/\" target=\"_self\" >On ne badine pas avec l&rsquo;amour<\/a><\/h6>\n\n<div class=\"wp-block-post-excerpt\"><p class=\"wp-block-post-excerpt__excerpt\">D\u2019Alfred de Musset \/ mise en sc\u00e8ne Anne Schwaller \/ TKM \/ du 1er au 23 d\u00e9cembre 2015 \/ Critiques par Lauriane Pointet et Waqas Mirza. <\/p><\/div>\n\n\n<div style=\"height:1px\" aria-hidden=\"true\" class=\"wp-block-spacer\"><\/div>\n\n<\/li><li class=\"wp-block-post post-7367 post type-post status-publish format-standard has-post-thumbnail category-critique category-expired category-theatre-comedie category-spectacle tag-lauriane-pointet tag-sabrina-roh\">\n<h6 class=\"liensouligne wp-block-post-title\"><a href=\"https:\/\/wp.unil.ch\/ateliercritique\/2015\/11\/lorenzaccio\/\" target=\"_self\" >Lorenzaccio<\/a><\/h6>\n\n<div class=\"wp-block-post-excerpt\"><p class=\"wp-block-post-excerpt__excerpt\">D\u2019Alfred de Musset \/ mise en sc\u00e8ne Catherine Marnas \/ La Com\u00e9die (Gen\u00e8ve) \/ du 10 au 14 novembre 2015 \/ Critiques par Sabrina Roh et Lauriane Pointet. <\/p><\/div>\n\n\n<div style=\"height:1px\" aria-hidden=\"true\" class=\"wp-block-spacer\"><\/div>\n\n<\/li><li class=\"wp-block-post post-7213 post type-post status-publish format-standard has-post-thumbnail category-critique category-expired category-la-grange category-spectacle tag-lauriane-pointet\">\n<h6 class=\"liensouligne wp-block-post-title\"><a href=\"https:\/\/wp.unil.ch\/ateliercritique\/2015\/10\/le-voyage-dalice-en-suisse\/\" target=\"_self\" >Le voyage d\u2019Alice en Suisse<\/a><\/h6>\n\n<div class=\"wp-block-post-excerpt\"><p class=\"wp-block-post-excerpt__excerpt\">de Lukas B\u00e4rfuss \/ traduction H\u00e9l\u00e8ne Mauler et Ren\u00e9 Zahnd \/ mise en sc\u00e8ne Gian Manuel Rau \/ La Grange de Dorigny \/ du 22 au 25 et du 29 au 31 octobre 2015 \/ Critique par Lauriane Pointet. <\/p><\/div>\n\n\n<div style=\"height:1px\" aria-hidden=\"true\" class=\"wp-block-spacer\"><\/div>\n\n<\/li><li class=\"wp-block-post post-7073 post type-post status-publish format-standard has-post-thumbnail category-critique category-expired category-friscenes-fribourg category-spectacle tag-alice-moraz tag-chantal-zumwald tag-emilie-roch tag-josefa-terribilini tag-lauriane-pointet tag-nadia-hachemi tag-valmir-rexhepi\">\n<h6 class=\"liensouligne wp-block-post-title\"><a href=\"https:\/\/wp.unil.ch\/ateliercritique\/2015\/10\/friscenes-2015\/\" target=\"_self\" >FriSc\u00e8nes 2015<\/a><\/h6>\n\n<div class=\"wp-block-post-excerpt\"><p class=\"wp-block-post-excerpt__excerpt\">Festival international de th\u00e9\u00e2tre Frisc\u00e8nes \/ Nouveau Monde (Fribourg) \/ du 19 au 25 octobre 2015 \/ Critiques par Nadia Hachemi, Lauriane Pointet, Emilie Roch, Josefa Terribilini, Valmir Rexhepi, Alice Moraz et Chantal Zumwald. <\/p><\/div>\n\n\n<div style=\"height:1px\" aria-hidden=\"true\" class=\"wp-block-spacer\"><\/div>\n\n<\/li><\/ul><\/div>\n","protected":false},"excerpt":{"rendered":"<p>C\u2019est par le biais de l\u2019improvisation th\u00e9\u00e2trale que j\u2019ai d\u00e9couvert le monde du th\u00e9\u00e2tre et que j\u2019en suis tomb\u00e9e amoureuse. Apr\u00e8s quelques ann\u00e9es d\u2019improvisation, j\u2019ai eu la chance d\u2019int\u00e9grer le &hellip; <\/p>\n","protected":false},"author":1001220,"featured_media":0,"parent":2716,"menu_order":0,"comment_status":"closed","ping_status":"closed","template":"","meta":{"_seopress_robots_primary_cat":"","_seopress_titles_title":"","_seopress_titles_desc":"","_seopress_robots_index":"","footnotes":""},"class_list":["post-7091","page","type-page","status-publish"],"_links":{"self":[{"href":"https:\/\/wp.unil.ch\/ateliercritique\/wp-json\/wp\/v2\/pages\/7091","targetHints":{"allow":["GET"]}}],"collection":[{"href":"https:\/\/wp.unil.ch\/ateliercritique\/wp-json\/wp\/v2\/pages"}],"about":[{"href":"https:\/\/wp.unil.ch\/ateliercritique\/wp-json\/wp\/v2\/types\/page"}],"author":[{"embeddable":true,"href":"https:\/\/wp.unil.ch\/ateliercritique\/wp-json\/wp\/v2\/users\/1001220"}],"replies":[{"embeddable":true,"href":"https:\/\/wp.unil.ch\/ateliercritique\/wp-json\/wp\/v2\/comments?post=7091"}],"version-history":[{"count":1,"href":"https:\/\/wp.unil.ch\/ateliercritique\/wp-json\/wp\/v2\/pages\/7091\/revisions"}],"predecessor-version":[{"id":22335,"href":"https:\/\/wp.unil.ch\/ateliercritique\/wp-json\/wp\/v2\/pages\/7091\/revisions\/22335"}],"up":[{"embeddable":true,"href":"https:\/\/wp.unil.ch\/ateliercritique\/wp-json\/wp\/v2\/pages\/2716"}],"wp:attachment":[{"href":"https:\/\/wp.unil.ch\/ateliercritique\/wp-json\/wp\/v2\/media?parent=7091"}],"curies":[{"name":"wp","href":"https:\/\/api.w.org\/{rel}","templated":true}]}}