{"id":7051,"date":"2015-10-18T23:24:11","date_gmt":"2015-10-18T21:24:11","guid":{"rendered":"http:\/\/wp.unil.ch\/ateliercritique\/?page_id=7051"},"modified":"2026-02-13T16:35:51","modified_gmt":"2026-02-13T15:35:51","slug":"theatre-de-lusine-geneve","status":"publish","type":"page","link":"https:\/\/wp.unil.ch\/ateliercritique\/theatres-partenaires\/theatre-de-lusine-geneve\/","title":{"rendered":"Th\u00e9\u00e2tre de l&rsquo;Usine (Gen\u00e8ve)"},"content":{"rendered":"<div class=\"wp-block-image\">\n<figure class=\"alignleft size-full\"><a href=\"https:\/\/www.theatredelusine.ch\/\"><img loading=\"lazy\" decoding=\"async\" width=\"406\" height=\"270\" src=\"https:\/\/wp.unil.ch\/ateliercritique\/files\/2026\/02\/usine.webp\" alt=\"usine\" class=\"wp-image-23445\" srcset=\"https:\/\/wp.unil.ch\/ateliercritique\/files\/2026\/02\/usine.webp 406w, https:\/\/wp.unil.ch\/ateliercritique\/files\/2026\/02\/usine-300x200.webp 300w, https:\/\/wp.unil.ch\/ateliercritique\/files\/2026\/02\/usine-250x166.webp 250w\" sizes=\"auto, (max-width: 406px) 100vw, 406px\" \/><\/a><\/figure>\n<\/div>\n\n\n<p><\/p>\n\n\n\n<h4 class=\"wp-block-heading\">Critiques par spectacles jou\u00e9s dans ce th\u00e9\u00e2tre :<\/h4>\n\n\n\n<div class=\"wp-block-query is-layout-flow wp-block-query-is-layout-flow\"><ul class=\"wp-block-post-template is-layout-flow wp-block-post-template-is-layout-flow\"><li class=\"wp-block-post post-12674 post type-post status-publish format-standard has-post-thumbnail category-critique category-expired category-spectacle category-theatre-de-lusine-geneve tag-amalia-devaud\">\n<h6 class=\"liensouligne wp-block-post-title\"><a href=\"https:\/\/wp.unil.ch\/ateliercritique\/2018\/05\/self-help\/\" target=\"_self\" >Self-Help<\/a><\/h6>\n\n<div class=\"wp-block-post-excerpt\"><p class=\"wp-block-post-excerpt__excerpt\">Texte et\u00a0et mie en sc\u00e8ne de Tomas Gonzalez, R\u00e9becca Balestra et Igor Cardellini \/ Th\u00e9\u00e2tre de l&rsquo;Usine (Gen\u00e8ve) \/ du 3 au 9 mai 2018 \/ Critique par Amalia D\u00e9vaud. <\/p><\/div>\n\n\n<div style=\"height:1px\" aria-hidden=\"true\" class=\"wp-block-spacer\"><\/div>\n\n<\/li><li class=\"wp-block-post post-12145 post type-post status-publish format-standard has-post-thumbnail category-critique category-expired category-spectacle category-theatre-de-lusine-geneve tag-pierre-paul-bianchi\">\n<h6 class=\"liensouligne wp-block-post-title\"><a href=\"https:\/\/wp.unil.ch\/ateliercritique\/2017\/12\/la-nebuleuse-du-crabe\/\" target=\"_self\" >La n\u00e9buleuse du crabe<\/a><\/h6>\n\n<div class=\"wp-block-post-excerpt\"><p class=\"wp-block-post-excerpt__excerpt\">Par le groupe EW (Arnaud Gonnet et Martin Roehrich) \/ Th\u00e9\u00e2tre de l&rsquo;Usine \/ du 14 au 20 d\u00e9cembre 2017 \/ Critique par Pierre-Paul Bianchi. <\/p><\/div>\n\n\n<div style=\"height:1px\" aria-hidden=\"true\" class=\"wp-block-spacer\"><\/div>\n\n<\/li><li class=\"wp-block-post post-11587 post type-post status-publish format-standard has-post-thumbnail category-critique category-expired category-spectacle category-theatre-de-lusine-geneve tag-artemisia-romano tag-margot-prodhom\">\n<h6 class=\"liensouligne wp-block-post-title\"><a href=\"https:\/\/wp.unil.ch\/ateliercritique\/2017\/05\/apres-le-deluge\/\" target=\"_self\" >Apr\u00e8s le D\u00e9luge<\/a><\/h6>\n\n<div class=\"wp-block-post-excerpt\"><p class=\"wp-block-post-excerpt__excerpt\">De Aur\u00e9lia L\u00fcscher, Bastien Semenzato, C\u00e9line Nidegger, Guillaume Cayet \/ Cie Superprod \/ Th\u00e9\u00e2tre de l&rsquo;Usine \/ du 11 au 17 mai 2017 \/ Critiques par Artemisia Romano et Margot Prod&rsquo;hom. <\/p><\/div>\n\n\n<div style=\"height:1px\" aria-hidden=\"true\" class=\"wp-block-spacer\"><\/div>\n\n<\/li><li class=\"wp-block-post post-11217 post type-post status-publish format-standard has-post-thumbnail category-critique category-expired category-spectacle category-theatre-de-lusine-geneve tag-artemisia-romano tag-margot-prodhom\">\n<h6 class=\"liensouligne wp-block-post-title\"><a href=\"https:\/\/wp.unil.ch\/ateliercritique\/2017\/03\/fire-of-emotions-the-abyss\/\" target=\"_self\" >FIRE OF EMOTIONS : THE ABYSS<\/a><\/h6>\n\n<div class=\"wp-block-post-excerpt\"><p class=\"wp-block-post-excerpt__excerpt\">De Pamina de Coulon \/ Th\u00e9\u00e2tre de l&rsquo;Usine \/ du 16 au 22 mars 2017 \/ Critiques par Margot Prod&rsquo;hom et Artemisia Romano. <\/p><\/div>\n\n\n<div style=\"height:1px\" aria-hidden=\"true\" class=\"wp-block-spacer\"><\/div>\n\n<\/li><li class=\"wp-block-post post-10334 post type-post status-publish format-standard has-post-thumbnail category-critique category-expired category-spectacle category-theatre-de-lusine-geneve tag-alicia-cuche\">\n<h6 class=\"liensouligne wp-block-post-title\"><a href=\"https:\/\/wp.unil.ch\/ateliercritique\/2016\/10\/nouveau-monde\/\" target=\"_self\" >Nouveau monde<\/a><\/h6>\n\n<div class=\"wp-block-post-excerpt\"><p class=\"wp-block-post-excerpt__excerpt\">de Cie Post Tenebras Lux \/ Dramaturgie : Claire Deutsch, Rapha\u00ebl Heyer \/ Th\u00e9\u00e2tre de l\u2019Usine, Gen\u00e8ve \/ du 13 au 19 octobre 2016 \/ Critique par Alicia Cuche.\u00a0 <\/p><\/div>\n\n\n<div style=\"height:1px\" aria-hidden=\"true\" class=\"wp-block-spacer\"><\/div>\n\n<\/li><li class=\"wp-block-post post-8172 post type-post status-publish format-standard has-post-thumbnail category-critique category-expired category-spectacle category-theatre-de-lusine-geneve tag-deborah-strebel tag-fanny-utiger\">\n<h6 class=\"liensouligne wp-block-post-title\"><a href=\"https:\/\/wp.unil.ch\/ateliercritique\/2016\/05\/fresque\/\" target=\"_self\" >Fresque<\/a><\/h6>\n\n<div class=\"wp-block-post-excerpt\"><p class=\"wp-block-post-excerpt__excerpt\">Sur une id\u00e9e de Marius Schaffter &amp; J\u00e9r\u00f4me St\u00fcnzi \/ par le collectif Old Masters \/ Th\u00e9\u00e2tre de l&rsquo;Usine \/ du 19 au 25 mai 2016 \/ Critiques par Deborah Strebel et Fanny Utiger. <\/p><\/div>\n\n\n<div style=\"height:1px\" aria-hidden=\"true\" class=\"wp-block-spacer\"><\/div>\n\n<\/li><li class=\"wp-block-post post-7853 post type-post status-publish format-standard has-post-thumbnail category-critique category-expired category-spectacle category-theatre-de-lusine-geneve tag-sabrina-roh tag-valmir-rexhepi\">\n<h6 class=\"liensouligne wp-block-post-title\"><a href=\"https:\/\/wp.unil.ch\/ateliercritique\/2016\/03\/claptrap\/\" target=\"_self\" >Claptrap<\/a><\/h6>\n\n<div class=\"wp-block-post-excerpt\"><p class=\"wp-block-post-excerpt__excerpt\">Conception Marion Duval \/ interpr\u00e9tation Marion Duval et Marco Berrettini \/ Th\u00e9\u00e2tre de l\u2019Usine (TU) \/ du 4 au 9 mars 2016 \/ Critiques par Valmir Rexhepi et Sabrina Roh. <\/p><\/div>\n\n\n<div style=\"height:1px\" aria-hidden=\"true\" class=\"wp-block-spacer\"><\/div>\n\n<\/li><li class=\"wp-block-post post-7590 post type-post status-publish format-standard has-post-thumbnail category-critique category-expired category-spectacle category-theatre-de-lusine-geneve tag-laura-weber tag-lea-giotto\">\n<h6 class=\"liensouligne wp-block-post-title\"><a href=\"https:\/\/wp.unil.ch\/ateliercritique\/2015\/12\/orthodhoxes\/\" target=\"_self\" >Orthodhoxes<\/a><\/h6>\n\n<div class=\"wp-block-post-excerpt\"><p class=\"wp-block-post-excerpt__excerpt\">\u00c9crit et mis en sc\u00e8ne par Casimir M. Admonk \/ TU \u2013Th\u00e9\u00e2tre de l\u2019Usine \/ du 10 au 16 d\u00e9cembre 2015 \/ Critiques par L\u00e9a Giotto et Laura Weber. <\/p><\/div>\n\n\n<div style=\"height:1px\" aria-hidden=\"true\" class=\"wp-block-spacer\"><\/div>\n\n<\/li><li class=\"wp-block-post post-7041 post type-post status-publish format-standard has-post-thumbnail category-critique category-expired category-spectacle category-theatre-de-lusine-geneve tag-deborah-strebel tag-valmir-rexhepi\">\n<h6 class=\"liensouligne wp-block-post-title\"><a href=\"https:\/\/wp.unil.ch\/ateliercritique\/2015\/10\/la-suisse-et-la-mort\/\" target=\"_self\" >La Suisse et la mort<\/a><\/h6>\n\n<div class=\"wp-block-post-excerpt\"><p class=\"wp-block-post-excerpt__excerpt\">Conception et interpr\u00e9tation FUR compagnie \/ Th\u00e9\u00e2tre de l\u2019Usine \/ du 15 au 21 octobre 2015 \/ Critiques par Deborah Strebel et Valmir Rexhepi. <\/p><\/div>\n\n\n<div style=\"height:1px\" aria-hidden=\"true\" class=\"wp-block-spacer\"><\/div>\n\n<\/li><\/ul><\/div>\n","protected":false},"excerpt":{"rendered":"<p>Critiques par spectacles jou\u00e9s dans ce th\u00e9\u00e2tre :<\/p>\n","protected":false},"author":1001220,"featured_media":0,"parent":2713,"menu_order":0,"comment_status":"closed","ping_status":"closed","template":"","meta":{"_seopress_robots_primary_cat":"","_seopress_titles_title":"","_seopress_titles_desc":"","_seopress_robots_index":"","footnotes":""},"class_list":["post-7051","page","type-page","status-publish"],"_links":{"self":[{"href":"https:\/\/wp.unil.ch\/ateliercritique\/wp-json\/wp\/v2\/pages\/7051","targetHints":{"allow":["GET"]}}],"collection":[{"href":"https:\/\/wp.unil.ch\/ateliercritique\/wp-json\/wp\/v2\/pages"}],"about":[{"href":"https:\/\/wp.unil.ch\/ateliercritique\/wp-json\/wp\/v2\/types\/page"}],"author":[{"embeddable":true,"href":"https:\/\/wp.unil.ch\/ateliercritique\/wp-json\/wp\/v2\/users\/1001220"}],"replies":[{"embeddable":true,"href":"https:\/\/wp.unil.ch\/ateliercritique\/wp-json\/wp\/v2\/comments?post=7051"}],"version-history":[{"count":3,"href":"https:\/\/wp.unil.ch\/ateliercritique\/wp-json\/wp\/v2\/pages\/7051\/revisions"}],"predecessor-version":[{"id":23447,"href":"https:\/\/wp.unil.ch\/ateliercritique\/wp-json\/wp\/v2\/pages\/7051\/revisions\/23447"}],"up":[{"embeddable":true,"href":"https:\/\/wp.unil.ch\/ateliercritique\/wp-json\/wp\/v2\/pages\/2713"}],"wp:attachment":[{"href":"https:\/\/wp.unil.ch\/ateliercritique\/wp-json\/wp\/v2\/media?parent=7051"}],"curies":[{"name":"wp","href":"https:\/\/api.w.org\/{rel}","templated":true}]}}