{"id":6980,"date":"2015-10-14T13:51:17","date_gmt":"2015-10-14T11:51:17","guid":{"rendered":"http:\/\/wp.unil.ch\/ateliercritique\/?page_id=6980"},"modified":"2025-02-07T09:41:48","modified_gmt":"2025-02-07T08:41:48","slug":"fanny-utiger","status":"publish","type":"page","link":"https:\/\/wp.unil.ch\/ateliercritique\/lequipe\/fanny-utiger\/","title":{"rendered":"Fanny Utiger"},"content":{"rendered":"<p align=\"justify\">Aujourd\u2019hui \u00e9tudiante en litt\u00e9rature fran\u00e7aise et en histoire, j\u2019ai toujours ador\u00e9 les arts de la sc\u00e8ne. Si le monde de la danse m\u2019est le plus familier, j\u2019appr\u00e9cie tout autant les autres arts vivants, des pi\u00e8ces de<span class=\"\">\u00a0th\u00e9\u00e2tre aux op\u00e9ras. Participer \u00e0 l\u2019Atelier critique me permettra donc, je l\u2019esp\u00e8re, d\u2019affiner mon oeil en mati\u00e8re de th\u00e9\u00e2tre, et de conjuguer cela avec la pratique de l\u2019\u00e9criture. Les textes sont en effet une autre des mes passions; c\u2019est pour cela que j\u2019envisage de poursuivre mes \u00e9tudes en litt\u00e9rature, et que j\u2019\u00e9cris actuellement pour\u00a0<em>L\u2019auditoire<\/em>,\u00a0le journal des \u00e9tudiants de Lausanne, o\u00f9 je suis en charge de la culture.<\/span><\/p>\n<h4>Les critiques de Fanny Utiger\u00a0:<\/h4>\n\n\n<div class=\"wp-block-query is-layout-flow wp-block-query-is-layout-flow\"><ul class=\"wp-block-post-template is-layout-flow wp-block-post-template-is-layout-flow\"><li class=\"wp-block-post post-12543 post type-post status-publish format-standard has-post-thumbnail category-critique category-expired category-spectacle category-theatre-de-vidy tag-amalia-devaud tag-basile-seppey tag-fanny-utiger tag-julia-cela tag-lucien-zuchuat tag-pierre-paul-bianchi tag-sarah-juilland\">\n<h6 class=\"liensouligne wp-block-post-title\"><a href=\"https:\/\/wp.unil.ch\/ateliercritique\/2018\/04\/cargo-congo-lausanne\/\" target=\"_self\" >Cargo Congo-Lausanne<\/a><\/h6>\n\n<div class=\"wp-block-post-excerpt\"><p class=\"wp-block-post-excerpt__excerpt\">Cr\u00e9ation Rimini Protokoll \/ Th\u00e9\u00e2tre de Vidy \/ du 1er f\u00e9vrier au 23 mars 2018 \/ Critiques par Lucien Zuchuat, Basile Nelis, Fanny Utiger, Pierre-Paul Bianchi, Julie Cela, Sarah Juilland, Amalia D\u00e9vaud et Basile Seppey. <\/p><\/div>\n\n\n<div style=\"height:1px\" aria-hidden=\"true\" class=\"wp-block-spacer\"><\/div>\n\n<\/li><li class=\"wp-block-post post-12458 post type-post status-publish format-standard has-post-thumbnail category-critique category-expired category-spectacle category-theatre-de-vidy tag-fanny-utiger tag-louis-vodoz\">\n<h6 class=\"liensouligne wp-block-post-title\"><a href=\"https:\/\/wp.unil.ch\/ateliercritique\/2018\/03\/luxe-calme\/\" target=\"_self\" >Luxe, calme<\/a><\/h6>\n\n<div class=\"wp-block-post-excerpt\"><p class=\"wp-block-post-excerpt__excerpt\">Texte et mise en sc\u00e8ne de Mathieu Bertholet \/ Th\u00e9\u00e2tre Vidy-Lausanne \/ du 8 au 18 mars 2018 \/ Critiques par Louis Vodoz et Fanny Utiger. <\/p><\/div>\n\n\n<div style=\"height:1px\" aria-hidden=\"true\" class=\"wp-block-spacer\"><\/div>\n\n<\/li><li class=\"wp-block-post post-12438 post type-post status-publish format-standard has-post-thumbnail category-critique category-expired category-la-grange category-spectacle tag-fanny-utiger\">\n<h6 class=\"liensouligne wp-block-post-title\"><a href=\"https:\/\/wp.unil.ch\/ateliercritique\/2018\/03\/mon-histoire-vraie-1\/\" target=\"_self\" >Mon histoire vraie 1 &#8211; Sara<\/a><\/h6>\n\n<div class=\"wp-block-post-excerpt\"><p class=\"wp-block-post-excerpt__excerpt\">Texte et et mise en sc\u00e8ne de Ludovic Chazaud \/ Compagnie Jeanne F\u00f6hn \/ Th\u00e9\u00e2tre La Grange de Dorigny \/ du 27 f\u00e9vrier au 4 mars 2018 \/ Critique par Fanny Utiger. <\/p><\/div>\n\n\n<div style=\"height:1px\" aria-hidden=\"true\" class=\"wp-block-spacer\"><\/div>\n\n<\/li><li class=\"wp-block-post post-11041 post type-post status-publish format-standard has-post-thumbnail category-critique category-expired category-la-grange category-spectacle tag-fanny-utiger tag-jeremy-berthoud\">\n<h6 class=\"liensouligne wp-block-post-title\"><a href=\"https:\/\/wp.unil.ch\/ateliercritique\/2017\/02\/genesis\/\" target=\"_self\" >Genesis<\/a><\/h6>\n\n<div class=\"wp-block-post-excerpt\"><p class=\"wp-block-post-excerpt__excerpt\">de et par Jean-Michel Potiron \/ Compagnie th\u00e9\u00e2tre \u00e0 tout prix \/ La Grange de Dorigny \/ du 2 au 4 f\u00e9vrier 2017 \/ Critiques par J\u00e9r\u00e9my Berthoud et Fanny Utiger. <\/p><\/div>\n\n\n<div style=\"height:1px\" aria-hidden=\"true\" class=\"wp-block-spacer\"><\/div>\n\n<\/li><li class=\"wp-block-post post-11014 post type-post status-publish format-standard has-post-thumbnail category-critique category-expired category-spectacle category-theatre-de-vidy tag-fanny-utiger tag-jonathan-hofer\">\n<h6 class=\"liensouligne wp-block-post-title\"><a href=\"https:\/\/wp.unil.ch\/ateliercritique\/2017\/02\/gala\/\" target=\"_self\" >Gala<\/a><\/h6>\n\n<div class=\"wp-block-post-excerpt\"><p class=\"wp-block-post-excerpt__excerpt\">De J\u00e9r\u00f4me Bel \/ Th\u00e9\u00e2tre de Vidy \/ du 31 janvier au 3 f\u00e9vrier 2017 \/ Critiques par Fanny Utiger et Jonathan Hofer. <\/p><\/div>\n\n\n<div style=\"height:1px\" aria-hidden=\"true\" class=\"wp-block-spacer\"><\/div>\n\n<\/li><li class=\"wp-block-post post-10418 post type-post status-publish format-standard has-post-thumbnail category-critique category-expired category-la-grange category-spectacle tag-fanny-utiger tag-laura-weber\">\n<h6 class=\"liensouligne wp-block-post-title\"><a href=\"https:\/\/wp.unil.ch\/ateliercritique\/2016\/10\/le-dieu-du-carnage\/\" target=\"_self\" >Le Dieu du carnage<\/a><\/h6>\n\n<div class=\"wp-block-post-excerpt\"><p class=\"wp-block-post-excerpt__excerpt\">de Yasmina Reza \/ mise en sc\u00e8ne de Georges Guerreio \/ par Baraka et Helvetic Shakespeare Company \/ du 22 au 29 octobre 2016 \/ au Th\u00e9\u00e2tre de la Grange de Dorigny \/ Critiques par Fanny Utiger et Laura Weber. <\/p><\/div>\n\n\n<div style=\"height:1px\" aria-hidden=\"true\" class=\"wp-block-spacer\"><\/div>\n\n<\/li><li class=\"wp-block-post post-10301 post type-post status-publish format-standard has-post-thumbnail category-critique category-expired category-spectacle category-theatre-de-vidy tag-basile-seppey tag-fanny-utiger tag-jeremy-berthoud tag-joanne-vaudroz\">\n<h6 class=\"liensouligne wp-block-post-title\"><a href=\"https:\/\/wp.unil.ch\/ateliercritique\/2016\/10\/empire\/\" target=\"_self\" >Empire<\/a><\/h6>\n\n<div class=\"wp-block-post-excerpt\"><p class=\"wp-block-post-excerpt__excerpt\">de Milo Rau \/ avec Ramo Ali, Akillas Karazissis, Rami Khalaf et Maia Morgenstern \/ Th\u00e9\u00e2tre de Vidy \/ du 5 au 8 octobre 2016 \/ Critiques par J\u00e9r\u00e9my Berthoud, Fanny Utiger, Basile Seppey et Joanne Vaudroz.\u00a0 <\/p><\/div>\n\n\n<div style=\"height:1px\" aria-hidden=\"true\" class=\"wp-block-spacer\"><\/div>\n\n<\/li><li class=\"wp-block-post post-8172 post type-post status-publish format-standard has-post-thumbnail category-critique category-expired category-spectacle category-theatre-de-lusine-geneve tag-deborah-strebel tag-fanny-utiger\">\n<h6 class=\"liensouligne wp-block-post-title\"><a href=\"https:\/\/wp.unil.ch\/ateliercritique\/2016\/05\/fresque\/\" target=\"_self\" >Fresque<\/a><\/h6>\n\n<div class=\"wp-block-post-excerpt\"><p class=\"wp-block-post-excerpt__excerpt\">Sur une id\u00e9e de Marius Schaffter &amp; J\u00e9r\u00f4me St\u00fcnzi \/ par le collectif Old Masters \/ Th\u00e9\u00e2tre de l&rsquo;Usine \/ du 19 au 25 mai 2016 \/ Critiques par Deborah Strebel et Fanny Utiger. <\/p><\/div>\n\n\n<div style=\"height:1px\" aria-hidden=\"true\" class=\"wp-block-spacer\"><\/div>\n\n<\/li><li class=\"wp-block-post post-8120 post type-post status-publish format-standard has-post-thumbnail category-critique category-expired category-le-petit-theatre category-spectacle tag-fanny-utiger tag-waqas-mirza\">\n<h6 class=\"liensouligne wp-block-post-title\"><a href=\"https:\/\/wp.unil.ch\/ateliercritique\/2016\/05\/la-mort-marraine\/\" target=\"_self\" >La Mort-Marraine<\/a><\/h6>\n\n<div class=\"wp-block-post-excerpt\"><p class=\"wp-block-post-excerpt__excerpt\">Librement adapt\u00e9 du conte des fr\u00e8res Grimm par Anne Quesemand \/ Cie Mezza-Luna \/ Le Petit Th\u00e9\u00e2tre \/ du 27 avril au 1er mai 2016 \/ Critiques par Waqas Mirza et Fanny Utiger. <\/p><\/div>\n\n\n<div style=\"height:1px\" aria-hidden=\"true\" class=\"wp-block-spacer\"><\/div>\n\n<\/li><li class=\"wp-block-post post-8061 post type-post status-publish format-standard has-post-thumbnail category-critique category-expired category-theatre-des-osses category-spectacle tag-camille-logoz tag-fanny-utiger\">\n<h6 class=\"liensouligne wp-block-post-title\"><a href=\"https:\/\/wp.unil.ch\/ateliercritique\/2016\/04\/femme-non-reeducable\/\" target=\"_self\" >Femme non-r\u00e9\u00e9ducable<\/a><\/h6>\n\n<div class=\"wp-block-post-excerpt\"><p class=\"wp-block-post-excerpt__excerpt\">De Stefano Massini \/ traduction Pietro Pizzuti \/ mise en sc\u00e8ne Dominique de Rivaz \/ Th\u00e9\u00e2tre des Osses \/ du 14 au 24 avril 2016 \/ Critiques par Camille Logoz et Fanny Utiger. <\/p><\/div>\n\n\n<div style=\"height:1px\" aria-hidden=\"true\" class=\"wp-block-spacer\"><\/div>\n\n<\/li><li class=\"wp-block-post post-7955 post type-post status-publish format-standard has-post-thumbnail category-critique category-expired category-spectacle category-theatre-de-vidy tag-camille-logoz tag-fanny-utiger tag-nadia-hachemi tag-suzanne-crettex tag-waqas-mirza\">\n<h6 class=\"liensouligne wp-block-post-title\"><a href=\"https:\/\/wp.unil.ch\/ateliercritique\/2016\/03\/la-mouette\/\" target=\"_self\" >La Mouette<\/a><\/h6>\n\n<div class=\"wp-block-post-excerpt\"><p class=\"wp-block-post-excerpt__excerpt\">D&rsquo;Anton Tchekhov \/ mise en sc\u00e8ne Thomas Ostermeier \/ Th\u00e9\u00e2tre de Vidy \/ du 26 f\u00e9vrier au 13 mars 2016 \/ Critiques par Camille Logoz, Suzanne Crettex, Nadia Hachemi, Fanny Utiger et Waqas Mirza. <\/p><\/div>\n\n\n<div style=\"height:1px\" aria-hidden=\"true\" class=\"wp-block-spacer\"><\/div>\n\n<\/li><li class=\"wp-block-post post-7605 post type-post status-publish format-standard has-post-thumbnail category-critique category-expired category-la-grange category-spectacle tag-chantal-zumwald tag-fanny-utiger\">\n<h6 class=\"liensouligne wp-block-post-title\"><a href=\"https:\/\/wp.unil.ch\/ateliercritique\/2015\/12\/wild-west-women\/\" target=\"_self\" >Wild West Women<\/a><\/h6>\n\n<div class=\"wp-block-post-excerpt\"><p class=\"wp-block-post-excerpt__excerpt\">De Caroline Le Forestier \/ par Le Th\u00e9\u00e2tre de l\u2019Ecrou et Solentiname \/ mise en sc\u00e8ne\u00a0Augustin B\u00e9card \/ Th\u00e9\u00e2tre de La Grange de Dorigny \/ du 10 au 12 d\u00e9cembre 2015 \/ Critiques par Chantal Zumwald et Fanny Utiger. <\/p><\/div>\n\n\n<div style=\"height:1px\" aria-hidden=\"true\" class=\"wp-block-spacer\"><\/div>\n\n<\/li><li class=\"wp-block-post post-7477 post type-post status-publish format-standard has-post-thumbnail category-critique category-expired category-la-grange category-spectacle tag-deborah-strebel tag-fanny-utiger\">\n<h6 class=\"liensouligne wp-block-post-title\"><a href=\"https:\/\/wp.unil.ch\/ateliercritique\/2015\/11\/mamma-helvetia-un-rapport-familial\/\" target=\"_self\" >Mamma Helvetia (un rapport familial)<\/a><\/h6>\n\n<div class=\"wp-block-post-excerpt\"><p class=\"wp-block-post-excerpt__excerpt\">Un projet de Georg Scharegg et Theater Chur \/ mise en sc\u00e8ne Georg Scharegg \/ La Grange de Dorigny \/ du 20 au 22 novembre 2015 \/ Critiques par Deborah Strebel et Fanny Utiger. <\/p><\/div>\n\n\n<div style=\"height:1px\" aria-hidden=\"true\" class=\"wp-block-spacer\"><\/div>\n\n<\/li><li class=\"wp-block-post post-7334 post type-post status-publish format-standard has-post-thumbnail category-critique category-expired category-theatre-de-larsenic category-spectacle tag-fanny-utiger tag-valmir-rexhepi\">\n<h6 class=\"liensouligne wp-block-post-title\"><a href=\"https:\/\/wp.unil.ch\/ateliercritique\/2015\/11\/bataille\/\" target=\"_self\" >Bataille<\/a><\/h6>\n\n<div class=\"wp-block-post-excerpt\"><p class=\"wp-block-post-excerpt__excerpt\">Concept et interpr\u00e9tation de Delgado Fuchs et Cl\u00e9dat &amp; Petitpierre \/ L&rsquo;Arsenic \/ du 4 au 8 novembre 2015 \/ Critiques par Valmir Rexhepi et Fanny Utiger. <\/p><\/div>\n\n\n<div style=\"height:1px\" aria-hidden=\"true\" class=\"wp-block-spacer\"><\/div>\n\n<\/li><li class=\"wp-block-post post-6977 post type-post status-publish format-standard has-post-thumbnail category-critique category-expired category-spectacle category-theatre-de-vidy tag-camille-logoz tag-emilie-roch tag-fanny-utiger\">\n<h6 class=\"liensouligne wp-block-post-title\"><a href=\"https:\/\/wp.unil.ch\/ateliercritique\/2015\/10\/cloture-de-lamour\/\" target=\"_self\" >Cl\u00f4ture de l\u2019amour<\/a><\/h6>\n\n<div class=\"wp-block-post-excerpt\"><p class=\"wp-block-post-excerpt__excerpt\">De Pascal Rambert \/ avec Stanislas Nordey et Audrey Bonnet \/ Th\u00e9\u00e2tre de Vidy \/ du 30 septembre au 4 octobre 2015 \/ Critiques par Fanny Utiger, Camille Logoz et Emilie Roch <\/p><\/div>\n\n\n<div style=\"height:1px\" aria-hidden=\"true\" class=\"wp-block-spacer\"><\/div>\n\n<\/li><\/ul><\/div>\n","protected":false},"excerpt":{"rendered":"<p>Aujourd\u2019hui \u00e9tudiante en litt\u00e9rature fran\u00e7aise et en histoire, j\u2019ai toujours ador\u00e9 les arts de la sc\u00e8ne. Si le monde de la danse m\u2019est le plus familier, j\u2019appr\u00e9cie tout autant les &hellip; <\/p>\n","protected":false},"author":1001220,"featured_media":0,"parent":2716,"menu_order":0,"comment_status":"closed","ping_status":"closed","template":"","meta":{"_seopress_robots_primary_cat":"","_seopress_titles_title":"","_seopress_titles_desc":"","_seopress_robots_index":"","footnotes":""},"class_list":["post-6980","page","type-page","status-publish"],"_links":{"self":[{"href":"https:\/\/wp.unil.ch\/ateliercritique\/wp-json\/wp\/v2\/pages\/6980","targetHints":{"allow":["GET"]}}],"collection":[{"href":"https:\/\/wp.unil.ch\/ateliercritique\/wp-json\/wp\/v2\/pages"}],"about":[{"href":"https:\/\/wp.unil.ch\/ateliercritique\/wp-json\/wp\/v2\/types\/page"}],"author":[{"embeddable":true,"href":"https:\/\/wp.unil.ch\/ateliercritique\/wp-json\/wp\/v2\/users\/1001220"}],"replies":[{"embeddable":true,"href":"https:\/\/wp.unil.ch\/ateliercritique\/wp-json\/wp\/v2\/comments?post=6980"}],"version-history":[{"count":1,"href":"https:\/\/wp.unil.ch\/ateliercritique\/wp-json\/wp\/v2\/pages\/6980\/revisions"}],"predecessor-version":[{"id":22362,"href":"https:\/\/wp.unil.ch\/ateliercritique\/wp-json\/wp\/v2\/pages\/6980\/revisions\/22362"}],"up":[{"embeddable":true,"href":"https:\/\/wp.unil.ch\/ateliercritique\/wp-json\/wp\/v2\/pages\/2716"}],"wp:attachment":[{"href":"https:\/\/wp.unil.ch\/ateliercritique\/wp-json\/wp\/v2\/media?parent=6980"}],"curies":[{"name":"wp","href":"https:\/\/api.w.org\/{rel}","templated":true}]}}