{"id":6957,"date":"2015-10-13T22:54:04","date_gmt":"2015-10-13T20:54:04","guid":{"rendered":"http:\/\/wp.unil.ch\/ateliercritique\/?page_id=6957"},"modified":"2025-02-06T16:54:51","modified_gmt":"2025-02-06T15:54:51","slug":"julia-cela","status":"publish","type":"page","link":"https:\/\/wp.unil.ch\/ateliercritique\/lequipe\/julia-cela\/","title":{"rendered":"Julia Cela"},"content":{"rendered":"<h4>Les critiques de Julia Cela :<\/h4>\n\n\n<div class=\"wp-block-query is-layout-flow wp-block-query-is-layout-flow\"><ul class=\"wp-block-post-template is-layout-flow wp-block-post-template-is-layout-flow\"><li class=\"wp-block-post post-13620 post type-post status-publish format-standard has-post-thumbnail category-critique category-expired category-spectacle category-teatre-du-grutli tag-johanna-codourey tag-julia-cela tag-oceane-forster\">\n<h6 class=\"liensouligne wp-block-post-title\"><a href=\"https:\/\/wp.unil.ch\/ateliercritique\/2019\/05\/happy-island\/\" target=\"_self\" >Biennale Out of the Box<\/a><\/h6>\n\n<div class=\"wp-block-post-excerpt\"><p class=\"wp-block-post-excerpt__excerpt\">Pour sa premi\u00e8re ann\u00e9e en partenariat avec la Biennale des Arts Inclusifs \u00ab\u00a0Out of the Box\u00a0\u00bb (du 20 au 26 mai 2019), l&rsquo;Atelier Critique propose une s\u00e9rie de critiques sur les diff\u00e9rents spectacles de danse du festival. Critiques par Julia\u2026 <\/p><\/div>\n\n\n<div style=\"height:1px\" aria-hidden=\"true\" class=\"wp-block-spacer\"><\/div>\n\n<\/li><li class=\"wp-block-post post-13532 post type-post status-publish format-standard has-post-thumbnail category-critique category-expired category-spectacle tag-fanny-agostino tag-ivan-garcia tag-johanna-codourey tag-julia-cela tag-maxime-hoffmann tag-oceane-forster\">\n<h6 class=\"liensouligne wp-block-post-title\"><a href=\"https:\/\/wp.unil.ch\/ateliercritique\/2019\/05\/ecritures-dramatiques-contemporaines-partenariat-avec-le-courrier\/\" target=\"_self\" >Ecritures dramatiques contemporaines \/ Partenariat avec Le Courrier<\/a><\/h6>\n\n<div class=\"wp-block-post-excerpt\"><p class=\"wp-block-post-excerpt__excerpt\">Deux lundis par mois, pendant l&rsquo;\u00e9t\u00e9 2018, Le Courrier a publi\u00e9 le texte in\u00e9dit (extrait) d\u2019un-e auteur-e de th\u00e9\u00e2tre suisse ou r\u00e9sidant en Suisse. L\u2019Atelier critique a eu acc\u00e8s \u00e0 la version int\u00e9grale de ces oeuvres et en propose aujourd&rsquo;hui\u2026 <\/p><\/div>\n\n\n<div style=\"height:1px\" aria-hidden=\"true\" class=\"wp-block-spacer\"><\/div>\n\n<\/li><li class=\"wp-block-post post-13490 post type-post status-publish format-standard has-post-thumbnail category-entretien tag-julia-cela\">\n<h6 class=\"liensouligne wp-block-post-title\"><a href=\"https:\/\/wp.unil.ch\/ateliercritique\/2019\/05\/entretien-avec-latifa-djerbi\/\" target=\"_self\" >Entretien avec Latifa Djerbi<\/a><\/h6>\n\n<div class=\"wp-block-post-excerpt\"><p class=\"wp-block-post-excerpt__excerpt\">Par Julia Cela . <\/p><\/div>\n\n\n<div style=\"height:1px\" aria-hidden=\"true\" class=\"wp-block-spacer\"><\/div>\n\n<\/li><li class=\"wp-block-post post-13508 post type-post status-publish format-standard has-post-thumbnail category-critique category-expired category-spectacle tag-julia-cela\">\n<h6 class=\"liensouligne wp-block-post-title\"><a href=\"https:\/\/wp.unil.ch\/ateliercritique\/2019\/05\/conjurer-le-mal\/\" target=\"_self\" >Conjurer le mal<\/a><\/h6>\n\n<div class=\"wp-block-post-excerpt\"><p class=\"wp-block-post-excerpt__excerpt\">Pi\u00e8ce de Latifa Djerbi \/ Compte-rendu par Julia Cela . <\/p><\/div>\n\n\n<div style=\"height:1px\" aria-hidden=\"true\" class=\"wp-block-spacer\"><\/div>\n\n<\/li><li class=\"wp-block-post post-13476 post type-post status-publish format-standard has-post-thumbnail category-critique category-expired category-spectacle category-theatre-de-vidy tag-amina-gudzevic tag-julia-cela\">\n<h6 class=\"liensouligne wp-block-post-title\"><a href=\"https:\/\/wp.unil.ch\/ateliercritique\/2019\/04\/retour-a-reims\/\" target=\"_self\" >Retour \u00e0 Reims<\/a><\/h6>\n\n<div class=\"wp-block-post-excerpt\"><p class=\"wp-block-post-excerpt__excerpt\">D\u2019apr\u00e8s le texte de Didier Eribon \/ Mise en sc\u00e8ne de Thomas Ostermeier \/ Th\u00e9\u00e2tre de Vidy \/ du 28 mai au 15 juin 2019 \/ Critiques par Amina Gudzevic et Julia Cela. <\/p><\/div>\n\n\n<div style=\"height:1px\" aria-hidden=\"true\" class=\"wp-block-spacer\"><\/div>\n\n<\/li><li class=\"wp-block-post post-13467 post type-post status-publish format-standard has-post-thumbnail category-critique category-expired category-spectacle category-theatre-de-vidy tag-julia-cela\">\n<h6 class=\"liensouligne wp-block-post-title\"><a href=\"https:\/\/wp.unil.ch\/ateliercritique\/2019\/04\/piece\/\" target=\"_self\" >Pi\u00e8ce<\/a><\/h6>\n\n<div class=\"wp-block-post-excerpt\"><p class=\"wp-block-post-excerpt__excerpt\">Cr\u00e9ation par le Collectif GREMAUD\/GURTNER\/BOVAY \/ Th\u00e9\u00e2tre de Vidy \/ du 22 au 31 mars 2019 \/ Critique par Julia Cela. <\/p><\/div>\n\n\n<div style=\"height:1px\" aria-hidden=\"true\" class=\"wp-block-spacer\"><\/div>\n\n<\/li><li class=\"wp-block-post post-13451 post type-post status-publish format-standard has-post-thumbnail category-critique category-expired category-theatre-de-larsenic category-spectacle tag-julia-cela tag-noe-maggetti\">\n<h6 class=\"liensouligne wp-block-post-title\"><a href=\"https:\/\/wp.unil.ch\/ateliercritique\/2019\/04\/maintaining-stranger\/\" target=\"_self\" >Maintaining Stranger<\/a><\/h6>\n\n<div class=\"wp-block-post-excerpt\"><p class=\"wp-block-post-excerpt__excerpt\">Texte de Jen Rosenblit \/ Cr\u00e9ation et mise en sc\u00e8ne de Simone Aughterlony \/ Arsenic \u2013 Centre d\u2019art sc\u00e9nique contemporain \/ du 4 au 7 avril 2019 \/ Critiques par No\u00e9 Maggetti et Julia Cela. <\/p><\/div>\n\n\n<div style=\"height:1px\" aria-hidden=\"true\" class=\"wp-block-spacer\"><\/div>\n\n<\/li><li class=\"wp-block-post post-13409 post type-post status-publish format-standard has-post-thumbnail category-critique category-expired category-spectacle category-theatre-de-vidy tag-julia-cela tag-lucas-lauth\">\n<h6 class=\"liensouligne wp-block-post-title\"><a href=\"https:\/\/wp.unil.ch\/ateliercritique\/2019\/04\/una-costilla-sobre-la-mesa-madre-2\/\" target=\"_self\" >Una Costilla Sobre la Mesa : Madre<\/a><\/h6>\n\n<div class=\"wp-block-post-excerpt\"><p class=\"wp-block-post-excerpt__excerpt\">Cr\u00e9ation et mise en sc\u00e8ne d\u2019Ang\u00e9lica Liddell \/ Th\u00e9\u00e2tre de Vidy \/ du 27 mars au 6 avril 2019 \/ Critiques par Lucas Lauth et Julia Cela.\u00a0 <\/p><\/div>\n\n\n<div style=\"height:1px\" aria-hidden=\"true\" class=\"wp-block-spacer\"><\/div>\n\n<\/li><li class=\"wp-block-post post-13347 post type-post status-publish format-standard has-post-thumbnail category-critique category-expired category-theatre-de-larsenic category-spectacle tag-amina-gudzevic tag-brice-torriani tag-ivan-garcia tag-jade-lambelet tag-julia-cela tag-noe-maggetti tag-oceane-forster tag-sarah-juilland tag-thibault-hugentobler\">\n<h6 class=\"liensouligne wp-block-post-title\"><a href=\"https:\/\/wp.unil.ch\/ateliercritique\/2019\/04\/imposture-posthume\/\" target=\"_self\" >Imposture posthume<\/a><\/h6>\n\n<div class=\"wp-block-post-excerpt\"><p class=\"wp-block-post-excerpt__excerpt\">Texte, mise en sc\u00e8ne et jeu de Jo\u00ebl Maillard \/ Arsenic \u2013 Centre d\u2019art sc\u00e9nique contemporain \/ du 26 au 31 mars 2019 \/ Critiques par Laurane Quartenoud, Thibault Hugentobler, Amina Gudzevic, Jade Lambelet, Sarah Juilland, Ivan Garcia, Brice Torriani,\u2026 <\/p><\/div>\n\n\n<div style=\"height:1px\" aria-hidden=\"true\" class=\"wp-block-spacer\"><\/div>\n\n<\/li><li class=\"wp-block-post post-13234 post type-post status-publish format-standard has-post-thumbnail category-critique category-expired category-la-grange category-spectacle tag-julia-cela tag-maxime-hoffmann\">\n<h6 class=\"liensouligne wp-block-post-title\"><a href=\"https:\/\/wp.unil.ch\/ateliercritique\/2019\/03\/promothee-enchaine\/\" target=\"_self\" >Prom\u00e9th\u00e9e encha\u00een\u00e9<\/a><\/h6>\n\n<div class=\"wp-block-post-excerpt\"><p class=\"wp-block-post-excerpt__excerpt\">D\u2019apr\u00e8s Heiner M\u00fcller \/ Mise en sc\u00e8ne de Vincent Bonillo \/ La Grange de Dorigny \/ du 5 au 10 mars 2019 \/ Critiques par Maxime Hoffmann et Julia Cela.\u00a0 <\/p><\/div>\n\n\n<div style=\"height:1px\" aria-hidden=\"true\" class=\"wp-block-spacer\"><\/div>\n\n<\/li><li class=\"wp-block-post post-12543 post type-post status-publish format-standard has-post-thumbnail category-critique category-expired category-spectacle category-theatre-de-vidy tag-amalia-devaud tag-basile-seppey tag-fanny-utiger tag-julia-cela tag-lucien-zuchuat tag-pierre-paul-bianchi tag-sarah-juilland\">\n<h6 class=\"liensouligne wp-block-post-title\"><a href=\"https:\/\/wp.unil.ch\/ateliercritique\/2018\/04\/cargo-congo-lausanne\/\" target=\"_self\" >Cargo Congo-Lausanne<\/a><\/h6>\n\n<div class=\"wp-block-post-excerpt\"><p class=\"wp-block-post-excerpt__excerpt\">Cr\u00e9ation Rimini Protokoll \/ Th\u00e9\u00e2tre de Vidy \/ du 1er f\u00e9vrier au 23 mars 2018 \/ Critiques par Lucien Zuchuat, Basile Nelis, Fanny Utiger, Pierre-Paul Bianchi, Julie Cela, Sarah Juilland, Amalia D\u00e9vaud et Basile Seppey. <\/p><\/div>\n\n\n<div style=\"height:1px\" aria-hidden=\"true\" class=\"wp-block-spacer\"><\/div>\n\n<\/li><li class=\"wp-block-post post-12344 post type-post status-publish format-standard has-post-thumbnail category-critique category-expired category-maison-saint-gervais category-spectacle tag-julia-cela tag-thomas-flahaut\">\n<h6 class=\"liensouligne wp-block-post-title\"><a href=\"https:\/\/wp.unil.ch\/ateliercritique\/2018\/01\/quoi-maintenant\/\" target=\"_self\" >Quoi\/Maintenant<\/a><\/h6>\n\n<div class=\"wp-block-post-excerpt\"><p class=\"wp-block-post-excerpt__excerpt\">Par le collectif Tg STAN \/ Th\u00e9\u00e2tre Saint-Gervais \/ du 11 au 13 janvier 2018 \/ Critiques par Thomas Flahaut et Julia Cela. <\/p><\/div>\n\n\n<div style=\"height:1px\" aria-hidden=\"true\" class=\"wp-block-spacer\"><\/div>\n\n<\/li><li class=\"wp-block-post post-12062 post type-post status-publish format-standard has-post-thumbnail category-critique category-expired category-theatre-de-larsenic category-spectacle tag-julia-cela tag-laure-salathe\">\n<h6 class=\"liensouligne wp-block-post-title\"><a href=\"https:\/\/wp.unil.ch\/ateliercritique\/2017\/11\/where-do-you-wanna-go-today\/\" target=\"_self\" >Where Do You Wanna Go Today\u00a0?<\/a><\/h6>\n\n<div class=\"wp-block-post-excerpt\"><p class=\"wp-block-post-excerpt__excerpt\">De et avec PRICE (Mathias Ringgenberg) \/ L\u2019Arsenic \/ du 7 au 12 novembre 2017 \/\u00a0 Critiques par Julia Cela et Laure Salath\u00e9.\u00a0 <\/p><\/div>\n\n\n<div style=\"height:1px\" aria-hidden=\"true\" class=\"wp-block-spacer\"><\/div>\n\n<\/li><li class=\"wp-block-post post-11974 post type-post status-publish format-standard has-post-thumbnail category-critique category-expired category-le-petit-theatre category-spectacle tag-julia-cela\">\n<h6 class=\"liensouligne wp-block-post-title\"><a href=\"https:\/\/wp.unil.ch\/ateliercritique\/2017\/10\/hocus-pocus\/\" target=\"_self\" >Hocus Pocus<\/a><\/h6>\n\n<div class=\"wp-block-post-excerpt\"><p class=\"wp-block-post-excerpt__excerpt\">Par la Cie Philippe Saire \/ Le Petit Th\u00e9\u00e2tre \/ du 25 octobre au 5 novembre 2017 \/ Critique par Julia Cela.\u00a0 <\/p><\/div>\n\n\n<div style=\"height:1px\" aria-hidden=\"true\" class=\"wp-block-spacer\"><\/div>\n\n<\/li><li class=\"wp-block-post post-11923 post type-post status-publish format-standard has-post-thumbnail category-critique category-expired category-spectacle category-tkm-theatre-kleber-meleau tag-aurelien-maignant tag-coralie-gil tag-julia-cela tag-laure-salathe tag-lucien-zuchuat tag-pierre-paul-bianchi tag-roberta-alberico tag-thomas-flahaut\">\n<h6 class=\"liensouligne wp-block-post-title\"><a href=\"https:\/\/wp.unil.ch\/ateliercritique\/2017\/10\/romeo-et-juliette\/\" target=\"_self\" >Rom\u00e9o et Juliette<\/a><\/h6>\n\n<div class=\"wp-block-post-excerpt\"><p class=\"wp-block-post-excerpt__excerpt\">Rom\u00e9o et Juliette \/ De William Shakespeare \/ Mise en sc\u00e8ne d\u2019Omar Porras \/ TKM \/ du 19 septembre au 8 octobre 2017 \/ Critiques par Aur\u00e9lien Maignant, Coralie Gil, Thomas Flahaut, Laure Salath\u00e9, Lucien Zuchuat, Pierre-Paul Bianchi, Julia Cela\u2026 <\/p><\/div>\n\n\n<div style=\"height:1px\" aria-hidden=\"true\" class=\"wp-block-spacer\"><\/div>\n\n<\/li><li class=\"wp-block-post post-8189 post type-post status-publish format-standard has-post-thumbnail category-critique category-expired category-theatre-de-larsenic category-spectacle tag-jehanne-denogent tag-julia-cela\">\n<h6 class=\"liensouligne wp-block-post-title\"><a href=\"https:\/\/wp.unil.ch\/ateliercritique\/2016\/05\/place\/\" target=\"_self\" >Place<\/a><\/h6>\n\n<div class=\"wp-block-post-excerpt\"><p class=\"wp-block-post-excerpt__excerpt\">Cr\u00e9ation pluridisciplinaire de La Section Lopez \/ mise en sc\u00e8ne et \u00e9criture Adina Secretan \/ Arsenic \/ du 20 au 26 mai \/ Critiques par Julia Cela et Jehanne Denogent. <\/p><\/div>\n\n\n<div style=\"height:1px\" aria-hidden=\"true\" class=\"wp-block-spacer\"><\/div>\n\n<\/li><li class=\"wp-block-post post-7942 post type-post status-publish format-standard has-post-thumbnail category-critique category-expired category-maison-saint-gervais category-spectacle tag-julia-cela\">\n<h6 class=\"liensouligne wp-block-post-title\"><a href=\"https:\/\/wp.unil.ch\/ateliercritique\/2016\/03\/recyclage-autres-petites-philosophies-suspectes\/\" target=\"_self\" >Recyclage et autres petites philosophies suspectes<\/a><\/h6>\n\n<div class=\"wp-block-post-excerpt\"><p class=\"wp-block-post-excerpt__excerpt\">Conception Katy Hernan et Adrien Rupp \/ par la Compagnie Zooscope \/ Th\u00e9\u00e2tre St-Gervais \/ du 15 au 26 mars 2016 \/ Critique par Julia Cela. <\/p><\/div>\n\n\n<div style=\"height:1px\" aria-hidden=\"true\" class=\"wp-block-spacer\"><\/div>\n\n<\/li><li class=\"wp-block-post post-7902 post type-post status-publish format-standard has-post-thumbnail category-critique category-expired category-spectacle category-theatre-de-vidy tag-camille-logoz tag-julia-cela\">\n<h6 class=\"liensouligne wp-block-post-title\"><a href=\"https:\/\/wp.unil.ch\/ateliercritique\/2016\/03\/sommes-repus-repentis\/\" target=\"_self\" >Nous sommes repus mais pas repentis<\/a><\/h6>\n\n<div class=\"wp-block-post-excerpt\"><p class=\"wp-block-post-excerpt__excerpt\">\u00c0 partir de D\u00e9jeuner chez Wittgenstein de Thomas Bernhard \/ mise en sc\u00e8ne S\u00e9verine Chavrier \/ Th\u00e9\u00e2tre de Vidy \/ du 9 au 20 mars 2016 \/ Critiques par Julia Cela et Camille Logoz. <\/p><\/div>\n\n\n<div style=\"height:1px\" aria-hidden=\"true\" class=\"wp-block-spacer\"><\/div>\n\n<\/li><li class=\"wp-block-post post-7745 post type-post status-publish format-standard has-post-thumbnail category-critique category-expired category-theatre-comedie category-spectacle tag-julia-cela\">\n<h6 class=\"liensouligne wp-block-post-title\"><a href=\"https:\/\/wp.unil.ch\/ateliercritique\/2016\/01\/le-sorelle-macaluso\/\" target=\"_self\" >Le Sorelle Macaluso<\/a><\/h6>\n\n<div class=\"wp-block-post-excerpt\"><p class=\"wp-block-post-excerpt__excerpt\">Texte et mise en sc\u00e8ne Emma Dante \/ La Com\u00e9die (Gen\u00e8ve) \/ du 26 au 31 janvier 2016 \/ Critique par Julia Cela. <\/p><\/div>\n\n\n<div style=\"height:1px\" aria-hidden=\"true\" class=\"wp-block-spacer\"><\/div>\n\n<\/li><li class=\"wp-block-post post-6961 post type-post status-publish format-standard has-post-thumbnail category-critique category-expired category-spectacle category-theatre-am-stram-gram-geneve tag-julia-cela\">\n<h6 class=\"liensouligne wp-block-post-title\"><a href=\"https:\/\/wp.unil.ch\/ateliercritique\/2015\/10\/munchhausen\/\" target=\"_self\" >M\u00fcnchhausen ?<\/a><\/h6>\n\n<div class=\"wp-block-post-excerpt\"><p class=\"wp-block-post-excerpt__excerpt\">De Fabrice Melquiot \/ mise en sc\u00e8ne Joan Mompart \/ Th\u00e9\u00e2tre Am Stram Gram\/ \u00a0du 29 septembre au 18 octobre\/ Critique par Julia Cela . <\/p><\/div>\n\n\n<div style=\"height:1px\" aria-hidden=\"true\" class=\"wp-block-spacer\"><\/div>\n\n<\/li><\/ul><\/div>\n","protected":false},"excerpt":{"rendered":"<p>Les critiques de Julia Cela :<\/p>\n","protected":false},"author":1001220,"featured_media":0,"parent":2716,"menu_order":0,"comment_status":"closed","ping_status":"closed","template":"","meta":{"_seopress_robots_primary_cat":"","_seopress_titles_title":"","_seopress_titles_desc":"","_seopress_robots_index":"","footnotes":""},"class_list":["post-6957","page","type-page","status-publish"],"_links":{"self":[{"href":"https:\/\/wp.unil.ch\/ateliercritique\/wp-json\/wp\/v2\/pages\/6957","targetHints":{"allow":["GET"]}}],"collection":[{"href":"https:\/\/wp.unil.ch\/ateliercritique\/wp-json\/wp\/v2\/pages"}],"about":[{"href":"https:\/\/wp.unil.ch\/ateliercritique\/wp-json\/wp\/v2\/types\/page"}],"author":[{"embeddable":true,"href":"https:\/\/wp.unil.ch\/ateliercritique\/wp-json\/wp\/v2\/users\/1001220"}],"replies":[{"embeddable":true,"href":"https:\/\/wp.unil.ch\/ateliercritique\/wp-json\/wp\/v2\/comments?post=6957"}],"version-history":[{"count":1,"href":"https:\/\/wp.unil.ch\/ateliercritique\/wp-json\/wp\/v2\/pages\/6957\/revisions"}],"predecessor-version":[{"id":22259,"href":"https:\/\/wp.unil.ch\/ateliercritique\/wp-json\/wp\/v2\/pages\/6957\/revisions\/22259"}],"up":[{"embeddable":true,"href":"https:\/\/wp.unil.ch\/ateliercritique\/wp-json\/wp\/v2\/pages\/2716"}],"wp:attachment":[{"href":"https:\/\/wp.unil.ch\/ateliercritique\/wp-json\/wp\/v2\/media?parent=6957"}],"curies":[{"name":"wp","href":"https:\/\/api.w.org\/{rel}","templated":true}]}}