{"id":6948,"date":"2015-10-12T08:35:51","date_gmt":"2015-10-12T06:35:51","guid":{"rendered":"http:\/\/wp.unil.ch\/ateliercritique\/?page_id=6948"},"modified":"2025-02-06T17:42:31","modified_gmt":"2025-02-06T16:42:31","slug":"waqas-mirza","status":"publish","type":"page","link":"https:\/\/wp.unil.ch\/ateliercritique\/lequipe\/waqas-mirza\/","title":{"rendered":"Waqas Mirza"},"content":{"rendered":"<h4>Les critiques de Waqas Mirza :<\/h4>\n\n\n<div class=\"wp-block-query is-layout-flow wp-block-query-is-layout-flow\"><ul class=\"wp-block-post-template is-layout-flow wp-block-post-template-is-layout-flow\"><li class=\"wp-block-post post-8120 post type-post status-publish format-standard has-post-thumbnail category-critique category-expired category-le-petit-theatre category-spectacle tag-fanny-utiger tag-waqas-mirza\">\n<h6 class=\"liensouligne wp-block-post-title\"><a href=\"https:\/\/wp.unil.ch\/ateliercritique\/2016\/05\/la-mort-marraine\/\" target=\"_self\" >La Mort-Marraine<\/a><\/h6>\n\n<div class=\"wp-block-post-excerpt\"><p class=\"wp-block-post-excerpt__excerpt\">Librement adapt\u00e9 du conte des fr\u00e8res Grimm par Anne Quesemand \/ Cie Mezza-Luna \/ Le Petit Th\u00e9\u00e2tre \/ du 27 avril au 1er mai 2016 \/ Critiques par Waqas Mirza et Fanny Utiger. <\/p><\/div>\n\n\n<div style=\"height:1px\" aria-hidden=\"true\" class=\"wp-block-spacer\"><\/div>\n\n<\/li><li class=\"wp-block-post post-8107 post type-post status-publish format-standard has-post-thumbnail category-critique category-expired category-spectacle category-theatre-du-passage tag-waqas-mirza\">\n<h6 class=\"liensouligne wp-block-post-title\"><a href=\"https:\/\/wp.unil.ch\/ateliercritique\/2016\/04\/berenice\/\" target=\"_self\" >B\u00e9r\u00e9nice<\/a><\/h6>\n\n<div class=\"wp-block-post-excerpt\"><p class=\"wp-block-post-excerpt__excerpt\">De Jean Racine \/ mise en sc\u00e8ne Olivier Chapelet \/\u00a0Th\u00e9\u00e2tre du Passage \/ 22 avril 2016 \/ Critique par Waqas Mirza. <\/p><\/div>\n\n\n<div style=\"height:1px\" aria-hidden=\"true\" class=\"wp-block-spacer\"><\/div>\n\n<\/li><li class=\"wp-block-post post-8091 post type-post status-publish format-standard has-post-thumbnail category-critique category-expired category-le-petit-theatre category-spectacle tag-marie-reymond tag-waqas-mirza\">\n<h6 class=\"liensouligne wp-block-post-title\"><a href=\"https:\/\/wp.unil.ch\/ateliercritique\/2016\/04\/sugungga\/\" target=\"_self\" >Sugungga<\/a><\/h6>\n\n<div class=\"wp-block-post-excerpt\"><p class=\"wp-block-post-excerpt__excerpt\">Conception YoungSoon Cho Jacquet \/ par la Cie Nuna \/ Le Petit Th\u00e9\u00e2tre \/ du 13 au 24 avril 2016 \/ Critiques par Waqas Mirza et Marie Reymond. <\/p><\/div>\n\n\n<div style=\"height:1px\" aria-hidden=\"true\" class=\"wp-block-spacer\"><\/div>\n\n<\/li><li class=\"wp-block-post post-7955 post type-post status-publish format-standard has-post-thumbnail category-critique category-expired category-spectacle category-theatre-de-vidy tag-camille-logoz tag-fanny-utiger tag-nadia-hachemi tag-suzanne-crettex tag-waqas-mirza\">\n<h6 class=\"liensouligne wp-block-post-title\"><a href=\"https:\/\/wp.unil.ch\/ateliercritique\/2016\/03\/la-mouette\/\" target=\"_self\" >La Mouette<\/a><\/h6>\n\n<div class=\"wp-block-post-excerpt\"><p class=\"wp-block-post-excerpt__excerpt\">D&rsquo;Anton Tchekhov \/ mise en sc\u00e8ne Thomas Ostermeier \/ Th\u00e9\u00e2tre de Vidy \/ du 26 f\u00e9vrier au 13 mars 2016 \/ Critiques par Camille Logoz, Suzanne Crettex, Nadia Hachemi, Fanny Utiger et Waqas Mirza. <\/p><\/div>\n\n\n<div style=\"height:1px\" aria-hidden=\"true\" class=\"wp-block-spacer\"><\/div>\n\n<\/li><li class=\"wp-block-post post-7934 post type-post status-publish format-standard has-post-thumbnail category-critique category-expired category-le-petit-theatre category-spectacle tag-valmir-rexhepi tag-waqas-mirza\">\n<h6 class=\"liensouligne wp-block-post-title\"><a href=\"https:\/\/wp.unil.ch\/ateliercritique\/2016\/03\/les-fondateurs-font-des-enfants\/\" target=\"_self\" >Les Fondateurs font des enfants<\/a><\/h6>\n\n<div class=\"wp-block-post-excerpt\"><p class=\"wp-block-post-excerpt__excerpt\">Conception de Zo\u00e9 Cadotsch et Julien Basler \/ Le Petit Th\u00e9\u00e2tre \/ du 16 au 20 mars 2016 \/ Critiques par Valmi Rexhepi et Waqas Mirza. <\/p><\/div>\n\n\n<div style=\"height:1px\" aria-hidden=\"true\" class=\"wp-block-spacer\"><\/div>\n\n<\/li><li class=\"wp-block-post post-7616 post type-post status-publish format-standard has-post-thumbnail category-critique category-expired category-spectacle category-theatre-am-stram-gram-geneve tag-lauriane-pointet tag-waqas-mirza\">\n<h6 class=\"liensouligne wp-block-post-title\"><a href=\"https:\/\/wp.unil.ch\/ateliercritique\/2015\/12\/cette-annee-noel-est-annule\/\" target=\"_self\" >Cette ann\u00e9e No\u00ebl est annul\u00e9<\/a><\/h6>\n\n<div class=\"wp-block-post-excerpt\"><p class=\"wp-block-post-excerpt__excerpt\">Carte blanche \u00e0 Robert Sandoz \/ Laboratoire spontan\u00e9 du Th\u00e9\u00e2tre Am Stram Gram \/ du 15 au 20 d\u00e9cembre 2015 \/ Critiques par Waqas Mirza et Lauriane Pointet. <\/p><\/div>\n\n\n<div style=\"height:1px\" aria-hidden=\"true\" class=\"wp-block-spacer\"><\/div>\n\n<\/li><li class=\"wp-block-post post-7565 post type-post status-publish format-standard has-post-thumbnail category-critique category-expired category-spectacle category-tkm-theatre-kleber-meleau tag-lauriane-pointet tag-waqas-mirza\">\n<h6 class=\"liensouligne wp-block-post-title\"><a href=\"https:\/\/wp.unil.ch\/ateliercritique\/2015\/12\/on-ne-badine-pas-avec-lamour-2\/\" target=\"_self\" >On ne badine pas avec l&rsquo;amour<\/a><\/h6>\n\n<div class=\"wp-block-post-excerpt\"><p class=\"wp-block-post-excerpt__excerpt\">D\u2019Alfred de Musset \/ mise en sc\u00e8ne Anne Schwaller \/ TKM \/ du 1er au 23 d\u00e9cembre 2015 \/ Critiques par Lauriane Pointet et Waqas Mirza. <\/p><\/div>\n\n\n<div style=\"height:1px\" aria-hidden=\"true\" class=\"wp-block-spacer\"><\/div>\n\n<\/li><li class=\"wp-block-post post-7511 post type-post status-publish format-standard has-post-thumbnail category-critique category-expired category-le-reflet category-spectacle tag-marie-reymond tag-waqas-mirza\">\n<h6 class=\"liensouligne wp-block-post-title\"><a href=\"https:\/\/wp.unil.ch\/ateliercritique\/2015\/11\/le-nozze-di-figaro\/\" target=\"_self\" >Le nozze di Figaro<\/a><\/h6>\n\n<div class=\"wp-block-post-excerpt\"><p class=\"wp-block-post-excerpt__excerpt\">De Wolfgang Amadeus Mozart, \u00e0 partir du livret de Lorenzo da Ponte \/ mise en sc\u00e8ne Galin Stoev \/ direction musicale Alexis Kossenko \/ Th\u00e9\u00e2tre du Reflet (Vevey) \/ 24 novembre 2015 \/ Critiques par Waqas Mirza et Marie Reymond. <\/p><\/div>\n\n\n<div style=\"height:1px\" aria-hidden=\"true\" class=\"wp-block-spacer\"><\/div>\n\n<\/li><li class=\"wp-block-post post-7395 post type-post status-publish format-standard has-post-thumbnail category-critique category-expired category-la-grange category-spectacle tag-justine-favre tag-waqas-mirza\">\n<h6 class=\"liensouligne wp-block-post-title\"><a href=\"https:\/\/wp.unil.ch\/ateliercritique\/2015\/11\/freres-ennemis-la-thebaide\/\" target=\"_self\" >Fr\u00e8res ennemis (La Th\u00e9ba\u00efde)<\/a><\/h6>\n\n<div class=\"wp-block-post-excerpt\"><p class=\"wp-block-post-excerpt__excerpt\">De Jean Racine \/ mise en sc\u00e8ne C\u00e9dric Dorier \/ La Grange de Dorigny \/ du 11 au 15 novembre 2015 \/ Critiques par Waqas Mirza et Justine Favre. <\/p><\/div>\n\n\n<div style=\"height:1px\" aria-hidden=\"true\" class=\"wp-block-spacer\"><\/div>\n\n<\/li><\/ul><\/div>\n","protected":false},"excerpt":{"rendered":"<p>Les critiques de Waqas Mirza :<\/p>\n","protected":false},"author":1001220,"featured_media":0,"parent":2716,"menu_order":0,"comment_status":"closed","ping_status":"closed","template":"","meta":{"_seopress_robots_primary_cat":"","_seopress_titles_title":"","_seopress_titles_desc":"","_seopress_robots_index":"","footnotes":""},"class_list":["post-6948","page","type-page","status-publish"],"_links":{"self":[{"href":"https:\/\/wp.unil.ch\/ateliercritique\/wp-json\/wp\/v2\/pages\/6948","targetHints":{"allow":["GET"]}}],"collection":[{"href":"https:\/\/wp.unil.ch\/ateliercritique\/wp-json\/wp\/v2\/pages"}],"about":[{"href":"https:\/\/wp.unil.ch\/ateliercritique\/wp-json\/wp\/v2\/types\/page"}],"author":[{"embeddable":true,"href":"https:\/\/wp.unil.ch\/ateliercritique\/wp-json\/wp\/v2\/users\/1001220"}],"replies":[{"embeddable":true,"href":"https:\/\/wp.unil.ch\/ateliercritique\/wp-json\/wp\/v2\/comments?post=6948"}],"version-history":[{"count":1,"href":"https:\/\/wp.unil.ch\/ateliercritique\/wp-json\/wp\/v2\/pages\/6948\/revisions"}],"predecessor-version":[{"id":22321,"href":"https:\/\/wp.unil.ch\/ateliercritique\/wp-json\/wp\/v2\/pages\/6948\/revisions\/22321"}],"up":[{"embeddable":true,"href":"https:\/\/wp.unil.ch\/ateliercritique\/wp-json\/wp\/v2\/pages\/2716"}],"wp:attachment":[{"href":"https:\/\/wp.unil.ch\/ateliercritique\/wp-json\/wp\/v2\/media?parent=6948"}],"curies":[{"name":"wp","href":"https:\/\/api.w.org\/{rel}","templated":true}]}}