{"id":6909,"date":"2015-10-10T14:16:10","date_gmt":"2015-10-10T12:16:10","guid":{"rendered":"http:\/\/wp.unil.ch\/ateliercritique\/?page_id=6909"},"modified":"2025-02-06T17:00:19","modified_gmt":"2025-02-06T16:00:19","slug":"suzanne-crettex","status":"publish","type":"page","link":"https:\/\/wp.unil.ch\/ateliercritique\/lequipe\/suzanne-crettex\/","title":{"rendered":"Suzanne Crettex"},"content":{"rendered":"<h4><a href=\"https:\/\/wp.unil.ch\/ateliercritique\/files\/2015\/10\/suzanneCrettex.jpg\"><img loading=\"lazy\" decoding=\"async\" class=\"alignright size-medium wp-image-6922\" src=\"https:\/\/wp.unil.ch\/ateliercritique\/files\/2015\/10\/suzanneCrettex-150x200.jpg\" alt=\"suzanneCrettex\" width=\"150\" height=\"200\" \/><\/a><\/h4>\n<p align=\"justify\">Se pr\u00e9senter en quelques lignes\u00a0? Il faudrait, pour ce faire, dire d\u2019abord tout ce qui me rapproche des arts du spectacle. Mes \u00e9tudes, tout d\u2019abord\u00a0: \u00e9tant \u00e9tudiante en master de fran\u00e7ais et histoire de l\u2019art, j\u2019ai pu approfondir ma passion pour la litt\u00e9rature \u2013 en premier lieu le th\u00e9\u00e2tre dans la part qu\u2019il laisse \u00e0 l\u2019imaginaire. En effet, le langage me fascine, quand il est port\u00e9 par des voix, des corps et des histoires. Il faudrait peut-\u00eatre taire ensuite que cet univers des planches m\u2019est encore un peu \u00e9tranger, que je n\u2019ai jamais jou\u00e9 moi-m\u00eame sur sc\u00e8ne, et que je suis bien plus famili\u00e8re de la trag\u00e9die classique que de la performance ultra-contemporaine. Mais ajouter, surtout, et c\u2019est ce qui importe le plus, que je suis curieuse et enthousiaste \u00e0 l\u2019id\u00e9e de faire de nouvelles d\u00e9couvertes\u2026 et surtout, de les partager avec vous\u00a0!<\/p>\n<h4>Les critiques de Suzanne Crettex :<\/h4>\n\n\n<div class=\"wp-block-query is-layout-flow wp-block-query-is-layout-flow\"><ul class=\"wp-block-post-template is-layout-flow wp-block-post-template-is-layout-flow\"><li class=\"wp-block-post post-8068 post type-post status-publish format-standard has-post-thumbnail category-critique category-expired category-spectacle category-theatre-les-halles tag-suzanne-crettex\">\n<h6 class=\"liensouligne wp-block-post-title\"><a href=\"https:\/\/wp.unil.ch\/ateliercritique\/2016\/04\/la-suppliante\/\" target=\"_self\" >La Suppliante<\/a><\/h6>\n\n<div class=\"wp-block-post-excerpt\"><p class=\"wp-block-post-excerpt__excerpt\">De Bastien Fournier \/ mise en sc\u00e8ne Marine Billon \/ par la Compagnie du Homard \/ TLH (Sierre) \/ du 14 au 24 avril 2016 \/ Critique par Suzanne Crettex. <\/p><\/div>\n\n\n<div style=\"height:1px\" aria-hidden=\"true\" class=\"wp-block-spacer\"><\/div>\n\n<\/li><li class=\"wp-block-post post-8020 post type-post status-publish format-standard has-post-thumbnail category-critique category-expired category-petitheatre-sion category-spectacle tag-sabrina-roh tag-suzanne-crettex\">\n<h6 class=\"liensouligne wp-block-post-title\"><a href=\"https:\/\/wp.unil.ch\/ateliercritique\/2016\/04\/le-dit-digor-cierda\/\" target=\"_self\" >Le dit d&rsquo;Igor Cierda<\/a><\/h6>\n\n<div class=\"wp-block-post-excerpt\"><p class=\"wp-block-post-excerpt__excerpt\">Par la compagnie eohem \/ Petith\u00e9\u00e2tre \/ du 8 au 16 avril 2016 \/ Critiques par Sabrina Roh et Suzanne Crettex. <\/p><\/div>\n\n\n<div style=\"height:1px\" aria-hidden=\"true\" class=\"wp-block-spacer\"><\/div>\n\n<\/li><li class=\"wp-block-post post-7955 post type-post status-publish format-standard has-post-thumbnail category-critique category-expired category-spectacle category-theatre-de-vidy tag-camille-logoz tag-fanny-utiger tag-nadia-hachemi tag-suzanne-crettex tag-waqas-mirza\">\n<h6 class=\"liensouligne wp-block-post-title\"><a href=\"https:\/\/wp.unil.ch\/ateliercritique\/2016\/03\/la-mouette\/\" target=\"_self\" >La Mouette<\/a><\/h6>\n\n<div class=\"wp-block-post-excerpt\"><p class=\"wp-block-post-excerpt__excerpt\">D&rsquo;Anton Tchekhov \/ mise en sc\u00e8ne Thomas Ostermeier \/ Th\u00e9\u00e2tre de Vidy \/ du 26 f\u00e9vrier au 13 mars 2016 \/ Critiques par Camille Logoz, Suzanne Crettex, Nadia Hachemi, Fanny Utiger et Waqas Mirza. <\/p><\/div>\n\n\n<div style=\"height:1px\" aria-hidden=\"true\" class=\"wp-block-spacer\"><\/div>\n\n<\/li><li class=\"wp-block-post post-7828 post type-post status-publish format-standard has-post-thumbnail category-critique category-expired category-la-grange category-spectacle tag-josefa-terribilini tag-suzanne-crettex\">\n<h6 class=\"liensouligne wp-block-post-title\"><a href=\"https:\/\/wp.unil.ch\/ateliercritique\/2016\/02\/imaginer-les-lezards-heureux\/\" target=\"_self\" >Imaginer les l\u00e9zards heureux<\/a><\/h6>\n\n<div class=\"wp-block-post-excerpt\"><p class=\"wp-block-post-excerpt__excerpt\">D\u2019apr\u00e8s le roman L\u2019\u00cele des condamn\u00e9s de Stig Dagerman \/ mise en sc\u00e8ne Ludovic Chazaud \/ par la Cie Jeanne F\u00f6hn \/ Th\u00e9\u00e2tre La Grange de Dorigny \/ du 16 au 20 f\u00e9vrier 2016 \/ Critiques par Suzanne Crettex et\u2026 <\/p><\/div>\n\n\n<div style=\"height:1px\" aria-hidden=\"true\" class=\"wp-block-spacer\"><\/div>\n\n<\/li><li class=\"wp-block-post post-7782 post type-post status-publish format-standard has-post-thumbnail category-critique category-expired category-spectacle category-tkm-theatre-kleber-meleau tag-jonathan-hofer tag-suzanne-crettex\">\n<h6 class=\"liensouligne wp-block-post-title\"><a href=\"https:\/\/wp.unil.ch\/ateliercritique\/2016\/02\/la-tragedie-comique\/\" target=\"_self\" >La Trag\u00e9die comique<\/a><\/h6>\n\n<div class=\"wp-block-post-excerpt\"><p class=\"wp-block-post-excerpt__excerpt\">De Yves Hunstad et Eve Bonfanti \/ mise en sc\u00e8ne Eve Bonfanti \/ TKM \/ du 2 au 7 f\u00e9vrier 2016 \/ Critiques par Jonathan Hofer et Suzanne Crettex. <\/p><\/div>\n\n\n<div style=\"height:1px\" aria-hidden=\"true\" class=\"wp-block-spacer\"><\/div>\n\n<\/li><li class=\"wp-block-post post-7571 post type-post status-publish format-standard has-post-thumbnail category-critique category-expired category-la-grange category-spectacle tag-emilie-roch tag-suzanne-crettex\">\n<h6 class=\"liensouligne wp-block-post-title\"><a href=\"https:\/\/wp.unil.ch\/ateliercritique\/2015\/12\/une-eneide\/\" target=\"_self\" >Une \u00c9n\u00e9ide<\/a><\/h6>\n\n<div class=\"wp-block-post-excerpt\"><p class=\"wp-block-post-excerpt__excerpt\">D\u2019apr\u00e8s L\u2019\u00c9n\u00e9ide de Virgile \/ conception et mise en sc\u00e8ne Sandra Amodio \/ texte et adaptation S\u00e9bastien Grosset \/ La Grange de Dorigny \/ du 3 au 5 d\u00e9cembre 2015 \/ Critiques par Emilie Roch et Suzanne Crettex. <\/p><\/div>\n\n\n<div style=\"height:1px\" aria-hidden=\"true\" class=\"wp-block-spacer\"><\/div>\n\n<\/li><li class=\"wp-block-post post-7380 post type-post status-publish format-standard has-post-thumbnail category-critique category-expired category-spectacle category-theatre-de-vidy tag-suzanne-crettex\">\n<h6 class=\"liensouligne wp-block-post-title\"><a href=\"https:\/\/wp.unil.ch\/ateliercritique\/2015\/11\/sul-concetto-di-volto-nel-figlio-di-dio\/\" target=\"_self\" >Sul concetto di volto nel figlio di Dio<\/a><\/h6>\n\n<div class=\"wp-block-post-excerpt\"><p class=\"wp-block-post-excerpt__excerpt\">De Romeo Castellucci \/ mise en sc\u00e8ne Romeo Castellucci \/ Th\u00e9\u00e2tre de Vidy \/ du 11 au 15 novembre 2015 \/ Critique par Suzanne Crettex. <\/p><\/div>\n\n\n<div style=\"height:1px\" aria-hidden=\"true\" class=\"wp-block-spacer\"><\/div>\n\n<\/li><li class=\"wp-block-post post-7322 post type-post status-publish format-standard has-post-thumbnail category-critique category-expired category-petitheatre-sion category-spectacle tag-josefa-terribilini tag-suzanne-crettex\">\n<h6 class=\"liensouligne wp-block-post-title\"><a href=\"https:\/\/wp.unil.ch\/ateliercritique\/2015\/11\/je-suis-antigone\/\" target=\"_self\" >Je suis Antigone<\/a><\/h6>\n\n<div class=\"wp-block-post-excerpt\"><p class=\"wp-block-post-excerpt__excerpt\">De Ella \/ par la compagnie Lunatik \/ mise en sc\u00e8ne Jean-Luc Borgeat et Elphie Pambu \/ Petith\u00e9\u00e2tre \/ du 5 au 15 novembre 2015 \/ Critiques par Suzanne Crettex et Josefa Terribilini. <\/p><\/div>\n\n\n<div style=\"height:1px\" aria-hidden=\"true\" class=\"wp-block-spacer\"><\/div>\n\n<\/li><li class=\"wp-block-post post-6897 post type-post status-publish format-standard has-post-thumbnail category-critique category-expired category-spectacle category-theatre-de-vidy tag-simon-falquet tag-suzanne-crettex\">\n<h6 class=\"liensouligne wp-block-post-title\"><a href=\"https:\/\/wp.unil.ch\/ateliercritique\/2015\/10\/repetition\/\" target=\"_self\" >R\u00e9p\u00e9tition<\/a><\/h6>\n\n<div class=\"wp-block-post-excerpt\"><p class=\"wp-block-post-excerpt__excerpt\">Mise en sc\u00e8ne Pascal Rambert \/ Th\u00e9\u00e2tre de Vidy (Lausanne) \/ du 6 au 9 octobre 2015 \/ Critiques par Simon Falquet et Suzanne Crettex . <\/p><\/div>\n\n\n<div style=\"height:1px\" aria-hidden=\"true\" class=\"wp-block-spacer\"><\/div>\n\n<\/li><\/ul><\/div>\n","protected":false},"excerpt":{"rendered":"<p>Se pr\u00e9senter en quelques lignes\u00a0? Il faudrait, pour ce faire, dire d\u2019abord tout ce qui me rapproche des arts du spectacle. Mes \u00e9tudes, tout d\u2019abord\u00a0: \u00e9tant \u00e9tudiante en master de &hellip; <\/p>\n","protected":false},"author":1001220,"featured_media":0,"parent":2716,"menu_order":0,"comment_status":"closed","ping_status":"closed","template":"","meta":{"_seopress_robots_primary_cat":"","_seopress_titles_title":"","_seopress_titles_desc":"","_seopress_robots_index":"","footnotes":""},"class_list":["post-6909","page","type-page","status-publish"],"_links":{"self":[{"href":"https:\/\/wp.unil.ch\/ateliercritique\/wp-json\/wp\/v2\/pages\/6909","targetHints":{"allow":["GET"]}}],"collection":[{"href":"https:\/\/wp.unil.ch\/ateliercritique\/wp-json\/wp\/v2\/pages"}],"about":[{"href":"https:\/\/wp.unil.ch\/ateliercritique\/wp-json\/wp\/v2\/types\/page"}],"author":[{"embeddable":true,"href":"https:\/\/wp.unil.ch\/ateliercritique\/wp-json\/wp\/v2\/users\/1001220"}],"replies":[{"embeddable":true,"href":"https:\/\/wp.unil.ch\/ateliercritique\/wp-json\/wp\/v2\/comments?post=6909"}],"version-history":[{"count":1,"href":"https:\/\/wp.unil.ch\/ateliercritique\/wp-json\/wp\/v2\/pages\/6909\/revisions"}],"predecessor-version":[{"id":22267,"href":"https:\/\/wp.unil.ch\/ateliercritique\/wp-json\/wp\/v2\/pages\/6909\/revisions\/22267"}],"up":[{"embeddable":true,"href":"https:\/\/wp.unil.ch\/ateliercritique\/wp-json\/wp\/v2\/pages\/2716"}],"wp:attachment":[{"href":"https:\/\/wp.unil.ch\/ateliercritique\/wp-json\/wp\/v2\/media?parent=6909"}],"curies":[{"name":"wp","href":"https:\/\/api.w.org\/{rel}","templated":true}]}}