{"id":6810,"date":"2015-10-05T22:48:02","date_gmt":"2015-10-05T20:48:02","guid":{"rendered":"http:\/\/wp.unil.ch\/ateliercritique\/?page_id=6810"},"modified":"2025-02-06T17:19:27","modified_gmt":"2025-02-06T16:19:27","slug":"nadia-hachemi","status":"publish","type":"page","link":"https:\/\/wp.unil.ch\/ateliercritique\/lequipe\/nadia-hachemi\/","title":{"rendered":"Nadia Hachemi"},"content":{"rendered":"<h4>Les critiques de Nadia Hachemi :<\/h4>\n\n\n<div class=\"wp-block-query is-layout-flow wp-block-query-is-layout-flow\"><ul class=\"wp-block-post-template is-layout-flow wp-block-post-template-is-layout-flow\"><li class=\"wp-block-post post-11459 post type-post status-publish format-standard has-post-thumbnail category-critique category-expired category-spectacle category-teatre-du-grutli tag-nadia-hachemi\">\n<h6 class=\"liensouligne wp-block-post-title\"><a href=\"https:\/\/wp.unil.ch\/ateliercritique\/2017\/05\/les-hauts-de-hurlevent\/\" target=\"_self\" >Les Hauts de Hurlevent<\/a><\/h6>\n\n<div class=\"wp-block-post-excerpt\"><p class=\"wp-block-post-excerpt__excerpt\">De Emily Bront\u00eb \/ Mise en sc\u00e8ne Camille Giacobino \/ Cie Opus Luna Cie \/ Th\u00e9\u00e2tre du Gr\u00fctli \/ du 25 avril au 14 mai 2017 \/ Critique par Nadia Hachemi. <\/p><\/div>\n\n\n<div style=\"height:1px\" aria-hidden=\"true\" class=\"wp-block-spacer\"><\/div>\n\n<\/li><li class=\"wp-block-post post-11129 post type-post status-publish format-standard has-post-thumbnail category-critique category-expired category-le-reflet category-spectacle tag-nadia-hachemi\">\n<h6 class=\"liensouligne wp-block-post-title\"><a href=\"https:\/\/wp.unil.ch\/ateliercritique\/2017\/03\/38-sequences\/\" target=\"_self\" >38 s\u00e9quences<\/a><\/h6>\n\n<div class=\"wp-block-post-excerpt\"><p class=\"wp-block-post-excerpt__excerpt\">De Marie Fourquet \/ Mise en sc\u00e8ne Marie Fourquet \/ Cie Ad-apte \/ Le Reflet Th\u00e9\u00e2tre de Vevey \/ du 3 au 5 mars 2017 \/ Critique par Nadia Hachemi. <\/p><\/div>\n\n\n<div style=\"height:1px\" aria-hidden=\"true\" class=\"wp-block-spacer\"><\/div>\n\n<\/li><li class=\"wp-block-post post-11063 post type-post status-publish format-standard has-post-thumbnail category-critique category-expired category-theatre-de-larsenic category-spectacle tag-jehanne-denogent tag-nadia-hachemi\">\n<h6 class=\"liensouligne wp-block-post-title\"><a href=\"https:\/\/wp.unil.ch\/ateliercritique\/2017\/02\/pachinko\/\" target=\"_self\" >Pachinko<\/a><\/h6>\n\n<div class=\"wp-block-post-excerpt\"><p class=\"wp-block-post-excerpt__excerpt\">Cr\u00e9ation Aur\u00e9lien Patouillard \/ Cie Zooscope (CH) \/ du 14 au 18 f\u00e9vrier 2017 \/ Arsenic \/ Critiques par Jehanne Denogent et Nadia Hachemi. <\/p><\/div>\n\n\n<div style=\"height:1px\" aria-hidden=\"true\" class=\"wp-block-spacer\"><\/div>\n\n<\/li><li class=\"wp-block-post post-10767 post type-post status-publish format-standard has-post-thumbnail category-critique category-expired category-theatre-de-larsenic category-spectacle tag-nadia-hachemi tag-valmir-rexhepi\">\n<h6 class=\"liensouligne wp-block-post-title\"><a href=\"https:\/\/wp.unil.ch\/ateliercritique\/2016\/12\/la-conquete-de-linutile\/\" target=\"_self\" >La conqu\u00eate de l&rsquo;inutile<\/a><\/h6>\n\n<div class=\"wp-block-post-excerpt\"><p class=\"wp-block-post-excerpt__excerpt\">Mise en sc\u00e8ne de Oscar G\u00f3mez Mata \/ Cie Alakran \/ Arsenic \/ du 7 au 11 d\u00e9cembre 2016 \/\u00a0 Critiques par Valmir Rexhepi et Nadia Hachemi. <\/p><\/div>\n\n\n<div style=\"height:1px\" aria-hidden=\"true\" class=\"wp-block-spacer\"><\/div>\n\n<\/li><li class=\"wp-block-post post-10723 post type-post status-publish format-standard has-post-thumbnail category-critique category-expired category-theatre-de-larsenic category-spectacle tag-jeremy-berthoud tag-nadia-hachemi\">\n<h6 class=\"liensouligne wp-block-post-title\"><a href=\"https:\/\/wp.unil.ch\/ateliercritique\/2016\/11\/holes-hills\/\" target=\"_self\" >Holes &amp; Hills<\/a><\/h6>\n\n<div class=\"wp-block-post-excerpt\"><p class=\"wp-block-post-excerpt__excerpt\">De et par Julia Perazzini \/ Arsenic \/ du 26 au 30 novembre \/ Critiques par Nadia Hachemi et J\u00e9r\u00e9my Berthoud. <\/p><\/div>\n\n\n<div style=\"height:1px\" aria-hidden=\"true\" class=\"wp-block-spacer\"><\/div>\n\n<\/li><li class=\"wp-block-post post-8216 post type-post status-publish format-standard has-post-thumbnail category-critique category-expired category-spectacle category-teatre-du-grutli tag-marie-reymond tag-nadia-hachemi\">\n<h6 class=\"liensouligne wp-block-post-title\"><a href=\"https:\/\/wp.unil.ch\/ateliercritique\/2016\/05\/presentation-de-saison\/\" target=\"_self\" >Pr\u00e9sentation de saison<\/a><\/h6>\n\n<div class=\"wp-block-post-excerpt\"><p class=\"wp-block-post-excerpt__excerpt\">De Lionel Chiuch \/ mise en sc\u00e8ne de Lionel Chiuch et Fr\u00e9d\u00e9ric Polier \/ Th\u00e9\u00e2tre du Gr\u00fctli \/ Du 24 mai au 12 juin 2016 \/ Critiques par Marie Reymond et Nadia Hachemi. <\/p><\/div>\n\n\n<div style=\"height:1px\" aria-hidden=\"true\" class=\"wp-block-spacer\"><\/div>\n\n<\/li><li class=\"wp-block-post post-8143 post type-post status-publish format-standard has-post-thumbnail category-critique category-equilibre-nuithonie category-expired category-spectacle tag-josefa-terribilini tag-nadia-hachemi\">\n<h6 class=\"liensouligne wp-block-post-title\"><a href=\"https:\/\/wp.unil.ch\/ateliercritique\/2016\/05\/la-ballade-du-mouton-noir\/\" target=\"_self\" >La Ballade du mouton noir<\/a><\/h6>\n\n<div class=\"wp-block-post-excerpt\"><p class=\"wp-block-post-excerpt__excerpt\">Par le collectif Opus 89 Collectif \/ Equilibre-Nuithonie \/ du 11 au 21 mai 2016 \/ Critiques par Nadia Hachemi et Josefa Terribilini. <\/p><\/div>\n\n\n<div style=\"height:1px\" aria-hidden=\"true\" class=\"wp-block-spacer\"><\/div>\n\n<\/li><li class=\"wp-block-post post-8096 post type-post status-publish format-standard has-post-thumbnail category-critique category-expired category-spectacle category-theatre-2-21-lausanne tag-camille-logoz tag-nadia-hachemi\">\n<h6 class=\"liensouligne wp-block-post-title\"><a href=\"https:\/\/wp.unil.ch\/ateliercritique\/2016\/04\/ta-facon-de-mentir\/\" target=\"_self\" >Ta fa\u00e7on de mentir<\/a><\/h6>\n\n<div class=\"wp-block-post-excerpt\"><p class=\"wp-block-post-excerpt__excerpt\">Par Catherine Delmar et Alain Guerry \/ Th\u00e9\u00e2tre 2.21 \/ du 19 avril au 1er mai 2016 \/ Critiques par Camille Logoz et Nadia Hachemi. <\/p><\/div>\n\n\n<div style=\"height:1px\" aria-hidden=\"true\" class=\"wp-block-spacer\"><\/div>\n\n<\/li><li class=\"wp-block-post post-8039 post type-post status-publish format-standard has-post-thumbnail category-critique category-expired category-la-grange category-spectacle tag-deborah-strebel tag-nadia-hachemi\">\n<h6 class=\"liensouligne wp-block-post-title\"><a href=\"https:\/\/wp.unil.ch\/ateliercritique\/2016\/04\/t-o-r-m\/\" target=\"_self\" >$.T.O.r.M.<\/a><\/h6>\n\n<div class=\"wp-block-post-excerpt\"><p class=\"wp-block-post-excerpt__excerpt\">D&rsquo;apr\u00e8s Th\u00e9or\u00e8me de Pier Paolo Pasolini\/ mise en sc\u00e8ne Vincent Bonillo \/ Cie Voix Publique \/ La Grange de Dorigny \/ du 11 au 17 avril 2016 \/ Critiques par Nadia Hachemi et Deborah Strebel. <\/p><\/div>\n\n\n<div style=\"height:1px\" aria-hidden=\"true\" class=\"wp-block-spacer\"><\/div>\n\n<\/li><li class=\"wp-block-post post-8026 post type-post status-publish format-standard has-post-thumbnail category-critique category-expired category-theatre-de-larsenic category-spectacle tag-nadia-hachemi\">\n<h6 class=\"liensouligne wp-block-post-title\"><a href=\"https:\/\/wp.unil.ch\/ateliercritique\/2016\/04\/la-melopee-du-petit-barbare\/\" target=\"_self\" >La M\u00e9lop\u00e9e du petit barbare<\/a><\/h6>\n\n<div class=\"wp-block-post-excerpt\"><p class=\"wp-block-post-excerpt__excerpt\">De Julien Mages \/ mise en sc\u00e8ne Julien Mages \/ Cie Julien Mages \/ Arsenic \/ du 8 au 14 avril 2016 \/ Critique par Nadia Hachemi. <\/p><\/div>\n\n\n<div style=\"height:1px\" aria-hidden=\"true\" class=\"wp-block-spacer\"><\/div>\n\n<\/li><li class=\"wp-block-post post-7955 post type-post status-publish format-standard has-post-thumbnail category-critique category-expired category-spectacle category-theatre-de-vidy tag-camille-logoz tag-fanny-utiger tag-nadia-hachemi tag-suzanne-crettex tag-waqas-mirza\">\n<h6 class=\"liensouligne wp-block-post-title\"><a href=\"https:\/\/wp.unil.ch\/ateliercritique\/2016\/03\/la-mouette\/\" target=\"_self\" >La Mouette<\/a><\/h6>\n\n<div class=\"wp-block-post-excerpt\"><p class=\"wp-block-post-excerpt__excerpt\">D&rsquo;Anton Tchekhov \/ mise en sc\u00e8ne Thomas Ostermeier \/ Th\u00e9\u00e2tre de Vidy \/ du 26 f\u00e9vrier au 13 mars 2016 \/ Critiques par Camille Logoz, Suzanne Crettex, Nadia Hachemi, Fanny Utiger et Waqas Mirza. <\/p><\/div>\n\n\n<div style=\"height:1px\" aria-hidden=\"true\" class=\"wp-block-spacer\"><\/div>\n\n<\/li><li class=\"wp-block-post post-7881 post type-post status-publish format-standard has-post-thumbnail category-critique category-expired category-theatre-de-larsenic category-spectacle tag-nadia-hachemi\">\n<h6 class=\"liensouligne wp-block-post-title\"><a href=\"https:\/\/wp.unil.ch\/ateliercritique\/2016\/03\/blanchekatrina\/\" target=\"_self\" >Blanche\/Katrina<\/a><\/h6>\n\n<div class=\"wp-block-post-excerpt\"><p class=\"wp-block-post-excerpt__excerpt\">De Fabrice Gorgerat \/ mise en sc\u00e8ne Fabrice Gorgerat \/ par la Compagnie Jours tranquilles \/ L&rsquo;Arsenic \/ du 4 au 13 mars 2016 \/ Critique par Nadia Hachemi. <\/p><\/div>\n\n\n<div style=\"height:1px\" aria-hidden=\"true\" class=\"wp-block-spacer\"><\/div>\n\n<\/li><li class=\"wp-block-post post-7434 post type-post status-publish format-standard has-post-thumbnail category-critique category-expired category-theatre-de-larsenic category-spectacle tag-justine-favre tag-nadia-hachemi\">\n<h6 class=\"liensouligne wp-block-post-title\"><a href=\"https:\/\/wp.unil.ch\/ateliercritique\/2015\/11\/conference-de-choses-lintegrale\/\" target=\"_self\" >Conf\u00e9rence de choses &#8211; L&rsquo;int\u00e9grale<\/a><\/h6>\n\n<div class=\"wp-block-post-excerpt\"><p class=\"wp-block-post-excerpt__excerpt\">De Fran\u00e7ois Gremaud \/ avec Pierre Mifsud \/ 2b company \/ L&rsquo;Arsenic \/ 15 novembre 2015 \/ Critiques par Nadia Hachemi et Justine Favre. <\/p><\/div>\n\n\n<div style=\"height:1px\" aria-hidden=\"true\" class=\"wp-block-spacer\"><\/div>\n\n<\/li><li class=\"wp-block-post post-7307 post type-post status-publish format-standard has-post-thumbnail category-critique category-equilibre-nuithonie category-expired category-spectacle tag-chantal-zumwald tag-nadia-hachemi\">\n<h6 class=\"liensouligne wp-block-post-title\"><a href=\"https:\/\/wp.unil.ch\/ateliercritique\/2015\/11\/silencio\/\" target=\"_self\" >Silencio<\/a><\/h6>\n\n<div class=\"wp-block-post-excerpt\"><p class=\"wp-block-post-excerpt__excerpt\">De Julien Schmutz et Robert Sandoz \/ mise en sc\u00e8ne Julien Schmutz \/ par Le Magnifique Th\u00e9\u00e2tre \/ Equilibre-Nuithonie \/ du 3 au 14 novembre 2015 \/ Critiques par Nadia Hachemi et Chantal Zumwald. <\/p><\/div>\n\n\n<div style=\"height:1px\" aria-hidden=\"true\" class=\"wp-block-spacer\"><\/div>\n\n<\/li><li class=\"wp-block-post post-7073 post type-post status-publish format-standard has-post-thumbnail category-critique category-expired category-friscenes-fribourg category-spectacle tag-alice-moraz tag-chantal-zumwald tag-emilie-roch tag-josefa-terribilini tag-lauriane-pointet tag-nadia-hachemi tag-valmir-rexhepi\">\n<h6 class=\"liensouligne wp-block-post-title\"><a href=\"https:\/\/wp.unil.ch\/ateliercritique\/2015\/10\/friscenes-2015\/\" target=\"_self\" >FriSc\u00e8nes 2015<\/a><\/h6>\n\n<div class=\"wp-block-post-excerpt\"><p class=\"wp-block-post-excerpt__excerpt\">Festival international de th\u00e9\u00e2tre Frisc\u00e8nes \/ Nouveau Monde (Fribourg) \/ du 19 au 25 octobre 2015 \/ Critiques par Nadia Hachemi, Lauriane Pointet, Emilie Roch, Josefa Terribilini, Valmir Rexhepi, Alice Moraz et Chantal Zumwald. <\/p><\/div>\n\n\n<div style=\"height:1px\" aria-hidden=\"true\" class=\"wp-block-spacer\"><\/div>\n\n<\/li><li class=\"wp-block-post post-6835 post type-post status-publish format-standard has-post-thumbnail category-critique category-expired category-spectacle category-theatre-du-loup tag-deborah-strebel tag-nadia-hachemi\">\n<h6 class=\"liensouligne wp-block-post-title\"><a href=\"https:\/\/wp.unil.ch\/ateliercritique\/2015\/10\/dacier\/\" target=\"_self\" >D&rsquo;acier<\/a><\/h6>\n\n<div class=\"wp-block-post-excerpt\"><p class=\"wp-block-post-excerpt__excerpt\">De Silvia Avallone \/ mise en sc\u00e8ne Robert Sandoz \/ Th\u00e9\u00e2tre du Loup \/ du 6 au 18 octobre 2015 \/ Critiques par Deborah Strebel et Nadia Hachemi . <\/p><\/div>\n\n\n<div style=\"height:1px\" aria-hidden=\"true\" class=\"wp-block-spacer\"><\/div>\n\n<\/li><li class=\"wp-block-post post-6801 post type-post status-publish format-standard has-post-thumbnail category-centre-pluriculturel-et-social-douchy category-critique category-expired category-spectacle tag-nadia-hachemi\">\n<h6 class=\"liensouligne wp-block-post-title\"><a href=\"https:\/\/wp.unil.ch\/ateliercritique\/2015\/10\/mademoiselle-werner\/\" target=\"_self\" >Mademoiselle Werner<\/a><\/h6>\n\n<div class=\"wp-block-post-excerpt\"><p class=\"wp-block-post-excerpt__excerpt\">De Claude Bourgeyx \/ mise en sc\u00e8ne Yann Mercanton \/ CPO \/ du 01 au 04 octobre 2015 \/ Critique par Nadia Hachemi. <\/p><\/div>\n\n\n<div style=\"height:1px\" aria-hidden=\"true\" class=\"wp-block-spacer\"><\/div>\n\n<\/li><\/ul><\/div>\n","protected":false},"excerpt":{"rendered":"<p>Les critiques de Nadia Hachemi :<\/p>\n","protected":false},"author":1001220,"featured_media":0,"parent":2716,"menu_order":0,"comment_status":"closed","ping_status":"closed","template":"","meta":{"_seopress_robots_primary_cat":"","_seopress_titles_title":"","_seopress_titles_desc":"","_seopress_robots_index":"","footnotes":""},"class_list":["post-6810","page","type-page","status-publish"],"_links":{"self":[{"href":"https:\/\/wp.unil.ch\/ateliercritique\/wp-json\/wp\/v2\/pages\/6810","targetHints":{"allow":["GET"]}}],"collection":[{"href":"https:\/\/wp.unil.ch\/ateliercritique\/wp-json\/wp\/v2\/pages"}],"about":[{"href":"https:\/\/wp.unil.ch\/ateliercritique\/wp-json\/wp\/v2\/types\/page"}],"author":[{"embeddable":true,"href":"https:\/\/wp.unil.ch\/ateliercritique\/wp-json\/wp\/v2\/users\/1001220"}],"replies":[{"embeddable":true,"href":"https:\/\/wp.unil.ch\/ateliercritique\/wp-json\/wp\/v2\/comments?post=6810"}],"version-history":[{"count":1,"href":"https:\/\/wp.unil.ch\/ateliercritique\/wp-json\/wp\/v2\/pages\/6810\/revisions"}],"predecessor-version":[{"id":22296,"href":"https:\/\/wp.unil.ch\/ateliercritique\/wp-json\/wp\/v2\/pages\/6810\/revisions\/22296"}],"up":[{"embeddable":true,"href":"https:\/\/wp.unil.ch\/ateliercritique\/wp-json\/wp\/v2\/pages\/2716"}],"wp:attachment":[{"href":"https:\/\/wp.unil.ch\/ateliercritique\/wp-json\/wp\/v2\/media?parent=6810"}],"curies":[{"name":"wp","href":"https:\/\/api.w.org\/{rel}","templated":true}]}}