{"id":6112,"date":"2015-03-23T16:38:36","date_gmt":"2015-03-23T15:38:36","guid":{"rendered":"http:\/\/wp.unil.ch\/ateliercritique\/?page_id=6112"},"modified":"2026-02-12T14:59:07","modified_gmt":"2026-02-12T13:59:07","slug":"theatre-am-stram-gram-geneve","status":"publish","type":"page","link":"https:\/\/wp.unil.ch\/ateliercritique\/theatres-partenaires\/theatre-am-stram-gram-geneve\/","title":{"rendered":"Th\u00e9\u00e2tre Am Stram Gram (Gen\u00e8ve)"},"content":{"rendered":"<div class=\"wp-block-image\">\n<figure class=\"alignleft size-large is-resized\"><a href=\"https:\/\/www.amstramgram.ch\/fr\"><img alt=\"\" loading=\"lazy\" decoding=\"async\" width=\"1024\" height=\"294\" src=\"https:\/\/wp.unil.ch\/ateliercritique\/files\/2024\/09\/amstramgram_nouveau_logo-1024x294.png\" alt=\"\" class=\"wp-image-19669\" style=\"width:537px;height:auto\" srcset=\"https:\/\/wp.unil.ch\/ateliercritique\/files\/2024\/09\/amstramgram_nouveau_logo-1024x294.png 1024w, https:\/\/wp.unil.ch\/ateliercritique\/files\/2024\/09\/amstramgram_nouveau_logo-300x86.png 300w, https:\/\/wp.unil.ch\/ateliercritique\/files\/2024\/09\/amstramgram_nouveau_logo-250x72.png 250w, https:\/\/wp.unil.ch\/ateliercritique\/files\/2024\/09\/amstramgram_nouveau_logo-768x221.png 768w, https:\/\/wp.unil.ch\/ateliercritique\/files\/2024\/09\/amstramgram_nouveau_logo-1536x442.png 1536w, https:\/\/wp.unil.ch\/ateliercritique\/files\/2024\/09\/amstramgram_nouveau_logo-2048x589.png 2048w\" sizes=\"auto, (max-width: 1024px) 100vw, 1024px\" \/><\/a><\/figure>\n<\/div>\n\n\n<h4 class=\"wp-block-heading\">Critiques par spectacles jou\u00e9s dans ce th\u00e9\u00e2tre :<\/h4>\n\n\n\n<div class=\"wp-block-query is-layout-flow wp-block-query-is-layout-flow\"><ul class=\"wp-block-post-template is-layout-flow wp-block-post-template-is-layout-flow\"><li class=\"wp-block-post post-23125 post type-post status-publish format-standard has-post-thumbnail category-critique category-expired category-spectacle category-theatre-am-stram-gram-geneve tag-killian-lachat\">\n<h6 class=\"liensouligne wp-block-post-title\"><a href=\"https:\/\/wp.unil.ch\/ateliercritique\/2025\/04\/au-diapason\/\" target=\"_self\" >Au Diapason<\/a><\/h6>\n\n<div class=\"wp-block-post-excerpt\"><p class=\"wp-block-post-excerpt__excerpt\">Conception et mise en sc\u00e8ne Lou Ciszewski \/ Th\u00e9\u00e2tre Am Stram Gram (Gen\u00e8ve) \/ Du 4 au 13 avril 2025 \/ Critique par Killian Lachat . <\/p><\/div>\n\n\n<div style=\"height:1px\" aria-hidden=\"true\" class=\"wp-block-spacer\"><\/div>\n\n<\/li><li class=\"wp-block-post post-19971 post type-post status-publish format-standard has-post-thumbnail category-critique category-expired category-spectacle category-theatre-am-stram-gram-geneve tag-anna-chialva tag-auxane-bolanz\">\n<h6 class=\"liensouligne wp-block-post-title\"><a href=\"https:\/\/wp.unil.ch\/ateliercritique\/2024\/11\/l-arriere-pays\/\" target=\"_self\" >L&rsquo; Arri\u00e8re-pays<\/a><\/h6>\n\n<div class=\"wp-block-post-excerpt\"><p class=\"wp-block-post-excerpt__excerpt\">Conception et mise en sc\u00e8ne par Nicolas Chapoulier \/ Th\u00e9\u00e2tre Am Stram Gram (Gen\u00e8ve) \/ Du 8 au 17 novembre 2024 \/ Critiques par Anna Chialva et Auxane Bolanz . <\/p><\/div>\n\n\n<div style=\"height:1px\" aria-hidden=\"true\" class=\"wp-block-spacer\"><\/div>\n\n<\/li><li class=\"wp-block-post post-16537 post type-post status-publish format-standard has-post-thumbnail category-critique category-expired category-spectacle category-theatre-am-stram-gram-geneve tag-claire-cornaz\">\n<h6 class=\"liensouligne wp-block-post-title\"><a href=\"https:\/\/wp.unil.ch\/ateliercritique\/2022\/11\/twist\/\" target=\"_self\" >Twist<\/a><\/h6>\n\n<div class=\"wp-block-post-excerpt\"><p class=\"wp-block-post-excerpt__excerpt\">Con\u00e7u par Cie Yan Duyvendak et les game designers Kaedama (Corentin Lebrat et Th\u00e9o Rivi\u00e8re) \/ Th\u00e9\u00e2tre Am Stram Gram \/ Du 17 au 20 novembre 2022 \/ critique par Claire Cornaz . <\/p><\/div>\n\n\n<div style=\"height:1px\" aria-hidden=\"true\" class=\"wp-block-spacer\"><\/div>\n\n<\/li><li class=\"wp-block-post post-16346 post type-post status-publish format-standard has-post-thumbnail category-critique category-expired category-spectacle category-theatre-am-stram-gram-geneve tag-celine-bignotti tag-claire-cornaz\">\n<h6 class=\"liensouligne wp-block-post-title\"><a href=\"https:\/\/wp.unil.ch\/ateliercritique\/2022\/05\/le-colibri\/\" target=\"_self\" >Le Colibri<\/a><\/h6>\n\n<div class=\"wp-block-post-excerpt\"><p class=\"wp-block-post-excerpt__excerpt\">Texte d\u2019\u00c9lisa Shua Dusapin \/ Mise en sc\u00e8ne par Joan Mompart \/ Musique de Christophe Sturzenegger \/ Th\u00e9\u00e2tre Am Stram Gram \/ Du 10 mai au 15 mai 2022 \/ critiques par Claire Cornaz et C\u00e9line Bignotti . <\/p><\/div>\n\n\n<div style=\"height:1px\" aria-hidden=\"true\" class=\"wp-block-spacer\"><\/div>\n\n<\/li><li class=\"wp-block-post post-15632 post type-post status-publish format-standard has-post-thumbnail category-critique category-expired category-spectacle category-theatre-am-stram-gram-geneve tag-ariane-mariot\">\n<h6 class=\"liensouligne wp-block-post-title\"><a href=\"https:\/\/wp.unil.ch\/ateliercritique\/2021\/10\/biais-aller-retour\/\" target=\"_self\" >Biais aller-retour<\/a><\/h6>\n\n<div class=\"wp-block-post-excerpt\"><p class=\"wp-block-post-excerpt__excerpt\">Texte et mise en sc\u00e8ne de Steven Matthews\/ Compagnie Don\u2019t Stop Me Now \/ Th\u00e9\u00e2tre Am Stram Gram \/ du 1 au 10 octobre 2021 \/ Critique par Ariane Mariot . <\/p><\/div>\n\n\n<div style=\"height:1px\" aria-hidden=\"true\" class=\"wp-block-spacer\"><\/div>\n\n<\/li><li class=\"wp-block-post post-13877 post type-post status-publish format-standard has-post-thumbnail category-critique category-expired category-spectacle category-theatre-am-stram-gram-geneve tag-judith-marchal\">\n<h6 class=\"liensouligne wp-block-post-title\"><a href=\"https:\/\/wp.unil.ch\/ateliercritique\/2019\/11\/hercule-a-la-plage\/\" target=\"_self\" >Hercule \u00e0 la plage<\/a><\/h6>\n\n<div class=\"wp-block-post-excerpt\"><p class=\"wp-block-post-excerpt__excerpt\">Texte de Fabrice Melquiot \/ Mise en sc\u00e8ne de Mariama Sylla \/ Th\u00e9\u00e2tre Am Stram Gram \/ du 1er au 17 novembre 2019 \/ Critique par Judith Marchal. <\/p><\/div>\n\n\n<div style=\"height:1px\" aria-hidden=\"true\" class=\"wp-block-spacer\"><\/div>\n\n<\/li><li class=\"wp-block-post post-13069 post type-post status-publish format-standard has-post-thumbnail category-critique category-expired category-spectacle category-theatre-am-stram-gram-geneve tag-jade-lambelet tag-noe-maggetti\">\n<h6 class=\"liensouligne wp-block-post-title\"><a href=\"https:\/\/wp.unil.ch\/ateliercritique\/2018\/12\/maelstrom\/\" target=\"_self\" >Maelstr\u00f6m<\/a><\/h6>\n\n<div class=\"wp-block-post-excerpt\"><p class=\"wp-block-post-excerpt__excerpt\">Texte de Fabrice Melquiot \/ Mise en sc\u00e8ne de Pascale Daniel-Lacombe \/ Th\u00e9\u00e2tre Am Stram Gram \/ du 29 novembre au 2 d\u00e9cembre 2018 \/ Critiques par No\u00e9 Maggetti et Jade Lambelet.\u00a0 <\/p><\/div>\n\n\n<div style=\"height:1px\" aria-hidden=\"true\" class=\"wp-block-spacer\"><\/div>\n\n<\/li><li class=\"wp-block-post post-12024 post type-post status-publish format-standard has-post-thumbnail category-critique category-expired category-spectacle category-theatre-am-stram-gram-geneve tag-basile-seppey\">\n<h6 class=\"liensouligne wp-block-post-title\"><a href=\"https:\/\/wp.unil.ch\/ateliercritique\/2017\/11\/centaures-quand-nous-etions-enfants\/\" target=\"_self\" >Centaures, quand nous \u00e9tions enfants<\/a><\/h6>\n\n<div class=\"wp-block-post-excerpt\"><p class=\"wp-block-post-excerpt__excerpt\">Texte et mise en sc\u00e8ne de Fabrice Melquiot \/ Chor\u00e9graphie \u00e9questre de Camille &amp; Manolo \/ Th\u00e9\u00e2tre Am Stram Gram \/ du 3 au 5 novembre 2017 \/ Critique par Basile Seppey. <\/p><\/div>\n\n\n<div style=\"height:1px\" aria-hidden=\"true\" class=\"wp-block-spacer\"><\/div>\n\n<\/li><li class=\"wp-block-post post-11736 post type-post status-publish format-standard has-post-thumbnail category-critique category-expired category-spectacle category-theatre-am-stram-gram-geneve tag-laure-elie-hoegen\">\n<h6 class=\"liensouligne wp-block-post-title\"><a href=\"https:\/\/wp.unil.ch\/ateliercritique\/2017\/06\/very-bat-trip\/\" target=\"_self\" >Very bat trip<\/a><\/h6>\n\n<div class=\"wp-block-post-excerpt\"><p class=\"wp-block-post-excerpt__excerpt\">Conception : Fabrice Melquiot \/ R\u00e9alisation : Eric Linder, Fabrice Melquiot et Pascal Moeschler \/ Th\u00e9\u00e2tre Am Stram Gram \u2013 hors les murs dans le Bois de la B\u00e2tie \/ du 8 au 11 juin \/ Critique par Laure-Elie Hoegen.\u00a0 <\/p><\/div>\n\n\n<div style=\"height:1px\" aria-hidden=\"true\" class=\"wp-block-spacer\"><\/div>\n\n<\/li><li class=\"wp-block-post post-10843 post type-post status-publish format-standard has-post-thumbnail category-critique category-expired category-spectacle category-theatre-am-stram-gram-geneve tag-thomas-cordova\">\n<h6 class=\"liensouligne wp-block-post-title\"><a href=\"https:\/\/wp.unil.ch\/ateliercritique\/2016\/12\/cette-annee-lavenir-est-en-avance\/\" target=\"_self\" >Cette ann\u00e9e, l\u2019avenir est en avance<\/a><\/h6>\n\n<div class=\"wp-block-post-excerpt\"><p class=\"wp-block-post-excerpt__excerpt\">De Robert Sandoz \/ Mise en sc\u00e8ne de Aude Bourrier et Carole Schafroth \/ Th\u00e9\u00e2tre Am Stram Gram \/ du 16 au 18 d\u00e9cembre 2016 \/ Critique par Thomas Cordova. <\/p><\/div>\n\n\n<div style=\"height:1px\" aria-hidden=\"true\" class=\"wp-block-spacer\"><\/div>\n\n<\/li><li class=\"wp-block-post post-10348 post type-post status-publish format-standard has-post-thumbnail category-critique category-expired category-spectacle category-theatre-am-stram-gram-geneve tag-valmir-rexhepi\">\n<h6 class=\"liensouligne wp-block-post-title\"><a href=\"https:\/\/wp.unil.ch\/ateliercritique\/2016\/10\/suzette\/\" target=\"_self\" >Suzette<\/a><\/h6>\n\n<div class=\"wp-block-post-excerpt\"><p class=\"wp-block-post-excerpt__excerpt\">Texte et mise en sc\u00e8ne de Fabrice Melquiot \/ avec Emmanuelle Destremau, Simon Aeschimann, Alain Frey, Vincent H\u00e4nni, Louis Lavedan, Nicolas Rossier et Gabriel Bonnefoy \/ Th\u00e9\u00e2tre Am Stram Gram \/ du 27 septembre au 18 octobre 2016 \/ Critique\u2026 <\/p><\/div>\n\n\n<div style=\"height:1px\" aria-hidden=\"true\" class=\"wp-block-spacer\"><\/div>\n\n<\/li><li class=\"wp-block-post post-7616 post type-post status-publish format-standard has-post-thumbnail category-critique category-expired category-spectacle category-theatre-am-stram-gram-geneve tag-lauriane-pointet tag-waqas-mirza\">\n<h6 class=\"liensouligne wp-block-post-title\"><a href=\"https:\/\/wp.unil.ch\/ateliercritique\/2015\/12\/cette-annee-noel-est-annule\/\" target=\"_self\" >Cette ann\u00e9e No\u00ebl est annul\u00e9<\/a><\/h6>\n\n<div class=\"wp-block-post-excerpt\"><p class=\"wp-block-post-excerpt__excerpt\">Carte blanche \u00e0 Robert Sandoz \/ Laboratoire spontan\u00e9 du Th\u00e9\u00e2tre Am Stram Gram \/ du 15 au 20 d\u00e9cembre 2015 \/ Critiques par Waqas Mirza et Lauriane Pointet. <\/p><\/div>\n\n\n<div style=\"height:1px\" aria-hidden=\"true\" class=\"wp-block-spacer\"><\/div>\n\n<\/li><li class=\"wp-block-post post-6961 post type-post status-publish format-standard has-post-thumbnail category-critique category-expired category-spectacle category-theatre-am-stram-gram-geneve tag-julia-cela\">\n<h6 class=\"liensouligne wp-block-post-title\"><a href=\"https:\/\/wp.unil.ch\/ateliercritique\/2015\/10\/munchhausen\/\" target=\"_self\" >M\u00fcnchhausen ?<\/a><\/h6>\n\n<div class=\"wp-block-post-excerpt\"><p class=\"wp-block-post-excerpt__excerpt\">De Fabrice Melquiot \/ mise en sc\u00e8ne Joan Mompart \/ Th\u00e9\u00e2tre Am Stram Gram\/ \u00a0du 29 septembre au 18 octobre\/ Critique par Julia Cela . <\/p><\/div>\n\n\n<div style=\"height:1px\" aria-hidden=\"true\" class=\"wp-block-spacer\"><\/div>\n\n<\/li><li class=\"wp-block-post post-6507 post type-post status-publish format-standard has-post-thumbnail category-critique category-expired category-spectacle category-theatre-am-stram-gram-geneve tag-jonas-guyot tag-nicolas-joray\">\n<h6 class=\"liensouligne wp-block-post-title\"><a href=\"https:\/\/wp.unil.ch\/ateliercritique\/2015\/06\/tair\/\" target=\"_self\" >Tair<\/a><\/h6>\n\n<div class=\"wp-block-post-excerpt\"><p class=\"wp-block-post-excerpt__excerpt\">Mise en sc\u00e8ne de Fabrice Melquiot \/ d\u2019apr\u00e8s un po\u00e8me de Philippe Jaccottet \/ du 2 au 7 juin 2015 \/ Th\u00e9\u00e2tre Am Stram Gram (Gen\u00e8ve) \/ Critiques par Jonas Guyot et Nicolas Joray . <\/p><\/div>\n\n\n<div style=\"height:1px\" aria-hidden=\"true\" class=\"wp-block-spacer\"><\/div>\n\n<\/li><li class=\"wp-block-post post-6343 post type-post status-publish format-standard has-post-thumbnail category-critique category-expired category-spectacle category-theatre-am-stram-gram-geneve tag-jonas-parson tag-jonathan-hofer\">\n<h6 class=\"liensouligne wp-block-post-title\"><a href=\"https:\/\/wp.unil.ch\/ateliercritique\/2015\/05\/riquet\/\" target=\"_self\" >Riquet<\/a><\/h6>\n\n<div class=\"wp-block-post-excerpt\"><p class=\"wp-block-post-excerpt__excerpt\">D\u2019Antoine Herniotte \/ d\u2019apr\u00e8s Charles Perrault \/ Mise en sc\u00e8ne par Laurent Brethome \/ du 5 au 10 mai 2015 \/ Th\u00e9\u00e2tre Am Stram Gram (Gen\u00e8ve) \/ Critiques par Jonathan Hofer et Jonas Parson . <\/p><\/div>\n\n\n<div style=\"height:1px\" aria-hidden=\"true\" class=\"wp-block-spacer\"><\/div>\n\n<\/li><li class=\"wp-block-post post-6109 post type-post status-publish format-standard has-post-thumbnail category-critique category-expired category-spectacle category-theatre-am-stram-gram-geneve tag-luc-siegenthaler tag-nicolas-joray\">\n<h6 class=\"liensouligne wp-block-post-title\"><a href=\"https:\/\/wp.unil.ch\/ateliercritique\/2015\/03\/le-manuscrit-des-chiens-iii\/\" target=\"_self\" >Le Manuscrit des chiens III<\/a><\/h6>\n\n<div class=\"wp-block-post-excerpt\"><p class=\"wp-block-post-excerpt__excerpt\">D\u2019apr\u00e8s Jon Fosse \/ Mise en sc\u00e8ne par Guillaume B\u00e9guin \/ du 20 au 22 mars 2015 \/ Th\u00e9\u00e2tre Am Stram Gram (Gen\u00e8ve) \/ En tourn\u00e9e jusqu\u2019au 10 mai 2015 \/ Critiques par Luc Siegenthaler et Nicolas Joray . <\/p><\/div>\n\n\n<div style=\"height:1px\" aria-hidden=\"true\" class=\"wp-block-spacer\"><\/div>\n\n<\/li><\/ul><\/div>\n","protected":false},"excerpt":{"rendered":"<p>Critiques par spectacles jou\u00e9s dans ce th\u00e9\u00e2tre :<\/p>\n","protected":false},"author":1001119,"featured_media":0,"parent":2713,"menu_order":0,"comment_status":"closed","ping_status":"closed","template":"","meta":{"_seopress_robots_primary_cat":"","_seopress_titles_title":"","_seopress_titles_desc":"","_seopress_robots_index":"","footnotes":""},"class_list":["post-6112","page","type-page","status-publish"],"_links":{"self":[{"href":"https:\/\/wp.unil.ch\/ateliercritique\/wp-json\/wp\/v2\/pages\/6112","targetHints":{"allow":["GET"]}}],"collection":[{"href":"https:\/\/wp.unil.ch\/ateliercritique\/wp-json\/wp\/v2\/pages"}],"about":[{"href":"https:\/\/wp.unil.ch\/ateliercritique\/wp-json\/wp\/v2\/types\/page"}],"author":[{"embeddable":true,"href":"https:\/\/wp.unil.ch\/ateliercritique\/wp-json\/wp\/v2\/users\/1001119"}],"replies":[{"embeddable":true,"href":"https:\/\/wp.unil.ch\/ateliercritique\/wp-json\/wp\/v2\/comments?post=6112"}],"version-history":[{"count":4,"href":"https:\/\/wp.unil.ch\/ateliercritique\/wp-json\/wp\/v2\/pages\/6112\/revisions"}],"predecessor-version":[{"id":23392,"href":"https:\/\/wp.unil.ch\/ateliercritique\/wp-json\/wp\/v2\/pages\/6112\/revisions\/23392"}],"up":[{"embeddable":true,"href":"https:\/\/wp.unil.ch\/ateliercritique\/wp-json\/wp\/v2\/pages\/2713"}],"wp:attachment":[{"href":"https:\/\/wp.unil.ch\/ateliercritique\/wp-json\/wp\/v2\/media?parent=6112"}],"curies":[{"name":"wp","href":"https:\/\/api.w.org\/{rel}","templated":true}]}}