{"id":5858,"date":"2015-02-26T15:53:40","date_gmt":"2015-02-26T14:53:40","guid":{"rendered":"http:\/\/wp.unil.ch\/ateliercritique\/?page_id=5858"},"modified":"2025-02-06T17:54:44","modified_gmt":"2025-02-06T16:54:44","slug":"elisa-picci","status":"publish","type":"page","link":"https:\/\/wp.unil.ch\/ateliercritique\/lequipe\/elisa-picci\/","title":{"rendered":"Elisa Picci"},"content":{"rendered":"<p style=\"text-align: justify\"><a href=\"https:\/\/wp.unil.ch\/ateliercritique\/files\/2015\/02\/Photo-1.png\"><img loading=\"lazy\" decoding=\"async\" class=\"alignright size-medium wp-image-5943\" src=\"https:\/\/wp.unil.ch\/ateliercritique\/files\/2015\/02\/Photo-1-150x200.png\" alt=\"Photo 1\" width=\"150\" height=\"200\" \/><\/a>Je suis actuellement en premi\u00e8re ann\u00e9e de Master \u00e0 l\u2019Universit\u00e9 de Lausanne, en Fran\u00e7ais moderne et Histoire. Passionn\u00e9e des arts de la sc\u00e8ne depuis tr\u00e8s jeune, les diff\u00e9rents cours suivis pendant mon Bachelor m\u2019ont encourag\u00e9e davantage dans l\u2019amour que j\u2019avais d\u00e9j\u00e0 pour le th\u00e9\u00e2tre. C\u2019est donc avec beaucoup d\u2019enthousiasme que j\u2019ai choisi cette ann\u00e9e la sp\u00e9cialisation en \u00ab dramaturgie et histoire du th\u00e9\u00e2tre \u00bb. L\u2019Atelier Critique est une excellente occasion pour moi de d\u00e9velopper mon regard en tant que spectatrice et \u00e9galement de d\u00e9couvrir des spectacles d\u2019une grande diversit\u00e9.<\/p>\n<h4>Les critiques d&rsquo;Elisa Picci :<\/h4>\n\n\n<div class=\"wp-block-query is-layout-flow wp-block-query-is-layout-flow\"><ul class=\"wp-block-post-template is-layout-flow wp-block-post-template-is-layout-flow\"><li class=\"wp-block-post post-8181 post type-post status-publish format-standard has-post-thumbnail category-critique category-expired category-spectacle category-theatre-de-vidy tag-amandine-rosset tag-elisa-picci\">\n<h6 class=\"liensouligne wp-block-post-title\"><a href=\"https:\/\/wp.unil.ch\/ateliercritique\/2016\/05\/taxi-dancers\/\" target=\"_self\" >Taxi-Dancers<\/a><\/h6>\n\n<div class=\"wp-block-post-excerpt\"><p class=\"wp-block-post-excerpt__excerpt\">De et par Marie-Caroline Hominal \/ Th\u00e9\u00e2tre de Vidy \/ du 20 au 29 mai 2016 \/ Critiques par Elisa Picci et Amandine Rosset. <\/p><\/div>\n\n\n<div style=\"height:1px\" aria-hidden=\"true\" class=\"wp-block-spacer\"><\/div>\n\n<\/li><li class=\"wp-block-post post-8085 post type-post status-publish format-standard has-post-thumbnail category-critique category-expired category-spectacle category-tkm-theatre-kleber-meleau tag-elisa-picci tag-josefa-terribilini\">\n<h6 class=\"liensouligne wp-block-post-title\"><a href=\"https:\/\/wp.unil.ch\/ateliercritique\/2016\/04\/figaro-divorce\/\" target=\"_self\" >Figaro divorce<\/a><\/h6>\n\n<div class=\"wp-block-post-excerpt\"><p class=\"wp-block-post-excerpt__excerpt\">D\u2019\u00d6d\u00f6n von Horv\u00e1th \/ mise en sc\u00e8ne Christophe Rauck \/ TKM \/ du 14 au 24 avril 2016 \/ Critiques par Elisa Picci et Josefa Terribilini. <\/p><\/div>\n\n\n<div style=\"height:1px\" aria-hidden=\"true\" class=\"wp-block-spacer\"><\/div>\n\n<\/li><li class=\"wp-block-post post-7864 post type-post status-publish format-standard has-post-thumbnail category-critique category-expired category-spectacle category-theatre-de-vidy tag-elisa-picci tag-jehanne-denogent\">\n<h6 class=\"liensouligne wp-block-post-title\"><a href=\"https:\/\/wp.unil.ch\/ateliercritique\/2016\/03\/on-va-tout-dallasser-pamela\/\" target=\"_self\" >On va tout dallasser Pamela !<\/a><\/h6>\n\n<div class=\"wp-block-post-excerpt\"><p class=\"wp-block-post-excerpt__excerpt\">Cr\u00e9ation et mise en sc\u00e8ne Marielle Pinsard \/ Th\u00e9\u00e2tre de Vidy \/ du 4 au 13 mars 2016 \/ Critiques par Jehanne Denogent et Elisa Picci. <\/p><\/div>\n\n\n<div style=\"height:1px\" aria-hidden=\"true\" class=\"wp-block-spacer\"><\/div>\n\n<\/li><li class=\"wp-block-post post-7842 post type-post status-publish format-standard has-post-thumbnail category-critique category-expired category-spectacle category-theatre-du-passage tag-elisa-picci tag-emilie-roch\">\n<h6 class=\"liensouligne wp-block-post-title\"><a href=\"https:\/\/wp.unil.ch\/ateliercritique\/2016\/02\/cupidon-est-malade\/\" target=\"_self\" >Cupidon est malade<\/a><\/h6>\n\n<div class=\"wp-block-post-excerpt\"><p class=\"wp-block-post-excerpt__excerpt\">De Pauline Sales \/ mis en sc\u00e8ne Jean Bellorini \/ Le Th\u00e9\u00e2tre du Passage \/ 21 f\u00e9vrier 2016 \/ Critiques par Elisa Picci et Emilie Roch. <\/p><\/div>\n\n\n<div style=\"height:1px\" aria-hidden=\"true\" class=\"wp-block-spacer\"><\/div>\n\n<\/li><li class=\"wp-block-post post-7757 post type-post status-publish format-standard has-post-thumbnail category-critique category-expired category-theatre-de-larsenic category-spectacle tag-camille-logoz tag-elisa-picci\">\n<h6 class=\"liensouligne wp-block-post-title\"><a href=\"https:\/\/wp.unil.ch\/ateliercritique\/2016\/01\/marla-portrait-dune-femme-joyeuse\/\" target=\"_self\" >Marla, portrait d&rsquo;une femme joyeuse<\/a><\/h6>\n\n<div class=\"wp-block-post-excerpt\"><p class=\"wp-block-post-excerpt__excerpt\">Ecrit et mis en sc\u00e8ne par Denis Maillefer \/ L&rsquo;Arsenic \/ du 28 janvier au 7 f\u00e9vrier 2016 \/ Critiques par Elisa Picci et Camille Logoz. <\/p><\/div>\n\n\n<div style=\"height:1px\" aria-hidden=\"true\" class=\"wp-block-spacer\"><\/div>\n\n<\/li><li class=\"wp-block-post post-7525 post type-post status-publish format-standard has-post-thumbnail category-critique category-expired category-spectacle category-theatre-de-vidy tag-elisa-picci tag-simon-falquet\">\n<h6 class=\"liensouligne wp-block-post-title\"><a href=\"https:\/\/wp.unil.ch\/ateliercritique\/2015\/11\/rentrer-au-volcan\/\" target=\"_self\" >Rentrer au volcan<\/a><\/h6>\n\n<div class=\"wp-block-post-excerpt\"><p class=\"wp-block-post-excerpt__excerpt\">Cr\u00e9ation et mise en sc\u00e8ne Augustin Rebetez \/ Th\u00e9\u00e2tre de Vidy \/ du 27 novembre au 11 d\u00e9cembre 2015 \/ Critiques par Elisa Picci et Simon Falquet. <\/p><\/div>\n\n\n<div style=\"height:1px\" aria-hidden=\"true\" class=\"wp-block-spacer\"><\/div>\n\n<\/li><li class=\"wp-block-post post-7244 post type-post status-publish format-standard has-post-thumbnail category-critique category-expired category-spectacle category-theatre-de-carouge tag-alice-moraz tag-elisa-picci\">\n<h6 class=\"liensouligne wp-block-post-title\"><a href=\"https:\/\/wp.unil.ch\/ateliercritique\/2015\/10\/shake\/\" target=\"_self\" >Shake<\/a><\/h6>\n\n<div class=\"wp-block-post-excerpt\"><p class=\"wp-block-post-excerpt__excerpt\">D&rsquo;apr\u00e8s La nuit des rois \/ de William Shakespeare \/ mise en sc\u00e8ne Dan Jemmett \/ Th\u00e9\u00e2tre de Carouge \/ du 27 octobre au 15 novembre \/ Critiques par Alice Moraz et Elisa Picci. <\/p><\/div>\n\n\n<div style=\"height:1px\" aria-hidden=\"true\" class=\"wp-block-spacer\"><\/div>\n\n<\/li><li class=\"wp-block-post post-6875 post type-post status-publish format-standard has-post-thumbnail category-critique category-equilibre-nuithonie category-expired category-spectacle tag-alice-moraz tag-elisa-picci\">\n<h6 class=\"liensouligne wp-block-post-title\"><a href=\"https:\/\/wp.unil.ch\/ateliercritique\/2015\/10\/le-noshow\/\" target=\"_self\" >Le Noshow<\/a><\/h6>\n\n<div class=\"wp-block-post-excerpt\"><p class=\"wp-block-post-excerpt__excerpt\">Mise en sc\u00e8ne Alexandre Fecteau \/ Equilibre-Nuithonie\/ Du 7 au 10 octobre 2015 \/ Critiques par Elisa Picci et Alice Moraz . <\/p><\/div>\n\n\n<div style=\"height:1px\" aria-hidden=\"true\" class=\"wp-block-spacer\"><\/div>\n\n<\/li><li class=\"wp-block-post post-6781 post type-post status-publish format-standard has-post-thumbnail category-critique category-expired category-spectacle category-theatre-de-vidy tag-elisa-picci tag-jonathan-hofer\">\n<h6 class=\"liensouligne wp-block-post-title\"><a href=\"https:\/\/wp.unil.ch\/ateliercritique\/2015\/09\/home-made\/\" target=\"_self\" >Home-Made<\/a><\/h6>\n\n<div class=\"wp-block-post-excerpt\"><p class=\"wp-block-post-excerpt__excerpt\">Mise en sc\u00e8ne Magali Tosato \/ Th\u00e9\u00e2tre de Vidy (Lausanne) \/ du 22 septembre au 4 octobre 2015 \/ Critiques par Jonathan Hofer et Elisa Picci . <\/p><\/div>\n\n\n<div style=\"height:1px\" aria-hidden=\"true\" class=\"wp-block-spacer\"><\/div>\n\n<\/li><li class=\"wp-block-post post-6267 post type-post status-publish format-standard has-post-thumbnail category-critique category-expired category-spectacle category-theatre-du-passage tag-camille-logoz tag-elisa-picci\">\n<h6 class=\"liensouligne wp-block-post-title\"><a href=\"https:\/\/wp.unil.ch\/ateliercritique\/2015\/04\/20000-lieues-sous-les-mers\/\" target=\"_self\" >20&rsquo;000 lieues sous les mers<\/a><\/h6>\n\n<div class=\"wp-block-post-excerpt\"><p class=\"wp-block-post-excerpt__excerpt\">D\u2019apr\u00e8s Jules Verne \/ Par la Cie Imaginaire Th\u00e9\u00e2tre \/ Mise en sc\u00e8ne Sydney Bernard \/ 26 avril 2015 \/ Th\u00e9\u00e2tre du Passage (Neuch\u00e2tel) \/ Critiques par Camille Logoz et Elisa Picci . <\/p><\/div>\n\n\n<div style=\"height:1px\" aria-hidden=\"true\" class=\"wp-block-spacer\"><\/div>\n\n<\/li><li class=\"wp-block-post post-6172 post type-post status-publish format-standard has-post-thumbnail category-critique category-expired category-spectacle category-theatre-du-passage tag-elisa-picci tag-nicolas-joray\">\n<h6 class=\"liensouligne wp-block-post-title\"><a href=\"https:\/\/wp.unil.ch\/ateliercritique\/2015\/04\/le-moche\/\" target=\"_self\" >Le Moche<\/a><\/h6>\n\n<div class=\"wp-block-post-excerpt\"><p class=\"wp-block-post-excerpt__excerpt\">De Marius von Mayenburg \/ Mise en sc\u00e8ne par Nathalie Sandoz \/ du 24 au 31 mars 2015 \/ Th\u00e9\u00e2tre du Passage (Neuch\u00e2tel) \/ Critiques par Nicolas Joray et Elisa Picci . <\/p><\/div>\n\n\n<div style=\"height:1px\" aria-hidden=\"true\" class=\"wp-block-spacer\"><\/div>\n\n<\/li><li class=\"wp-block-post post-5926 post type-post status-publish format-standard has-post-thumbnail category-critique category-expired category-theatre-de-larsenic category-spectacle tag-cecilia-galindo tag-elisa-picci tag-lucas-moreel\">\n<h6 class=\"liensouligne wp-block-post-title\"><a href=\"https:\/\/wp.unil.ch\/ateliercritique\/2015\/03\/janine-rhapsodie\/\" target=\"_self\" >Janine Rhapsodie<\/a><\/h6>\n\n<div class=\"wp-block-post-excerpt\"><p class=\"wp-block-post-excerpt__excerpt\">d\u2019apr\u00e8s Moli\u00e8re \/ texte et mise en sc\u00e8ne Julien Mages \/ du 5 au 15 mars 2015 \/ Th\u00e9\u00e2tre L&rsquo;Arsenic \/ Critiques par Elisa Picci, Cecilia Galindo et Lucas Mor\u00ebel. <\/p><\/div>\n\n\n<div style=\"height:1px\" aria-hidden=\"true\" class=\"wp-block-spacer\"><\/div>\n\n<\/li><\/ul><\/div>\n","protected":false},"excerpt":{"rendered":"<p>Je suis actuellement en premi\u00e8re ann\u00e9e de Master \u00e0 l\u2019Universit\u00e9 de Lausanne, en Fran\u00e7ais moderne et Histoire. Passionn\u00e9e des arts de la sc\u00e8ne depuis tr\u00e8s jeune, les diff\u00e9rents cours suivis &hellip; <\/p>\n","protected":false},"author":1001119,"featured_media":0,"parent":2716,"menu_order":0,"comment_status":"closed","ping_status":"closed","template":"","meta":{"_seopress_robots_primary_cat":"","_seopress_titles_title":"","_seopress_titles_desc":"","_seopress_robots_index":"","footnotes":""},"class_list":["post-5858","page","type-page","status-publish"],"_links":{"self":[{"href":"https:\/\/wp.unil.ch\/ateliercritique\/wp-json\/wp\/v2\/pages\/5858","targetHints":{"allow":["GET"]}}],"collection":[{"href":"https:\/\/wp.unil.ch\/ateliercritique\/wp-json\/wp\/v2\/pages"}],"about":[{"href":"https:\/\/wp.unil.ch\/ateliercritique\/wp-json\/wp\/v2\/types\/page"}],"author":[{"embeddable":true,"href":"https:\/\/wp.unil.ch\/ateliercritique\/wp-json\/wp\/v2\/users\/1001119"}],"replies":[{"embeddable":true,"href":"https:\/\/wp.unil.ch\/ateliercritique\/wp-json\/wp\/v2\/comments?post=5858"}],"version-history":[{"count":1,"href":"https:\/\/wp.unil.ch\/ateliercritique\/wp-json\/wp\/v2\/pages\/5858\/revisions"}],"predecessor-version":[{"id":22333,"href":"https:\/\/wp.unil.ch\/ateliercritique\/wp-json\/wp\/v2\/pages\/5858\/revisions\/22333"}],"up":[{"embeddable":true,"href":"https:\/\/wp.unil.ch\/ateliercritique\/wp-json\/wp\/v2\/pages\/2716"}],"wp:attachment":[{"href":"https:\/\/wp.unil.ch\/ateliercritique\/wp-json\/wp\/v2\/media?parent=5858"}],"curies":[{"name":"wp","href":"https:\/\/api.w.org\/{rel}","templated":true}]}}