{"id":5856,"date":"2015-02-26T15:52:48","date_gmt":"2015-02-26T14:52:48","guid":{"rendered":"http:\/\/wp.unil.ch\/ateliercritique\/?page_id=5856"},"modified":"2025-02-07T09:45:18","modified_gmt":"2025-02-07T08:45:18","slug":"chantal-zumwald","status":"publish","type":"page","link":"https:\/\/wp.unil.ch\/ateliercritique\/lequipe\/chantal-zumwald\/","title":{"rendered":"Chantal Zumwald"},"content":{"rendered":"<h4>Les critiques de Chantal Zumwald :<\/h4>\n\n\n<div class=\"wp-block-query is-layout-flow wp-block-query-is-layout-flow\"><ul class=\"wp-block-post-template is-layout-flow wp-block-post-template-is-layout-flow\"><li class=\"wp-block-post post-7688 post type-post status-publish format-standard has-post-thumbnail category-critique category-expired category-theatre-des-osses category-spectacle tag-chantal-zumwald tag-lauriane-pointet\">\n<h6 class=\"liensouligne wp-block-post-title\"><a href=\"https:\/\/wp.unil.ch\/ateliercritique\/2016\/01\/dans-la-mer-il-y-a-des-crocodiles\/\" target=\"_self\" >Dans la mer il y a des crocodiles<\/a><\/h6>\n\n<div class=\"wp-block-post-excerpt\"><p class=\"wp-block-post-excerpt__excerpt\">D\u2019apr\u00e8s Fabio Geda \/ mise en sc\u00e8ne Isabelle Loyse Gremaud \/ Th\u00e9\u00e2tre des Osses \/ du 15 au 31 janvier 2016 \/ Critiques par Lauriane Pointelet et Chantal Zumwald. <\/p><\/div>\n\n\n<div style=\"height:1px\" aria-hidden=\"true\" class=\"wp-block-spacer\"><\/div>\n\n<\/li><li class=\"wp-block-post post-7645 post type-post status-publish format-standard has-post-thumbnail category-critique category-expired category-petitheatre-sion category-spectacle tag-chantal-zumwald\">\n<h6 class=\"liensouligne wp-block-post-title\"><a href=\"https:\/\/wp.unil.ch\/ateliercritique\/2016\/01\/tiempos\/\" target=\"_self\" >Tiempos<\/a><\/h6>\n\n<div class=\"wp-block-post-excerpt\"><p class=\"wp-block-post-excerpt__excerpt\">De et par Dani\u00e8le Chevrolet\u00a0et\u00a0Jos\u00e9-Manuel Ruiz \/ cie Les H\u00e9ros Fourbus \/ Petith\u00e9\u00e2tre de Sion \/ du 26 d\u00e9cembre 2015 au 3 janvier 2016 \/\u00a0Critique par Chantal Zumwald. <\/p><\/div>\n\n\n<div style=\"height:1px\" aria-hidden=\"true\" class=\"wp-block-spacer\"><\/div>\n\n<\/li><li class=\"wp-block-post post-7605 post type-post status-publish format-standard has-post-thumbnail category-critique category-expired category-la-grange category-spectacle tag-chantal-zumwald tag-fanny-utiger\">\n<h6 class=\"liensouligne wp-block-post-title\"><a href=\"https:\/\/wp.unil.ch\/ateliercritique\/2015\/12\/wild-west-women\/\" target=\"_self\" >Wild West Women<\/a><\/h6>\n\n<div class=\"wp-block-post-excerpt\"><p class=\"wp-block-post-excerpt__excerpt\">De Caroline Le Forestier \/ par Le Th\u00e9\u00e2tre de l\u2019Ecrou et Solentiname \/ mise en sc\u00e8ne\u00a0Augustin B\u00e9card \/ Th\u00e9\u00e2tre de La Grange de Dorigny \/ du 10 au 12 d\u00e9cembre 2015 \/ Critiques par Chantal Zumwald et Fanny Utiger. <\/p><\/div>\n\n\n<div style=\"height:1px\" aria-hidden=\"true\" class=\"wp-block-spacer\"><\/div>\n\n<\/li><li class=\"wp-block-post post-7307 post type-post status-publish format-standard has-post-thumbnail category-critique category-equilibre-nuithonie category-expired category-spectacle tag-chantal-zumwald tag-nadia-hachemi\">\n<h6 class=\"liensouligne wp-block-post-title\"><a href=\"https:\/\/wp.unil.ch\/ateliercritique\/2015\/11\/silencio\/\" target=\"_self\" >Silencio<\/a><\/h6>\n\n<div class=\"wp-block-post-excerpt\"><p class=\"wp-block-post-excerpt__excerpt\">De Julien Schmutz et Robert Sandoz \/ mise en sc\u00e8ne Julien Schmutz \/ par Le Magnifique Th\u00e9\u00e2tre \/ Equilibre-Nuithonie \/ du 3 au 14 novembre 2015 \/ Critiques par Nadia Hachemi et Chantal Zumwald. <\/p><\/div>\n\n\n<div style=\"height:1px\" aria-hidden=\"true\" class=\"wp-block-spacer\"><\/div>\n\n<\/li><li class=\"wp-block-post post-7073 post type-post status-publish format-standard has-post-thumbnail category-critique category-expired category-friscenes-fribourg category-spectacle tag-alice-moraz tag-chantal-zumwald tag-emilie-roch tag-josefa-terribilini tag-lauriane-pointet tag-nadia-hachemi tag-valmir-rexhepi\">\n<h6 class=\"liensouligne wp-block-post-title\"><a href=\"https:\/\/wp.unil.ch\/ateliercritique\/2015\/10\/friscenes-2015\/\" target=\"_self\" >FriSc\u00e8nes 2015<\/a><\/h6>\n\n<div class=\"wp-block-post-excerpt\"><p class=\"wp-block-post-excerpt__excerpt\">Festival international de th\u00e9\u00e2tre Frisc\u00e8nes \/ Nouveau Monde (Fribourg) \/ du 19 au 25 octobre 2015 \/ Critiques par Nadia Hachemi, Lauriane Pointet, Emilie Roch, Josefa Terribilini, Valmir Rexhepi, Alice Moraz et Chantal Zumwald. <\/p><\/div>\n\n\n<div style=\"height:1px\" aria-hidden=\"true\" class=\"wp-block-spacer\"><\/div>\n\n<\/li><li class=\"wp-block-post post-6422 post type-post status-publish format-standard has-post-thumbnail category-critique category-expired category-theatre-de-larsenic category-spectacle tag-chantal-zumwald tag-laura-pallu\">\n<h6 class=\"liensouligne wp-block-post-title\"><a href=\"https:\/\/wp.unil.ch\/ateliercritique\/2015\/05\/abymes\/\" target=\"_self\" >Abymes<\/a><\/h6>\n\n<div class=\"wp-block-post-excerpt\"><p class=\"wp-block-post-excerpt__excerpt\">Texte et mise en sc\u00e8ne d\u2019Audrey Cavelius \/ du 19 au 24 mai 2015 \/ Th\u00e9\u00e2tre Arsenic (Lausanne) \/ Critiques par Laura Pall\u00f9 et Chantal Zumwald . <\/p><\/div>\n\n\n<div style=\"height:1px\" aria-hidden=\"true\" class=\"wp-block-spacer\"><\/div>\n\n<\/li><li class=\"wp-block-post post-6366 post type-post status-publish format-standard has-post-thumbnail category-critique category-equilibre-nuithonie category-expired category-spectacle tag-chantal-zumwald tag-maelle-andrey\">\n<h6 class=\"liensouligne wp-block-post-title\"><a href=\"https:\/\/wp.unil.ch\/ateliercritique\/2015\/05\/constellationcendrillon\/\" target=\"_self\" >Constellation*Cendrillon<\/a><\/h6>\n\n<div class=\"wp-block-post-excerpt\"><p class=\"wp-block-post-excerpt__excerpt\">Conception et mise en sc\u00e8ne Laurent Gachoud \/ Cie de l\u2019Oranger\/ les 7 et 8 mai 2015 \/ Equilibre-Nuithonie (Fribourg) \/ Critiques par Ma\u00eblle Andrey et Chantal Zumwald . <\/p><\/div>\n\n\n<div style=\"height:1px\" aria-hidden=\"true\" class=\"wp-block-spacer\"><\/div>\n\n<\/li><li class=\"wp-block-post post-6305 post type-post status-publish format-standard has-post-thumbnail category-critique category-expired category-spectacle category-theatre-de-vidy tag-chantal-zumwald tag-deborah-strebel\">\n<h6 class=\"liensouligne wp-block-post-title\"><a href=\"https:\/\/wp.unil.ch\/ateliercritique\/2015\/05\/les-particules-elementaires\/\" target=\"_self\" >Les Particules \u00e9l\u00e9mentaires<\/a><\/h6>\n\n<div class=\"wp-block-post-excerpt\"><p class=\"wp-block-post-excerpt__excerpt\">D\u2019apr\u00e8s Michel Houellebecq \/ Mise en sc\u00e8ne par Julien Gosselin \/ du 29 avril au 1er mai 2015 \/ Th\u00e9\u00e2tre de Vidy (Lausanne) \/ Critiques par Deborah Strebel et Chantal Zumwald . <\/p><\/div>\n\n\n<div style=\"height:1px\" aria-hidden=\"true\" class=\"wp-block-spacer\"><\/div>\n\n<\/li><li class=\"wp-block-post post-6257 post type-post status-publish format-standard has-post-thumbnail category-critique category-expired category-spectacle category-theatre-de-vidy tag-chantal-zumwald\">\n<h6 class=\"liensouligne wp-block-post-title\"><a href=\"https:\/\/wp.unil.ch\/ateliercritique\/2015\/04\/bit\/\" target=\"_self\" >BiT<\/a><\/h6>\n\n<div class=\"wp-block-post-excerpt\"><p class=\"wp-block-post-excerpt__excerpt\">Par la Cie Maguy Marin \/ Conception de Maguy Marin \/ du 22 au 24 avril 2015 \/ Th\u00e9\u00e2tre de Vidy (Lausanne) \/ Critique par Chantal Zumwald . <\/p><\/div>\n\n\n<div style=\"height:1px\" aria-hidden=\"true\" class=\"wp-block-spacer\"><\/div>\n\n<\/li><li class=\"wp-block-post post-6248 post type-post status-publish format-standard has-post-thumbnail category-critique category-equilibre-nuithonie category-expired category-spectacle tag-chantal-zumwald tag-nicolas-joray\">\n<h6 class=\"liensouligne wp-block-post-title\"><a href=\"https:\/\/wp.unil.ch\/ateliercritique\/2015\/04\/les-arbres-pleurent-ils-aussi\/\" target=\"_self\" >Les arbres pleurent-ils aussi?<\/a><\/h6>\n\n<div class=\"wp-block-post-excerpt\"><p class=\"wp-block-post-excerpt__excerpt\">Par la Cie Fabienne Berger \/ du 25 avril au 2 mai 2015 \/ Equilibre-Nuithonie (Fribourg) \/ En tourn\u00e9e jusqu\u2019au 8 mai 2015 \/ Critiques par Nicolas Joray et Chantal Zumwald . <\/p><\/div>\n\n\n<div style=\"height:1px\" aria-hidden=\"true\" class=\"wp-block-spacer\"><\/div>\n\n<\/li><li class=\"wp-block-post post-6090 post type-post status-publish format-standard has-post-thumbnail category-critique category-expired category-la-grange category-spectacle tag-chantal-zumwald tag-maelle-andrey\">\n<h6 class=\"liensouligne wp-block-post-title\"><a href=\"https:\/\/wp.unil.ch\/ateliercritique\/2015\/03\/le-chat-du-rabbin\/\" target=\"_self\" >Le Chat du Rabbin<\/a><\/h6>\n\n<div class=\"wp-block-post-excerpt\"><p class=\"wp-block-post-excerpt__excerpt\">D\u2019apr\u00e8s la bande dessin\u00e9e de Joann Sfar \/ Mise en sc\u00e8ne par Sarah Marcuse \/ du 19 au 22 mars 2015 \/ Grange de Dorigny (Lausanne) \/ En tourn\u00e9e jusqu\u2019au 18 juin 2015 \/ Critiques par Ma\u00eblle Andrey et Chantal\u2026 <\/p><\/div>\n\n\n<div style=\"height:1px\" aria-hidden=\"true\" class=\"wp-block-spacer\"><\/div>\n\n<\/li><\/ul><\/div>\n","protected":false},"excerpt":{"rendered":"<p>Les critiques de Chantal Zumwald :<\/p>\n","protected":false},"author":1001119,"featured_media":0,"parent":2716,"menu_order":0,"comment_status":"closed","ping_status":"closed","template":"","meta":{"_seopress_robots_primary_cat":"","_seopress_titles_title":"","_seopress_titles_desc":"","_seopress_robots_index":"","footnotes":""},"class_list":["post-5856","page","type-page","status-publish"],"_links":{"self":[{"href":"https:\/\/wp.unil.ch\/ateliercritique\/wp-json\/wp\/v2\/pages\/5856","targetHints":{"allow":["GET"]}}],"collection":[{"href":"https:\/\/wp.unil.ch\/ateliercritique\/wp-json\/wp\/v2\/pages"}],"about":[{"href":"https:\/\/wp.unil.ch\/ateliercritique\/wp-json\/wp\/v2\/types\/page"}],"author":[{"embeddable":true,"href":"https:\/\/wp.unil.ch\/ateliercritique\/wp-json\/wp\/v2\/users\/1001119"}],"replies":[{"embeddable":true,"href":"https:\/\/wp.unil.ch\/ateliercritique\/wp-json\/wp\/v2\/comments?post=5856"}],"version-history":[{"count":1,"href":"https:\/\/wp.unil.ch\/ateliercritique\/wp-json\/wp\/v2\/pages\/5856\/revisions"}],"predecessor-version":[{"id":22369,"href":"https:\/\/wp.unil.ch\/ateliercritique\/wp-json\/wp\/v2\/pages\/5856\/revisions\/22369"}],"up":[{"embeddable":true,"href":"https:\/\/wp.unil.ch\/ateliercritique\/wp-json\/wp\/v2\/pages\/2716"}],"wp:attachment":[{"href":"https:\/\/wp.unil.ch\/ateliercritique\/wp-json\/wp\/v2\/media?parent=5856"}],"curies":[{"name":"wp","href":"https:\/\/api.w.org\/{rel}","templated":true}]}}