{"id":5852,"date":"2015-02-26T15:51:00","date_gmt":"2015-02-26T14:51:00","guid":{"rendered":"http:\/\/wp.unil.ch\/ateliercritique\/?page_id=5852"},"modified":"2025-02-07T09:43:55","modified_gmt":"2025-02-07T08:43:55","slug":"laura-weber","status":"publish","type":"page","link":"https:\/\/wp.unil.ch\/ateliercritique\/lequipe\/laura-weber\/","title":{"rendered":"Laura Weber"},"content":{"rendered":"<h4>Les critiques de Laura Weber :<\/h4>\n\n\n<div class=\"wp-block-query is-layout-flow wp-block-query-is-layout-flow\"><ul class=\"wp-block-post-template is-layout-flow wp-block-post-template-is-layout-flow\"><li class=\"wp-block-post post-11623 post type-post status-publish format-standard has-post-thumbnail category-critique category-expired category-theatre-de-larsenic category-spectacle tag-artemisia-romano tag-laura-weber\">\n<h6 class=\"liensouligne wp-block-post-title\"><a href=\"https:\/\/wp.unil.ch\/ateliercritique\/2017\/05\/la-cagnotte\/\" target=\"_self\" >La Cagnotte<\/a><\/h6>\n\n<div class=\"wp-block-post-excerpt\"><p class=\"wp-block-post-excerpt__excerpt\">De Eug\u00e8ne Labiche \/ Mise en sc\u00e8ne Cl\u00e9mentine Colpin et Christian Geffroy Schlittler \/ L\u2019Arsenic \/ du 17 au 21 mai 2017 \/ Critiques par Laura Weber et Artemisia Romano.\u00a0 <\/p><\/div>\n\n\n<div style=\"height:1px\" aria-hidden=\"true\" class=\"wp-block-spacer\"><\/div>\n\n<\/li><li class=\"wp-block-post post-11433 post type-post status-publish format-standard has-post-thumbnail category-critique category-expired category-le-petit-theatre category-spectacle tag-celine-conus tag-laura-weber\">\n<h6 class=\"liensouligne wp-block-post-title\"><a href=\"https:\/\/wp.unil.ch\/ateliercritique\/2017\/04\/mon-chien-dieu\/\" target=\"_self\" >Mon chien-dieu<\/a><\/h6>\n\n<div class=\"wp-block-post-excerpt\"><p class=\"wp-block-post-excerpt__excerpt\">Texte de Douna Loup \/ Mise en sc\u00e8ne de Joan Mompart \/ Co-production: Llum th\u00e9\u00e2tre, Le Petit th\u00e9\u00e2tre, L\u2019Arsenic et le Th\u00e9\u00e2tre Am Stram Gram \/\u00a0 Le Petit th\u00e9\u00e2tre \/ du 25 au 30 avril 2017 \/ Critiques par Laura\u2026 <\/p><\/div>\n\n\n<div style=\"height:1px\" aria-hidden=\"true\" class=\"wp-block-spacer\"><\/div>\n\n<\/li><li class=\"wp-block-post post-11383 post type-post status-publish format-standard has-post-thumbnail category-centre-pluriculturel-et-social-douchy category-critique category-expired category-spectacle tag-laura-weber\">\n<h6 class=\"liensouligne wp-block-post-title\"><a href=\"https:\/\/wp.unil.ch\/ateliercritique\/2017\/04\/peinture-sur-chevaux-2\/\" target=\"_self\" >Peinture sur chevaux 2<\/a><\/h6>\n\n<div class=\"wp-block-post-excerpt\"><p class=\"wp-block-post-excerpt__excerpt\">De Blaise Bersinger \/ CPO \/ du 12 avril au 17 juin 2017 \/ Critique par Laura Weber. <\/p><\/div>\n\n\n<div style=\"height:1px\" aria-hidden=\"true\" class=\"wp-block-spacer\"><\/div>\n\n<\/li><li class=\"wp-block-post post-10900 post type-post status-publish format-standard has-post-thumbnail category-critique category-expired category-spectacle category-theatre-2-21-lausanne tag-laura-weber tag-sarah-simon\">\n<h6 class=\"liensouligne wp-block-post-title\"><a href=\"https:\/\/wp.unil.ch\/ateliercritique\/2017\/01\/pag-morning-wood\/\" target=\"_self\" >P\u00c5G \u2013 Morning wood<\/a><\/h6>\n\n<div class=\"wp-block-post-excerpt\"><p class=\"wp-block-post-excerpt__excerpt\">cr\u00e9ation et mise en sc\u00e8ne Christian Denisart \/ Compagnie Les Voyages Extraordinaires \/ du 10 au 15 janvier 2017 \/ Th\u00e9\u00e2tre 2.21 \/ Critique par Laura Weber et Sarah Simon. <\/p><\/div>\n\n\n<div style=\"height:1px\" aria-hidden=\"true\" class=\"wp-block-spacer\"><\/div>\n\n<\/li><li class=\"wp-block-post post-10628 post type-post status-publish format-standard has-post-thumbnail category-critique category-expired category-la-grange category-spectacle tag-laura-weber tag-valmir-rexhepi\">\n<h6 class=\"liensouligne wp-block-post-title\"><a href=\"https:\/\/wp.unil.ch\/ateliercritique\/2016\/11\/stuck-plastik\/\" target=\"_self\" >St\u00fcck Plastik<\/a><\/h6>\n\n<div class=\"wp-block-post-excerpt\"><p class=\"wp-block-post-excerpt__excerpt\">De Marius von Mayenburg \/ mise en sc\u00e8ne de Gianni Schneider \/ Th\u00e9\u00e2tre de la Grange de Dorigny \/ du 17 au 26 novembre 2016 \/ Critiques par Valmir Rexhepi et Laura Weber.\u00a0 <\/p><\/div>\n\n\n<div style=\"height:1px\" aria-hidden=\"true\" class=\"wp-block-spacer\"><\/div>\n\n<\/li><li class=\"wp-block-post post-10418 post type-post status-publish format-standard has-post-thumbnail category-critique category-expired category-la-grange category-spectacle tag-fanny-utiger tag-laura-weber\">\n<h6 class=\"liensouligne wp-block-post-title\"><a href=\"https:\/\/wp.unil.ch\/ateliercritique\/2016\/10\/le-dieu-du-carnage\/\" target=\"_self\" >Le Dieu du carnage<\/a><\/h6>\n\n<div class=\"wp-block-post-excerpt\"><p class=\"wp-block-post-excerpt__excerpt\">de Yasmina Reza \/ mise en sc\u00e8ne de Georges Guerreio \/ par Baraka et Helvetic Shakespeare Company \/ du 22 au 29 octobre 2016 \/ au Th\u00e9\u00e2tre de la Grange de Dorigny \/ Critiques par Fanny Utiger et Laura Weber. <\/p><\/div>\n\n\n<div style=\"height:1px\" aria-hidden=\"true\" class=\"wp-block-spacer\"><\/div>\n\n<\/li><li class=\"wp-block-post post-7590 post type-post status-publish format-standard has-post-thumbnail category-critique category-expired category-spectacle category-theatre-de-lusine-geneve tag-laura-weber tag-lea-giotto\">\n<h6 class=\"liensouligne wp-block-post-title\"><a href=\"https:\/\/wp.unil.ch\/ateliercritique\/2015\/12\/orthodhoxes\/\" target=\"_self\" >Orthodhoxes<\/a><\/h6>\n\n<div class=\"wp-block-post-excerpt\"><p class=\"wp-block-post-excerpt__excerpt\">\u00c9crit et mis en sc\u00e8ne par Casimir M. Admonk \/ TU \u2013Th\u00e9\u00e2tre de l\u2019Usine \/ du 10 au 16 d\u00e9cembre 2015 \/ Critiques par L\u00e9a Giotto et Laura Weber. <\/p><\/div>\n\n\n<div style=\"height:1px\" aria-hidden=\"true\" class=\"wp-block-spacer\"><\/div>\n\n<\/li><li class=\"wp-block-post post-7416 post type-post status-publish format-standard has-post-thumbnail category-critique category-expired category-spectacle category-tpr-la-chaux-de-fonds tag-laura-weber tag-lea-giotto\">\n<h6 class=\"liensouligne wp-block-post-title\"><a href=\"https:\/\/wp.unil.ch\/ateliercritique\/2015\/11\/intrigue-et-amour\/\" target=\"_self\" >Intrigue et amour<\/a><\/h6>\n\n<div class=\"wp-block-post-excerpt\"><p class=\"wp-block-post-excerpt__excerpt\">De Friedrich Schiller \/ mise en sc\u00e8ne Yves Beaunesne \/ TPR (La Chaux-de-Fond) \/ 14 novembre 2015 \/ en tourn\u00e9e jusqu\u2019en mars 2016 \/ Critiques par Laura Weber et L\u00e9a Giotto. <\/p><\/div>\n\n\n<div style=\"height:1px\" aria-hidden=\"true\" class=\"wp-block-spacer\"><\/div>\n\n<\/li><li class=\"wp-block-post post-7269 post type-post status-publish format-standard has-post-thumbnail category-critique category-expired category-le-petit-theatre category-spectacle tag-laura-weber tag-lea-giotto\">\n<h6 class=\"liensouligne wp-block-post-title\"><a href=\"https:\/\/wp.unil.ch\/ateliercritique\/2015\/11\/je-mappelle-jack\/\" target=\"_self\" >Je m\u2019appelle Jack<\/a><\/h6>\n\n<div class=\"wp-block-post-excerpt\"><p class=\"wp-block-post-excerpt__excerpt\">De Sandra Korol \/ par la Cie Face Public \/ Mise en sc\u00e8ne Michel Toman \/ Le Petit Th\u00e9\u00e2tre \/ du 28 octobre au 15 novembre 2015 \/ Critiques par Laura Weber et L\u00e9a Giotto. <\/p><\/div>\n\n\n<div style=\"height:1px\" aria-hidden=\"true\" class=\"wp-block-spacer\"><\/div>\n\n<\/li><li class=\"wp-block-post post-6520 post type-post status-publish format-standard has-post-thumbnail category-critique category-expired category-spectacle tag-laura-weber tag-lea-giotto\">\n<h6 class=\"liensouligne wp-block-post-title\"><a href=\"https:\/\/wp.unil.ch\/ateliercritique\/2015\/06\/chacun-sa-cuisine\/\" target=\"_self\" >Comment on choisit sa pizza<\/a><\/h6>\n\n<div class=\"wp-block-post-excerpt\"><p class=\"wp-block-post-excerpt__excerpt\">par la compagnie Outrebise \/ mise en sc\u00e8ne Maude Lan\u00e7on \/ du 2 juin au 14 juin 2015 \/ Th\u00e9\u00e2tre 2.21 \/ Critiques par L\u00e9a Giotto <\/p><\/div>\n\n\n<div style=\"height:1px\" aria-hidden=\"true\" class=\"wp-block-spacer\"><\/div>\n\n<\/li><li class=\"wp-block-post post-6318 post type-post status-publish format-standard has-post-thumbnail category-centre-pluriculturel-et-social-douchy category-critique category-expired category-spectacle tag-laura-weber tag-lea-giotto\">\n<h6 class=\"liensouligne wp-block-post-title\"><a href=\"https:\/\/wp.unil.ch\/ateliercritique\/2015\/05\/farniente\/\" target=\"_self\" >Farniente<\/a><\/h6>\n\n<div class=\"wp-block-post-excerpt\"><p class=\"wp-block-post-excerpt__excerpt\">Mise en sc\u00e8ne de Sandra Gaudin \/ du 5 au 10 mai 2015 \/ CPO (Lausanne) \/ Critiques par Laura Weber et L\u00e9a Giotto . <\/p><\/div>\n\n\n<div style=\"height:1px\" aria-hidden=\"true\" class=\"wp-block-spacer\"><\/div>\n\n<\/li><li class=\"wp-block-post post-6242 post type-post status-publish format-standard has-post-thumbnail category-critique category-expired category-theatre-comedie category-spectacle tag-laura-weber tag-lea-giotto\">\n<h6 class=\"liensouligne wp-block-post-title\"><a href=\"https:\/\/wp.unil.ch\/ateliercritique\/2015\/04\/orlando-ou-limpatience\/\" target=\"_self\" >Orlando ou l&rsquo;impatience<\/a><\/h6>\n\n<div class=\"wp-block-post-excerpt\"><p class=\"wp-block-post-excerpt__excerpt\">Mise en sc\u00e8ne et cr\u00e9ation par Olivier Py\/ du 23 au 26 avril 2015 \/ Com\u00e9die de Gen\u00e8ve \/ Critiques par L\u00e9a Giotto et Laura Weber . <\/p><\/div>\n\n\n<div style=\"height:1px\" aria-hidden=\"true\" class=\"wp-block-spacer\"><\/div>\n\n<\/li><\/ul><\/div>\n","protected":false},"excerpt":{"rendered":"<p>Les critiques de Laura Weber :<\/p>\n","protected":false},"author":1001119,"featured_media":0,"parent":2716,"menu_order":0,"comment_status":"closed","ping_status":"closed","template":"","meta":{"_seopress_robots_primary_cat":"","_seopress_titles_title":"","_seopress_titles_desc":"","_seopress_robots_index":"","footnotes":""},"class_list":["post-5852","page","type-page","status-publish"],"_links":{"self":[{"href":"https:\/\/wp.unil.ch\/ateliercritique\/wp-json\/wp\/v2\/pages\/5852","targetHints":{"allow":["GET"]}}],"collection":[{"href":"https:\/\/wp.unil.ch\/ateliercritique\/wp-json\/wp\/v2\/pages"}],"about":[{"href":"https:\/\/wp.unil.ch\/ateliercritique\/wp-json\/wp\/v2\/types\/page"}],"author":[{"embeddable":true,"href":"https:\/\/wp.unil.ch\/ateliercritique\/wp-json\/wp\/v2\/users\/1001119"}],"replies":[{"embeddable":true,"href":"https:\/\/wp.unil.ch\/ateliercritique\/wp-json\/wp\/v2\/comments?post=5852"}],"version-history":[{"count":1,"href":"https:\/\/wp.unil.ch\/ateliercritique\/wp-json\/wp\/v2\/pages\/5852\/revisions"}],"predecessor-version":[{"id":22366,"href":"https:\/\/wp.unil.ch\/ateliercritique\/wp-json\/wp\/v2\/pages\/5852\/revisions\/22366"}],"up":[{"embeddable":true,"href":"https:\/\/wp.unil.ch\/ateliercritique\/wp-json\/wp\/v2\/pages\/2716"}],"wp:attachment":[{"href":"https:\/\/wp.unil.ch\/ateliercritique\/wp-json\/wp\/v2\/media?parent=5852"}],"curies":[{"name":"wp","href":"https:\/\/api.w.org\/{rel}","templated":true}]}}