{"id":5850,"date":"2015-02-26T15:49:45","date_gmt":"2015-02-26T14:49:45","guid":{"rendered":"http:\/\/wp.unil.ch\/ateliercritique\/?page_id=5850"},"modified":"2025-02-10T14:23:27","modified_gmt":"2025-02-10T13:23:27","slug":"camille-logoz","status":"publish","type":"page","link":"https:\/\/wp.unil.ch\/ateliercritique\/lequipe\/camille-logoz\/","title":{"rendered":"Camille Logoz"},"content":{"rendered":"<div class=\"wp-block-image\">\n<figure class=\"alignright size-full is-resized\"><img alt=\"\" loading=\"lazy\" decoding=\"async\" width=\"604\" height=\"453\" src=\"https:\/\/wp.unil.ch\/ateliercritique\/files\/2015\/02\/Camille-Logoz.jpg\" alt=\"\" class=\"wp-image-9815\" style=\"width:300px\" srcset=\"https:\/\/wp.unil.ch\/ateliercritique\/files\/2015\/02\/Camille-Logoz.jpg 604w, https:\/\/wp.unil.ch\/ateliercritique\/files\/2015\/02\/Camille-Logoz-227x170.jpg 227w, https:\/\/wp.unil.ch\/ateliercritique\/files\/2015\/02\/Camille-Logoz-267x200.jpg 267w\" sizes=\"auto, (max-width: 604px) 100vw, 604px\" \/><\/figure>\n<\/div>\n\n<p align=\"justify\">\u00a0<\/p>\n<p>\u00c9tudiante en fran\u00e7ais moderne et allemand \u00e0 l\u2019Universit\u00e9 de Lausanne depuis 2012.<br \/>Devenir r\u00e9dactrice pour l\u2019Atelier critique est pour moi un moyen d\u2019exercer un regard et une approche analytiques des productions th\u00e9\u00e2trales, mais aussi de r\u00e9fl\u00e9chir \u00e0 la place et \u00e0 l\u2019impact de la culture dans notre soci\u00e9t\u00e9 et d\u2019assister au d\u00e9ploiement d\u2019un pan de la sc\u00e8ne culturelle actuelle et locale. Parall\u00e8lement \u00e0 mes \u00e9tudes, j\u2019aime consacrer du temps \u00e0 des voyages et des lectures. J\u2019exerce aussi l\u2019activit\u00e9 de traductrice et je suis heureuse de contribuer \u00e0 la vie d\u2019institutions telles que le cin\u00e9ma CityClub \u00e0 Pully ou le Centre de Traduction Litt\u00e9raire de Lausanne.<\/p>\n<h4>Les critiques de Camille Logoz :<\/h4>\n\n\n<div class=\"wp-block-query is-layout-flow wp-block-query-is-layout-flow\"><ul class=\"wp-block-post-template is-layout-flow wp-block-post-template-is-layout-flow\"><li class=\"wp-block-post post-8096 post type-post status-publish format-standard has-post-thumbnail category-critique category-expired category-spectacle category-theatre-2-21-lausanne tag-camille-logoz tag-nadia-hachemi\">\n<h6 class=\"liensouligne wp-block-post-title\"><a href=\"https:\/\/wp.unil.ch\/ateliercritique\/2016\/04\/ta-facon-de-mentir\/\" target=\"_self\" >Ta fa\u00e7on de mentir<\/a><\/h6>\n\n<div class=\"wp-block-post-excerpt\"><p class=\"wp-block-post-excerpt__excerpt\">Par Catherine Delmar et Alain Guerry \/ Th\u00e9\u00e2tre 2.21 \/ du 19 avril au 1er mai 2016 \/ Critiques par Camille Logoz et Nadia Hachemi. <\/p><\/div>\n\n\n<div style=\"height:1px\" aria-hidden=\"true\" class=\"wp-block-spacer\"><\/div>\n\n<\/li><li class=\"wp-block-post post-8061 post type-post status-publish format-standard has-post-thumbnail category-critique category-expired category-theatre-des-osses category-spectacle tag-camille-logoz tag-fanny-utiger\">\n<h6 class=\"liensouligne wp-block-post-title\"><a href=\"https:\/\/wp.unil.ch\/ateliercritique\/2016\/04\/femme-non-reeducable\/\" target=\"_self\" >Femme non-r\u00e9\u00e9ducable<\/a><\/h6>\n\n<div class=\"wp-block-post-excerpt\"><p class=\"wp-block-post-excerpt__excerpt\">De Stefano Massini \/ traduction Pietro Pizzuti \/ mise en sc\u00e8ne Dominique de Rivaz \/ Th\u00e9\u00e2tre des Osses \/ du 14 au 24 avril 2016 \/ Critiques par Camille Logoz et Fanny Utiger. <\/p><\/div>\n\n\n<div style=\"height:1px\" aria-hidden=\"true\" class=\"wp-block-spacer\"><\/div>\n\n<\/li><li class=\"wp-block-post post-7955 post type-post status-publish format-standard has-post-thumbnail category-critique category-expired category-spectacle category-theatre-de-vidy tag-camille-logoz tag-fanny-utiger tag-nadia-hachemi tag-suzanne-crettex tag-waqas-mirza\">\n<h6 class=\"liensouligne wp-block-post-title\"><a href=\"https:\/\/wp.unil.ch\/ateliercritique\/2016\/03\/la-mouette\/\" target=\"_self\" >La Mouette<\/a><\/h6>\n\n<div class=\"wp-block-post-excerpt\"><p class=\"wp-block-post-excerpt__excerpt\">D&rsquo;Anton Tchekhov \/ mise en sc\u00e8ne Thomas Ostermeier \/ Th\u00e9\u00e2tre de Vidy \/ du 26 f\u00e9vrier au 13 mars 2016 \/ Critiques par Camille Logoz, Suzanne Crettex, Nadia Hachemi, Fanny Utiger et Waqas Mirza. <\/p><\/div>\n\n\n<div style=\"height:1px\" aria-hidden=\"true\" class=\"wp-block-spacer\"><\/div>\n\n<\/li><li class=\"wp-block-post post-7902 post type-post status-publish format-standard has-post-thumbnail category-critique category-expired category-spectacle category-theatre-de-vidy tag-camille-logoz tag-julia-cela\">\n<h6 class=\"liensouligne wp-block-post-title\"><a href=\"https:\/\/wp.unil.ch\/ateliercritique\/2016\/03\/sommes-repus-repentis\/\" target=\"_self\" >Nous sommes repus mais pas repentis<\/a><\/h6>\n\n<div class=\"wp-block-post-excerpt\"><p class=\"wp-block-post-excerpt__excerpt\">\u00c0 partir de D\u00e9jeuner chez Wittgenstein de Thomas Bernhard \/ mise en sc\u00e8ne S\u00e9verine Chavrier \/ Th\u00e9\u00e2tre de Vidy \/ du 9 au 20 mars 2016 \/ Critiques par Julia Cela et Camille Logoz. <\/p><\/div>\n\n\n<div style=\"height:1px\" aria-hidden=\"true\" class=\"wp-block-spacer\"><\/div>\n\n<\/li><li class=\"wp-block-post post-7757 post type-post status-publish format-standard has-post-thumbnail category-critique category-expired category-theatre-de-larsenic category-spectacle tag-camille-logoz tag-elisa-picci\">\n<h6 class=\"liensouligne wp-block-post-title\"><a href=\"https:\/\/wp.unil.ch\/ateliercritique\/2016\/01\/marla-portrait-dune-femme-joyeuse\/\" target=\"_self\" >Marla, portrait d&rsquo;une femme joyeuse<\/a><\/h6>\n\n<div class=\"wp-block-post-excerpt\"><p class=\"wp-block-post-excerpt__excerpt\">Ecrit et mis en sc\u00e8ne par Denis Maillefer \/ L&rsquo;Arsenic \/ du 28 janvier au 7 f\u00e9vrier 2016 \/ Critiques par Elisa Picci et Camille Logoz. <\/p><\/div>\n\n\n<div style=\"height:1px\" aria-hidden=\"true\" class=\"wp-block-spacer\"><\/div>\n\n<\/li><li class=\"wp-block-post post-7349 post type-post status-publish format-standard has-post-thumbnail category-critique category-expired category-le-reflet category-spectacle tag-camille-logoz tag-emilie-roch\">\n<h6 class=\"liensouligne wp-block-post-title\"><a href=\"https:\/\/wp.unil.ch\/ateliercritique\/2015\/11\/lhistoire-du-soldat\/\" target=\"_self\" >L\u2019Histoire du soldat<\/a><\/h6>\n\n<div class=\"wp-block-post-excerpt\"><p class=\"wp-block-post-excerpt__excerpt\">De Charles-Ferdinand Ramuz \/ musique d\u2019Igor Stravinsky \/ par le Teatro Malandro \/ mise en sc\u00e8ne Omar Porras\u00a0\/ Th\u00e9\u00e2tre Le Reflet (Vevey) \/ du 7 au 8 novembre 2015 \/ Critiques par Emilie Roch et Camille Logoz. <\/p><\/div>\n\n\n<div style=\"height:1px\" aria-hidden=\"true\" class=\"wp-block-spacer\"><\/div>\n\n<\/li><li class=\"wp-block-post post-7167 post type-post status-publish format-standard has-post-thumbnail category-critique category-expired category-spectacle category-theatre-du-passage tag-camille-logoz tag-marie-reymond\">\n<h6 class=\"liensouligne wp-block-post-title\"><a href=\"https:\/\/wp.unil.ch\/ateliercritique\/2015\/10\/la-cerisaie\/\" target=\"_self\" >La Cerisaie<\/a><\/h6>\n\n<div class=\"wp-block-post-excerpt\"><p class=\"wp-block-post-excerpt__excerpt\">D\u2019Anton Tchekhov \/ par la Cie du Passage et Cie G. Bouillon \/ Th\u00e9\u00e2tre du Passage (Neuch\u00e2tel) \/ du 22 au 25 octobre 2015 \/ Critiques par Camille Logoz et Marie Reymond. <\/p><\/div>\n\n\n<div style=\"height:1px\" aria-hidden=\"true\" class=\"wp-block-spacer\"><\/div>\n\n<\/li><li class=\"wp-block-post post-6977 post type-post status-publish format-standard has-post-thumbnail category-critique category-expired category-spectacle category-theatre-de-vidy tag-camille-logoz tag-emilie-roch tag-fanny-utiger\">\n<h6 class=\"liensouligne wp-block-post-title\"><a href=\"https:\/\/wp.unil.ch\/ateliercritique\/2015\/10\/cloture-de-lamour\/\" target=\"_self\" >Cl\u00f4ture de l\u2019amour<\/a><\/h6>\n\n<div class=\"wp-block-post-excerpt\"><p class=\"wp-block-post-excerpt__excerpt\">De Pascal Rambert \/ avec Stanislas Nordey et Audrey Bonnet \/ Th\u00e9\u00e2tre de Vidy \/ du 30 septembre au 4 octobre 2015 \/ Critiques par Fanny Utiger, Camille Logoz et Emilie Roch <\/p><\/div>\n\n\n<div style=\"height:1px\" aria-hidden=\"true\" class=\"wp-block-spacer\"><\/div>\n\n<\/li><li class=\"wp-block-post post-6267 post type-post status-publish format-standard has-post-thumbnail category-critique category-expired category-spectacle category-theatre-du-passage tag-camille-logoz tag-elisa-picci\">\n<h6 class=\"liensouligne wp-block-post-title\"><a href=\"https:\/\/wp.unil.ch\/ateliercritique\/2015\/04\/20000-lieues-sous-les-mers\/\" target=\"_self\" >20&rsquo;000 lieues sous les mers<\/a><\/h6>\n\n<div class=\"wp-block-post-excerpt\"><p class=\"wp-block-post-excerpt__excerpt\">D\u2019apr\u00e8s Jules Verne \/ Par la Cie Imaginaire Th\u00e9\u00e2tre \/ Mise en sc\u00e8ne Sydney Bernard \/ 26 avril 2015 \/ Th\u00e9\u00e2tre du Passage (Neuch\u00e2tel) \/ Critiques par Camille Logoz et Elisa Picci . <\/p><\/div>\n\n\n<div style=\"height:1px\" aria-hidden=\"true\" class=\"wp-block-spacer\"><\/div>\n\n<\/li><li class=\"wp-block-post post-6223 post type-post status-publish format-standard has-post-thumbnail category-critique category-expired category-spectacle category-theatre-de-carouge tag-camille-logoz tag-cecilia-galindo\">\n<h6 class=\"liensouligne wp-block-post-title\"><a href=\"https:\/\/wp.unil.ch\/ateliercritique\/2015\/04\/la-visite-de-la-vieille-dame\/\" target=\"_self\" >La Visite de la vieille dame<\/a><\/h6>\n\n<div class=\"wp-block-post-excerpt\"><p class=\"wp-block-post-excerpt__excerpt\">De Friedrich D\u00fcrrenmatt \/ Mise en sc\u00e8ne par Omar Porras \/ du 17 avril au 9 mai 2015 \/ Th\u00e9\u00e2tre de Carouge (Gen\u00e8ve) \/ En tourn\u00e9e jusqu\u2019au 24 mai 2015 \/ Critiques par Camille Logoz et Cecilia Galindo . <\/p><\/div>\n\n\n<div style=\"height:1px\" aria-hidden=\"true\" class=\"wp-block-spacer\"><\/div>\n\n<\/li><li class=\"wp-block-post post-6016 post type-post status-publish format-standard has-post-thumbnail category-critique category-expired category-spectacle category-theatre-2-21-lausanne tag-camille-logoz tag-jonas-guyot\">\n<h6 class=\"liensouligne wp-block-post-title\"><a href=\"https:\/\/wp.unil.ch\/ateliercritique\/2015\/03\/le-jour-ou-jai-tue-un-chat\/\" target=\"_self\" >Le jour o\u00f9 j&rsquo;ai tu\u00e9 un chat<\/a><\/h6>\n\n<div class=\"wp-block-post-excerpt\"><p class=\"wp-block-post-excerpt__excerpt\">de Laetitia Barras \/ du 10 au 22 mars 2015 \/ Th\u00e9\u00e2tre 2.21 \/ Critiques par Jonas Guyot et Camille Logoz <\/p><\/div>\n\n\n<div style=\"height:1px\" aria-hidden=\"true\" class=\"wp-block-spacer\"><\/div>\n\n<\/li><li class=\"wp-block-post post-5959 post type-post status-publish format-standard has-post-thumbnail category-critique category-expired category-la-grange category-spectacle tag-camille-logoz tag-cecilia-galindo tag-deborah-strebel tag-maelle-andrey\">\n<h6 class=\"liensouligne wp-block-post-title\"><a href=\"https:\/\/wp.unil.ch\/ateliercritique\/2015\/03\/vernissage\/\" target=\"_self\" >Vernissage<\/a><\/h6>\n\n<div class=\"wp-block-post-excerpt\"><p class=\"wp-block-post-excerpt__excerpt\">de V\u00e1clav Havel \/ mise en sc\u00e8ne Matthias Urban \/ du 26 f\u00e9vrier au 7 mars 2015 \/ Grange de Dorigny \/ Critiques par Cecilia Galindo, Ma\u00eblle Andrey, Deborah Strebel et Camille Logoz.\u00a0 <\/p><\/div>\n\n\n<div style=\"height:1px\" aria-hidden=\"true\" class=\"wp-block-spacer\"><\/div>\n\n<\/li><\/ul><\/div>\n","protected":false},"excerpt":{"rendered":"<p>\u00a0 \u00c9tudiante en fran\u00e7ais moderne et allemand \u00e0 l\u2019Universit\u00e9 de Lausanne depuis 2012.Devenir r\u00e9dactrice pour l\u2019Atelier critique est pour moi un moyen d\u2019exercer un regard et une approche analytiques des &hellip; <\/p>\n","protected":false},"author":1001119,"featured_media":0,"parent":2716,"menu_order":0,"comment_status":"closed","ping_status":"closed","template":"","meta":{"_seopress_robots_primary_cat":"","_seopress_titles_title":"","_seopress_titles_desc":"","_seopress_robots_index":"","footnotes":""},"class_list":["post-5850","page","type-page","status-publish"],"_links":{"self":[{"href":"https:\/\/wp.unil.ch\/ateliercritique\/wp-json\/wp\/v2\/pages\/5850","targetHints":{"allow":["GET"]}}],"collection":[{"href":"https:\/\/wp.unil.ch\/ateliercritique\/wp-json\/wp\/v2\/pages"}],"about":[{"href":"https:\/\/wp.unil.ch\/ateliercritique\/wp-json\/wp\/v2\/types\/page"}],"author":[{"embeddable":true,"href":"https:\/\/wp.unil.ch\/ateliercritique\/wp-json\/wp\/v2\/users\/1001119"}],"replies":[{"embeddable":true,"href":"https:\/\/wp.unil.ch\/ateliercritique\/wp-json\/wp\/v2\/comments?post=5850"}],"version-history":[{"count":2,"href":"https:\/\/wp.unil.ch\/ateliercritique\/wp-json\/wp\/v2\/pages\/5850\/revisions"}],"predecessor-version":[{"id":22773,"href":"https:\/\/wp.unil.ch\/ateliercritique\/wp-json\/wp\/v2\/pages\/5850\/revisions\/22773"}],"up":[{"embeddable":true,"href":"https:\/\/wp.unil.ch\/ateliercritique\/wp-json\/wp\/v2\/pages\/2716"}],"wp:attachment":[{"href":"https:\/\/wp.unil.ch\/ateliercritique\/wp-json\/wp\/v2\/media?parent=5850"}],"curies":[{"name":"wp","href":"https:\/\/api.w.org\/{rel}","templated":true}]}}