{"id":5848,"date":"2015-02-26T15:48:37","date_gmt":"2015-02-26T14:48:37","guid":{"rendered":"http:\/\/wp.unil.ch\/ateliercritique\/?page_id=5848"},"modified":"2025-02-06T17:43:35","modified_gmt":"2025-02-06T16:43:35","slug":"lucas-moreel","status":"publish","type":"page","link":"https:\/\/wp.unil.ch\/ateliercritique\/lequipe\/lucas-moreel\/","title":{"rendered":"Lucas Mor\u00ebel"},"content":{"rendered":"<h4>Les critiques de Lucas Mor\u00ebel :<\/h4>\n\n\n<div class=\"wp-block-query is-layout-flow wp-block-query-is-layout-flow\"><ul class=\"wp-block-post-template is-layout-flow wp-block-post-template-is-layout-flow\"><li class=\"wp-block-post post-6562 post type-post status-publish format-standard has-post-thumbnail category-critique category-expired category-spectacle category-theatre-de-vidy tag-lucas-moreel tag-noemie-desarzens\">\n<h6 class=\"liensouligne wp-block-post-title\"><a href=\"https:\/\/wp.unil.ch\/ateliercritique\/2015\/06\/33-tours-et-quelques-secondes\/\" target=\"_self\" >33 tours et quelques secondes<\/a><\/h6>\n\n<div class=\"wp-block-post-excerpt\"><p class=\"wp-block-post-excerpt__excerpt\">Conception Lina Majdalanie et Rabih Mrou\u00e9 \/ du 13 au 14 juin 2015 \/ Th\u00e9\u00e2tre de Vidy (Lausanne) \/ Critiques par No\u00e9mie Desarzens et Lucas Mor\u00ebel . <\/p><\/div>\n\n\n<div style=\"height:1px\" aria-hidden=\"true\" class=\"wp-block-spacer\"><\/div>\n\n<\/li><li class=\"wp-block-post post-6406 post type-post status-publish format-standard has-post-thumbnail category-critique category-expired category-spectacle category-theatre-du-loup tag-deborah-strebel tag-lucas-moreel\">\n<h6 class=\"liensouligne wp-block-post-title\"><a href=\"https:\/\/wp.unil.ch\/ateliercritique\/2015\/05\/viande-morceaux-choisis\/\" target=\"_self\" >Viande, morceaux choisis<\/a><\/h6>\n\n<div class=\"wp-block-post-excerpt\"><p class=\"wp-block-post-excerpt__excerpt\">D\u2019apr\u00e8s une id\u00e9e de Thierry Jorand et Marcel M\u00fchlestein \/ Mise en sc\u00e8ne Corinne M\u00fcller et Eric Jeanmonod \/ du 16 au 31 mai 2015 \/ Th\u00e9\u00e2tre du Loup (Gen\u00e8ve) \/ Critiques par Deborah Strebel et Lucas Mor\u00ebel . <\/p><\/div>\n\n\n<div style=\"height:1px\" aria-hidden=\"true\" class=\"wp-block-spacer\"><\/div>\n\n<\/li><li class=\"wp-block-post post-5926 post type-post status-publish format-standard has-post-thumbnail category-critique category-expired category-theatre-de-larsenic category-spectacle tag-cecilia-galindo tag-elisa-picci tag-lucas-moreel\">\n<h6 class=\"liensouligne wp-block-post-title\"><a href=\"https:\/\/wp.unil.ch\/ateliercritique\/2015\/03\/janine-rhapsodie\/\" target=\"_self\" >Janine Rhapsodie<\/a><\/h6>\n\n<div class=\"wp-block-post-excerpt\"><p class=\"wp-block-post-excerpt__excerpt\">d\u2019apr\u00e8s Moli\u00e8re \/ texte et mise en sc\u00e8ne Julien Mages \/ du 5 au 15 mars 2015 \/ Th\u00e9\u00e2tre L&rsquo;Arsenic \/ Critiques par Elisa Picci, Cecilia Galindo et Lucas Mor\u00ebel. <\/p><\/div>\n\n\n<div style=\"height:1px\" aria-hidden=\"true\" class=\"wp-block-spacer\"><\/div>\n\n<\/li><\/ul><\/div>\n","protected":false},"excerpt":{"rendered":"<p>Les critiques de Lucas Mor\u00ebel :<\/p>\n","protected":false},"author":1001119,"featured_media":0,"parent":2716,"menu_order":0,"comment_status":"closed","ping_status":"closed","template":"","meta":{"_seopress_robots_primary_cat":"","_seopress_titles_title":"","_seopress_titles_desc":"","_seopress_robots_index":"","footnotes":""},"class_list":["post-5848","page","type-page","status-publish"],"_links":{"self":[{"href":"https:\/\/wp.unil.ch\/ateliercritique\/wp-json\/wp\/v2\/pages\/5848","targetHints":{"allow":["GET"]}}],"collection":[{"href":"https:\/\/wp.unil.ch\/ateliercritique\/wp-json\/wp\/v2\/pages"}],"about":[{"href":"https:\/\/wp.unil.ch\/ateliercritique\/wp-json\/wp\/v2\/types\/page"}],"author":[{"embeddable":true,"href":"https:\/\/wp.unil.ch\/ateliercritique\/wp-json\/wp\/v2\/users\/1001119"}],"replies":[{"embeddable":true,"href":"https:\/\/wp.unil.ch\/ateliercritique\/wp-json\/wp\/v2\/comments?post=5848"}],"version-history":[{"count":1,"href":"https:\/\/wp.unil.ch\/ateliercritique\/wp-json\/wp\/v2\/pages\/5848\/revisions"}],"predecessor-version":[{"id":22323,"href":"https:\/\/wp.unil.ch\/ateliercritique\/wp-json\/wp\/v2\/pages\/5848\/revisions\/22323"}],"up":[{"embeddable":true,"href":"https:\/\/wp.unil.ch\/ateliercritique\/wp-json\/wp\/v2\/pages\/2716"}],"wp:attachment":[{"href":"https:\/\/wp.unil.ch\/ateliercritique\/wp-json\/wp\/v2\/media?parent=5848"}],"curies":[{"name":"wp","href":"https:\/\/api.w.org\/{rel}","templated":true}]}}