{"id":5835,"date":"2015-02-26T15:38:40","date_gmt":"2015-02-26T14:38:40","guid":{"rendered":"http:\/\/wp.unil.ch\/ateliercritique\/?page_id=5835"},"modified":"2025-02-06T17:22:04","modified_gmt":"2025-02-06T16:22:04","slug":"jonathan-hofer","status":"publish","type":"page","link":"https:\/\/wp.unil.ch\/ateliercritique\/lequipe\/jonathan-hofer\/","title":{"rendered":"Jonathan Hofer"},"content":{"rendered":"<h4>Les critiques de Jonathan Hofer :<\/h4>\n\n\n<div class=\"wp-block-query is-layout-flow wp-block-query-is-layout-flow\"><ul class=\"wp-block-post-template is-layout-flow wp-block-post-template-is-layout-flow\"><li class=\"wp-block-post post-11014 post type-post status-publish format-standard has-post-thumbnail category-critique category-expired category-spectacle category-theatre-de-vidy tag-fanny-utiger tag-jonathan-hofer\">\n<h6 class=\"liensouligne wp-block-post-title\"><a href=\"https:\/\/wp.unil.ch\/ateliercritique\/2017\/02\/gala\/\" target=\"_self\" >Gala<\/a><\/h6>\n\n<div class=\"wp-block-post-excerpt\"><p class=\"wp-block-post-excerpt__excerpt\">De J\u00e9r\u00f4me Bel \/ Th\u00e9\u00e2tre de Vidy \/ du 31 janvier au 3 f\u00e9vrier 2017 \/ Critiques par Fanny Utiger et Jonathan Hofer. <\/p><\/div>\n\n\n<div style=\"height:1px\" aria-hidden=\"true\" class=\"wp-block-spacer\"><\/div>\n\n<\/li><li class=\"wp-block-post post-10492 post type-post status-publish format-standard has-post-thumbnail category-critique category-expired category-spectacle category-theatre-du-passage tag-alice-moraz tag-jonathan-hofer\">\n<h6 class=\"liensouligne wp-block-post-title\"><a href=\"https:\/\/wp.unil.ch\/ateliercritique\/2016\/11\/le-chant-du-cygne\/\" target=\"_self\" >Le chant du cygne<\/a><\/h6>\n\n<div class=\"wp-block-post-excerpt\"><p class=\"wp-block-post-excerpt__excerpt\">D\u2019Anton Tchekhov \/ mise en sc\u00e8ne Robert Bouvier \/ Th\u00e9\u00e2tre du Passage \/ du 2 au 6 novembre \/ Critiques par Alice Moraz et Jonathan Hofer.\u00a0 <\/p><\/div>\n\n\n<div style=\"height:1px\" aria-hidden=\"true\" class=\"wp-block-spacer\"><\/div>\n\n<\/li><li class=\"wp-block-post post-7782 post type-post status-publish format-standard has-post-thumbnail category-critique category-expired category-spectacle category-tkm-theatre-kleber-meleau tag-jonathan-hofer tag-suzanne-crettex\">\n<h6 class=\"liensouligne wp-block-post-title\"><a href=\"https:\/\/wp.unil.ch\/ateliercritique\/2016\/02\/la-tragedie-comique\/\" target=\"_self\" >La Trag\u00e9die comique<\/a><\/h6>\n\n<div class=\"wp-block-post-excerpt\"><p class=\"wp-block-post-excerpt__excerpt\">De Yves Hunstad et Eve Bonfanti \/ mise en sc\u00e8ne Eve Bonfanti \/ TKM \/ du 2 au 7 f\u00e9vrier 2016 \/ Critiques par Jonathan Hofer et Suzanne Crettex. <\/p><\/div>\n\n\n<div style=\"height:1px\" aria-hidden=\"true\" class=\"wp-block-spacer\"><\/div>\n\n<\/li><li class=\"wp-block-post post-7741 post type-post status-publish format-standard has-post-thumbnail category-critique category-expired category-spectacle category-teatre-du-grutli tag-jonathan-hofer tag-marie-reymond\">\n<h6 class=\"liensouligne wp-block-post-title\"><a href=\"https:\/\/wp.unil.ch\/ateliercritique\/2016\/01\/le-conte-dhiver\/\" target=\"_self\" >Le Conte d\u2019hiver<\/a><\/h6>\n\n<div class=\"wp-block-post-excerpt\"><p class=\"wp-block-post-excerpt__excerpt\">De William Shakespeare \/ mise en sc\u00e8ne Fr\u00e9d\u00e9ric Polier \/ Th\u00e9\u00e2tre du Gr\u00fctli \/ du 26 janvier au 14 f\u00e9vrier 2016 \/ Critiques par Jonathan Hofer et Marie Reymond. <\/p><\/div>\n\n\n<div style=\"height:1px\" aria-hidden=\"true\" class=\"wp-block-spacer\"><\/div>\n\n<\/li><li class=\"wp-block-post post-7733 post type-post status-publish format-standard has-post-thumbnail category-critique category-expired category-spectacle category-theatre-de-carouge tag-jonathan-hofer\">\n<h6 class=\"liensouligne wp-block-post-title\"><a href=\"https:\/\/wp.unil.ch\/ateliercritique\/2016\/01\/la-vie-que-je-tai-donnee\/\" target=\"_self\" >La vie que je t\u2019ai donn\u00e9e<\/a><\/h6>\n\n<div class=\"wp-block-post-excerpt\"><p class=\"wp-block-post-excerpt__excerpt\">De Luigi Pirandello \/ mise en sc\u00e8ne Jean Lermier \/ Th\u00e9\u00e2tre de Carouge \/ du 26 janvier au 14 f\u00e9vrier \/ Critique par Jonathan Hofer. <\/p><\/div>\n\n\n<div style=\"height:1px\" aria-hidden=\"true\" class=\"wp-block-spacer\"><\/div>\n\n<\/li><li class=\"wp-block-post post-7678 post type-post status-publish format-standard has-post-thumbnail category-critique category-expired category-spectacle category-tpr-la-chaux-de-fonds tag-jonathan-hofer tag-simon-falquet\">\n<h6 class=\"liensouligne wp-block-post-title\"><a href=\"https:\/\/wp.unil.ch\/ateliercritique\/2016\/01\/les-aventures-de-huckleberry-finn-part-one\/\" target=\"_self\" >Les Aventures de Huckleberry Finn \u2013 Part one<\/a><\/h6>\n\n<div class=\"wp-block-post-excerpt\"><p class=\"wp-block-post-excerpt__excerpt\">D\u2019apr\u00e8s le roman de Mark Twain \/ adaptation et mise en sc\u00e8ne Yvan Rihs \/ TPR \/ du 12 au 15 janvier 2016 \/ Critiques par Simon Falquet et Jonathan Hofer. <\/p><\/div>\n\n\n<div style=\"height:1px\" aria-hidden=\"true\" class=\"wp-block-spacer\"><\/div>\n\n<\/li><li class=\"wp-block-post post-7220 post type-post status-publish format-standard has-post-thumbnail category-critique category-expired category-spectacle category-theatre-de-vidy tag-jonathan-hofer tag-luc-siegenthaler\">\n<h6 class=\"liensouligne wp-block-post-title\"><a href=\"https:\/\/wp.unil.ch\/ateliercritique\/2015\/10\/sound-of-music\/\" target=\"_self\" >Sound of Music<\/a><\/h6>\n\n<div class=\"wp-block-post-excerpt\"><p class=\"wp-block-post-excerpt__excerpt\">Sound of Music \/ Mise en sc\u00e8ne Yan Duyvendak \/ Th\u00e9\u00e2tre de Vidy \/ du 27 au 31 octobre 2015 \/ Critiques par Luc Siegenthaler et Jonathan Hofer. <\/p><\/div>\n\n\n<div style=\"height:1px\" aria-hidden=\"true\" class=\"wp-block-spacer\"><\/div>\n\n<\/li><li class=\"wp-block-post post-6781 post type-post status-publish format-standard has-post-thumbnail category-critique category-expired category-spectacle category-theatre-de-vidy tag-elisa-picci tag-jonathan-hofer\">\n<h6 class=\"liensouligne wp-block-post-title\"><a href=\"https:\/\/wp.unil.ch\/ateliercritique\/2015\/09\/home-made\/\" target=\"_self\" >Home-Made<\/a><\/h6>\n\n<div class=\"wp-block-post-excerpt\"><p class=\"wp-block-post-excerpt__excerpt\">Mise en sc\u00e8ne Magali Tosato \/ Th\u00e9\u00e2tre de Vidy (Lausanne) \/ du 22 septembre au 4 octobre 2015 \/ Critiques par Jonathan Hofer et Elisa Picci . <\/p><\/div>\n\n\n<div style=\"height:1px\" aria-hidden=\"true\" class=\"wp-block-spacer\"><\/div>\n\n<\/li><li class=\"wp-block-post post-6435 post type-post status-publish format-standard has-post-thumbnail category-critique category-expired category-theatre-des-osses category-spectacle tag-deborah-strebel tag-jonathan-hofer tag-nicolas-joray\">\n<h6 class=\"liensouligne wp-block-post-title\"><a href=\"https:\/\/wp.unil.ch\/ateliercritique\/2015\/05\/festival-le-printemps-des-compagnies\/\" target=\"_self\" >Festival Le Printemps des compagnies<\/a><\/h6>\n\n<div class=\"wp-block-post-excerpt\"><p class=\"wp-block-post-excerpt__excerpt\">Le Printemps des compagnies \/ du 22 au 31 mai 2015 \/ Th\u00e9\u00e2tre des Osses (Fribourg) \/ Critiques par Nicolas Joray, Jonathan Hofer et Deborah Strebel. <\/p><\/div>\n\n\n<div style=\"height:1px\" aria-hidden=\"true\" class=\"wp-block-spacer\"><\/div>\n\n<\/li><li class=\"wp-block-post post-6343 post type-post status-publish format-standard has-post-thumbnail category-critique category-expired category-spectacle category-theatre-am-stram-gram-geneve tag-jonas-parson tag-jonathan-hofer\">\n<h6 class=\"liensouligne wp-block-post-title\"><a href=\"https:\/\/wp.unil.ch\/ateliercritique\/2015\/05\/riquet\/\" target=\"_self\" >Riquet<\/a><\/h6>\n\n<div class=\"wp-block-post-excerpt\"><p class=\"wp-block-post-excerpt__excerpt\">D\u2019Antoine Herniotte \/ d\u2019apr\u00e8s Charles Perrault \/ Mise en sc\u00e8ne par Laurent Brethome \/ du 5 au 10 mai 2015 \/ Th\u00e9\u00e2tre Am Stram Gram (Gen\u00e8ve) \/ Critiques par Jonathan Hofer et Jonas Parson . <\/p><\/div>\n\n\n<div style=\"height:1px\" aria-hidden=\"true\" class=\"wp-block-spacer\"><\/div>\n\n<\/li><li class=\"wp-block-post post-5948 post type-post status-publish format-standard has-post-thumbnail category-critique category-expired category-spectacle category-theatre-de-vidy tag-deborah-strebel tag-jonathan-hofer\">\n<h6 class=\"liensouligne wp-block-post-title\"><a href=\"https:\/\/wp.unil.ch\/ateliercritique\/2015\/03\/affabulation\/\" target=\"_self\" >Affabulation<\/a><\/h6>\n\n<div class=\"wp-block-post-excerpt\"><p class=\"wp-block-post-excerpt__excerpt\">de Pier Paolo Pasolini \/ mise en sc\u00e8ne Stanislas Nordey \/ du 3 au 13 mars 2015 \/ Th\u00e9\u00e2tre de Vidy \/ Critiques par Deborah Strebel et Jonathan Hofer.\u00a0 <\/p><\/div>\n\n\n<div style=\"height:1px\" aria-hidden=\"true\" class=\"wp-block-spacer\"><\/div>\n\n<\/li><li class=\"wp-block-post post-5878 post type-post status-publish format-standard has-post-thumbnail category-critique category-expired category-spectacle category-teatre-du-grutli tag-jonathan-hofer\">\n<h6 class=\"liensouligne wp-block-post-title\"><a href=\"https:\/\/wp.unil.ch\/ateliercritique\/2015\/03\/la-paranoia\/\" target=\"_self\" >La Parano\u00efa<\/a><\/h6>\n\n<div class=\"wp-block-post-excerpt\"><p class=\"wp-block-post-excerpt__excerpt\">de Rafael Spregelburd \/ mise en sc\u00e8ne Fr\u00e9d\u00e9ric Polier \/ du 3 au 22 mars \/ Th\u00e9\u00e2tre du Gr\u00fctli \/ Critique par Jonathan Hofer.\u00a0 <\/p><\/div>\n\n\n<div style=\"height:1px\" aria-hidden=\"true\" class=\"wp-block-spacer\"><\/div>\n\n<\/li><\/ul><\/div>\n","protected":false},"excerpt":{"rendered":"<p>Les critiques de Jonathan Hofer :<\/p>\n","protected":false},"author":1001119,"featured_media":0,"parent":2716,"menu_order":0,"comment_status":"closed","ping_status":"closed","template":"","meta":{"_seopress_robots_primary_cat":"","_seopress_titles_title":"","_seopress_titles_desc":"","_seopress_robots_index":"","footnotes":""},"class_list":["post-5835","page","type-page","status-publish"],"_links":{"self":[{"href":"https:\/\/wp.unil.ch\/ateliercritique\/wp-json\/wp\/v2\/pages\/5835","targetHints":{"allow":["GET"]}}],"collection":[{"href":"https:\/\/wp.unil.ch\/ateliercritique\/wp-json\/wp\/v2\/pages"}],"about":[{"href":"https:\/\/wp.unil.ch\/ateliercritique\/wp-json\/wp\/v2\/types\/page"}],"author":[{"embeddable":true,"href":"https:\/\/wp.unil.ch\/ateliercritique\/wp-json\/wp\/v2\/users\/1001119"}],"replies":[{"embeddable":true,"href":"https:\/\/wp.unil.ch\/ateliercritique\/wp-json\/wp\/v2\/comments?post=5835"}],"version-history":[{"count":1,"href":"https:\/\/wp.unil.ch\/ateliercritique\/wp-json\/wp\/v2\/pages\/5835\/revisions"}],"predecessor-version":[{"id":22300,"href":"https:\/\/wp.unil.ch\/ateliercritique\/wp-json\/wp\/v2\/pages\/5835\/revisions\/22300"}],"up":[{"embeddable":true,"href":"https:\/\/wp.unil.ch\/ateliercritique\/wp-json\/wp\/v2\/pages\/2716"}],"wp:attachment":[{"href":"https:\/\/wp.unil.ch\/ateliercritique\/wp-json\/wp\/v2\/media?parent=5835"}],"curies":[{"name":"wp","href":"https:\/\/api.w.org\/{rel}","templated":true}]}}