{"id":5214,"date":"2014-10-20T14:06:21","date_gmt":"2014-10-20T12:06:21","guid":{"rendered":"http:\/\/wp.unil.ch\/ateliercritique\/?page_id=5214"},"modified":"2026-02-12T15:11:51","modified_gmt":"2026-02-12T14:11:51","slug":"equilibre-nuithonie","status":"publish","type":"page","link":"https:\/\/wp.unil.ch\/ateliercritique\/theatres-partenaires\/equilibre-nuithonie\/","title":{"rendered":"Equilibre &#8211; Nuithonie ( Villars-sur-Gl\u00e2ne, Fribourg)"},"content":{"rendered":"\n<figure class=\"wp-block-image size-full is-resized\"><a href=\"https:\/\/www.equilibre-nuithonie.ch\/fr\" target=\"_blank\" rel=\"noopener\"><img loading=\"lazy\" decoding=\"async\" width=\"184\" height=\"122\" src=\"https:\/\/wp.unil.ch\/ateliercritique\/files\/2026\/02\/en-logo.png\" alt=\"en logo\" class=\"wp-image-23405\" style=\"width:300px\" \/><\/a><\/figure>\n\n\n\n<h4 class=\"wp-block-heading\">Critiques par spectacles jou\u00e9s dans ce th\u00e9\u00e2tre<\/h4>\n\n\n\n<div class=\"wp-block-query is-layout-flow wp-block-query-is-layout-flow\"><ul class=\"wp-block-post-template is-layout-flow wp-block-post-template-is-layout-flow\"><li class=\"wp-block-post post-23313 post type-post status-publish format-standard has-post-thumbnail category-critique category-equilibre-nuithonie category-expired category-spectacle tag-maud-seem tag-orane-gigon\">\n<h6 class=\"liensouligne wp-block-post-title\"><a href=\"https:\/\/wp.unil.ch\/ateliercritique\/2025\/11\/berenice-2\/\" target=\"_self\" >B\u00e9r\u00e9nice<\/a><\/h6>\n\n<div class=\"wp-block-post-excerpt\"><p class=\"wp-block-post-excerpt__excerpt\">D&rsquo;apr\u00e8s Jean Racine \/ Mise en sc\u00e8ne par Guy Cassiers \/ Th\u00e9\u00e2tre Equilibre-Nuithonie (Fribourg) \/ Mercredi 29 octobre 2025 \/ Critiques par Orane Gigon et Maud Seem . <\/p><\/div>\n\n\n<div style=\"height:1px\" aria-hidden=\"true\" class=\"wp-block-spacer\"><\/div>\n\n<\/li><li class=\"wp-block-post post-16998 post type-post status-publish format-standard has-post-thumbnail category-critique category-equilibre-nuithonie category-expired category-spectacle tag-theo-krebs\">\n<h6 class=\"liensouligne wp-block-post-title\"><a href=\"https:\/\/wp.unil.ch\/ateliercritique\/2023\/10\/paule-et-luce\/\" target=\"_self\" >Paule et Luce<\/a><\/h6>\n\n<div class=\"wp-block-post-excerpt\"><p class=\"wp-block-post-excerpt__excerpt\">Texte de Manon Fargetton \/ Adaptation et mise en sc\u00e8ne de Sylviane Tille et de la Compagnie de l\u2019\u00c9tranget\u00e9 \/ Th\u00e9\u00e2tre Equilibre-Nuithonie \u00e0 Fribourg \/ du 27 septembre au 8 octobre 2023 \/ critique par Th\u00e9o Krebs . <\/p><\/div>\n\n\n<div style=\"height:1px\" aria-hidden=\"true\" class=\"wp-block-spacer\"><\/div>\n\n<\/li><li class=\"wp-block-post post-16671 post type-post status-publish format-standard has-post-thumbnail category-critique category-equilibre-nuithonie category-expired category-spectacle tag-sylvain-grangier\">\n<h6 class=\"liensouligne wp-block-post-title\"><a href=\"https:\/\/wp.unil.ch\/ateliercritique\/2023\/03\/les-femmes-trop-savantes\/\" target=\"_self\" >Les Femmes (trop) savantes ?<\/a><\/h6>\n\n<div class=\"wp-block-post-excerpt\"><p class=\"wp-block-post-excerpt__excerpt\">D&rsquo;apr\u00e8s Moli\u00e8re \/ Mise en sc\u00e8ne Robert Sandoz et Julia Portier \/ Nuithonie \/ du 16 au 18 mars 2023 \/ critique par Sylvain Grangier . <\/p><\/div>\n\n\n<div style=\"height:1px\" aria-hidden=\"true\" class=\"wp-block-spacer\"><\/div>\n\n<\/li><li class=\"wp-block-post post-16296 post type-post status-publish format-standard has-post-thumbnail category-critique category-equilibre-nuithonie category-expired category-spectacle tag-noemie-jeannet\">\n<h6 class=\"liensouligne wp-block-post-title\"><a href=\"https:\/\/wp.unil.ch\/ateliercritique\/2022\/05\/le-traitement\/\" target=\"_self\" >Le Traitement<\/a><\/h6>\n\n<div class=\"wp-block-post-excerpt\"><p class=\"wp-block-post-excerpt__excerpt\">D\u2019apr\u00e8s Martin Crimp\/ Mise en sc\u00e8ne Julien Schmutz \/ Th\u00e9\u00e2tre Equilibre-Nuithonie, Fribourg \/ du 4 au 8 mai 2022 \/ Critique par No\u00e9mie Jeannet . <\/p><\/div>\n\n\n<div style=\"height:1px\" aria-hidden=\"true\" class=\"wp-block-spacer\"><\/div>\n\n<\/li><li class=\"wp-block-post post-15837 post type-post status-publish format-standard has-post-thumbnail category-critique category-equilibre-nuithonie category-expired category-spectacle tag-nathan-maggetti tag-noemie-jeannet\">\n<h6 class=\"liensouligne wp-block-post-title\"><a href=\"https:\/\/wp.unil.ch\/ateliercritique\/2021\/12\/je-suis-devenue-ma-verite\/\" target=\"_self\" >Je suis devenue ma v\u00e9rit\u00e9<\/a><\/h6>\n\n<div class=\"wp-block-post-excerpt\"><p class=\"wp-block-post-excerpt__excerpt\">D\u2019apr\u00e8s la pi\u00e8ce Introspection de Peter Handke \/ Mise en sc\u00e8ne par Sarah Eltschinger \/ \u00c9quilibre Nuithonie \/ du 08 au 12 d\u00e9cembre \/ Critiques par Nathan Maggetti et No\u00e9mie Jeannet . <\/p><\/div>\n\n\n<div style=\"height:1px\" aria-hidden=\"true\" class=\"wp-block-spacer\"><\/div>\n\n<\/li><li class=\"wp-block-post post-15719 post type-post status-publish format-standard has-post-thumbnail category-critique category-equilibre-nuithonie category-expired category-spectacle tag-celine-bignotti tag-sarah-neu\">\n<h6 class=\"liensouligne wp-block-post-title\"><a href=\"https:\/\/wp.unil.ch\/ateliercritique\/2021\/11\/qui-a-peur-de-virginia-woolf\/\" target=\"_self\" >Qui a peur de Virginia Woolf ?<\/a><\/h6>\n\n<div class=\"wp-block-post-excerpt\"><p class=\"wp-block-post-excerpt__excerpt\">Texte d\u2019Edward Albee \/ Mise en sc\u00e8ne par Julien Schmutz (Le Magnifique Th\u00e9\u00e2tre) \/\u00a0\u00c9quilibre Nuithonie \/ du 03 au 14 novembre \/\u00a0Critiques par C\u00e9line Bignotti et Sarah Neu . <\/p><\/div>\n\n\n<div style=\"height:1px\" aria-hidden=\"true\" class=\"wp-block-spacer\"><\/div>\n\n<\/li><li class=\"wp-block-post post-14207 post type-post status-publish format-standard has-post-thumbnail category-critique category-equilibre-nuithonie category-expired category-spectacle tag-louise-philippossian\">\n<h6 class=\"liensouligne wp-block-post-title\"><a href=\"https:\/\/wp.unil.ch\/ateliercritique\/2020\/03\/dr-nest\/\" target=\"_self\" >Dr Nest<\/a><\/h6>\n\n<div class=\"wp-block-post-excerpt\"><p class=\"wp-block-post-excerpt__excerpt\">Collectif Familie Fl\u00f6z \/ Mise en sc\u00e8ne par Hajo Sch\u00fcler \/ Th\u00e9\u00e2tre \u00c9quilibre-Nuithonie \/ 6 mars 2020 \/ Critique par Louise Philippossian. <\/p><\/div>\n\n\n<div style=\"height:1px\" aria-hidden=\"true\" class=\"wp-block-spacer\"><\/div>\n\n<\/li><li class=\"wp-block-post post-12841 post type-post status-publish format-standard has-post-thumbnail category-critique category-equilibre-nuithonie category-expired category-spectacle tag-natacha-gallandat\">\n<h6 class=\"liensouligne wp-block-post-title\"><a href=\"https:\/\/wp.unil.ch\/ateliercritique\/2018\/10\/piletta-remix\/\" target=\"_self\" >Piletta Remix<\/a><\/h6>\n\n<div class=\"wp-block-post-excerpt\"><p class=\"wp-block-post-excerpt__excerpt\">Texte et mise en sc\u00e8ne de la compagnie Le Collectif Wow ! \/ Th\u00e9\u00e2tre \u00c9quilibre-Nuithonie \/ du 6 au 7 octobre 2018 \/ Critque par Natacha Gallandat. <\/p><\/div>\n\n\n<div style=\"height:1px\" aria-hidden=\"true\" class=\"wp-block-spacer\"><\/div>\n\n<\/li><li class=\"wp-block-post post-12654 post type-post status-publish format-standard has-post-thumbnail category-critique category-equilibre-nuithonie category-expired category-spectacle tag-maxime-hoffmann\">\n<h6 class=\"liensouligne wp-block-post-title\"><a href=\"https:\/\/wp.unil.ch\/ateliercritique\/2018\/05\/eloge-du-mauvais-geste\/\" target=\"_self\" >\u00c9loge du mauvais geste<\/a><\/h6>\n\n<div class=\"wp-block-post-excerpt\"><p class=\"wp-block-post-excerpt__excerpt\">D\u2019apr\u00e8s Olivier Pourriol \/ Mise en sc\u00e8ne de Val\u00e9ry Cordy \/ Nuithonie (Fribourg) \/ du 26 au 28 avril 2018 \/ Critique par Maxime Hoffmann. <\/p><\/div>\n\n\n<div style=\"height:1px\" aria-hidden=\"true\" class=\"wp-block-spacer\"><\/div>\n\n<\/li><li class=\"wp-block-post post-11288 post type-post status-publish format-standard has-post-thumbnail category-critique category-equilibre-nuithonie category-expired category-spectacle tag-alicia-cuche\">\n<h6 class=\"liensouligne wp-block-post-title\"><a href=\"https:\/\/wp.unil.ch\/ateliercritique\/2017\/03\/le-bal-des-voleurs\/\" target=\"_self\" >Le Bal des voleurs<\/a><\/h6>\n\n<div class=\"wp-block-post-excerpt\"><p class=\"wp-block-post-excerpt__excerpt\">De Jean Anouilh \/ Mise en sc\u00e8ne Robert Sandoz \/ Th\u00e9\u00e2tre Nuithonie \/ du 23 au 24 mars 2017 \/ Critique par Alicia Cuche. <\/p><\/div>\n\n\n<div style=\"height:1px\" aria-hidden=\"true\" class=\"wp-block-spacer\"><\/div>\n\n<\/li><li class=\"wp-block-post post-10610 post type-post status-publish format-standard has-post-thumbnail category-critique category-equilibre-nuithonie category-expired category-spectacle tag-alicia-cuche tag-celine-conus\">\n<h6 class=\"liensouligne wp-block-post-title\"><a href=\"https:\/\/wp.unil.ch\/ateliercritique\/2016\/11\/histoire-dun-merle-blanc\/\" target=\"_self\" >Histoire d&rsquo;un merle blanc<\/a><\/h6>\n\n<div class=\"wp-block-post-excerpt\"><p class=\"wp-block-post-excerpt__excerpt\">D&rsquo;Alfred de Musset \/ mise en sc\u00e8ne d\u2019Anne Bourgeois \/ Th\u00e9\u00e2tre Equilibre Nuithonie, Fribourg \/ du 16 au 19 novembre 2016 \/ Critiques par C\u00e9line Conus et Alicia Cuche. <\/p><\/div>\n\n\n<div style=\"height:1px\" aria-hidden=\"true\" class=\"wp-block-spacer\"><\/div>\n\n<\/li><li class=\"wp-block-post post-8143 post type-post status-publish format-standard has-post-thumbnail category-critique category-equilibre-nuithonie category-expired category-spectacle tag-josefa-terribilini tag-nadia-hachemi\">\n<h6 class=\"liensouligne wp-block-post-title\"><a href=\"https:\/\/wp.unil.ch\/ateliercritique\/2016\/05\/la-ballade-du-mouton-noir\/\" target=\"_self\" >La Ballade du mouton noir<\/a><\/h6>\n\n<div class=\"wp-block-post-excerpt\"><p class=\"wp-block-post-excerpt__excerpt\">Par le collectif Opus 89 Collectif \/ Equilibre-Nuithonie \/ du 11 au 21 mai 2016 \/ Critiques par Nadia Hachemi et Josefa Terribilini. <\/p><\/div>\n\n\n<div style=\"height:1px\" aria-hidden=\"true\" class=\"wp-block-spacer\"><\/div>\n\n<\/li><li class=\"wp-block-post post-8113 post type-post status-publish format-standard has-post-thumbnail category-critique category-equilibre-nuithonie category-expired category-spectacle tag-luc-siegenthaler\">\n<h6 class=\"liensouligne wp-block-post-title\"><a href=\"https:\/\/wp.unil.ch\/ateliercritique\/2016\/04\/lopera-de-quatsous\/\" target=\"_self\" >L\u2019Op\u00e9ra de quat\u2019sous<\/a><\/h6>\n\n<div class=\"wp-block-post-excerpt\"><p class=\"wp-block-post-excerpt__excerpt\">Mise en sc\u00e8ne Joan Mompart \/ Th\u00e9\u00e2tre Equilibre Nuithonie \/ du 26 au 27 avril 2016 \/ Critique par Luc Siegenthaler. <\/p><\/div>\n\n\n<div style=\"height:1px\" aria-hidden=\"true\" class=\"wp-block-spacer\"><\/div>\n\n<\/li><li class=\"wp-block-post post-7307 post type-post status-publish format-standard has-post-thumbnail category-critique category-equilibre-nuithonie category-expired category-spectacle tag-chantal-zumwald tag-nadia-hachemi\">\n<h6 class=\"liensouligne wp-block-post-title\"><a href=\"https:\/\/wp.unil.ch\/ateliercritique\/2015\/11\/silencio\/\" target=\"_self\" >Silencio<\/a><\/h6>\n\n<div class=\"wp-block-post-excerpt\"><p class=\"wp-block-post-excerpt__excerpt\">De Julien Schmutz et Robert Sandoz \/ mise en sc\u00e8ne Julien Schmutz \/ par Le Magnifique Th\u00e9\u00e2tre \/ Equilibre-Nuithonie \/ du 3 au 14 novembre 2015 \/ Critiques par Nadia Hachemi et Chantal Zumwald. <\/p><\/div>\n\n\n<div style=\"height:1px\" aria-hidden=\"true\" class=\"wp-block-spacer\"><\/div>\n\n<\/li><li class=\"wp-block-post post-6875 post type-post status-publish format-standard has-post-thumbnail category-critique category-equilibre-nuithonie category-expired category-spectacle tag-alice-moraz tag-elisa-picci\">\n<h6 class=\"liensouligne wp-block-post-title\"><a href=\"https:\/\/wp.unil.ch\/ateliercritique\/2015\/10\/le-noshow\/\" target=\"_self\" >Le Noshow<\/a><\/h6>\n\n<div class=\"wp-block-post-excerpt\"><p class=\"wp-block-post-excerpt__excerpt\">Mise en sc\u00e8ne Alexandre Fecteau \/ Equilibre-Nuithonie\/ Du 7 au 10 octobre 2015 \/ Critiques par Elisa Picci et Alice Moraz . <\/p><\/div>\n\n\n<div style=\"height:1px\" aria-hidden=\"true\" class=\"wp-block-spacer\"><\/div>\n\n<\/li><li class=\"wp-block-post post-6366 post type-post status-publish format-standard has-post-thumbnail category-critique category-equilibre-nuithonie category-expired category-spectacle tag-chantal-zumwald tag-maelle-andrey\">\n<h6 class=\"liensouligne wp-block-post-title\"><a href=\"https:\/\/wp.unil.ch\/ateliercritique\/2015\/05\/constellationcendrillon\/\" target=\"_self\" >Constellation*Cendrillon<\/a><\/h6>\n\n<div class=\"wp-block-post-excerpt\"><p class=\"wp-block-post-excerpt__excerpt\">Conception et mise en sc\u00e8ne Laurent Gachoud \/ Cie de l\u2019Oranger\/ les 7 et 8 mai 2015 \/ Equilibre-Nuithonie (Fribourg) \/ Critiques par Ma\u00eblle Andrey et Chantal Zumwald . <\/p><\/div>\n\n\n<div style=\"height:1px\" aria-hidden=\"true\" class=\"wp-block-spacer\"><\/div>\n\n<\/li><li class=\"wp-block-post post-6248 post type-post status-publish format-standard has-post-thumbnail category-critique category-equilibre-nuithonie category-expired category-spectacle tag-chantal-zumwald tag-nicolas-joray\">\n<h6 class=\"liensouligne wp-block-post-title\"><a href=\"https:\/\/wp.unil.ch\/ateliercritique\/2015\/04\/les-arbres-pleurent-ils-aussi\/\" target=\"_self\" >Les arbres pleurent-ils aussi?<\/a><\/h6>\n\n<div class=\"wp-block-post-excerpt\"><p class=\"wp-block-post-excerpt__excerpt\">Par la Cie Fabienne Berger \/ du 25 avril au 2 mai 2015 \/ Equilibre-Nuithonie (Fribourg) \/ En tourn\u00e9e jusqu\u2019au 8 mai 2015 \/ Critiques par Nicolas Joray et Chantal Zumwald . <\/p><\/div>\n\n\n<div style=\"height:1px\" aria-hidden=\"true\" class=\"wp-block-spacer\"><\/div>\n\n<\/li><li class=\"wp-block-post post-6072 post type-post status-publish format-standard has-post-thumbnail category-critique category-equilibre-nuithonie category-expired category-spectacle tag-maelle-andrey tag-noemie-desarzens\">\n<h6 class=\"liensouligne wp-block-post-title\"><a href=\"https:\/\/wp.unil.ch\/ateliercritique\/2015\/03\/rostigraben\/\" target=\"_self\" >R\u00f6stigraben<\/a><\/h6>\n\n<div class=\"wp-block-post-excerpt\"><p class=\"wp-block-post-excerpt__excerpt\">D\u2019Antoine Jaccoud et Guy Krneta \/ Mise en sc\u00e8ne par Nicolas Rossier \/ du 17 au 19 mars 2015 \/ Equilibre-Nuithonie (Lausanne) \/ En tourn\u00e9e jusqu\u2019au 31 mai 2015 \/ Critiques par Ma\u00eblle Andrey et No\u00e9mie Desarzens . <\/p><\/div>\n\n\n<div style=\"height:1px\" aria-hidden=\"true\" class=\"wp-block-spacer\"><\/div>\n\n<\/li><li class=\"wp-block-post post-6038 post type-post status-publish format-standard has-post-thumbnail category-critique category-equilibre-nuithonie category-expired category-spectacle tag-maelle-andrey\">\n<h6 class=\"liensouligne wp-block-post-title\"><a href=\"https:\/\/wp.unil.ch\/ateliercritique\/2015\/03\/jadis\/\" target=\"_self\" >Jadis<\/a><\/h6>\n\n<div class=\"wp-block-post-excerpt\"><p class=\"wp-block-post-excerpt__excerpt\">d\u2019Emmanuel Dorand \/ mise en sc\u00e8ne Hassane Kassi Kouyat\u00e9 \/ du 11 au 15 mars 2015 \/ Equilibre-Nuithonie \/ Critique par Ma\u00eblle Andrey <\/p><\/div>\n\n\n<div style=\"height:1px\" aria-hidden=\"true\" class=\"wp-block-spacer\"><\/div>\n\n<\/li><li class=\"wp-block-post post-5414 post type-post status-publish format-standard has-post-thumbnail category-critique category-equilibre-nuithonie category-expired category-spectacle tag-maelle-andrey\">\n<h6 class=\"liensouligne wp-block-post-title\"><a href=\"https:\/\/wp.unil.ch\/ateliercritique\/2014\/11\/douze-hommes-en-colere\/\" target=\"_self\" >Douze Hommes en Col\u00e8re<\/a><\/h6>\n\n<div class=\"wp-block-post-excerpt\"><p class=\"wp-block-post-excerpt__excerpt\">de R\u00e9ginald Rose \/ mise en sc\u00e8ne Julien Schmutz \/ Le Magnifique Th\u00e9\u00e2tre \/ du 5 au 15 novembre 2014 \/ Nuithonie, Villars-sur-Gl\u00e2ne \/ Critique par Ma\u00eblle Andrey. <\/p><\/div>\n\n\n<div style=\"height:1px\" aria-hidden=\"true\" class=\"wp-block-spacer\"><\/div>\n\n<\/li><li class=\"wp-block-post post-5193 post type-post status-publish format-standard has-post-thumbnail category-critique category-equilibre-nuithonie category-expired category-spectacle tag-maelle-andrey tag-noemie-desarzens\">\n<h6 class=\"liensouligne wp-block-post-title\"><a href=\"https:\/\/wp.unil.ch\/ateliercritique\/2014\/10\/derborence\/\" target=\"_self\" >Derborence<\/a><\/h6>\n\n<div class=\"wp-block-post-excerpt\"><p class=\"wp-block-post-excerpt__excerpt\">D&rsquo;apr\u00e8s le roman de Charles-Ferdinand Ramuz \/ mise en sc\u00e8ne Mathieu Bertholet \/ les 15 et 16 octobre 2014 \/ Nuithonie \/ Critiques par Ma\u00eblle Andrey et No\u00e9mie Desarzens. <\/p><\/div>\n\n\n<div style=\"height:1px\" aria-hidden=\"true\" class=\"wp-block-spacer\"><\/div>\n\n<\/li><\/ul><\/div>\n","protected":false},"excerpt":{"rendered":"<p>Critiques par spectacles jou\u00e9s dans ce th\u00e9\u00e2tre<\/p>\n","protected":false},"author":1001020,"featured_media":0,"parent":2713,"menu_order":0,"comment_status":"closed","ping_status":"closed","template":"","meta":{"_seopress_robots_primary_cat":"","_seopress_titles_title":"","_seopress_titles_desc":"","_seopress_robots_index":"","footnotes":""},"class_list":["post-5214","page","type-page","status-publish"],"_links":{"self":[{"href":"https:\/\/wp.unil.ch\/ateliercritique\/wp-json\/wp\/v2\/pages\/5214","targetHints":{"allow":["GET"]}}],"collection":[{"href":"https:\/\/wp.unil.ch\/ateliercritique\/wp-json\/wp\/v2\/pages"}],"about":[{"href":"https:\/\/wp.unil.ch\/ateliercritique\/wp-json\/wp\/v2\/types\/page"}],"author":[{"embeddable":true,"href":"https:\/\/wp.unil.ch\/ateliercritique\/wp-json\/wp\/v2\/users\/1001020"}],"replies":[{"embeddable":true,"href":"https:\/\/wp.unil.ch\/ateliercritique\/wp-json\/wp\/v2\/comments?post=5214"}],"version-history":[{"count":3,"href":"https:\/\/wp.unil.ch\/ateliercritique\/wp-json\/wp\/v2\/pages\/5214\/revisions"}],"predecessor-version":[{"id":23406,"href":"https:\/\/wp.unil.ch\/ateliercritique\/wp-json\/wp\/v2\/pages\/5214\/revisions\/23406"}],"up":[{"embeddable":true,"href":"https:\/\/wp.unil.ch\/ateliercritique\/wp-json\/wp\/v2\/pages\/2713"}],"wp:attachment":[{"href":"https:\/\/wp.unil.ch\/ateliercritique\/wp-json\/wp\/v2\/media?parent=5214"}],"curies":[{"name":"wp","href":"https:\/\/api.w.org\/{rel}","templated":true}]}}