{"id":5157,"date":"2014-10-15T03:03:18","date_gmt":"2014-10-15T01:03:18","guid":{"rendered":"http:\/\/wp.unil.ch\/ateliercritique\/?page_id=5157"},"modified":"2025-02-06T17:33:02","modified_gmt":"2025-02-06T16:33:02","slug":"nicolas-joray","status":"publish","type":"page","link":"https:\/\/wp.unil.ch\/ateliercritique\/lequipe\/nicolas-joray\/","title":{"rendered":"Nicolas Joray"},"content":{"rendered":"<p align=\"justify\">C&rsquo;est en m&rsquo;inscrivant en option sp\u00e9cifique th\u00e9\u00e2tre au lyc\u00e9e de Porrentruy que je suis v\u00e9ritablement tomb\u00e9 dans la marmite th\u00e9\u00e2trale. Depuis, cet art de la sc\u00e8ne m&rsquo;accompagne toujours, de pr\u00e8s ou de loin, dans mes \u00e9tudes et mon temps libre. Actuellement, je suis en premi\u00e8re ann\u00e9e de master en Sciences sociales \u00e0 Neuch\u00e2tel. Mes cours de \u00ab Dramaturgie et histoire du th\u00e9\u00e2tre \u00bb apportent un compl\u00e9ment int\u00e9ressant \u00e0 mon pilier principal en anthropologie, puisque je souhaite me sp\u00e9cialiser en anthropologie de l&rsquo;art.<br \/>L&rsquo;atelier critique est pour moi l&rsquo;occasion de tenter de construire des regards intelligents sur des productions culturelles contemporaines.<\/p>\n<h4><img loading=\"lazy\" decoding=\"async\" class=\"alignnone wp-image-5160 size-thumbnail\" src=\"https:\/\/wp.unil.ch\/ateliercritique\/files\/2014\/10\/nicolas01-250x159.jpg\" alt=\"nicolas\" width=\"250\" height=\"159\" \/><\/h4>\n<h4>Les\u00a0critiques de Nicolas Joray :<\/h4>\n\n\n<div class=\"wp-block-query is-layout-flow wp-block-query-is-layout-flow\"><ul class=\"wp-block-post-template is-layout-flow wp-block-post-template-is-layout-flow\"><li class=\"wp-block-post post-6507 post type-post status-publish format-standard has-post-thumbnail category-critique category-expired category-spectacle category-theatre-am-stram-gram-geneve tag-jonas-guyot tag-nicolas-joray\">\n<h6 class=\"liensouligne wp-block-post-title\"><a href=\"https:\/\/wp.unil.ch\/ateliercritique\/2015\/06\/tair\/\" target=\"_self\" >Tair<\/a><\/h6>\n\n<div class=\"wp-block-post-excerpt\"><p class=\"wp-block-post-excerpt__excerpt\">Mise en sc\u00e8ne de Fabrice Melquiot \/ d\u2019apr\u00e8s un po\u00e8me de Philippe Jaccottet \/ du 2 au 7 juin 2015 \/ Th\u00e9\u00e2tre Am Stram Gram (Gen\u00e8ve) \/ Critiques par Jonas Guyot et Nicolas Joray . <\/p><\/div>\n\n\n<div style=\"height:1px\" aria-hidden=\"true\" class=\"wp-block-spacer\"><\/div>\n\n<\/li><li class=\"wp-block-post post-6435 post type-post status-publish format-standard has-post-thumbnail category-critique category-expired category-theatre-des-osses category-spectacle tag-deborah-strebel tag-jonathan-hofer tag-nicolas-joray\">\n<h6 class=\"liensouligne wp-block-post-title\"><a href=\"https:\/\/wp.unil.ch\/ateliercritique\/2015\/05\/festival-le-printemps-des-compagnies\/\" target=\"_self\" >Festival Le Printemps des compagnies<\/a><\/h6>\n\n<div class=\"wp-block-post-excerpt\"><p class=\"wp-block-post-excerpt__excerpt\">Le Printemps des compagnies \/ du 22 au 31 mai 2015 \/ Th\u00e9\u00e2tre des Osses (Fribourg) \/ Critiques par Nicolas Joray, Jonathan Hofer et Deborah Strebel. <\/p><\/div>\n\n\n<div style=\"height:1px\" aria-hidden=\"true\" class=\"wp-block-spacer\"><\/div>\n\n<\/li><li class=\"wp-block-post post-6386 post type-post status-publish format-standard has-post-thumbnail category-critique category-expired category-maison-saint-gervais category-spectacle tag-jonas-parson tag-nicolas-joray\">\n<h6 class=\"liensouligne wp-block-post-title\"><a href=\"https:\/\/wp.unil.ch\/ateliercritique\/2015\/05\/lane-et-le-ruisseau\/\" target=\"_self\" >L&rsquo;\u00e2ne et le ruisseau<\/a><\/h6>\n\n<div class=\"wp-block-post-excerpt\"><p class=\"wp-block-post-excerpt__excerpt\">L\u2019\u00e2ne et le ruisseau \/ D\u2019Alfred de Musset \/ Mise en sc\u00e8ne Christian Geffroy Schlittler \/ du 12 au 23 mai 2015 \/ Th\u00e9\u00e2tre Saint-Gervais (Gen\u00e8ve) \/ Critiques par Nicolas Joray et Jonas Parson . <\/p><\/div>\n\n\n<div style=\"height:1px\" aria-hidden=\"true\" class=\"wp-block-spacer\"><\/div>\n\n<\/li><li class=\"wp-block-post post-6278 post type-post status-publish format-standard has-post-thumbnail category-critique category-expired category-theatre-de-larsenic category-spectacle tag-jonas-guyot tag-nicolas-joray\">\n<h6 class=\"liensouligne wp-block-post-title\"><a href=\"https:\/\/wp.unil.ch\/ateliercritique\/2015\/05\/pas-grand-chose-plutot-que-rien\/\" target=\"_self\" >Pas grand-chose plut\u00f4t que rien<\/a><\/h6>\n\n<div class=\"wp-block-post-excerpt\"><p class=\"wp-block-post-excerpt__excerpt\">Texte et mise en sc\u00e8ne Jo\u00ebl Maillard \/ Du 28 avril au 3 mai 2015 \/ Arsenic (Lausanne) \/ Critiques par Nicolas Joray et Jonas Guyot . <\/p><\/div>\n\n\n<div style=\"height:1px\" aria-hidden=\"true\" class=\"wp-block-spacer\"><\/div>\n\n<\/li><li class=\"wp-block-post post-6248 post type-post status-publish format-standard has-post-thumbnail category-critique category-equilibre-nuithonie category-expired category-spectacle tag-chantal-zumwald tag-nicolas-joray\">\n<h6 class=\"liensouligne wp-block-post-title\"><a href=\"https:\/\/wp.unil.ch\/ateliercritique\/2015\/04\/les-arbres-pleurent-ils-aussi\/\" target=\"_self\" >Les arbres pleurent-ils aussi?<\/a><\/h6>\n\n<div class=\"wp-block-post-excerpt\"><p class=\"wp-block-post-excerpt__excerpt\">Par la Cie Fabienne Berger \/ du 25 avril au 2 mai 2015 \/ Equilibre-Nuithonie (Fribourg) \/ En tourn\u00e9e jusqu\u2019au 8 mai 2015 \/ Critiques par Nicolas Joray et Chantal Zumwald . <\/p><\/div>\n\n\n<div style=\"height:1px\" aria-hidden=\"true\" class=\"wp-block-spacer\"><\/div>\n\n<\/li><li class=\"wp-block-post post-6172 post type-post status-publish format-standard has-post-thumbnail category-critique category-expired category-spectacle category-theatre-du-passage tag-elisa-picci tag-nicolas-joray\">\n<h6 class=\"liensouligne wp-block-post-title\"><a href=\"https:\/\/wp.unil.ch\/ateliercritique\/2015\/04\/le-moche\/\" target=\"_self\" >Le Moche<\/a><\/h6>\n\n<div class=\"wp-block-post-excerpt\"><p class=\"wp-block-post-excerpt__excerpt\">De Marius von Mayenburg \/ Mise en sc\u00e8ne par Nathalie Sandoz \/ du 24 au 31 mars 2015 \/ Th\u00e9\u00e2tre du Passage (Neuch\u00e2tel) \/ Critiques par Nicolas Joray et Elisa Picci . <\/p><\/div>\n\n\n<div style=\"height:1px\" aria-hidden=\"true\" class=\"wp-block-spacer\"><\/div>\n\n<\/li><li class=\"wp-block-post post-6147 post type-post status-publish format-standard has-post-thumbnail category-critique category-expired category-spectacle category-theatre-arc-en-scenes-chaux-de-fonds tag-cecilia-galindo tag-nicolas-joray\">\n<h6 class=\"liensouligne wp-block-post-title\"><a href=\"https:\/\/wp.unil.ch\/ateliercritique\/2015\/03\/julia\/\" target=\"_self\" >Julia<\/a><\/h6>\n\n<div class=\"wp-block-post-excerpt\"><p class=\"wp-block-post-excerpt__excerpt\">D\u2019apr\u00e8s August Strindberg \/ Mise en sc\u00e8ne par Christiane Jatahy \/ du 25 au 26 mars 2015\/ Th\u00e9\u00e2tre Populaire Romand (la Chaux-de-Fonds) \/ Critiques par Cecilia Galindo et Nicolas Joray . <\/p><\/div>\n\n\n<div style=\"height:1px\" aria-hidden=\"true\" class=\"wp-block-spacer\"><\/div>\n\n<\/li><li class=\"wp-block-post post-6109 post type-post status-publish format-standard has-post-thumbnail category-critique category-expired category-spectacle category-theatre-am-stram-gram-geneve tag-luc-siegenthaler tag-nicolas-joray\">\n<h6 class=\"liensouligne wp-block-post-title\"><a href=\"https:\/\/wp.unil.ch\/ateliercritique\/2015\/03\/le-manuscrit-des-chiens-iii\/\" target=\"_self\" >Le Manuscrit des chiens III<\/a><\/h6>\n\n<div class=\"wp-block-post-excerpt\"><p class=\"wp-block-post-excerpt__excerpt\">D\u2019apr\u00e8s Jon Fosse \/ Mise en sc\u00e8ne par Guillaume B\u00e9guin \/ du 20 au 22 mars 2015 \/ Th\u00e9\u00e2tre Am Stram Gram (Gen\u00e8ve) \/ En tourn\u00e9e jusqu\u2019au 10 mai 2015 \/ Critiques par Luc Siegenthaler et Nicolas Joray . <\/p><\/div>\n\n\n<div style=\"height:1px\" aria-hidden=\"true\" class=\"wp-block-spacer\"><\/div>\n\n<\/li><li class=\"wp-block-post post-6037 post type-post status-publish format-standard has-post-thumbnail category-critique category-expired category-la-grange category-spectacle tag-maelle-andrey tag-nicolas-joray\">\n<h6 class=\"liensouligne wp-block-post-title\"><a href=\"https:\/\/wp.unil.ch\/ateliercritique\/2015\/03\/les-clowns\/\" target=\"_self\" >Les Clowns<\/a><\/h6>\n\n<div class=\"wp-block-post-excerpt\"><p class=\"wp-block-post-excerpt__excerpt\">texte et mise en sc\u00e8ne Fran\u00e7ois Cervantes \/ du 13 au 15 mars 2015 \/ Grange de Dorigny \/ Critiques par Ma\u00eblle Andrey et Nicolas Joray <\/p><\/div>\n\n\n<div style=\"height:1px\" aria-hidden=\"true\" class=\"wp-block-spacer\"><\/div>\n\n<\/li><li class=\"wp-block-post post-5807 post type-post status-publish format-standard has-post-thumbnail category-critique category-expired category-spectacle category-theatre-2-21-lausanne tag-cecilia-galindo tag-nicolas-joray\">\n<h6 class=\"liensouligne wp-block-post-title\"><a href=\"https:\/\/wp.unil.ch\/ateliercritique\/2015\/02\/blockbuster\/\" target=\"_self\" >Blockbuster<\/a><\/h6>\n\n<div class=\"wp-block-post-excerpt\"><p class=\"wp-block-post-excerpt__excerpt\">par k7 Productions \/ mise en sc\u00e8ne Tomas Gonzalez \/ du 10 au 15 f\u00e9vrier 2015 \/ Th\u00e9\u00e2tre 2.21 \/ Critiques par Cecilia Galindo et Nicolas Joray. <\/p><\/div>\n\n\n<div style=\"height:1px\" aria-hidden=\"true\" class=\"wp-block-spacer\"><\/div>\n\n<\/li><li class=\"wp-block-post post-5759 post type-post status-publish format-standard has-post-thumbnail category-critique category-expired category-theatre-comedie category-spectacle tag-deborah-strebel tag-nicolas-joray\">\n<h6 class=\"liensouligne wp-block-post-title\"><a href=\"https:\/\/wp.unil.ch\/ateliercritique\/2015\/01\/le-roi-lear\/\" target=\"_self\" >Le Roi Lear<\/a><\/h6>\n\n<div class=\"wp-block-post-excerpt\"><p class=\"wp-block-post-excerpt__excerpt\">de William Shakespeare \/ mise en sc\u00e8ne Herv\u00e9 Loichemol \/ du 20 janvier au 7 f\u00e9vrier 2015 \/ Com\u00e9die de Gen\u00e8ve \/ Critiques par Nicolas Joray et Deborah Strebel. <\/p><\/div>\n\n\n<div style=\"height:1px\" aria-hidden=\"true\" class=\"wp-block-spacer\"><\/div>\n\n<\/li><li class=\"wp-block-post post-5565 post type-post status-publish format-standard has-post-thumbnail category-critique category-expired category-le-petit-theatre category-spectacle tag-nicolas-joray tag-noemie-desarzens\">\n<h6 class=\"liensouligne wp-block-post-title\"><a href=\"https:\/\/wp.unil.ch\/ateliercritique\/2014\/12\/scrooge-et-les-fantomes\/\" target=\"_self\" >Scrooge et les fant\u00f4mes<\/a><\/h6>\n\n<div class=\"wp-block-post-excerpt\"><p class=\"wp-block-post-excerpt__excerpt\">d&rsquo;apr\u00e8s Charles Dickens \/ conception David Deppierraz et Laurence Iseli \/ mise en sc\u00e8ne Laurence Iseli \/ du 3 au 31 d\u00e9cembre 2014 \/ Le Petit Th\u00e9\u00e2tre \/ Critiques par Nicolas Joray et No\u00e9mie Desarzens. <\/p><\/div>\n\n\n<div style=\"height:1px\" aria-hidden=\"true\" class=\"wp-block-spacer\"><\/div>\n\n<\/li><li class=\"wp-block-post post-5521 post type-post status-publish format-standard has-post-thumbnail category-critique category-expired category-la-grange category-spectacle tag-laura-pallu tag-nicolas-joray\">\n<h6 class=\"liensouligne wp-block-post-title\"><a href=\"https:\/\/wp.unil.ch\/ateliercritique\/2014\/12\/encore\/\" target=\"_self\" >Encore<\/a><\/h6>\n\n<div class=\"wp-block-post-excerpt\"><p class=\"wp-block-post-excerpt__excerpt\">de Eug\u00e9nie Rebetez \/ du 28 novembre au 6 d\u00e9cembre 2014 \/ La Grange de Dorigny \/ Critiques par Nicolas Joray et Laura Pall\u00f9. <\/p><\/div>\n\n\n<div style=\"height:1px\" aria-hidden=\"true\" class=\"wp-block-spacer\"><\/div>\n\n<\/li><li class=\"wp-block-post post-5509 post type-post status-publish format-standard has-post-thumbnail category-critique category-expired category-theatre-de-larsenic category-spectacle tag-nicolas-joray tag-noemie-desarzens\">\n<h6 class=\"liensouligne wp-block-post-title\"><a href=\"https:\/\/wp.unil.ch\/ateliercritique\/2014\/11\/tac-tac\/\" target=\"_self\" >Tac.Tac<\/a><\/h6>\n\n<div class=\"wp-block-post-excerpt\"><p class=\"wp-block-post-excerpt__excerpt\">Tac.Tac. \/ de YoungSoon Cho Jaquet \/ du 27 novembre au 4 d\u00e9cembre 2014 \/ Th\u00e9\u00e2tre Arsenic \/ Critiques par Nicolas Joray et No\u00e9mie Desarzens. <\/p><\/div>\n\n\n<div style=\"height:1px\" aria-hidden=\"true\" class=\"wp-block-spacer\"><\/div>\n\n<\/li><li class=\"wp-block-post post-5434 post type-post status-publish format-standard has-post-thumbnail category-critique category-expired category-maison-saint-gervais category-spectacle tag-jonas-guyot tag-nicolas-joray\">\n<h6 class=\"liensouligne wp-block-post-title\"><a href=\"https:\/\/wp.unil.ch\/ateliercritique\/2014\/11\/5434\/\" target=\"_self\" >Daisy<\/a><\/h6>\n\n<div class=\"wp-block-post-excerpt\"><p class=\"wp-block-post-excerpt__excerpt\">de Rodrigo Garc\u00eda \/ du 11 au 15 novembre 2014 \/ Th\u00e9\u00e2tre Saint-Gervais \/ Critiques par Jonas Guyot et Nicolas Joray. <\/p><\/div>\n\n\n<div style=\"height:1px\" aria-hidden=\"true\" class=\"wp-block-spacer\"><\/div>\n\n<\/li><li class=\"wp-block-post post-5390 post type-post status-publish format-standard has-post-thumbnail category-critique category-expired category-spectacle category-theatre-de-vidy tag-lisa-tagliabue tag-nicolas-joray\">\n<h6 class=\"liensouligne wp-block-post-title\"><a href=\"https:\/\/wp.unil.ch\/ateliercritique\/2014\/11\/hallo\/\" target=\"_self\" >Hallo<\/a><\/h6>\n\n<div class=\"wp-block-post-excerpt\"><p class=\"wp-block-post-excerpt__excerpt\">de Martin Zimmermann \/ du 4 au 22 novembre 2014 \/ Th\u00e9\u00e2tre de Vidy \/ Critiques par Nicolas Joray et Lisa Tagliabue. <\/p><\/div>\n\n\n<div style=\"height:1px\" aria-hidden=\"true\" class=\"wp-block-spacer\"><\/div>\n\n<\/li><li class=\"wp-block-post post-5253 post type-post status-publish format-standard has-post-thumbnail category-critique category-expired category-la-grange category-spectacle tag-nicolas-joray tag-sabrina-roh\">\n<h6 class=\"liensouligne wp-block-post-title\"><a href=\"https:\/\/wp.unil.ch\/ateliercritique\/2014\/10\/la-prison\/\" target=\"_self\" >La Prison<\/a><\/h6>\n\n<div class=\"wp-block-post-excerpt\"><p class=\"wp-block-post-excerpt__excerpt\">d&rsquo;apr\u00e8s Michel Foucault \/ mise en sc\u00e8ne Collectif F71 \/ du 23 au 25 octobre 2014 \/ Th\u00e9\u00e2tre de la Grange de Dorigny \/ Critiques par Sabrina Roh et Nicolas Joray. <\/p><\/div>\n\n\n<div style=\"height:1px\" aria-hidden=\"true\" class=\"wp-block-spacer\"><\/div>\n\n<\/li><li class=\"wp-block-post post-5105 post type-post status-publish format-standard has-post-thumbnail category-critique category-expired category-spectacle category-theatre-de-vidy tag-deborah-strebel tag-jehanne-denogent tag-lisa-tagliabue tag-maelle-andrey tag-maryke-oosterhoff tag-nicolas-joray tag-noemie-desarzens\">\n<h6 class=\"liensouligne wp-block-post-title\"><a href=\"https:\/\/wp.unil.ch\/ateliercritique\/2014\/10\/les-palmiers-sauvages\/\" target=\"_self\" >Les Palmiers sauvages<\/a><\/h6>\n\n<div class=\"wp-block-post-excerpt\"><p class=\"wp-block-post-excerpt__excerpt\">D\u2019apr\u00e8s William Faulkner \/ mise en sc\u00e8ne S\u00e9verine Chavrier \/ du 25 septembre au 12 octobre 2014 \/ Th\u00e9\u00e2tre Vidy Lausanne \/ Critiques par Deborah Strebel, Lisa Tagliabue, No\u00e9mie Desarzens, Ma\u00eblle Andrey, Nicolas Joray, Maryke Oosterhoff et Jehanne Denogent. <\/p><\/div>\n\n\n<div style=\"height:1px\" aria-hidden=\"true\" class=\"wp-block-spacer\"><\/div>\n\n<\/li><\/ul><\/div>\n","protected":false},"excerpt":{"rendered":"<p>C&rsquo;est en m&rsquo;inscrivant en option sp\u00e9cifique th\u00e9\u00e2tre au lyc\u00e9e de Porrentruy que je suis v\u00e9ritablement tomb\u00e9 dans la marmite th\u00e9\u00e2trale. Depuis, cet art de la sc\u00e8ne m&rsquo;accompagne toujours, de pr\u00e8s &hellip; <\/p>\n","protected":false},"author":1001020,"featured_media":0,"parent":2716,"menu_order":0,"comment_status":"closed","ping_status":"closed","template":"","meta":{"_seopress_robots_primary_cat":"","_seopress_titles_title":"","_seopress_titles_desc":"","_seopress_robots_index":"","footnotes":""},"class_list":["post-5157","page","type-page","status-publish"],"_links":{"self":[{"href":"https:\/\/wp.unil.ch\/ateliercritique\/wp-json\/wp\/v2\/pages\/5157","targetHints":{"allow":["GET"]}}],"collection":[{"href":"https:\/\/wp.unil.ch\/ateliercritique\/wp-json\/wp\/v2\/pages"}],"about":[{"href":"https:\/\/wp.unil.ch\/ateliercritique\/wp-json\/wp\/v2\/types\/page"}],"author":[{"embeddable":true,"href":"https:\/\/wp.unil.ch\/ateliercritique\/wp-json\/wp\/v2\/users\/1001020"}],"replies":[{"embeddable":true,"href":"https:\/\/wp.unil.ch\/ateliercritique\/wp-json\/wp\/v2\/comments?post=5157"}],"version-history":[{"count":1,"href":"https:\/\/wp.unil.ch\/ateliercritique\/wp-json\/wp\/v2\/pages\/5157\/revisions"}],"predecessor-version":[{"id":22305,"href":"https:\/\/wp.unil.ch\/ateliercritique\/wp-json\/wp\/v2\/pages\/5157\/revisions\/22305"}],"up":[{"embeddable":true,"href":"https:\/\/wp.unil.ch\/ateliercritique\/wp-json\/wp\/v2\/pages\/2716"}],"wp:attachment":[{"href":"https:\/\/wp.unil.ch\/ateliercritique\/wp-json\/wp\/v2\/media?parent=5157"}],"curies":[{"name":"wp","href":"https:\/\/api.w.org\/{rel}","templated":true}]}}