{"id":5117,"date":"2014-10-12T03:53:15","date_gmt":"2014-10-12T01:53:15","guid":{"rendered":"http:\/\/wp.unil.ch\/ateliercritique\/?page_id=5117"},"modified":"2025-02-06T17:02:38","modified_gmt":"2025-02-06T16:02:38","slug":"noemie-desarzens","status":"publish","type":"page","link":"https:\/\/wp.unil.ch\/ateliercritique\/lequipe\/noemie-desarzens\/","title":{"rendered":"No\u00e9mie Desarzens"},"content":{"rendered":"<p style=\"text-align: justify\">Etudiante en Master en anglais et histoire de l&rsquo;art \u00e0 l&rsquo;Universit\u00e9 de Lausanne, j&rsquo;ai toujours \u00e9t\u00e9 attir\u00e9e par le monde du spectacle. La sp\u00e9cialisation en dramaturgie me permet d&rsquo;une part d&rsquo;enrichir mes connaissances th\u00e9\u00e2trales et d&rsquo;autre part d&rsquo;aiguiser mon regard critique. En outre, cet atelier d\u00e9veloppe mon r\u00f4le de spectatrice avertie; cet exercice r\u00e9dactionnel m&rsquo;offre la possibilit\u00e9 de d\u00e9couvrir l&rsquo;offre de la sc\u00e8ne contemporaine romande et de me confronter \u00e0 sa diversit\u00e9.<\/p>\n<h4>Les critiques de No\u00e9mie Desarzens :<\/h4>\n\n\n<div class=\"wp-block-query is-layout-flow wp-block-query-is-layout-flow\"><ul class=\"wp-block-post-template is-layout-flow wp-block-post-template-is-layout-flow\"><li class=\"wp-block-post post-6674 post type-post status-publish format-standard has-post-thumbnail category-critique category-expired category-spectacle category-orangerie tag-frederic-guignard tag-noemie-desarzens\">\n<h6 class=\"liensouligne wp-block-post-title\"><a href=\"https:\/\/wp.unil.ch\/ateliercritique\/2015\/06\/un-tramway-nomme-desir\/\" target=\"_self\" >Un Tramway nomm\u00e9 d\u00e9sir<\/a><\/h6>\n\n<div class=\"wp-block-post-excerpt\"><p class=\"wp-block-post-excerpt__excerpt\">D&rsquo;apr\u00e8sTennessee Williams \/ Mise en sc\u00e8ne de Zo\u00e9 Reverdin \/ du 23 juin au 11 juillet 2015 \/ Th\u00e9\u00e2tre de l\u2019Orangerie (Gen\u00e8ve) \/ Critiques par No\u00e9mie Desarzens et et Fr\u00e9d\u00e9ric Guignard . <\/p><\/div>\n\n\n<div style=\"height:1px\" aria-hidden=\"true\" class=\"wp-block-spacer\"><\/div>\n\n<\/li><li class=\"wp-block-post post-6562 post type-post status-publish format-standard has-post-thumbnail category-critique category-expired category-spectacle category-theatre-de-vidy tag-lucas-moreel tag-noemie-desarzens\">\n<h6 class=\"liensouligne wp-block-post-title\"><a href=\"https:\/\/wp.unil.ch\/ateliercritique\/2015\/06\/33-tours-et-quelques-secondes\/\" target=\"_self\" >33 tours et quelques secondes<\/a><\/h6>\n\n<div class=\"wp-block-post-excerpt\"><p class=\"wp-block-post-excerpt__excerpt\">Conception Lina Majdalanie et Rabih Mrou\u00e9 \/ du 13 au 14 juin 2015 \/ Th\u00e9\u00e2tre de Vidy (Lausanne) \/ Critiques par No\u00e9mie Desarzens et Lucas Mor\u00ebel . <\/p><\/div>\n\n\n<div style=\"height:1px\" aria-hidden=\"true\" class=\"wp-block-spacer\"><\/div>\n\n<\/li><li class=\"wp-block-post post-6453 post type-post status-publish format-standard has-post-thumbnail category-critique category-expired category-spectacle category-teatre-du-grutli tag-deborah-strebel tag-noemie-desarzens\">\n<h6 class=\"liensouligne wp-block-post-title\"><a href=\"https:\/\/wp.unil.ch\/ateliercritique\/2015\/05\/comme-il-vous-plaira\/\" target=\"_self\" >Comme il vous plaira<\/a><\/h6>\n\n<div class=\"wp-block-post-excerpt\"><p class=\"wp-block-post-excerpt__excerpt\">D&rsquo;apr\u00e8s Shakespeare \/ Mise en sc\u00e8ne de Camille Giacobino \/ du 26 mai au 14 juin 2015 \/ Th\u00e9\u00e2tre du Gr\u00fctli (Gen\u00e8ve) \/ Critiques par Deborah Strebel et No\u00e9mie Desarzens . <\/p><\/div>\n\n\n<div style=\"height:1px\" aria-hidden=\"true\" class=\"wp-block-spacer\"><\/div>\n\n<\/li><li class=\"wp-block-post post-6072 post type-post status-publish format-standard has-post-thumbnail category-critique category-equilibre-nuithonie category-expired category-spectacle tag-maelle-andrey tag-noemie-desarzens\">\n<h6 class=\"liensouligne wp-block-post-title\"><a href=\"https:\/\/wp.unil.ch\/ateliercritique\/2015\/03\/rostigraben\/\" target=\"_self\" >R\u00f6stigraben<\/a><\/h6>\n\n<div class=\"wp-block-post-excerpt\"><p class=\"wp-block-post-excerpt__excerpt\">D\u2019Antoine Jaccoud et Guy Krneta \/ Mise en sc\u00e8ne par Nicolas Rossier \/ du 17 au 19 mars 2015 \/ Equilibre-Nuithonie (Lausanne) \/ En tourn\u00e9e jusqu\u2019au 31 mai 2015 \/ Critiques par Ma\u00eblle Andrey et No\u00e9mie Desarzens . <\/p><\/div>\n\n\n<div style=\"height:1px\" aria-hidden=\"true\" class=\"wp-block-spacer\"><\/div>\n\n<\/li><li class=\"wp-block-post post-5896 post type-post status-publish format-standard has-post-thumbnail category-critique category-expired category-le-petit-theatre category-spectacle tag-maelle-andrey tag-noemie-desarzens\">\n<h6 class=\"liensouligne wp-block-post-title\"><a href=\"https:\/\/wp.unil.ch\/ateliercritique\/2015\/03\/monsieur-blanchette-et-le-loup\/\" target=\"_self\" >Monsieur, Blanchette et le Loup<\/a><\/h6>\n\n<div class=\"wp-block-post-excerpt\"><p class=\"wp-block-post-excerpt__excerpt\">d&rsquo;apr\u00e8s Alphonse Daudet \/ texte et mise en sc\u00e8ne Jos\u00e9 Pliya \/ du 4 au 15 mars 2015 \/ Petit Th\u00e9\u00e2tre de Lausanne \/ Critiques par Ma\u00eblle Andrey et No\u00e9mie Desarzens.\u00a0 <\/p><\/div>\n\n\n<div style=\"height:1px\" aria-hidden=\"true\" class=\"wp-block-spacer\"><\/div>\n\n<\/li><li class=\"wp-block-post post-5710 post type-post status-publish format-standard has-post-thumbnail category-critique category-expired category-spectacle category-theatre-de-vidy tag-noemie-desarzens\">\n<h6 class=\"liensouligne wp-block-post-title\"><a href=\"https:\/\/wp.unil.ch\/ateliercritique\/2015\/01\/le-theatre-sauvage\/\" target=\"_self\" >Le Th\u00e9\u00e2tre sauvage<\/a><\/h6>\n\n<div class=\"wp-block-post-excerpt\"><p class=\"wp-block-post-excerpt__excerpt\">conception et mise en sc\u00e8ne Guillaume B\u00e9guin \/ du 8 janvier au 1er f\u00e9vrier 2015 \/ Th\u00e9\u00e2tre de Vidy \/ Critique par No\u00e9mie Desarzens. <\/p><\/div>\n\n\n<div style=\"height:1px\" aria-hidden=\"true\" class=\"wp-block-spacer\"><\/div>\n\n<\/li><li class=\"wp-block-post post-5565 post type-post status-publish format-standard has-post-thumbnail category-critique category-expired category-le-petit-theatre category-spectacle tag-nicolas-joray tag-noemie-desarzens\">\n<h6 class=\"liensouligne wp-block-post-title\"><a href=\"https:\/\/wp.unil.ch\/ateliercritique\/2014\/12\/scrooge-et-les-fantomes\/\" target=\"_self\" >Scrooge et les fant\u00f4mes<\/a><\/h6>\n\n<div class=\"wp-block-post-excerpt\"><p class=\"wp-block-post-excerpt__excerpt\">d&rsquo;apr\u00e8s Charles Dickens \/ conception David Deppierraz et Laurence Iseli \/ mise en sc\u00e8ne Laurence Iseli \/ du 3 au 31 d\u00e9cembre 2014 \/ Le Petit Th\u00e9\u00e2tre \/ Critiques par Nicolas Joray et No\u00e9mie Desarzens. <\/p><\/div>\n\n\n<div style=\"height:1px\" aria-hidden=\"true\" class=\"wp-block-spacer\"><\/div>\n\n<\/li><li class=\"wp-block-post post-5509 post type-post status-publish format-standard has-post-thumbnail category-critique category-expired category-theatre-de-larsenic category-spectacle tag-nicolas-joray tag-noemie-desarzens\">\n<h6 class=\"liensouligne wp-block-post-title\"><a href=\"https:\/\/wp.unil.ch\/ateliercritique\/2014\/11\/tac-tac\/\" target=\"_self\" >Tac.Tac<\/a><\/h6>\n\n<div class=\"wp-block-post-excerpt\"><p class=\"wp-block-post-excerpt__excerpt\">Tac.Tac. \/ de YoungSoon Cho Jaquet \/ du 27 novembre au 4 d\u00e9cembre 2014 \/ Th\u00e9\u00e2tre Arsenic \/ Critiques par Nicolas Joray et No\u00e9mie Desarzens. <\/p><\/div>\n\n\n<div style=\"height:1px\" aria-hidden=\"true\" class=\"wp-block-spacer\"><\/div>\n\n<\/li><li class=\"wp-block-post post-5300 post type-post status-publish format-standard has-post-thumbnail category-critique category-expired category-spectacle category-theatre-2-21-lausanne tag-deborah-strebel tag-noemie-desarzens\">\n<h6 class=\"liensouligne wp-block-post-title\"><a href=\"https:\/\/wp.unil.ch\/ateliercritique\/2014\/10\/pourquoi-etes-vous-pauvres\/\" target=\"_self\" >Pourquoi \u00eates-vous pauvres\u00a0?<\/a><\/h6>\n\n<div class=\"wp-block-post-excerpt\"><p class=\"wp-block-post-excerpt__excerpt\">Cr\u00e9ation du Mumbay Quartet \/ conception de Mathias Glayre \/ du 28 octobre au 2 novembre 2014 \/ Th\u00e9\u00e2tre 2.21 \/ Critiques par Deborah Strebel et No\u00e9mie Desarzens. <\/p><\/div>\n\n\n<div style=\"height:1px\" aria-hidden=\"true\" class=\"wp-block-spacer\"><\/div>\n\n<\/li><li class=\"wp-block-post post-5193 post type-post status-publish format-standard has-post-thumbnail category-critique category-equilibre-nuithonie category-expired category-spectacle tag-maelle-andrey tag-noemie-desarzens\">\n<h6 class=\"liensouligne wp-block-post-title\"><a href=\"https:\/\/wp.unil.ch\/ateliercritique\/2014\/10\/derborence\/\" target=\"_self\" >Derborence<\/a><\/h6>\n\n<div class=\"wp-block-post-excerpt\"><p class=\"wp-block-post-excerpt__excerpt\">D&rsquo;apr\u00e8s le roman de Charles-Ferdinand Ramuz \/ mise en sc\u00e8ne Mathieu Bertholet \/ les 15 et 16 octobre 2014 \/ Nuithonie \/ Critiques par Ma\u00eblle Andrey et No\u00e9mie Desarzens. <\/p><\/div>\n\n\n<div style=\"height:1px\" aria-hidden=\"true\" class=\"wp-block-spacer\"><\/div>\n\n<\/li><li class=\"wp-block-post post-5105 post type-post status-publish format-standard has-post-thumbnail category-critique category-expired category-spectacle category-theatre-de-vidy tag-deborah-strebel tag-jehanne-denogent tag-lisa-tagliabue tag-maelle-andrey tag-maryke-oosterhoff tag-nicolas-joray tag-noemie-desarzens\">\n<h6 class=\"liensouligne wp-block-post-title\"><a href=\"https:\/\/wp.unil.ch\/ateliercritique\/2014\/10\/les-palmiers-sauvages\/\" target=\"_self\" >Les Palmiers sauvages<\/a><\/h6>\n\n<div class=\"wp-block-post-excerpt\"><p class=\"wp-block-post-excerpt__excerpt\">D\u2019apr\u00e8s William Faulkner \/ mise en sc\u00e8ne S\u00e9verine Chavrier \/ du 25 septembre au 12 octobre 2014 \/ Th\u00e9\u00e2tre Vidy Lausanne \/ Critiques par Deborah Strebel, Lisa Tagliabue, No\u00e9mie Desarzens, Ma\u00eblle Andrey, Nicolas Joray, Maryke Oosterhoff et Jehanne Denogent. <\/p><\/div>\n\n\n<div style=\"height:1px\" aria-hidden=\"true\" class=\"wp-block-spacer\"><\/div>\n\n<\/li><\/ul><\/div>\n","protected":false},"excerpt":{"rendered":"<p>Etudiante en Master en anglais et histoire de l&rsquo;art \u00e0 l&rsquo;Universit\u00e9 de Lausanne, j&rsquo;ai toujours \u00e9t\u00e9 attir\u00e9e par le monde du spectacle. La sp\u00e9cialisation en dramaturgie me permet d&rsquo;une part &hellip; <\/p>\n","protected":false},"author":1001020,"featured_media":0,"parent":2716,"menu_order":0,"comment_status":"closed","ping_status":"closed","template":"","meta":{"_seopress_robots_primary_cat":"","_seopress_titles_title":"","_seopress_titles_desc":"","_seopress_robots_index":"","footnotes":""},"class_list":["post-5117","page","type-page","status-publish"],"_links":{"self":[{"href":"https:\/\/wp.unil.ch\/ateliercritique\/wp-json\/wp\/v2\/pages\/5117","targetHints":{"allow":["GET"]}}],"collection":[{"href":"https:\/\/wp.unil.ch\/ateliercritique\/wp-json\/wp\/v2\/pages"}],"about":[{"href":"https:\/\/wp.unil.ch\/ateliercritique\/wp-json\/wp\/v2\/types\/page"}],"author":[{"embeddable":true,"href":"https:\/\/wp.unil.ch\/ateliercritique\/wp-json\/wp\/v2\/users\/1001020"}],"replies":[{"embeddable":true,"href":"https:\/\/wp.unil.ch\/ateliercritique\/wp-json\/wp\/v2\/comments?post=5117"}],"version-history":[{"count":1,"href":"https:\/\/wp.unil.ch\/ateliercritique\/wp-json\/wp\/v2\/pages\/5117\/revisions"}],"predecessor-version":[{"id":22270,"href":"https:\/\/wp.unil.ch\/ateliercritique\/wp-json\/wp\/v2\/pages\/5117\/revisions\/22270"}],"up":[{"embeddable":true,"href":"https:\/\/wp.unil.ch\/ateliercritique\/wp-json\/wp\/v2\/pages\/2716"}],"wp:attachment":[{"href":"https:\/\/wp.unil.ch\/ateliercritique\/wp-json\/wp\/v2\/media?parent=5117"}],"curies":[{"name":"wp","href":"https:\/\/api.w.org\/{rel}","templated":true}]}}