{"id":5059,"date":"2014-10-09T02:34:02","date_gmt":"2014-10-09T00:34:02","guid":{"rendered":"http:\/\/wp.unil.ch\/ateliercritique\/?page_id=5059"},"modified":"2025-02-06T16:35:52","modified_gmt":"2025-02-06T15:35:52","slug":"maelle-andrey","status":"publish","type":"page","link":"https:\/\/wp.unil.ch\/ateliercritique\/lequipe\/maelle-andrey\/","title":{"rendered":"Ma\u00eblle Andrey"},"content":{"rendered":"<p style=\"text-align: justify\">\u00c9tudiante en derni\u00e8re ann\u00e9e de Master en Fran\u00e7ais et en Histoire de l\u2019art \u00e0 l\u2019Universit\u00e9 de Fribourg, j\u2019ai choisi la sp\u00e9cialisation en \u00ab\u00a0dramaturgie et histoire du th\u00e9\u00e2tre\u00a0\u00bb. \u00c9tant passionn\u00e9e des arts de la sc\u00e8ne (th\u00e9\u00e2tre et danse) et de l\u2019Art en g\u00e9n\u00e9ral, cette option me permet d\u2019approfondir mes connaissances, de profiter d\u2019enseignements donn\u00e9s par des sp\u00e9cialistes, de b\u00e9n\u00e9ficier d\u2019un module ax\u00e9 sur la \u00ab\u00a0pratique\u00a0\u00bb. En effet, l\u2019atelier de critique dramatique offre la possibilit\u00e9 d\u2019aborder diff\u00e9remment le monde th\u00e9\u00e2tral, en m\u00ealant observation, r\u00e9flexion, interpr\u00e9tation, r\u00e9daction\u2026<br \/>Tout cela contribue \u00e0 modifier ma place de simple spectatrice en me faisant endosser le r\u00f4le de critique.<\/p>\n<p>\u00a0<\/p>\n<h4>Les critiques de Ma\u00eblle Andrey :<\/h4>\n\n\n<div class=\"wp-block-query is-layout-flow wp-block-query-is-layout-flow\"><ul class=\"wp-block-post-template is-layout-flow wp-block-post-template-is-layout-flow\"><li class=\"wp-block-post post-6366 post type-post status-publish format-standard has-post-thumbnail category-critique category-equilibre-nuithonie category-expired category-spectacle tag-chantal-zumwald tag-maelle-andrey\">\n<h6 class=\"liensouligne wp-block-post-title\"><a href=\"https:\/\/wp.unil.ch\/ateliercritique\/2015\/05\/constellationcendrillon\/\" target=\"_self\" >Constellation*Cendrillon<\/a><\/h6>\n\n<div class=\"wp-block-post-excerpt\"><p class=\"wp-block-post-excerpt__excerpt\">Conception et mise en sc\u00e8ne Laurent Gachoud \/ Cie de l\u2019Oranger\/ les 7 et 8 mai 2015 \/ Equilibre-Nuithonie (Fribourg) \/ Critiques par Ma\u00eblle Andrey et Chantal Zumwald . <\/p><\/div>\n\n\n<div style=\"height:1px\" aria-hidden=\"true\" class=\"wp-block-spacer\"><\/div>\n\n<\/li><li class=\"wp-block-post post-6235 post type-post status-publish format-standard has-post-thumbnail category-critique category-expired category-le-petit-theatre category-spectacle tag-maelle-andrey\">\n<h6 class=\"liensouligne wp-block-post-title\"><a href=\"https:\/\/wp.unil.ch\/ateliercritique\/2015\/04\/le-deratiseur-de-hamelin\/\" target=\"_self\" >Le D\u00e9ratiseur de Hamelin<\/a><\/h6>\n\n<div class=\"wp-block-post-excerpt\"><p class=\"wp-block-post-excerpt__excerpt\">De Nicolas Yazgi \/ Mise en sc\u00e8ne Julie Burnier et Fr\u00e9d\u00e9ric Ozier \/ du 22 avril au 10 mai 2015 \/ Petit Th\u00e9\u00e2tre de Lausanne \/ Critique par Ma\u00eblle Andrey . <\/p><\/div>\n\n\n<div style=\"height:1px\" aria-hidden=\"true\" class=\"wp-block-spacer\"><\/div>\n\n<\/li><li class=\"wp-block-post post-6090 post type-post status-publish format-standard has-post-thumbnail category-critique category-expired category-la-grange category-spectacle tag-chantal-zumwald tag-maelle-andrey\">\n<h6 class=\"liensouligne wp-block-post-title\"><a href=\"https:\/\/wp.unil.ch\/ateliercritique\/2015\/03\/le-chat-du-rabbin\/\" target=\"_self\" >Le Chat du Rabbin<\/a><\/h6>\n\n<div class=\"wp-block-post-excerpt\"><p class=\"wp-block-post-excerpt__excerpt\">D\u2019apr\u00e8s la bande dessin\u00e9e de Joann Sfar \/ Mise en sc\u00e8ne par Sarah Marcuse \/ du 19 au 22 mars 2015 \/ Grange de Dorigny (Lausanne) \/ En tourn\u00e9e jusqu\u2019au 18 juin 2015 \/ Critiques par Ma\u00eblle Andrey et Chantal\u2026 <\/p><\/div>\n\n\n<div style=\"height:1px\" aria-hidden=\"true\" class=\"wp-block-spacer\"><\/div>\n\n<\/li><li class=\"wp-block-post post-6072 post type-post status-publish format-standard has-post-thumbnail category-critique category-equilibre-nuithonie category-expired category-spectacle tag-maelle-andrey tag-noemie-desarzens\">\n<h6 class=\"liensouligne wp-block-post-title\"><a href=\"https:\/\/wp.unil.ch\/ateliercritique\/2015\/03\/rostigraben\/\" target=\"_self\" >R\u00f6stigraben<\/a><\/h6>\n\n<div class=\"wp-block-post-excerpt\"><p class=\"wp-block-post-excerpt__excerpt\">D\u2019Antoine Jaccoud et Guy Krneta \/ Mise en sc\u00e8ne par Nicolas Rossier \/ du 17 au 19 mars 2015 \/ Equilibre-Nuithonie (Lausanne) \/ En tourn\u00e9e jusqu\u2019au 31 mai 2015 \/ Critiques par Ma\u00eblle Andrey et No\u00e9mie Desarzens . <\/p><\/div>\n\n\n<div style=\"height:1px\" aria-hidden=\"true\" class=\"wp-block-spacer\"><\/div>\n\n<\/li><li class=\"wp-block-post post-6038 post type-post status-publish format-standard has-post-thumbnail category-critique category-equilibre-nuithonie category-expired category-spectacle tag-maelle-andrey\">\n<h6 class=\"liensouligne wp-block-post-title\"><a href=\"https:\/\/wp.unil.ch\/ateliercritique\/2015\/03\/jadis\/\" target=\"_self\" >Jadis<\/a><\/h6>\n\n<div class=\"wp-block-post-excerpt\"><p class=\"wp-block-post-excerpt__excerpt\">d\u2019Emmanuel Dorand \/ mise en sc\u00e8ne Hassane Kassi Kouyat\u00e9 \/ du 11 au 15 mars 2015 \/ Equilibre-Nuithonie \/ Critique par Ma\u00eblle Andrey <\/p><\/div>\n\n\n<div style=\"height:1px\" aria-hidden=\"true\" class=\"wp-block-spacer\"><\/div>\n\n<\/li><li class=\"wp-block-post post-6037 post type-post status-publish format-standard has-post-thumbnail category-critique category-expired category-la-grange category-spectacle tag-maelle-andrey tag-nicolas-joray\">\n<h6 class=\"liensouligne wp-block-post-title\"><a href=\"https:\/\/wp.unil.ch\/ateliercritique\/2015\/03\/les-clowns\/\" target=\"_self\" >Les Clowns<\/a><\/h6>\n\n<div class=\"wp-block-post-excerpt\"><p class=\"wp-block-post-excerpt__excerpt\">texte et mise en sc\u00e8ne Fran\u00e7ois Cervantes \/ du 13 au 15 mars 2015 \/ Grange de Dorigny \/ Critiques par Ma\u00eblle Andrey et Nicolas Joray <\/p><\/div>\n\n\n<div style=\"height:1px\" aria-hidden=\"true\" class=\"wp-block-spacer\"><\/div>\n\n<\/li><li class=\"wp-block-post post-5959 post type-post status-publish format-standard has-post-thumbnail category-critique category-expired category-la-grange category-spectacle tag-camille-logoz tag-cecilia-galindo tag-deborah-strebel tag-maelle-andrey\">\n<h6 class=\"liensouligne wp-block-post-title\"><a href=\"https:\/\/wp.unil.ch\/ateliercritique\/2015\/03\/vernissage\/\" target=\"_self\" >Vernissage<\/a><\/h6>\n\n<div class=\"wp-block-post-excerpt\"><p class=\"wp-block-post-excerpt__excerpt\">de V\u00e1clav Havel \/ mise en sc\u00e8ne Matthias Urban \/ du 26 f\u00e9vrier au 7 mars 2015 \/ Grange de Dorigny \/ Critiques par Cecilia Galindo, Ma\u00eblle Andrey, Deborah Strebel et Camille Logoz.\u00a0 <\/p><\/div>\n\n\n<div style=\"height:1px\" aria-hidden=\"true\" class=\"wp-block-spacer\"><\/div>\n\n<\/li><li class=\"wp-block-post post-5896 post type-post status-publish format-standard has-post-thumbnail category-critique category-expired category-le-petit-theatre category-spectacle tag-maelle-andrey tag-noemie-desarzens\">\n<h6 class=\"liensouligne wp-block-post-title\"><a href=\"https:\/\/wp.unil.ch\/ateliercritique\/2015\/03\/monsieur-blanchette-et-le-loup\/\" target=\"_self\" >Monsieur, Blanchette et le Loup<\/a><\/h6>\n\n<div class=\"wp-block-post-excerpt\"><p class=\"wp-block-post-excerpt__excerpt\">d&rsquo;apr\u00e8s Alphonse Daudet \/ texte et mise en sc\u00e8ne Jos\u00e9 Pliya \/ du 4 au 15 mars 2015 \/ Petit Th\u00e9\u00e2tre de Lausanne \/ Critiques par Ma\u00eblle Andrey et No\u00e9mie Desarzens.\u00a0 <\/p><\/div>\n\n\n<div style=\"height:1px\" aria-hidden=\"true\" class=\"wp-block-spacer\"><\/div>\n\n<\/li><li class=\"wp-block-post post-5801 post type-post status-publish format-standard has-post-thumbnail category-critique category-expired category-theatre-des-osses category-spectacle tag-maelle-andrey\">\n<h6 class=\"liensouligne wp-block-post-title\"><a href=\"https:\/\/wp.unil.ch\/ateliercritique\/2015\/02\/chambre-damis\/\" target=\"_self\" >Chambre d&rsquo;Amis<\/a><\/h6>\n\n<div class=\"wp-block-post-excerpt\"><p class=\"wp-block-post-excerpt__excerpt\">d&rsquo;Antoine Jaccoud \/ par les Cies Selma 95 (CH) et Futur 3 (D) \/ du 10 f\u00e9vrier au 1er mars 2015 \/ Th\u00e9\u00e2tres des Osses \/ Critique par Ma\u00eblle Andrey. <\/p><\/div>\n\n\n<div style=\"height:1px\" aria-hidden=\"true\" class=\"wp-block-spacer\"><\/div>\n\n<\/li><li class=\"wp-block-post post-5770 post type-post status-publish format-standard has-post-thumbnail category-critique category-expired category-la-grange category-spectacle tag-amandine-rosset tag-maelle-andrey\">\n<h6 class=\"liensouligne wp-block-post-title\"><a href=\"https:\/\/wp.unil.ch\/ateliercritique\/2015\/01\/la-voix-du-peuple\/\" target=\"_self\" >La Voix du peuple<\/a><\/h6>\n\n<div class=\"wp-block-post-excerpt\"><p class=\"wp-block-post-excerpt__excerpt\">par la Cie Les D\u00e9biteurs \/ mise en sc\u00e8ne J\u00e9r\u00f4me Junod \/ du 27 au 31 janvier 2015 \/ La Grange de Dorigny \/ Critiques par Ma\u00eblle Andrey et Amandine Rosset.\u00a0 <\/p><\/div>\n\n\n<div style=\"height:1px\" aria-hidden=\"true\" class=\"wp-block-spacer\"><\/div>\n\n<\/li><li class=\"wp-block-post post-5414 post type-post status-publish format-standard has-post-thumbnail category-critique category-equilibre-nuithonie category-expired category-spectacle tag-maelle-andrey\">\n<h6 class=\"liensouligne wp-block-post-title\"><a href=\"https:\/\/wp.unil.ch\/ateliercritique\/2014\/11\/douze-hommes-en-colere\/\" target=\"_self\" >Douze Hommes en Col\u00e8re<\/a><\/h6>\n\n<div class=\"wp-block-post-excerpt\"><p class=\"wp-block-post-excerpt__excerpt\">de R\u00e9ginald Rose \/ mise en sc\u00e8ne Julien Schmutz \/ Le Magnifique Th\u00e9\u00e2tre \/ du 5 au 15 novembre 2014 \/ Nuithonie, Villars-sur-Gl\u00e2ne \/ Critique par Ma\u00eblle Andrey. <\/p><\/div>\n\n\n<div style=\"height:1px\" aria-hidden=\"true\" class=\"wp-block-spacer\"><\/div>\n\n<\/li><li class=\"wp-block-post post-5193 post type-post status-publish format-standard has-post-thumbnail category-critique category-equilibre-nuithonie category-expired category-spectacle tag-maelle-andrey tag-noemie-desarzens\">\n<h6 class=\"liensouligne wp-block-post-title\"><a href=\"https:\/\/wp.unil.ch\/ateliercritique\/2014\/10\/derborence\/\" target=\"_self\" >Derborence<\/a><\/h6>\n\n<div class=\"wp-block-post-excerpt\"><p class=\"wp-block-post-excerpt__excerpt\">D&rsquo;apr\u00e8s le roman de Charles-Ferdinand Ramuz \/ mise en sc\u00e8ne Mathieu Bertholet \/ les 15 et 16 octobre 2014 \/ Nuithonie \/ Critiques par Ma\u00eblle Andrey et No\u00e9mie Desarzens. <\/p><\/div>\n\n\n<div style=\"height:1px\" aria-hidden=\"true\" class=\"wp-block-spacer\"><\/div>\n\n<\/li><li class=\"wp-block-post post-5129 post type-post status-publish format-standard has-post-thumbnail category-critique category-expired category-theatre-des-osses category-spectacle tag-maelle-andrey\">\n<h6 class=\"liensouligne wp-block-post-title\"><a href=\"https:\/\/wp.unil.ch\/ateliercritique\/2014\/10\/lillusion-comique\/\" target=\"_self\" >L\u2019Illusion comique<\/a><\/h6>\n\n<div class=\"wp-block-post-excerpt\"><p class=\"wp-block-post-excerpt__excerpt\">de Pierre Corneille \/ mise en sc\u00e8ne Genevi\u00e8ve Pasquier et Nicolas Rossier \/ du 26 septembre au 23 novembre 2014 \/ Th\u00e9\u00e2tre des Osses, Givisiez \/ Critique par Ma\u00eblle Andrey. <\/p><\/div>\n\n\n<div style=\"height:1px\" aria-hidden=\"true\" class=\"wp-block-spacer\"><\/div>\n\n<\/li><li class=\"wp-block-post post-5105 post type-post status-publish format-standard has-post-thumbnail category-critique category-expired category-spectacle category-theatre-de-vidy tag-deborah-strebel tag-jehanne-denogent tag-lisa-tagliabue tag-maelle-andrey tag-maryke-oosterhoff tag-nicolas-joray tag-noemie-desarzens\">\n<h6 class=\"liensouligne wp-block-post-title\"><a href=\"https:\/\/wp.unil.ch\/ateliercritique\/2014\/10\/les-palmiers-sauvages\/\" target=\"_self\" >Les Palmiers sauvages<\/a><\/h6>\n\n<div class=\"wp-block-post-excerpt\"><p class=\"wp-block-post-excerpt__excerpt\">D\u2019apr\u00e8s William Faulkner \/ mise en sc\u00e8ne S\u00e9verine Chavrier \/ du 25 septembre au 12 octobre 2014 \/ Th\u00e9\u00e2tre Vidy Lausanne \/ Critiques par Deborah Strebel, Lisa Tagliabue, No\u00e9mie Desarzens, Ma\u00eblle Andrey, Nicolas Joray, Maryke Oosterhoff et Jehanne Denogent. <\/p><\/div>\n\n\n<div style=\"height:1px\" aria-hidden=\"true\" class=\"wp-block-spacer\"><\/div>\n\n<\/li><\/ul><\/div>\n","protected":false},"excerpt":{"rendered":"<p>\u00c9tudiante en derni\u00e8re ann\u00e9e de Master en Fran\u00e7ais et en Histoire de l\u2019art \u00e0 l\u2019Universit\u00e9 de Fribourg, j\u2019ai choisi la sp\u00e9cialisation en \u00ab\u00a0dramaturgie et histoire du th\u00e9\u00e2tre\u00a0\u00bb. \u00c9tant passionn\u00e9e des &hellip; <\/p>\n","protected":false},"author":1001020,"featured_media":0,"parent":2716,"menu_order":0,"comment_status":"closed","ping_status":"closed","template":"","meta":{"_seopress_robots_primary_cat":"","_seopress_titles_title":"","_seopress_titles_desc":"","_seopress_robots_index":"","footnotes":""},"class_list":["post-5059","page","type-page","status-publish"],"_links":{"self":[{"href":"https:\/\/wp.unil.ch\/ateliercritique\/wp-json\/wp\/v2\/pages\/5059","targetHints":{"allow":["GET"]}}],"collection":[{"href":"https:\/\/wp.unil.ch\/ateliercritique\/wp-json\/wp\/v2\/pages"}],"about":[{"href":"https:\/\/wp.unil.ch\/ateliercritique\/wp-json\/wp\/v2\/types\/page"}],"author":[{"embeddable":true,"href":"https:\/\/wp.unil.ch\/ateliercritique\/wp-json\/wp\/v2\/users\/1001020"}],"replies":[{"embeddable":true,"href":"https:\/\/wp.unil.ch\/ateliercritique\/wp-json\/wp\/v2\/comments?post=5059"}],"version-history":[{"count":1,"href":"https:\/\/wp.unil.ch\/ateliercritique\/wp-json\/wp\/v2\/pages\/5059\/revisions"}],"predecessor-version":[{"id":22234,"href":"https:\/\/wp.unil.ch\/ateliercritique\/wp-json\/wp\/v2\/pages\/5059\/revisions\/22234"}],"up":[{"embeddable":true,"href":"https:\/\/wp.unil.ch\/ateliercritique\/wp-json\/wp\/v2\/pages\/2716"}],"wp:attachment":[{"href":"https:\/\/wp.unil.ch\/ateliercritique\/wp-json\/wp\/v2\/media?parent=5059"}],"curies":[{"name":"wp","href":"https:\/\/api.w.org\/{rel}","templated":true}]}}