{"id":4777,"date":"2014-07-10T14:44:46","date_gmt":"2014-07-10T12:44:46","guid":{"rendered":"http:\/\/wp.unil.ch\/ateliercritique\/?page_id=4777"},"modified":"2025-02-13T09:03:27","modified_gmt":"2025-02-13T08:03:27","slug":"2-21","status":"publish","type":"page","link":"https:\/\/wp.unil.ch\/ateliercritique\/theatres-partenaires\/2-21\/","title":{"rendered":"Th\u00e9\u00e2tre 2.21 (Lausanne)"},"content":{"rendered":"<div class=\"wp-block-image\">\n<figure class=\"alignleft\"><a href=\"https:\/\/www.theatre221.ch\/\"><img decoding=\"async\" src=\"https:\/\/wp.unil.ch\/ateliercritique\/files\/2014\/07\/theatre_221-170x170.jpg\" alt=\"theatre_221\" class=\"wp-image-4778\" \/><\/a><\/figure>\n<\/div>\n\n\n<h4 class=\"wp-block-heading\">Critiques par spectacles jou\u00e9s dans ce th\u00e9\u00e2tre :<\/h4>\n\n\n\n<div class=\"wp-block-query is-layout-flow wp-block-query-is-layout-flow\"><ul class=\"wp-block-post-template is-layout-flow wp-block-post-template-is-layout-flow\"><li class=\"wp-block-post post-19893 post type-post status-publish format-standard has-post-thumbnail category-critique category-expired category-spectacle category-theatre-2-21-lausanne tag-lou-sicovier tag-odile-jaques\">\n<h6 class=\"liensouligne wp-block-post-title\"><a href=\"https:\/\/wp.unil.ch\/ateliercritique\/2024\/10\/casting-presente-r-hamlet\/\" target=\"_self\" >Casting pr\u00e9sente : R-Hamlet<\/a><\/h6>\n\n<div class=\"wp-block-post-excerpt\"><p class=\"wp-block-post-excerpt__excerpt\">Conception et mise en sc\u00e8ne par Lausanne-Impro \/ Th\u00e9\u00e2tre 2.21 (Lausanne) \/ Du 18 au 19 octobre 2024 \/ Critiques par Lou Sicovier et Odile Jaques. <\/p><\/div>\n\n\n<div style=\"height:1px\" aria-hidden=\"true\" class=\"wp-block-spacer\"><\/div>\n\n<\/li><li class=\"wp-block-post post-17364 post type-post status-publish format-standard has-post-thumbnail category-critique category-expired category-spectacle category-theatre-2-21-lausanne tag-enola-rindlisbacher tag-sophie-perruchoud\">\n<h6 class=\"liensouligne wp-block-post-title\"><a href=\"https:\/\/wp.unil.ch\/ateliercritique\/2023\/12\/nous-par-le-ciel-si-bas\/\" target=\"_self\" >Nous par le ciel si bas<\/a><\/h6>\n\n<div class=\"wp-block-post-excerpt\"><p class=\"wp-block-post-excerpt__excerpt\">\u00c9criture et mise en sc\u00e8ne\u00a0par Julien Mages \/ Cie Julien Mages\/ Th\u00e9\u00e2tre 2.21 (Lausanne) \/ du 5 au 22 d\u00e9cembre 2023 \/ Critique par Sophie Perruchoud et Enola Rindlisbacher. <\/p><\/div>\n\n\n<div style=\"height:1px\" aria-hidden=\"true\" class=\"wp-block-spacer\"><\/div>\n\n<\/li><li class=\"wp-block-post post-16340 post type-post status-publish format-standard has-post-thumbnail category-critique category-expired category-spectacle category-theatre-2-21-lausanne\">\n<h6 class=\"liensouligne wp-block-post-title\"><a href=\"https:\/\/wp.unil.ch\/ateliercritique\/2022\/05\/girls-and-boys\/\" target=\"_self\" >Girls and Boys<\/a><\/h6>\n\n<div class=\"wp-block-post-excerpt\"><p class=\"wp-block-post-excerpt__excerpt\">D&rsquo;apr\u00e8s Dennis Kelly \/ Cie des Bernardes \/ Mis en sc\u00e8ne par Cl\u00e9mence Mermet \/ Th\u00e9\u00e2tre 2.21 \/ Du 3 au 15 mai 2022 \/ critique par Alexis Junod . <\/p><\/div>\n\n\n<div style=\"height:1px\" aria-hidden=\"true\" class=\"wp-block-spacer\"><\/div>\n\n<\/li><li class=\"wp-block-post post-16319 post type-post status-publish format-standard has-post-thumbnail category-critique category-expired category-spectacle category-theatre-2-21-lausanne tag-clementine-glardon tag-manon-lelievre\">\n<h6 class=\"liensouligne wp-block-post-title\"><a href=\"https:\/\/wp.unil.ch\/ateliercritique\/2022\/05\/dix-petites-anarchistes\/\" target=\"_self\" >Dix petites anarchistes<\/a><\/h6>\n\n<div class=\"wp-block-post-excerpt\"><p class=\"wp-block-post-excerpt__excerpt\">Adaptation du roman de Daniel de Roulet par Marie Perny \/ Mise en sc\u00e8ne de Julie Burnier \/ 2.21 Lausanne \/ du 03 au 08 mai 2022 \/ Critiques par Manon Leli\u00e8vre et Cl\u00e9mentine Glardon . <\/p><\/div>\n\n\n<div style=\"height:1px\" aria-hidden=\"true\" class=\"wp-block-spacer\"><\/div>\n\n<\/li><li class=\"wp-block-post post-15125 post type-post status-publish format-standard has-post-thumbnail category-critique category-expired category-spectacle category-theatre-2-21-lausanne tag-johanna-codourey tag-sarah-neu\">\n<h6 class=\"liensouligne wp-block-post-title\"><a href=\"https:\/\/wp.unil.ch\/ateliercritique\/2021\/05\/objectif-projet\/\" target=\"_self\" >OBJECTIF PROJET<\/a><\/h6>\n\n<div class=\"wp-block-post-excerpt\"><p class=\"wp-block-post-excerpt__excerpt\">Conception et mise en sc\u00e8ne par le collectif moiti\u00e9 moiti\u00e9 moiti\u00e9 \/ Th\u00e9\u00e2tre 2.21 \u2013 Lausanne \/ du 4 au 9 mai 2021 \/ Critiques par Sarah Neu et Johanna Codourey . <\/p><\/div>\n\n\n<div style=\"height:1px\" aria-hidden=\"true\" class=\"wp-block-spacer\"><\/div>\n\n<\/li><li class=\"wp-block-post post-15038 post type-post status-publish format-standard has-post-thumbnail category-critique category-expired category-spectacle category-theatre-2-21-lausanne tag-johanna-codourey\">\n<h6 class=\"liensouligne wp-block-post-title\"><a href=\"https:\/\/wp.unil.ch\/ateliercritique\/2021\/03\/les-hommes-ont-les-yeux-qui-brillent\/\" target=\"_self\" >Les hommes ont les yeux qui brillent<\/a><\/h6>\n\n<div class=\"wp-block-post-excerpt\"><p class=\"wp-block-post-excerpt__excerpt\">Mise en sc\u00e8ne par Marion Jeanson \/ Dramaturgie par St\u00e9phanie Mango \/ Th\u00e9\u00e2tre du 2.21 \u2013 Lausanne \/ Le 11 mars 2021 \/ Critique par Johanna Codourey . <\/p><\/div>\n\n\n<div style=\"height:1px\" aria-hidden=\"true\" class=\"wp-block-spacer\"><\/div>\n\n<\/li><li class=\"wp-block-post post-13770 post type-post status-publish format-standard has-post-thumbnail category-critique category-expired category-spectacle category-theatre-2-21-lausanne tag-monique-kountangni tag-thibault-hugentobler\">\n<h6 class=\"liensouligne wp-block-post-title\"><a href=\"https:\/\/wp.unil.ch\/ateliercritique\/2019\/10\/mama\/\" target=\"_self\" >Mama<\/a><\/h6>\n\n<div class=\"wp-block-post-excerpt\"><p class=\"wp-block-post-excerpt__excerpt\">Cr\u00e9ation et interpr\u00e9tation par Margot van Hove \/ Mise en sc\u00e8ne de Floriane M\u00e9sange \/ Th\u00e9\u00e2tre 2.21 \/ du 8 au 13 octobre 2019 \/ Critiques par Monique Kountagni et Thibault Hugentobler. <\/p><\/div>\n\n\n<div style=\"height:1px\" aria-hidden=\"true\" class=\"wp-block-spacer\"><\/div>\n\n<\/li><li class=\"wp-block-post post-13615 post type-post status-publish format-standard has-post-thumbnail category-critique category-expired category-spectacle category-theatre-2-21-lausanne tag-amina-gudzevic tag-lucas-lauth\">\n<h6 class=\"liensouligne wp-block-post-title\"><a href=\"https:\/\/wp.unil.ch\/ateliercritique\/2019\/05\/lespace-et-nous\/\" target=\"_self\" >L&rsquo;espace et nous<\/a><\/h6>\n\n<div class=\"wp-block-post-excerpt\"><p class=\"wp-block-post-excerpt__excerpt\">Mise en sc\u00e8ne d\u2019Alain Borek et le Cabinet Cr\u00e9atif \/ Th\u00e9\u00e2tre 2.21 \/ du 28 mai au 2 juin 2019 \/ Critiques par Lucas Lauth et Amina Gudzevic. <\/p><\/div>\n\n\n<div style=\"height:1px\" aria-hidden=\"true\" class=\"wp-block-spacer\"><\/div>\n\n<\/li><li class=\"wp-block-post post-13549 post type-post status-publish format-standard has-post-thumbnail category-critique category-expired category-spectacle category-theatre-2-21-lausanne tag-ivan-garcia tag-lucas-lauth\">\n<h6 class=\"liensouligne wp-block-post-title\"><a href=\"https:\/\/wp.unil.ch\/ateliercritique\/2019\/05\/sweeney-todd-le-diabolique-barbier-de-fleet-street\/\" target=\"_self\" >Sweeney Todd, le diabolique barbier de Fleet Street<\/a><\/h6>\n\n<div class=\"wp-block-post-excerpt\"><p class=\"wp-block-post-excerpt__excerpt\">D\u2019apr\u00e8s le livret de Hugh Wheeler et son adaptation par Christopher Bond \/ Par le Collectif\u00a0 Sondheim \/ Mise en sc\u00e8ne de Fr\u00e9d\u00e9ric Brodard \/ Th\u00e9\u00e2tre 2.21 \/ du 2 au 12 mai 2019 \/ Critiques par Lucas Lauth et\u2026 <\/p><\/div>\n\n\n<div style=\"height:1px\" aria-hidden=\"true\" class=\"wp-block-spacer\"><\/div>\n\n<\/li><li class=\"wp-block-post post-13062 post type-post status-publish format-standard has-post-thumbnail category-critique category-expired category-spectacle category-theatre-2-21-lausanne tag-ivan-garcia tag-julie-heger\">\n<h6 class=\"liensouligne wp-block-post-title\"><a href=\"https:\/\/wp.unil.ch\/ateliercritique\/2018\/12\/bernarda\/\" target=\"_self\" >Bernarda<\/a><\/h6>\n\n<div class=\"wp-block-post-excerpt\"><p class=\"wp-block-post-excerpt__excerpt\">Texte de Federico Garcia Lorca \/ Mise en sc\u00e8ne de Giulia Belet \/ Th\u00e9\u00e2tre 2.21 \/ du 30 novembre au 16 d\u00e9cembre 2018 \/ Critiques par Julie Heger et Ivan Garcia.\u00a0 <\/p><\/div>\n\n\n<div style=\"height:1px\" aria-hidden=\"true\" class=\"wp-block-spacer\"><\/div>\n\n<\/li><li class=\"wp-block-post post-12637 post type-post status-publish format-standard has-post-thumbnail category-critique category-expired category-spectacle category-theatre-2-21-lausanne tag-lucien-zuchuat\">\n<h6 class=\"liensouligne wp-block-post-title\"><a href=\"https:\/\/wp.unil.ch\/ateliercritique\/2018\/04\/big-crunch\/\" target=\"_self\" >Big Crunch<\/a><\/h6>\n\n<div class=\"wp-block-post-excerpt\"><p class=\"wp-block-post-excerpt__excerpt\">De Renaud Delay &amp; Daniel Vuataz \/ Mise en sc\u00e8ne de Fr\u00e9d\u00e9ric Ozier \/ Th\u00e9\u00e2tre 2.21 \/ du 20 au 29 avril 2018 \/ Critique par Lucien Zuchuat. <\/p><\/div>\n\n\n<div style=\"height:1px\" aria-hidden=\"true\" class=\"wp-block-spacer\"><\/div>\n\n<\/li><li class=\"wp-block-post post-11139 post type-post status-publish format-standard has-post-thumbnail category-critique category-expired category-spectacle category-theatre-2-21-lausanne tag-ivan-garcia tag-jeremy-berthoud\">\n<h6 class=\"liensouligne wp-block-post-title\"><a href=\"https:\/\/wp.unil.ch\/ateliercritique\/2017\/03\/dautres\/\" target=\"_self\" >D\u2019autres<\/a><\/h6>\n\n<div class=\"wp-block-post-excerpt\"><p class=\"wp-block-post-excerpt__excerpt\">De Tiphanie Bovay-Klameth et Alexis Rime \/ Mise en sc\u00e8ne par Tiphanie Bovay-Klameth et Alain Borek \/ Compagnie TBK \/ Th\u00e9\u00e2tre 2.21 \/ du 28 f\u00e9vrier au 12 mars 2017 \/ Critiques par J\u00e9r\u00e9my Berthoud et Ivan Garcia. <\/p><\/div>\n\n\n<div style=\"height:1px\" aria-hidden=\"true\" class=\"wp-block-spacer\"><\/div>\n\n<\/li><li class=\"wp-block-post post-10900 post type-post status-publish format-standard has-post-thumbnail category-critique category-expired category-spectacle category-theatre-2-21-lausanne tag-laura-weber tag-sarah-simon\">\n<h6 class=\"liensouligne wp-block-post-title\"><a href=\"https:\/\/wp.unil.ch\/ateliercritique\/2017\/01\/pag-morning-wood\/\" target=\"_self\" >P\u00c5G \u2013 Morning wood<\/a><\/h6>\n\n<div class=\"wp-block-post-excerpt\"><p class=\"wp-block-post-excerpt__excerpt\">cr\u00e9ation et mise en sc\u00e8ne Christian Denisart \/ Compagnie Les Voyages Extraordinaires \/ du 10 au 15 janvier 2017 \/ Th\u00e9\u00e2tre 2.21 \/ Critique par Laura Weber et Sarah Simon. <\/p><\/div>\n\n\n<div style=\"height:1px\" aria-hidden=\"true\" class=\"wp-block-spacer\"><\/div>\n\n<\/li><li class=\"wp-block-post post-10286 post type-post status-publish format-standard has-post-thumbnail category-critique category-expired category-spectacle category-theatre-2-21-lausanne tag-valmir-rexhepi\">\n<h6 class=\"liensouligne wp-block-post-title\"><a href=\"https:\/\/wp.unil.ch\/ateliercritique\/2016\/10\/les-petites-filles-aux-allumettes\/\" target=\"_self\" >Les petites filles aux allumettes<\/a><\/h6>\n\n<div class=\"wp-block-post-excerpt\"><p class=\"wp-block-post-excerpt__excerpt\">Textes et mises en sc\u00e8ne de Antoine Jaccoud, Jo\u00ebl Maillard et Philippe Vuilleumier \/ Par la Compagnie L\u00e9on \/ Th\u00e9\u00e2tre 2.21 \/ du 12 au 15\u00a0octobre\u00a02016 \/ Critique par Vlamir Rexhepi. <\/p><\/div>\n\n\n<div style=\"height:1px\" aria-hidden=\"true\" class=\"wp-block-spacer\"><\/div>\n\n<\/li><li class=\"wp-block-post post-8096 post type-post status-publish format-standard has-post-thumbnail category-critique category-expired category-spectacle category-theatre-2-21-lausanne tag-camille-logoz tag-nadia-hachemi\">\n<h6 class=\"liensouligne wp-block-post-title\"><a href=\"https:\/\/wp.unil.ch\/ateliercritique\/2016\/04\/ta-facon-de-mentir\/\" target=\"_self\" >Ta fa\u00e7on de mentir<\/a><\/h6>\n\n<div class=\"wp-block-post-excerpt\"><p class=\"wp-block-post-excerpt__excerpt\">Par Catherine Delmar et Alain Guerry \/ Th\u00e9\u00e2tre 2.21 \/ du 19 avril au 1er mai 2016 \/ Critiques par Camille Logoz et Nadia Hachemi. <\/p><\/div>\n\n\n<div style=\"height:1px\" aria-hidden=\"true\" class=\"wp-block-spacer\"><\/div>\n\n<\/li><li class=\"wp-block-post post-7989 post type-post status-publish format-standard has-post-thumbnail category-critique category-expired category-spectacle category-theatre-2-21-lausanne tag-deborah-strebel tag-valmir-rexhepi\">\n<h6 class=\"liensouligne wp-block-post-title\"><a href=\"https:\/\/wp.unil.ch\/ateliercritique\/2016\/03\/sans-peau\/\" target=\"_self\" >Sans peau<\/a><\/h6>\n\n<div class=\"wp-block-post-excerpt\"><p class=\"wp-block-post-excerpt__excerpt\">Texte et mise en sc\u00e8ne Pierre Lepori \/ Th\u00e9\u00e2tre 2.21 \/ du 29 mars au 3 avril \/ Critiques par Deborah Strebel et Valmir Rexhepi. <\/p><\/div>\n\n\n<div style=\"height:1px\" aria-hidden=\"true\" class=\"wp-block-spacer\"><\/div>\n\n<\/li><li class=\"wp-block-post post-7462 post type-post status-publish format-standard has-post-thumbnail category-critique category-expired category-spectacle category-theatre-2-21-lausanne tag-deborah-strebel tag-valmir-rexhepi\">\n<h6 class=\"liensouligne wp-block-post-title\"><a href=\"https:\/\/wp.unil.ch\/ateliercritique\/2015\/11\/7462\/\" target=\"_self\" >Autour d\u2019Alo\u00efse<\/a><\/h6>\n\n<div class=\"wp-block-post-excerpt\"><p class=\"wp-block-post-excerpt__excerpt\">De S\u00e9bastien Ribaux \/ mise en sc\u00e8ne S\u00e9bastien Ribaux \/ Th\u00e9\u00e2tre 2.21 \/ du 17 au 29 novembre 2015 \/ Critiques par Valmir Rexhepi et Deborah Strebel. <\/p><\/div>\n\n\n<div style=\"height:1px\" aria-hidden=\"true\" class=\"wp-block-spacer\"><\/div>\n\n<\/li><li class=\"wp-block-post post-7010 post type-post status-publish format-standard has-post-thumbnail category-critique category-expired category-spectacle category-theatre-2-21-lausanne tag-josefa-terribilini tag-sabrina-roh\">\n<h6 class=\"liensouligne wp-block-post-title\"><a href=\"https:\/\/wp.unil.ch\/ateliercritique\/2015\/10\/love-on-the-mega-byte\/\" target=\"_self\" >Love on the (m\u00e9ga) byte<\/a><\/h6>\n\n<div class=\"wp-block-post-excerpt\"><p class=\"wp-block-post-excerpt__excerpt\">Texte et mise en sc\u00e8ne Benjamin Knobil \/ composition et piano Lee Maddeford \/ Th\u00e9\u00e2tre 2.21 \/ du 14 au 18 octobre 2015 \/ Critiques par Sabrina Roh et Josefa Terribilini. <\/p><\/div>\n\n\n<div style=\"height:1px\" aria-hidden=\"true\" class=\"wp-block-spacer\"><\/div>\n\n<\/li><li class=\"wp-block-post post-6016 post type-post status-publish format-standard has-post-thumbnail category-critique category-expired category-spectacle category-theatre-2-21-lausanne tag-camille-logoz tag-jonas-guyot\">\n<h6 class=\"liensouligne wp-block-post-title\"><a href=\"https:\/\/wp.unil.ch\/ateliercritique\/2015\/03\/le-jour-ou-jai-tue-un-chat\/\" target=\"_self\" >Le jour o\u00f9 j&rsquo;ai tu\u00e9 un chat<\/a><\/h6>\n\n<div class=\"wp-block-post-excerpt\"><p class=\"wp-block-post-excerpt__excerpt\">de Laetitia Barras \/ du 10 au 22 mars 2015 \/ Th\u00e9\u00e2tre 2.21 \/ Critiques par Jonas Guyot et Camille Logoz <\/p><\/div>\n\n\n<div style=\"height:1px\" aria-hidden=\"true\" class=\"wp-block-spacer\"><\/div>\n\n<\/li><li class=\"wp-block-post post-5807 post type-post status-publish format-standard has-post-thumbnail category-critique category-expired category-spectacle category-theatre-2-21-lausanne tag-cecilia-galindo tag-nicolas-joray\">\n<h6 class=\"liensouligne wp-block-post-title\"><a href=\"https:\/\/wp.unil.ch\/ateliercritique\/2015\/02\/blockbuster\/\" target=\"_self\" >Blockbuster<\/a><\/h6>\n\n<div class=\"wp-block-post-excerpt\"><p class=\"wp-block-post-excerpt__excerpt\">par k7 Productions \/ mise en sc\u00e8ne Tomas Gonzalez \/ du 10 au 15 f\u00e9vrier 2015 \/ Th\u00e9\u00e2tre 2.21 \/ Critiques par Cecilia Galindo et Nicolas Joray. <\/p><\/div>\n\n\n<div style=\"height:1px\" aria-hidden=\"true\" class=\"wp-block-spacer\"><\/div>\n\n<\/li><li class=\"wp-block-post post-5693 post type-post status-publish format-standard has-post-thumbnail category-critique category-expired category-spectacle category-theatre-2-21-lausanne tag-deborah-strebel\">\n<h6 class=\"liensouligne wp-block-post-title\"><a href=\"https:\/\/wp.unil.ch\/ateliercritique\/2015\/01\/lechappee\/\" target=\"_self\" >L\u2019\u00c9chapp\u00e9e<\/a><\/h6>\n\n<div class=\"wp-block-post-excerpt\"><p class=\"wp-block-post-excerpt__excerpt\">par la Cie Interlope, d&rsquo;Anne-Fr\u00e9d\u00e9rique Rochat \/ mise en sc\u00e8ne Olivier P\u00e9riat \/ Th\u00e9\u00e2tre 2.21 \/ du 6 au 18 janvier 2015 \/ Critique par Deborah Strebel. <\/p><\/div>\n\n\n<div style=\"height:1px\" aria-hidden=\"true\" class=\"wp-block-spacer\"><\/div>\n\n<\/li><li class=\"wp-block-post post-5300 post type-post status-publish format-standard has-post-thumbnail category-critique category-expired category-spectacle category-theatre-2-21-lausanne tag-deborah-strebel tag-noemie-desarzens\">\n<h6 class=\"liensouligne wp-block-post-title\"><a href=\"https:\/\/wp.unil.ch\/ateliercritique\/2014\/10\/pourquoi-etes-vous-pauvres\/\" target=\"_self\" >Pourquoi \u00eates-vous pauvres\u00a0?<\/a><\/h6>\n\n<div class=\"wp-block-post-excerpt\"><p class=\"wp-block-post-excerpt__excerpt\">Cr\u00e9ation du Mumbay Quartet \/ conception de Mathias Glayre \/ du 28 octobre au 2 novembre 2014 \/ Th\u00e9\u00e2tre 2.21 \/ Critiques par Deborah Strebel et No\u00e9mie Desarzens. <\/p><\/div>\n\n\n<div style=\"height:1px\" aria-hidden=\"true\" class=\"wp-block-spacer\"><\/div>\n\n<\/li><li class=\"wp-block-post post-4687 post type-post status-publish format-standard has-post-thumbnail category-critique category-expired category-spectacle category-theatre-2-21-lausanne tag-cecilia-galindo tag-laura-pallu tag-lisa-tagliabue\">\n<h6 class=\"liensouligne wp-block-post-title\"><a href=\"https:\/\/wp.unil.ch\/ateliercritique\/2014\/06\/nobody\/\" target=\"_self\" >Nobody dies in dreamland<\/a><\/h6>\n\n<div class=\"wp-block-post-excerpt\"><p class=\"wp-block-post-excerpt__excerpt\">par la Cie Love Love Hou ! en collaboration avec la Cie Latitude45 \/ mise en sc\u00e8ne Attilio Sandro Palese \/ Th\u00e9\u00e2tre 2.21 \u00e0 Lausanne \/ du 3 au 8 juin 2014 \/ Critiuqes par Cecilia Galindo, Lisa Tagliabue et\u2026 <\/p><\/div>\n\n\n<div style=\"height:1px\" aria-hidden=\"true\" class=\"wp-block-spacer\"><\/div>\n\n<\/li><li class=\"wp-block-post post-4161 post type-post status-publish format-standard has-post-thumbnail category-critique category-expired category-spectacle category-theatre-2-21-lausanne tag-deborah-strebel\">\n<h6 class=\"liensouligne wp-block-post-title\"><a href=\"https:\/\/wp.unil.ch\/ateliercritique\/2014\/03\/biches\/\" target=\"_self\" >Les Biches<\/a><\/h6>\n\n<div class=\"wp-block-post-excerpt\"><p class=\"wp-block-post-excerpt__excerpt\">conception et jeu Fran\u00e7oise Boillat, Rachel Esseiva Heger et Johanne Kneub\u00fchler \u2013 Cie du Gaz \/ Th\u00e9\u00e2tre 2.21 \u00e0 Lausanne \/ du 13 au 16 mars 2014 \/ Critique par Deborah Strebel. <\/p><\/div>\n\n\n<div style=\"height:1px\" aria-hidden=\"true\" class=\"wp-block-spacer\"><\/div>\n\n<\/li><\/ul><\/div>\n","protected":false},"excerpt":{"rendered":"<p>Critiques par spectacles jou\u00e9s dans ce th\u00e9\u00e2tre :<\/p>\n","protected":false},"author":1420,"featured_media":0,"parent":2713,"menu_order":0,"comment_status":"closed","ping_status":"closed","template":"","meta":{"_seopress_robots_primary_cat":"","_seopress_titles_title":"","_seopress_titles_desc":"","_seopress_robots_index":"","footnotes":""},"class_list":["post-4777","page","type-page","status-publish"],"_links":{"self":[{"href":"https:\/\/wp.unil.ch\/ateliercritique\/wp-json\/wp\/v2\/pages\/4777","targetHints":{"allow":["GET"]}}],"collection":[{"href":"https:\/\/wp.unil.ch\/ateliercritique\/wp-json\/wp\/v2\/pages"}],"about":[{"href":"https:\/\/wp.unil.ch\/ateliercritique\/wp-json\/wp\/v2\/types\/page"}],"author":[{"embeddable":true,"href":"https:\/\/wp.unil.ch\/ateliercritique\/wp-json\/wp\/v2\/users\/1420"}],"replies":[{"embeddable":true,"href":"https:\/\/wp.unil.ch\/ateliercritique\/wp-json\/wp\/v2\/comments?post=4777"}],"version-history":[{"count":2,"href":"https:\/\/wp.unil.ch\/ateliercritique\/wp-json\/wp\/v2\/pages\/4777\/revisions"}],"predecessor-version":[{"id":22836,"href":"https:\/\/wp.unil.ch\/ateliercritique\/wp-json\/wp\/v2\/pages\/4777\/revisions\/22836"}],"up":[{"embeddable":true,"href":"https:\/\/wp.unil.ch\/ateliercritique\/wp-json\/wp\/v2\/pages\/2713"}],"wp:attachment":[{"href":"https:\/\/wp.unil.ch\/ateliercritique\/wp-json\/wp\/v2\/media?parent=4777"}],"curies":[{"name":"wp","href":"https:\/\/api.w.org\/{rel}","templated":true}]}}