{"id":3870,"date":"2014-03-05T17:43:16","date_gmt":"2014-03-05T16:43:16","guid":{"rendered":"http:\/\/wp.unil.ch\/ateliercritique\/?page_id=3870"},"modified":"2026-02-12T15:44:31","modified_gmt":"2026-02-12T14:44:31","slug":"tpr","status":"publish","type":"page","link":"https:\/\/wp.unil.ch\/ateliercritique\/theatres-partenaires\/tpr\/","title":{"rendered":"TPR (La Chaux-de-Fonds)"},"content":{"rendered":"<div class=\"wp-block-image\">\n<figure class=\"alignleft size-full is-resized\"><a href=\"https:\/\/www.tpr.ch\/\"><img loading=\"lazy\" decoding=\"async\" width=\"351\" height=\"101\" src=\"https:\/\/wp.unil.ch\/ateliercritique\/files\/2026\/02\/tpr-logo.png\" alt=\"tpr logo\" class=\"wp-image-23433\" style=\"width:300px\" srcset=\"https:\/\/wp.unil.ch\/ateliercritique\/files\/2026\/02\/tpr-logo.png 351w, https:\/\/wp.unil.ch\/ateliercritique\/files\/2026\/02\/tpr-logo-300x86.png 300w, https:\/\/wp.unil.ch\/ateliercritique\/files\/2026\/02\/tpr-logo-250x72.png 250w, https:\/\/wp.unil.ch\/ateliercritique\/files\/2026\/02\/tpr-logo-348x101.png 348w\" sizes=\"auto, (max-width: 351px) 100vw, 351px\" \/><\/a><\/figure>\n<\/div>\n\n\n<div style=\"height:20px\" aria-hidden=\"true\" class=\"wp-block-spacer\"><\/div>\n\n\n\n<h4 class=\"wp-block-heading\">Critiques par spectacles jou\u00e9s dans ce th\u00e9\u00e2tre :<\/h4>\n\n\n\n<div class=\"wp-block-query is-layout-flow wp-block-query-is-layout-flow\"><ul class=\"wp-block-post-template is-layout-flow wp-block-post-template-is-layout-flow\"><li class=\"wp-block-post post-22929 post type-post status-publish format-standard has-post-thumbnail category-critique category-expired category-spectacle category-tpr-la-chaux-de-fonds tag-muireann-walsh\">\n<h6 class=\"liensouligne wp-block-post-title\"><a href=\"https:\/\/wp.unil.ch\/ateliercritique\/2025\/03\/hamlet\/\" target=\"_self\" >Hamlet<\/a><\/h6>\n\n<div class=\"wp-block-post-excerpt\"><p class=\"wp-block-post-excerpt__excerpt\">D&rsquo;apr\u00e8s Shakespeare \/ Mise en sc\u00e8ne par Christophe Sermet \/ TPR \u2013 Th\u00e9\u00e2tre populaire romand (La-Chaux-de-Fond) \/ Du 6 au 8 mars 2025 \/ Critique par Muireann Walsh . <\/p><\/div>\n\n\n<div style=\"height:1px\" aria-hidden=\"true\" class=\"wp-block-spacer\"><\/div>\n\n<\/li><li class=\"wp-block-post post-19822 post type-post status-publish format-standard has-post-thumbnail category-critique category-expired category-spectacle category-tpr-la-chaux-de-fonds tag-odile-jaques\">\n<h6 class=\"liensouligne wp-block-post-title\"><a href=\"https:\/\/wp.unil.ch\/ateliercritique\/2024\/10\/dans-la-solitude-des-champs-de-coton\/\" target=\"_self\" >Dans la solitude des champs de coton<\/a><\/h6>\n\n<div class=\"wp-block-post-excerpt\"><p class=\"wp-block-post-excerpt__excerpt\">Texte de Bernard-Marie Kolt\u00e8s. Mise en sc\u00e8ne de Maya B\u00f6sch \/ TPR \u2013 Th\u00e9\u00e2tre populaire romand (La-Chaux-de-Fond) \/ Du 27 au 28 septembre 2024 \/ Critique par Odile Jaques. <\/p><\/div>\n\n\n<div style=\"height:1px\" aria-hidden=\"true\" class=\"wp-block-spacer\"><\/div>\n\n<\/li><li class=\"wp-block-post post-16860 post type-post status-publish format-standard has-post-thumbnail category-critique category-expired category-spectacle category-tpr-la-chaux-de-fonds tag-timon-musy\">\n<h6 class=\"liensouligne wp-block-post-title\"><a href=\"https:\/\/wp.unil.ch\/ateliercritique\/2023\/06\/erwin-motor-devotion\/\" target=\"_self\" >Erwin Motor, d\u00e9votion<\/a><\/h6>\n\n<div class=\"wp-block-post-excerpt\"><p class=\"wp-block-post-excerpt__excerpt\">Texte de Magali Mougel \/ Mise en sc\u00e8ne Nicolas M\u00fcller et Patric Reves \/ TPR (La Chaux-de-Fonds) \/ du 25 au 26 mai 2023 \/ critique par Timon Musy . <\/p><\/div>\n\n\n<div style=\"height:1px\" aria-hidden=\"true\" class=\"wp-block-spacer\"><\/div>\n\n<\/li><li class=\"wp-block-post post-16836 post type-post status-publish format-standard has-post-thumbnail category-critique category-expired category-spectacle category-tpr-la-chaux-de-fonds tag-emma-chapatte tag-timon-musy\">\n<h6 class=\"liensouligne wp-block-post-title\"><a href=\"https:\/\/wp.unil.ch\/ateliercritique\/2023\/05\/depois-do-silencio-apres-le-silence\/\" target=\"_self\" >Depois do sil\u00eancio (Apr\u00e8s le silence)<\/a><\/h6>\n\n<div class=\"wp-block-post-excerpt\"><p class=\"wp-block-post-excerpt__excerpt\">Conception, mise en sc\u00e8ne et texte de Christiane Jatahy \/ Th\u00e9\u00e2tre Populaire Romand &#8211; TPR \/ Du 04 au 06 mai 2023 \/ critiques par Emma Chapatte et Timon Musy . <\/p><\/div>\n\n\n<div style=\"height:1px\" aria-hidden=\"true\" class=\"wp-block-spacer\"><\/div>\n\n<\/li><li class=\"wp-block-post post-16326 post type-post status-publish format-standard has-post-thumbnail category-critique category-expired category-spectacle category-tpr-la-chaux-de-fonds tag-melanie-carrel-2\">\n<h6 class=\"liensouligne wp-block-post-title\"><a href=\"https:\/\/wp.unil.ch\/ateliercritique\/2022\/05\/16326\/\" target=\"_self\" >L&rsquo;art de la com\u00e9die<\/a><\/h6>\n\n<div class=\"wp-block-post-excerpt\"><p class=\"wp-block-post-excerpt__excerpt\">D\u2019Eduardo De Filippo \/ mise en sc\u00e8ne d&rsquo;Anne Bisang \/ TPR -Th\u00e9\u00e2tre populaire romand \/ du 5 au 14 mai 2022 \/ Critique par M\u00e9lanie Carrel . <\/p><\/div>\n\n\n<div style=\"height:1px\" aria-hidden=\"true\" class=\"wp-block-spacer\"><\/div>\n\n<\/li><li class=\"wp-block-post post-15642 post type-post status-publish format-standard has-post-thumbnail category-critique category-expired category-spectacle category-tpr-la-chaux-de-fonds tag-hugo-merzeau tag-nathan-maggetti\">\n<h6 class=\"liensouligne wp-block-post-title\"><a href=\"https:\/\/wp.unil.ch\/ateliercritique\/2021\/10\/quete\/\" target=\"_self\" >Qu\u00eate<\/a><\/h6>\n\n<div class=\"wp-block-post-excerpt\"><p class=\"wp-block-post-excerpt__excerpt\">Mise en sc\u00e8ne par Juliette Vernerey \/ TPR \u2013 La Chaux-de-Fonds \/ du 21 au 26 octobre 2021 \/ Critiques par Nathan Maggetti et Hugo Merzeau . <\/p><\/div>\n\n\n<div style=\"height:1px\" aria-hidden=\"true\" class=\"wp-block-spacer\"><\/div>\n\n<\/li><li class=\"wp-block-post post-14102 post type-post status-publish format-standard has-post-thumbnail category-critique category-expired category-spectacle category-tpr-la-chaux-de-fonds tag-emmanuel-jung tag-margaux-farron\">\n<h6 class=\"liensouligne wp-block-post-title\"><a href=\"https:\/\/wp.unil.ch\/ateliercritique\/2020\/01\/small-g-une-idylle-dete\/\" target=\"_self\" >Small g \u2013 Une idylle d\u2019\u00e9t\u00e9<\/a><\/h6>\n\n<div class=\"wp-block-post-excerpt\"><p class=\"wp-block-post-excerpt__excerpt\">D\u2019apr\u00e8s Patricia Highsmith \/ Mise en sc\u00e8ne par Anne Bisang \/ TPR \u2013 Th\u00e9\u00e2tre populaire romand \/ du 16 au 19 janvier 2020 \/ Critiques par Margaux Farron et Emmanuel Jung. <\/p><\/div>\n\n\n<div style=\"height:1px\" aria-hidden=\"true\" class=\"wp-block-spacer\"><\/div>\n\n<\/li><li class=\"wp-block-post post-13584 post type-post status-publish format-standard has-post-thumbnail category-critique category-expired category-spectacle category-tpr-la-chaux-de-fonds tag-lena-rossel\">\n<h6 class=\"liensouligne wp-block-post-title\"><a href=\"https:\/\/wp.unil.ch\/ateliercritique\/2019\/05\/les-enfants-du-soleil\/\" target=\"_self\" >Les Enfants du Soleil<\/a><\/h6>\n\n<div class=\"wp-block-post-excerpt\"><p class=\"wp-block-post-excerpt__excerpt\">Texte de Maxime Gorki \/ Mise en sc\u00e8ne de Christophe Sermet \/ TPR \u2013 Th\u00e9\u00e2tre Populaire Romand \/ 11 mai 2019 \/\u00a0 Critique par Lena Rossel. <\/p><\/div>\n\n\n<div style=\"height:1px\" aria-hidden=\"true\" class=\"wp-block-spacer\"><\/div>\n\n<\/li><li class=\"wp-block-post post-12938 post type-post status-publish format-standard has-post-thumbnail category-critique category-expired category-spectacle category-tpr-la-chaux-de-fonds tag-brice-torriani tag-jade-lambelet\">\n<h6 class=\"liensouligne wp-block-post-title\"><a href=\"https:\/\/wp.unil.ch\/ateliercritique\/2018\/10\/le-large-existe-mobile-1\/\" target=\"_self\" >Le Large existe (mobile 1)<\/a><\/h6>\n\n<div class=\"wp-block-post-excerpt\"><p class=\"wp-block-post-excerpt__excerpt\">D\u2019apr\u00e8s les textes de Marguerite Duras, Guillaume Dustan et Guillaume Poix \/ De Manon Kr\u00fcttli et Jonas B\u00fchler \/ Mise en sc\u00e8ne de Manon Kr\u00fcttli \/ Th\u00e9\u00e2tre populaire romand \/ du 23 au 27 octobre 2018 \/ Critiques par Jade\u2026 <\/p><\/div>\n\n\n<div style=\"height:1px\" aria-hidden=\"true\" class=\"wp-block-spacer\"><\/div>\n\n<\/li><li class=\"wp-block-post post-12621 post type-post status-publish format-standard has-post-thumbnail category-critique category-expired category-spectacle category-tpr-la-chaux-de-fonds tag-louis-vodoz tag-roberta-alberico\">\n<h6 class=\"liensouligne wp-block-post-title\"><a href=\"https:\/\/wp.unil.ch\/ateliercritique\/2018\/04\/nous-les-heros\/\" target=\"_self\" >Nous, les h\u00e9ros<\/a><\/h6>\n\n<div class=\"wp-block-post-excerpt\"><p class=\"wp-block-post-excerpt__excerpt\">De Jean-Luc Lagarce \/\u00a0Mise en sc\u00e8ne de Robert Sandoz \/ TPR (La Chaux-de-Fonds) \/ du 18 au 20 avril 2018 \/ Critiques par Louis Vodoz et Roberta Alberico. <\/p><\/div>\n\n\n<div style=\"height:1px\" aria-hidden=\"true\" class=\"wp-block-spacer\"><\/div>\n\n<\/li><li class=\"wp-block-post post-11775 post type-post status-publish format-standard has-post-thumbnail category-critique category-expired category-spectacle category-tpr-la-chaux-de-fonds tag-jehanne-denogent tag-laure-elie-hoegen\">\n<h6 class=\"liensouligne wp-block-post-title\"><a href=\"https:\/\/wp.unil.ch\/ateliercritique\/2017\/06\/perdre-le-nord\/\" target=\"_self\" >Perdre le nord<\/a><\/h6>\n\n<div class=\"wp-block-post-excerpt\"><p class=\"wp-block-post-excerpt__excerpt\">Texte de Christiane Th\u00e9bert \/ conception Claude Th\u00e9bert \/ TPR &#8211; Th\u00e9\u00e2tre Populaire Romand (Hors les murs) \/ La Chaux-de-Fonds \/ 21 juin 2017 \/ Critiques par Jehanne Denogent et Laure-Elie Hoegen.\u00a0 <\/p><\/div>\n\n\n<div style=\"height:1px\" aria-hidden=\"true\" class=\"wp-block-spacer\"><\/div>\n\n<\/li><li class=\"wp-block-post post-11577 post type-post status-publish format-standard has-post-thumbnail category-critique category-expired category-spectacle category-tpr-la-chaux-de-fonds tag-basile-seppey\">\n<h6 class=\"liensouligne wp-block-post-title\"><a href=\"https:\/\/wp.unil.ch\/ateliercritique\/2017\/05\/antoine-et-cleopatre\/\" target=\"_self\" >Antoine et Cl\u00e9op\u00e2tre<\/a><\/h6>\n\n<div class=\"wp-block-post-excerpt\"><p class=\"wp-block-post-excerpt__excerpt\">De Tiago Rodrigues d\u2019apr\u00e8s Wiliam Shakespeare \/ Mise en sc\u00e8ne Tiago Rodrigues \/ TPR \u00a0La Chaux-de-Fonds \/ les 12 et 13 mai 2017 \/ Critique par Basile Seppey.\u00a0 <\/p><\/div>\n\n\n<div style=\"height:1px\" aria-hidden=\"true\" class=\"wp-block-spacer\"><\/div>\n\n<\/li><li class=\"wp-block-post post-10576 post type-post status-publish format-standard has-post-thumbnail category-critique category-expired category-spectacle category-tpr-la-chaux-de-fonds tag-valmir-rexhepi\">\n<h6 class=\"liensouligne wp-block-post-title\"><a href=\"https:\/\/wp.unil.ch\/ateliercritique\/2016\/11\/what-if-they-went-to-moscow\/\" target=\"_self\" >What if They Went to Moscow<\/a><\/h6>\n\n<div class=\"wp-block-post-excerpt\"><p class=\"wp-block-post-excerpt__excerpt\">D\u2019apr\u00e8s Les trois s\u0153urs de Tchekhov \/ mise en sc\u00e8ne de Christiane Jatahy \/ Th\u00e9\u00e2tre Populaire Romand \/ du 12 au 13 novembre 2016 \/ Critique par Valmir Rexhepi.\u00a0 <\/p><\/div>\n\n\n<div style=\"height:1px\" aria-hidden=\"true\" class=\"wp-block-spacer\"><\/div>\n\n<\/li><li class=\"wp-block-post post-10457 post type-post status-publish format-standard has-post-thumbnail category-critique category-expired category-spectacle category-tpr-la-chaux-de-fonds tag-kendra-simons\">\n<h6 class=\"liensouligne wp-block-post-title\"><a href=\"https:\/\/wp.unil.ch\/ateliercritique\/2016\/10\/voyage-a-tokyo\/\" target=\"_self\" >Voyage \u00e0 Tokyo<\/a><\/h6>\n\n<div class=\"wp-block-post-excerpt\"><p class=\"wp-block-post-excerpt__excerpt\">Mise en sc\u00e8ne Dorian Rossel \/ TPR \/ du 27 au 30 octobre 2016 \/ Critique par Kendra Simons. <\/p><\/div>\n\n\n<div style=\"height:1px\" aria-hidden=\"true\" class=\"wp-block-spacer\"><\/div>\n\n<\/li><li class=\"wp-block-post post-10388 post type-post status-publish format-standard has-post-thumbnail category-critique category-expired category-spectacle category-tpr-la-chaux-de-fonds tag-ivan-garcia\">\n<h6 class=\"liensouligne wp-block-post-title\"><a href=\"https:\/\/wp.unil.ch\/ateliercritique\/2016\/10\/les-solitudes-dappartement\/\" target=\"_self\" >Les solitudes d&rsquo;appartement<\/a><\/h6>\n\n<div class=\"wp-block-post-excerpt\"><p class=\"wp-block-post-excerpt__excerpt\">De Jo\u00ebl Maillard \/ mise en sc\u00e8ne Camille Mermet, Aline Papin et C\u00e9dric Simon \/ production du Th\u00e9\u00e2tre populaire romand (La Chaux-de-fonds) \/ F\u00eate du Th\u00e9\u00e2tre \/ Gen\u00e8ve \/ le 16 octobre 2016 \/ Critique par Ivan Garcia . <\/p><\/div>\n\n\n<div style=\"height:1px\" aria-hidden=\"true\" class=\"wp-block-spacer\"><\/div>\n\n<\/li><li class=\"wp-block-post post-8235 post type-post status-publish format-standard has-post-thumbnail category-critique category-expired category-spectacle category-tpr-la-chaux-de-fonds tag-luc-siegenthaler\">\n<h6 class=\"liensouligne wp-block-post-title\"><a href=\"https:\/\/wp.unil.ch\/ateliercritique\/2016\/06\/orphelins\/\" target=\"_self\" >Orphelins<\/a><\/h6>\n\n<div class=\"wp-block-post-excerpt\"><p class=\"wp-block-post-excerpt__excerpt\">De Dennis Kelly \/ mise en sc\u00e8ne Chlo\u00e9 Dabert \/ TPR \/ le 31 mai 2016 \/ Critique par Luc Siegenthaler. <\/p><\/div>\n\n\n<div style=\"height:1px\" aria-hidden=\"true\" class=\"wp-block-spacer\"><\/div>\n\n<\/li><li class=\"wp-block-post post-7678 post type-post status-publish format-standard has-post-thumbnail category-critique category-expired category-spectacle category-tpr-la-chaux-de-fonds tag-jonathan-hofer tag-simon-falquet\">\n<h6 class=\"liensouligne wp-block-post-title\"><a href=\"https:\/\/wp.unil.ch\/ateliercritique\/2016\/01\/les-aventures-de-huckleberry-finn-part-one\/\" target=\"_self\" >Les Aventures de Huckleberry Finn \u2013 Part one<\/a><\/h6>\n\n<div class=\"wp-block-post-excerpt\"><p class=\"wp-block-post-excerpt__excerpt\">D\u2019apr\u00e8s le roman de Mark Twain \/ adaptation et mise en sc\u00e8ne Yvan Rihs \/ TPR \/ du 12 au 15 janvier 2016 \/ Critiques par Simon Falquet et Jonathan Hofer. <\/p><\/div>\n\n\n<div style=\"height:1px\" aria-hidden=\"true\" class=\"wp-block-spacer\"><\/div>\n\n<\/li><li class=\"wp-block-post post-7416 post type-post status-publish format-standard has-post-thumbnail category-critique category-expired category-spectacle category-tpr-la-chaux-de-fonds tag-laura-weber tag-lea-giotto\">\n<h6 class=\"liensouligne wp-block-post-title\"><a href=\"https:\/\/wp.unil.ch\/ateliercritique\/2015\/11\/intrigue-et-amour\/\" target=\"_self\" >Intrigue et amour<\/a><\/h6>\n\n<div class=\"wp-block-post-excerpt\"><p class=\"wp-block-post-excerpt__excerpt\">De Friedrich Schiller \/ mise en sc\u00e8ne Yves Beaunesne \/ TPR (La Chaux-de-Fond) \/ 14 novembre 2015 \/ en tourn\u00e9e jusqu\u2019en mars 2016 \/ Critiques par Laura Weber et L\u00e9a Giotto. <\/p><\/div>\n\n\n<div style=\"height:1px\" aria-hidden=\"true\" class=\"wp-block-spacer\"><\/div>\n\n<\/li><\/ul><\/div>\n","protected":false},"excerpt":{"rendered":"<p>Critiques par spectacles jou\u00e9s dans ce th\u00e9\u00e2tre :<\/p>\n","protected":false},"author":1420,"featured_media":0,"parent":2713,"menu_order":0,"comment_status":"closed","ping_status":"closed","template":"","meta":{"_seopress_robots_primary_cat":"","_seopress_titles_title":"","_seopress_titles_desc":"","_seopress_robots_index":"","footnotes":""},"class_list":["post-3870","page","type-page","status-publish"],"_links":{"self":[{"href":"https:\/\/wp.unil.ch\/ateliercritique\/wp-json\/wp\/v2\/pages\/3870","targetHints":{"allow":["GET"]}}],"collection":[{"href":"https:\/\/wp.unil.ch\/ateliercritique\/wp-json\/wp\/v2\/pages"}],"about":[{"href":"https:\/\/wp.unil.ch\/ateliercritique\/wp-json\/wp\/v2\/types\/page"}],"author":[{"embeddable":true,"href":"https:\/\/wp.unil.ch\/ateliercritique\/wp-json\/wp\/v2\/users\/1420"}],"replies":[{"embeddable":true,"href":"https:\/\/wp.unil.ch\/ateliercritique\/wp-json\/wp\/v2\/comments?post=3870"}],"version-history":[{"count":3,"href":"https:\/\/wp.unil.ch\/ateliercritique\/wp-json\/wp\/v2\/pages\/3870\/revisions"}],"predecessor-version":[{"id":23434,"href":"https:\/\/wp.unil.ch\/ateliercritique\/wp-json\/wp\/v2\/pages\/3870\/revisions\/23434"}],"up":[{"embeddable":true,"href":"https:\/\/wp.unil.ch\/ateliercritique\/wp-json\/wp\/v2\/pages\/2713"}],"wp:attachment":[{"href":"https:\/\/wp.unil.ch\/ateliercritique\/wp-json\/wp\/v2\/media?parent=3870"}],"curies":[{"name":"wp","href":"https:\/\/api.w.org\/{rel}","templated":true}]}}