{"id":3209,"date":"2014-02-22T21:17:12","date_gmt":"2014-02-22T20:17:12","guid":{"rendered":"http:\/\/wp.unil.ch\/ateliercritique\/?page_id=3209"},"modified":"2025-02-07T09:31:15","modified_gmt":"2025-02-07T08:31:15","slug":"sabrina-roh","status":"publish","type":"page","link":"https:\/\/wp.unil.ch\/ateliercritique\/lequipe\/sabrina-roh\/","title":{"rendered":"Sabrina Roh"},"content":{"rendered":"<p style=\"text-align: justify\"><img loading=\"lazy\" decoding=\"async\" class=\"alignright wp-image-7918 size-medium\" src=\"https:\/\/wp.unil.ch\/ateliercritique\/files\/2016\/03\/Capture-d\u2019e\u0301cran-2016-01-10-a\u0300-18.53.30-158x200.png\" alt=\"SabrinaRoh\" width=\"158\" height=\"200\" \/><\/p>\n<p style=\"text-align: justify\">\u00c9tudiante en fran\u00e7ais moderne et en sciences du langage et de l&rsquo;information, je termine aussi une sp\u00e9cialisation en dramaturgie et histoire du th\u00e9\u00e2tre \u00e0 l&rsquo;Universit\u00e9 de Lausanne. Ces trois branches me permettent de me concentrer sur mes trois passions qui sont les textes, le langage et le th\u00e9\u00e2tre. L&rsquo;Atelier critique me permet de troquer mon costume de spectatrice lambda contre celui de spectatrice avertie et \u00e0 l&rsquo;aff\u00fbt du moindre d\u00e9tail. Gr\u00e2ce \u00e0 cet exercice, j&rsquo;ai appris qu&rsquo;une pi\u00e8ce n&rsquo;est jamais un produit fini, mais qu&rsquo;elle d\u00e9coule d&rsquo;un processus de cr\u00e9ation qui ne s&rsquo;arr\u00eate pas une fois le public dans la salle. Et c&rsquo;est cela selon moi, qui fait toute la fragilit\u00e9 et la richesse du th\u00e9\u00e2tre.<\/p>\n<p>\u00a0<\/p>\n<h4>Les critiques de Sabrina Roh :<\/h4>\n\n\n<div class=\"wp-block-query is-layout-flow wp-block-query-is-layout-flow\"><ul class=\"wp-block-post-template is-layout-flow wp-block-post-template-is-layout-flow\"><li class=\"wp-block-post post-8167 post type-post status-publish format-standard has-post-thumbnail category-centre-pluriculturel-et-social-douchy category-critique category-expired category-spectacle tag-sabrina-roh\">\n<h6 class=\"liensouligne wp-block-post-title\"><a href=\"https:\/\/wp.unil.ch\/ateliercritique\/2016\/05\/tiramisu\/\" target=\"_self\" >Tiramis\u00f9<\/a><\/h6>\n\n<div class=\"wp-block-post-excerpt\"><p class=\"wp-block-post-excerpt__excerpt\">Cr\u00e9ation de la Compagnie Mezza-Luna \/ mise en sc\u00e8ne Dominique Bourquin \/ CPO \/ du 19 au 20 mai 2016 \/ Critique par Sabrina Roh. <\/p><\/div>\n\n\n<div style=\"height:1px\" aria-hidden=\"true\" class=\"wp-block-spacer\"><\/div>\n\n<\/li><li class=\"wp-block-post post-8020 post type-post status-publish format-standard has-post-thumbnail category-critique category-expired category-petitheatre-sion category-spectacle tag-sabrina-roh tag-suzanne-crettex\">\n<h6 class=\"liensouligne wp-block-post-title\"><a href=\"https:\/\/wp.unil.ch\/ateliercritique\/2016\/04\/le-dit-digor-cierda\/\" target=\"_self\" >Le dit d&rsquo;Igor Cierda<\/a><\/h6>\n\n<div class=\"wp-block-post-excerpt\"><p class=\"wp-block-post-excerpt__excerpt\">Par la compagnie eohem \/ Petith\u00e9\u00e2tre \/ du 8 au 16 avril 2016 \/ Critiques par Sabrina Roh et Suzanne Crettex. <\/p><\/div>\n\n\n<div style=\"height:1px\" aria-hidden=\"true\" class=\"wp-block-spacer\"><\/div>\n\n<\/li><li class=\"wp-block-post post-7853 post type-post status-publish format-standard has-post-thumbnail category-critique category-expired category-spectacle category-theatre-de-lusine-geneve tag-sabrina-roh tag-valmir-rexhepi\">\n<h6 class=\"liensouligne wp-block-post-title\"><a href=\"https:\/\/wp.unil.ch\/ateliercritique\/2016\/03\/claptrap\/\" target=\"_self\" >Claptrap<\/a><\/h6>\n\n<div class=\"wp-block-post-excerpt\"><p class=\"wp-block-post-excerpt__excerpt\">Conception Marion Duval \/ interpr\u00e9tation Marion Duval et Marco Berrettini \/ Th\u00e9\u00e2tre de l\u2019Usine (TU) \/ du 4 au 9 mars 2016 \/ Critiques par Valmir Rexhepi et Sabrina Roh. <\/p><\/div>\n\n\n<div style=\"height:1px\" aria-hidden=\"true\" class=\"wp-block-spacer\"><\/div>\n\n<\/li><li class=\"wp-block-post post-7800 post type-post status-publish format-standard has-post-thumbnail category-critique category-expired category-spectacle category-tkm-theatre-kleber-meleau tag-josefa-terribilini tag-sabrina-roh\">\n<h6 class=\"liensouligne wp-block-post-title\"><a href=\"https:\/\/wp.unil.ch\/ateliercritique\/2016\/02\/du-vent-des-fantomes\/\" target=\"_self\" >Du vent\u2026 des fant\u00f4mes<\/a><\/h6>\n\n<div class=\"wp-block-post-excerpt\"><p class=\"wp-block-post-excerpt__excerpt\">D&rsquo;Eve Bonfanti et Yves Hunstad \/ TKM \/ du 9 au 14 f\u00e9vrier 2016 \/ Critiques par Josefa Terribilini et Sabrina Roh. <\/p><\/div>\n\n\n<div style=\"height:1px\" aria-hidden=\"true\" class=\"wp-block-spacer\"><\/div>\n\n<\/li><li class=\"wp-block-post post-7668 post type-post status-publish format-standard has-post-thumbnail category-critique category-expired category-theatre-de-larsenic category-spectacle tag-josefa-terribilini tag-sabrina-roh\">\n<h6 class=\"liensouligne wp-block-post-title\"><a href=\"https:\/\/wp.unil.ch\/ateliercritique\/2016\/01\/plan-cul\/\" target=\"_self\" >Plan Cul<\/a><\/h6>\n\n<div class=\"wp-block-post-excerpt\"><p class=\"wp-block-post-excerpt__excerpt\">Concept, jeu et musique de Philippe Wicht B\u00f6se Wicht Zone \/ l\u2019Arsenic \/ du 12 au 17 janvier 2016 \/ Critiques par Sabrina Roh et Josefa Terribilini. <\/p><\/div>\n\n\n<div style=\"height:1px\" aria-hidden=\"true\" class=\"wp-block-spacer\"><\/div>\n\n<\/li><li class=\"wp-block-post post-7473 post type-post status-publish format-standard has-post-thumbnail category-critique category-expired category-spectacle category-theatre-de-vidy tag-sabrina-roh\">\n<h6 class=\"liensouligne wp-block-post-title\"><a href=\"https:\/\/wp.unil.ch\/ateliercritique\/2015\/11\/werther\/\" target=\"_self\" >Werther!<\/a><\/h6>\n\n<div class=\"wp-block-post-excerpt\"><p class=\"wp-block-post-excerpt__excerpt\">D&rsquo;apr\u00e8s Les Souffrances du jeune Werther de Johann Wolfgang von Goethe \/ mise en sc\u00e8ne Nicolas Stemann \/ Th\u00e9\u00e2tre de Vidy \/ du 19 au 29 novembre 2015 \/ Critique par Sabrinah Roh. <\/p><\/div>\n\n\n<div style=\"height:1px\" aria-hidden=\"true\" class=\"wp-block-spacer\"><\/div>\n\n<\/li><li class=\"wp-block-post post-7367 post type-post status-publish format-standard has-post-thumbnail category-critique category-expired category-theatre-comedie category-spectacle tag-lauriane-pointet tag-sabrina-roh\">\n<h6 class=\"liensouligne wp-block-post-title\"><a href=\"https:\/\/wp.unil.ch\/ateliercritique\/2015\/11\/lorenzaccio\/\" target=\"_self\" >Lorenzaccio<\/a><\/h6>\n\n<div class=\"wp-block-post-excerpt\"><p class=\"wp-block-post-excerpt__excerpt\">D\u2019Alfred de Musset \/ mise en sc\u00e8ne Catherine Marnas \/ La Com\u00e9die (Gen\u00e8ve) \/ du 10 au 14 novembre 2015 \/ Critiques par Sabrina Roh et Lauriane Pointet. <\/p><\/div>\n\n\n<div style=\"height:1px\" aria-hidden=\"true\" class=\"wp-block-spacer\"><\/div>\n\n<\/li><li class=\"wp-block-post post-7010 post type-post status-publish format-standard has-post-thumbnail category-critique category-expired category-spectacle category-theatre-2-21-lausanne tag-josefa-terribilini tag-sabrina-roh\">\n<h6 class=\"liensouligne wp-block-post-title\"><a href=\"https:\/\/wp.unil.ch\/ateliercritique\/2015\/10\/love-on-the-mega-byte\/\" target=\"_self\" >Love on the (m\u00e9ga) byte<\/a><\/h6>\n\n<div class=\"wp-block-post-excerpt\"><p class=\"wp-block-post-excerpt__excerpt\">Texte et mise en sc\u00e8ne Benjamin Knobil \/ composition et piano Lee Maddeford \/ Th\u00e9\u00e2tre 2.21 \/ du 14 au 18 octobre 2015 \/ Critiques par Sabrina Roh et Josefa Terribilini. <\/p><\/div>\n\n\n<div style=\"height:1px\" aria-hidden=\"true\" class=\"wp-block-spacer\"><\/div>\n\n<\/li><li class=\"wp-block-post post-6447 post type-post status-publish format-standard has-post-thumbnail category-critique category-expired category-spectacle category-theatre-de-vidy tag-luc-siegenthaler tag-sabrina-roh\">\n<h6 class=\"liensouligne wp-block-post-title\"><a href=\"https:\/\/wp.unil.ch\/ateliercritique\/2015\/05\/parlement\/\" target=\"_self\" >Parlement<\/a><\/h6>\n\n<div class=\"wp-block-post-excerpt\"><p class=\"wp-block-post-excerpt__excerpt\">Composition et mise en sc\u00e8ne Joris Lacoste \/ du 27 au 29 mai 2015 \/ Th\u00e9\u00e2tre de Vidy (Lausanne) \/ Critiques par Sabrina Roh et Luc Siegenthaler . <\/p><\/div>\n\n\n<div style=\"height:1px\" aria-hidden=\"true\" class=\"wp-block-spacer\"><\/div>\n\n<\/li><li class=\"wp-block-post post-5918 post type-post status-publish format-standard has-post-thumbnail category-critique category-expired category-theatre-comedie category-spectacle tag-sabrina-roh\">\n<h6 class=\"liensouligne wp-block-post-title\"><a href=\"https:\/\/wp.unil.ch\/ateliercritique\/2015\/03\/une-femme\/\" target=\"_self\" >Une Femme<\/a><\/h6>\n\n<div class=\"wp-block-post-excerpt\"><p class=\"wp-block-post-excerpt__excerpt\">de Philippe Myniana \/ mise en sc\u00e8ne Marcial Di Fonzo Bo \/ du 3 au 7 mars 2015 \/ Com\u00e9die de Gen\u00e8ve \/ Critique par Sabrina Roh.\u00a0 <\/p><\/div>\n\n\n<div style=\"height:1px\" aria-hidden=\"true\" class=\"wp-block-spacer\"><\/div>\n\n<\/li><li class=\"wp-block-post post-5349 post type-post status-publish format-standard has-post-thumbnail category-critique category-expired category-theatre-de-larsenic category-spectacle tag-sabrina-roh\">\n<h6 class=\"liensouligne wp-block-post-title\"><a href=\"https:\/\/wp.unil.ch\/ateliercritique\/2014\/11\/king-kong-theorie\/\" target=\"_self\" >King Kong Th\u00e9orie<\/a><\/h6>\n\n<div class=\"wp-block-post-excerpt\"><p class=\"wp-block-post-excerpt__excerpt\">de Virginie Despentes \/ mise en sc\u00e8ne d\u2019Emilie Charriot \/ du 28 octobre au 2 novembre \/ Arsenic \/ Critique Sabrina Roh. <\/p><\/div>\n\n\n<div style=\"height:1px\" aria-hidden=\"true\" class=\"wp-block-spacer\"><\/div>\n\n<\/li><li class=\"wp-block-post post-5253 post type-post status-publish format-standard has-post-thumbnail category-critique category-expired category-la-grange category-spectacle tag-nicolas-joray tag-sabrina-roh\">\n<h6 class=\"liensouligne wp-block-post-title\"><a href=\"https:\/\/wp.unil.ch\/ateliercritique\/2014\/10\/la-prison\/\" target=\"_self\" >La Prison<\/a><\/h6>\n\n<div class=\"wp-block-post-excerpt\"><p class=\"wp-block-post-excerpt__excerpt\">d&rsquo;apr\u00e8s Michel Foucault \/ mise en sc\u00e8ne Collectif F71 \/ du 23 au 25 octobre 2014 \/ Th\u00e9\u00e2tre de la Grange de Dorigny \/ Critiques par Sabrina Roh et Nicolas Joray. <\/p><\/div>\n\n\n<div style=\"height:1px\" aria-hidden=\"true\" class=\"wp-block-spacer\"><\/div>\n\n<\/li><li class=\"wp-block-post post-5003 post type-post status-publish format-standard has-post-thumbnail category-critique category-expired category-spectacle category-theatre-de-vidy tag-deborah-strebel tag-sabrina-roh\">\n<h6 class=\"liensouligne wp-block-post-title\"><a href=\"https:\/\/wp.unil.ch\/ateliercritique\/2014\/10\/un-jour\/\" target=\"_self\" >Un jour<\/a><\/h6>\n\n<div class=\"wp-block-post-excerpt\"><p class=\"wp-block-post-excerpt__excerpt\">Cr\u00e9ation de Massimo Furlan et Claire de Ribaupierre \/ Th\u00e9\u00e2tre de Vidy \/ du 1er au 12 octobre 2014 \/ Critiques par Sabrina Roh et Deborah Strebel. <\/p><\/div>\n\n\n<div style=\"height:1px\" aria-hidden=\"true\" class=\"wp-block-spacer\"><\/div>\n\n<\/li><li class=\"wp-block-post post-4644 post type-post status-publish format-standard has-post-thumbnail category-critique category-expired category-spectacle category-theatre-du-loup tag-sabrina-roh\">\n<h6 class=\"liensouligne wp-block-post-title\"><a href=\"https:\/\/wp.unil.ch\/ateliercritique\/2014\/05\/recherche\/\" target=\"_self\" >Recherche \u00e9l\u00e9phants, souplesse exig\u00e9e<\/a><\/h6>\n\n<div class=\"wp-block-post-excerpt\"><p class=\"wp-block-post-excerpt__excerpt\">d\u2019apr\u00e8s Russel Hoban \/ mise en sc\u00e8ne, sc\u00e9nographie et masques Eric Jeanmonod \/ Th\u00e9\u00e2tre du Loup \u00e0 Gen\u00e8ve \/ du 21 mai au 14 juin 2014 \/\u00a0Critique par Sabrinah Roh. <\/p><\/div>\n\n\n<div style=\"height:1px\" aria-hidden=\"true\" class=\"wp-block-spacer\"><\/div>\n\n<\/li><li class=\"wp-block-post post-4611 post type-post status-publish format-standard has-post-thumbnail category-critique category-expired category-petitheatre-sion category-spectacle tag-deborah-strebel tag-sabrina-roh\">\n<h6 class=\"liensouligne wp-block-post-title\"><a href=\"https:\/\/wp.unil.ch\/ateliercritique\/2014\/05\/modus\/\" target=\"_self\" >Modus Operandi<\/a><\/h6>\n\n<div class=\"wp-block-post-excerpt\"><p class=\"wp-block-post-excerpt__excerpt\">par la Cie H\u00e9ros Fourbus \/ conception et mise en sc\u00e8ne Dani\u00e8le Chevrolet et Jos\u00e9-Manuel Ruiz \/ Petith\u00e9\u00e2tre de Sion \/ du 15 au 25 mai 2014 \/ Critiques par Deborah Strebel et Sabrina Roh. <\/p><\/div>\n\n\n<div style=\"height:1px\" aria-hidden=\"true\" class=\"wp-block-spacer\"><\/div>\n\n<\/li><li class=\"wp-block-post post-4481 post type-post status-publish format-standard has-post-thumbnail category-critique category-expired category-spectacle category-theatre-les-halles tag-jonas-guyot tag-sabrina-roh\">\n<h6 class=\"liensouligne wp-block-post-title\"><a href=\"https:\/\/wp.unil.ch\/ateliercritique\/2014\/05\/living\/\" target=\"_self\" >Living-room dancers<\/a><\/h6>\n\n<div class=\"wp-block-post-excerpt\"><p class=\"wp-block-post-excerpt__excerpt\">Cie Nicole Seiler \/ Th\u00e9\u00e2tre Les Halles de Sierre \/ du 1 au 3 mai 2014 \/ Critiques par Sabrina Roh et Jonas Guyot. <\/p><\/div>\n\n\n<div style=\"height:1px\" aria-hidden=\"true\" class=\"wp-block-spacer\"><\/div>\n\n<\/li><li class=\"wp-block-post post-4332 post type-post status-publish format-standard has-post-thumbnail category-critique category-expired category-spectacle category-theatre-du-passage tag-jonas-guyot tag-sabrina-roh\">\n<h6 class=\"liensouligne wp-block-post-title\"><a href=\"https:\/\/wp.unil.ch\/ateliercritique\/2014\/04\/made\/\" target=\"_self\" >Made in China<\/a><\/h6>\n\n<div class=\"wp-block-post-excerpt\"><p class=\"wp-block-post-excerpt__excerpt\">de Thierry Debroux \/ mise en sc\u00e8ne Didier Kerckaert \/ Th\u00e9\u00e2tre du Passage \u00e0 Neuch\u00e2tel \/ 3 avril \/ Critiques par Sabrina Roh et Jonas Guyot. <\/p><\/div>\n\n\n<div style=\"height:1px\" aria-hidden=\"true\" class=\"wp-block-spacer\"><\/div>\n\n<\/li><li class=\"wp-block-post post-4100 post type-post status-publish format-standard has-post-thumbnail category-critique category-expired category-la-grange category-spectacle tag-aline-kohler tag-jehanne-denogent tag-sabrina-roh\">\n<h6 class=\"liensouligne wp-block-post-title\"><a href=\"https:\/\/wp.unil.ch\/ateliercritique\/2014\/03\/couvre-feux\/\" target=\"_self\" >Couvre-feux<\/a><\/h6>\n\n<div class=\"wp-block-post-excerpt\"><p class=\"wp-block-post-excerpt__excerpt\">de Didier-Georges Gabily \/ mise en sc\u00e8ne et adaptation Ludovic Chazaud \u2013 la Cie Jeanne F\u00f6hn \/ Th\u00e9\u00e2tre La Grange de Dorigny \/ du 13 au 16 mars 2014 \/ Critiques par Sabrina Roh, Jehanne Denogent et Aline Kohler.\u00a0 <\/p><\/div>\n\n\n<div style=\"height:1px\" aria-hidden=\"true\" class=\"wp-block-spacer\"><\/div>\n\n<\/li><li class=\"wp-block-post post-1540 post type-post status-publish format-standard has-post-thumbnail category-critique category-expired category-theatre-de-larsenic category-spectacle tag-jonas-parson tag-roxane-cherubini tag-sabrina-roh\">\n<h6 class=\"liensouligne wp-block-post-title\"><a href=\"https:\/\/wp.unil.ch\/ateliercritique\/2013\/12\/souviendrons\/\" target=\"_self\" >Nous souviendrons nous<\/a><\/h6>\n\n<div class=\"wp-block-post-excerpt\"><p class=\"wp-block-post-excerpt__excerpt\">de C\u00e9dric Leproust \/ Compagnie T\u00e9tanotwist \/ Th\u00e9\u00e2tre l&rsquo;Arsenic \u00e0 Lausanne \/ du 10 au 15 d\u00e9cembre 2013 \/ Critiques par Sabrina Roh, Jonas Parson et Roxane Cherubini. <\/p><\/div>\n\n\n<div style=\"height:1px\" aria-hidden=\"true\" class=\"wp-block-spacer\"><\/div>\n\n<\/li><li class=\"wp-block-post post-1457 post type-post status-publish format-standard has-post-thumbnail category-critique category-expired category-le-petit-theatre category-spectacle tag-joanna-potz tag-sabrina-roh\">\n<h6 class=\"liensouligne wp-block-post-title\"><a href=\"https:\/\/wp.unil.ch\/ateliercritique\/2013\/12\/arche\/\" target=\"_self\" >L&rsquo;Arche part \u00e0 huit heures<\/a><\/h6>\n\n<div class=\"wp-block-post-excerpt\"><p class=\"wp-block-post-excerpt__excerpt\">d\u2019Ulrich Hub \/ mise en sc\u00e8ne de Christian Denisart \/ Petit Th\u00e9\u00e2tre de Lausanne \/ du 4 au 31 d\u00e9cembre 2013 \/ Critiques par Joanna P\u00f6tz et Sabrina Roh. <\/p><\/div>\n\n\n<div style=\"height:1px\" aria-hidden=\"true\" class=\"wp-block-spacer\"><\/div>\n\n<\/li><li class=\"wp-block-post post-1328 post type-post status-publish format-standard has-post-thumbnail category-critique category-expired category-theatre-de-larsenic category-spectacle tag-aitor-gosende tag-aline-kohler tag-jehanne-denogent tag-sabrina-roh\">\n<h6 class=\"liensouligne wp-block-post-title\"><a href=\"https:\/\/wp.unil.ch\/ateliercritique\/2013\/11\/valse\/\" target=\"_self\" >Valse aux cypr\u00e8s<\/a><\/h6>\n\n<div class=\"wp-block-post-excerpt\"><p class=\"wp-block-post-excerpt__excerpt\">de Julien Mages \/ collectif Division \/ Th\u00e9\u00e2tre l&rsquo;Arsenic \u00e0 Lausanne \/ du 26 novembre au 5 d\u00e9cembre 2013 \/ Critiques par Jehanne Denogent, Aitor Gosende, Sabrina Roh et Aline Kohler. <\/p><\/div>\n\n\n<div style=\"height:1px\" aria-hidden=\"true\" class=\"wp-block-spacer\"><\/div>\n\n<\/li><li class=\"wp-block-post post-1297 post type-post status-publish format-standard has-post-thumbnail category-critique category-expired category-spectacle category-theatre-les-halles tag-cecilia-galindo tag-sabrina-roh\">\n<h6 class=\"liensouligne wp-block-post-title\"><a href=\"https:\/\/wp.unil.ch\/ateliercritique\/2013\/11\/deux-hamlet-2\/\" target=\"_self\" >All apologies &#8211; Hamlet<\/a><\/h6>\n\n<div class=\"wp-block-post-excerpt\"><p class=\"wp-block-post-excerpt__excerpt\">de William Shakespeare et Adrien Rupp \/ mise en sc\u00e8ne Alexandre Doublet \/ Th\u00e9\u00e2tre Les Halles de Sierre \/ du 21 novembre au 30 novembre 2013 \/ Critiques par Sabrina Roh et Cecilia Galindo. <\/p><\/div>\n\n\n<div style=\"height:1px\" aria-hidden=\"true\" class=\"wp-block-spacer\"><\/div>\n\n<\/li><li class=\"wp-block-post post-1133 post type-post status-publish format-standard has-post-thumbnail category-critique category-expired category-la-grange category-spectacle tag-jehanne-denogent tag-jonas-guyot tag-sabrina-roh\">\n<h6 class=\"liensouligne wp-block-post-title\"><a href=\"https:\/\/wp.unil.ch\/ateliercritique\/2013\/11\/deux-mouette\/\" target=\"_self\" >La Mouette<\/a><\/h6>\n\n<div class=\"wp-block-post-excerpt\"><p class=\"wp-block-post-excerpt__excerpt\">de Tchekhov \/ mise en sc\u00e8ne Jean-Michel Potiron \/ Th\u00e9\u00e2tre La Grange de Dorigny \u00e0 Lausanne \/ du 14 au 16 novembre 2013 \/ Critiques par Sabrina Roh, Jonas Guyot et Jehanne Denogent. <\/p><\/div>\n\n\n<div style=\"height:1px\" aria-hidden=\"true\" class=\"wp-block-spacer\"><\/div>\n\n<\/li><li class=\"wp-block-post post-984 post type-post status-publish format-standard has-post-thumbnail category-critique category-expired category-spectacle category-theatre-de-vidy tag-cecilia-galindo tag-jonas-parson tag-sabrina-roh\">\n<h6 class=\"liensouligne wp-block-post-title\"><a href=\"https:\/\/wp.unil.ch\/ateliercritique\/2013\/11\/triomphe\/\" target=\"_self\" >Le Triomphe de l&rsquo;amour<\/a><\/h6>\n\n<div class=\"wp-block-post-excerpt\"><p class=\"wp-block-post-excerpt__excerpt\">de Marivaux \/ mise en sc\u00e8ne Galin Stoev \/ Th\u00e9\u00e2tre de Vidy \u00e0 Lausanne \/ du 5 au 17 novembre 2013 \/ Critiques par Cecilia Galindo, Sabrina Roh et Jonas Parson. <\/p><\/div>\n\n\n<div style=\"height:1px\" aria-hidden=\"true\" class=\"wp-block-spacer\"><\/div>\n\n<\/li><li class=\"wp-block-post post-660 post type-post status-publish format-standard has-post-thumbnail category-critique category-expired category-la-grange category-spectacle tag-aline-kohler tag-cecilia-galindo tag-jonas-parson tag-sabrina-roh\">\n<h6 class=\"liensouligne wp-block-post-title\"><a href=\"https:\/\/wp.unil.ch\/ateliercritique\/2013\/10\/quatre-ronde\/\" target=\"_self\" >La Ronde<\/a><\/h6>\n\n<div class=\"wp-block-post-excerpt\"><p class=\"wp-block-post-excerpt__excerpt\">d&rsquo;Arthur Schnitzler \/ mise en sc\u00e8ne Valentin Rossier \/ Th\u00e9\u00e2tre La Grange de Dorigny \/ du 25 octobre au 2 novembre 2013 \/ Critiques par Cecilia Galindo, Sabrina Roh, Jonas Parson et Aline Kohler. <\/p><\/div>\n\n\n<div style=\"height:1px\" aria-hidden=\"true\" class=\"wp-block-spacer\"><\/div>\n\n<\/li><\/ul><\/div>\n","protected":false},"excerpt":{"rendered":"<p>\u00c9tudiante en fran\u00e7ais moderne et en sciences du langage et de l&rsquo;information, je termine aussi une sp\u00e9cialisation en dramaturgie et histoire du th\u00e9\u00e2tre \u00e0 l&rsquo;Universit\u00e9 de Lausanne. Ces trois branches &hellip; <\/p>\n","protected":false},"author":1420,"featured_media":0,"parent":2716,"menu_order":0,"comment_status":"closed","ping_status":"closed","template":"","meta":{"_seopress_robots_primary_cat":"","_seopress_titles_title":"","_seopress_titles_desc":"","_seopress_robots_index":"","footnotes":""},"class_list":["post-3209","page","type-page","status-publish"],"_links":{"self":[{"href":"https:\/\/wp.unil.ch\/ateliercritique\/wp-json\/wp\/v2\/pages\/3209","targetHints":{"allow":["GET"]}}],"collection":[{"href":"https:\/\/wp.unil.ch\/ateliercritique\/wp-json\/wp\/v2\/pages"}],"about":[{"href":"https:\/\/wp.unil.ch\/ateliercritique\/wp-json\/wp\/v2\/types\/page"}],"author":[{"embeddable":true,"href":"https:\/\/wp.unil.ch\/ateliercritique\/wp-json\/wp\/v2\/users\/1420"}],"replies":[{"embeddable":true,"href":"https:\/\/wp.unil.ch\/ateliercritique\/wp-json\/wp\/v2\/comments?post=3209"}],"version-history":[{"count":1,"href":"https:\/\/wp.unil.ch\/ateliercritique\/wp-json\/wp\/v2\/pages\/3209\/revisions"}],"predecessor-version":[{"id":22342,"href":"https:\/\/wp.unil.ch\/ateliercritique\/wp-json\/wp\/v2\/pages\/3209\/revisions\/22342"}],"up":[{"embeddable":true,"href":"https:\/\/wp.unil.ch\/ateliercritique\/wp-json\/wp\/v2\/pages\/2716"}],"wp:attachment":[{"href":"https:\/\/wp.unil.ch\/ateliercritique\/wp-json\/wp\/v2\/media?parent=3209"}],"curies":[{"name":"wp","href":"https:\/\/api.w.org\/{rel}","templated":true}]}}