{"id":3207,"date":"2014-02-22T21:16:15","date_gmt":"2014-02-22T20:16:15","guid":{"rendered":"http:\/\/wp.unil.ch\/ateliercritique\/?page_id=3207"},"modified":"2025-02-06T16:56:29","modified_gmt":"2025-02-06T15:56:29","slug":"roxane-cherubini","status":"publish","type":"page","link":"https:\/\/wp.unil.ch\/ateliercritique\/lequipe\/roxane-cherubini\/","title":{"rendered":"Roxane Cherubini"},"content":{"rendered":"<p>Roxane Cherubini a termin\u00e9 son Master en Fran\u00e7ais moderne et en Espagnol en janvier 2014.\u00a0Elle travaille actuellement au Th\u00e9\u00e2tre Vidy-Lausanne.<\/p>\n<h4>Les critiques de Roxane Cherubini :<\/h4>\n\n\n<div class=\"wp-block-query is-layout-flow wp-block-query-is-layout-flow\"><ul class=\"wp-block-post-template is-layout-flow wp-block-post-template-is-layout-flow\"><li class=\"wp-block-post post-4198 post type-post status-publish format-standard has-post-thumbnail category-critique category-expired category-le-petit-theatre category-spectacle tag-roxane-cherubini\">\n<h6 class=\"liensouligne wp-block-post-title\"><a href=\"https:\/\/wp.unil.ch\/ateliercritique\/2014\/03\/petit\/\" target=\"_self\" >Le Petit prince \u00e9carlate<\/a><\/h6>\n\n<div class=\"wp-block-post-excerpt\"><p class=\"wp-block-post-excerpt__excerpt\">de Marcel Cremer \/ r\u00e9alisation et mise en sc\u00e8ne Sophie Gardaz, H\u00e9l\u00e8ne Cattin et Philippe Saire \/ Le petit th\u00e9\u00e2tre de Lausanne \/ du 12 au 30 mars 2014 \/ Critique par Roxane Cherubini. <\/p><\/div>\n\n\n<div style=\"height:1px\" aria-hidden=\"true\" class=\"wp-block-spacer\"><\/div>\n\n<\/li><li class=\"wp-block-post post-1897 post type-post status-publish format-standard has-post-thumbnail category-critique category-expired category-la-grange category-spectacle tag-aline-kohler tag-deborah-strebel tag-roxane-cherubini\">\n<h6 class=\"liensouligne wp-block-post-title\"><a href=\"https:\/\/wp.unil.ch\/ateliercritique\/2014\/01\/pierre\/\" target=\"_self\" >La Pierre<\/a><\/h6>\n\n<div class=\"wp-block-post-excerpt\"><p class=\"wp-block-post-excerpt__excerpt\">de Marius von Mayenburg \/ mise en sc\u00e8ne de Gianni Schneider \/ Th\u00e9\u00e2tre La Grange de Dorigny \u00e0 Lausanne \/ du 9 au 19 janvier 2014 \/ Critiques par Joanna P\u00f6tz, Deborah Strebel, Roxane Chrubini et Aline Kohler. <\/p><\/div>\n\n\n<div style=\"height:1px\" aria-hidden=\"true\" class=\"wp-block-spacer\"><\/div>\n\n<\/li><li class=\"wp-block-post post-1540 post type-post status-publish format-standard has-post-thumbnail category-critique category-expired category-theatre-de-larsenic category-spectacle tag-jonas-parson tag-roxane-cherubini tag-sabrina-roh\">\n<h6 class=\"liensouligne wp-block-post-title\"><a href=\"https:\/\/wp.unil.ch\/ateliercritique\/2013\/12\/souviendrons\/\" target=\"_self\" >Nous souviendrons nous<\/a><\/h6>\n\n<div class=\"wp-block-post-excerpt\"><p class=\"wp-block-post-excerpt__excerpt\">de C\u00e9dric Leproust \/ Compagnie T\u00e9tanotwist \/ Th\u00e9\u00e2tre l&rsquo;Arsenic \u00e0 Lausanne \/ du 10 au 15 d\u00e9cembre 2013 \/ Critiques par Sabrina Roh, Jonas Parson et Roxane Cherubini. <\/p><\/div>\n\n\n<div style=\"height:1px\" aria-hidden=\"true\" class=\"wp-block-spacer\"><\/div>\n\n<\/li><li class=\"wp-block-post post-1343 post type-post status-publish format-standard has-post-thumbnail category-critique category-expired category-spectacle category-theatre-du-passage tag-roxane-cherubini\">\n<h6 class=\"liensouligne wp-block-post-title\"><a href=\"https:\/\/wp.unil.ch\/ateliercritique\/2013\/12\/gardien\/\" target=\"_self\" >Le Gardien des \u00e2mes<\/a><\/h6>\n\n<div class=\"wp-block-post-excerpt\"><p class=\"wp-block-post-excerpt__excerpt\">de Pierre Kertz \/ mise en sc\u00e8ne Olivier Chapelet \/ Th\u00e9\u00e2tre du Passage \u00e0 Neuch\u00e2tel \/ le 28 novembre 2013 \/ Critique par Roxane Cherubini. <\/p><\/div>\n\n\n<div style=\"height:1px\" aria-hidden=\"true\" class=\"wp-block-spacer\"><\/div>\n\n<\/li><li class=\"wp-block-post post-254 post type-post status-publish format-standard has-post-thumbnail category-critique category-expired category-le-petit-theatre category-spectacle tag-roxane-cherubini tag-suzanne-balharry\">\n<h6 class=\"liensouligne wp-block-post-title\"><a href=\"https:\/\/wp.unil.ch\/ateliercritique\/2013\/10\/deux-bleu\/\" target=\"_self\" >Le Bleu de Madeleine<\/a><\/h6>\n\n<div class=\"wp-block-post-excerpt\"><p class=\"wp-block-post-excerpt__excerpt\">d\u2019Anne Luthaud \/ mise en sc\u00e8ne Anne-Marie Marqu\u00e8s \/ Le petit th\u00e9\u00e2tre de Lausanne \/ du 9 au 13 octobre 2013 \/ Critiques par Suzanne Balharry et Roxane Cherubini. <\/p><\/div>\n\n\n<div style=\"height:1px\" aria-hidden=\"true\" class=\"wp-block-spacer\"><\/div>\n\n<\/li><\/ul><\/div>\n","protected":false},"excerpt":{"rendered":"<p>Roxane Cherubini a termin\u00e9 son Master en Fran\u00e7ais moderne et en Espagnol en janvier 2014.\u00a0Elle travaille actuellement au Th\u00e9\u00e2tre Vidy-Lausanne. Les critiques de Roxane Cherubini :<\/p>\n","protected":false},"author":1420,"featured_media":0,"parent":2716,"menu_order":0,"comment_status":"closed","ping_status":"open","template":"","meta":{"_seopress_robots_primary_cat":"","_seopress_titles_title":"","_seopress_titles_desc":"","_seopress_robots_index":"","footnotes":""},"class_list":["post-3207","page","type-page","status-publish"],"_links":{"self":[{"href":"https:\/\/wp.unil.ch\/ateliercritique\/wp-json\/wp\/v2\/pages\/3207","targetHints":{"allow":["GET"]}}],"collection":[{"href":"https:\/\/wp.unil.ch\/ateliercritique\/wp-json\/wp\/v2\/pages"}],"about":[{"href":"https:\/\/wp.unil.ch\/ateliercritique\/wp-json\/wp\/v2\/types\/page"}],"author":[{"embeddable":true,"href":"https:\/\/wp.unil.ch\/ateliercritique\/wp-json\/wp\/v2\/users\/1420"}],"replies":[{"embeddable":true,"href":"https:\/\/wp.unil.ch\/ateliercritique\/wp-json\/wp\/v2\/comments?post=3207"}],"version-history":[{"count":1,"href":"https:\/\/wp.unil.ch\/ateliercritique\/wp-json\/wp\/v2\/pages\/3207\/revisions"}],"predecessor-version":[{"id":22261,"href":"https:\/\/wp.unil.ch\/ateliercritique\/wp-json\/wp\/v2\/pages\/3207\/revisions\/22261"}],"up":[{"embeddable":true,"href":"https:\/\/wp.unil.ch\/ateliercritique\/wp-json\/wp\/v2\/pages\/2716"}],"wp:attachment":[{"href":"https:\/\/wp.unil.ch\/ateliercritique\/wp-json\/wp\/v2\/media?parent=3207"}],"curies":[{"name":"wp","href":"https:\/\/api.w.org\/{rel}","templated":true}]}}