{"id":3205,"date":"2014-02-22T21:15:06","date_gmt":"2014-02-22T20:15:06","guid":{"rendered":"http:\/\/wp.unil.ch\/ateliercritique\/?page_id=3205"},"modified":"2025-02-06T17:45:49","modified_gmt":"2025-02-06T16:45:49","slug":"maryke-oosterhoff","status":"publish","type":"page","link":"https:\/\/wp.unil.ch\/ateliercritique\/lequipe\/maryke-oosterhoff\/","title":{"rendered":"Maryke Oosterhoff"},"content":{"rendered":"\n<h4 class=\"wp-block-heading\">Les critiques de Maryke Oosterhoff : <\/h4>\n\n\n\n<div class=\"wp-block-query is-layout-flow wp-block-query-is-layout-flow\"><ul class=\"wp-block-post-template is-layout-flow wp-block-post-template-is-layout-flow\"><li class=\"wp-block-post post-6153 post type-post status-publish format-standard has-post-thumbnail category-critique category-expired category-le-petit-theatre category-spectacle tag-maryke-oosterhoff\">\n<h6 class=\"liensouligne wp-block-post-title\"><a href=\"https:\/\/wp.unil.ch\/ateliercritique\/2015\/03\/gulliver\/\" target=\"_self\" >Gulliver<\/a><\/h6>\n\n<div class=\"wp-block-post-excerpt\"><p class=\"wp-block-post-excerpt__excerpt\">D\u2019apr\u00e8s Voyage \u00e0 Lilliput de Jonathan Swift \/ Mise en sc\u00e8ne par Karim bel Kacem et Adrien Kuenzy \/ du 18 au 29 mars 2015 \/ Le Petit Th\u00e9\u00e2tre (Lausanne) \/ Critique par Maryke Oosterhoff . <\/p><\/div>\n\n\n<div style=\"height:1px\" aria-hidden=\"true\" class=\"wp-block-spacer\"><\/div>\n\n<\/li><li class=\"wp-block-post post-5639 post type-post status-publish format-standard has-post-thumbnail category-critique category-expired category-maison-saint-gervais category-spectacle tag-jehanne-denogent tag-maryke-oosterhoff\">\n<h6 class=\"liensouligne wp-block-post-title\"><a href=\"https:\/\/wp.unil.ch\/ateliercritique\/2014\/12\/my-dinner-with-andre\/\" target=\"_self\" >My Dinner with Andr\u00e9<\/a><\/h6>\n\n<div class=\"wp-block-post-excerpt\"><p class=\"wp-block-post-excerpt__excerpt\">tg STAN, de KOE \/ de et avec Damiaan De Schrijver et Peter Van den Eede \/ texte d&rsquo;Andr\u00e9 Gregory et Wallace Shawn d\u2019apr\u00e8s le sc\u00e9nario de l&rsquo;adaptation de Louis Malle (1981) \/ du 17 au 20 d\u00e9cembre 2014 \/\u2026 <\/p><\/div>\n\n\n<div style=\"height:1px\" aria-hidden=\"true\" class=\"wp-block-spacer\"><\/div>\n\n<\/li><li class=\"wp-block-post post-5318 post type-post status-publish format-standard has-post-thumbnail category-critique category-expired category-spectacle category-teatre-du-grutli tag-maryke-oosterhoff tag-suzanne-balharry\">\n<h6 class=\"liensouligne wp-block-post-title\"><a href=\"https:\/\/wp.unil.ch\/ateliercritique\/2014\/10\/laffaire-de-la-rue-de-lourcine-si-ce-nest-toi\/\" target=\"_self\" >L\u2019Affaire de la rue de Lourcine \/ Si ce n\u2019est toi<\/a><\/h6>\n\n<div class=\"wp-block-post-excerpt\"><p class=\"wp-block-post-excerpt__excerpt\">d\u2019Eug\u00e8ne Labiche et d\u2019Edward Bond \/ mise en sc\u00e8ne Eric Salama \/ du 28 octobre au 16 novembre \/ Th\u00e9\u00e2tre du Gr\u00fctli \/ Critiques par Suzanne Balharry et Maryke Oosterhoff. <\/p><\/div>\n\n\n<div style=\"height:1px\" aria-hidden=\"true\" class=\"wp-block-spacer\"><\/div>\n\n<\/li><li class=\"wp-block-post post-5105 post type-post status-publish format-standard has-post-thumbnail category-critique category-expired category-spectacle category-theatre-de-vidy tag-deborah-strebel tag-jehanne-denogent tag-lisa-tagliabue tag-maelle-andrey tag-maryke-oosterhoff tag-nicolas-joray tag-noemie-desarzens\">\n<h6 class=\"liensouligne wp-block-post-title\"><a href=\"https:\/\/wp.unil.ch\/ateliercritique\/2014\/10\/les-palmiers-sauvages\/\" target=\"_self\" >Les Palmiers sauvages<\/a><\/h6>\n\n<div class=\"wp-block-post-excerpt\"><p class=\"wp-block-post-excerpt__excerpt\">D\u2019apr\u00e8s William Faulkner \/ mise en sc\u00e8ne S\u00e9verine Chavrier \/ du 25 septembre au 12 octobre 2014 \/ Th\u00e9\u00e2tre Vidy Lausanne \/ Critiques par Deborah Strebel, Lisa Tagliabue, No\u00e9mie Desarzens, Ma\u00eblle Andrey, Nicolas Joray, Maryke Oosterhoff et Jehanne Denogent. <\/p><\/div>\n\n\n<div style=\"height:1px\" aria-hidden=\"true\" class=\"wp-block-spacer\"><\/div>\n\n<\/li><li class=\"wp-block-post post-4588 post type-post status-publish format-standard has-post-thumbnail category-critique category-expired category-spectacle category-theatre-de-carouge tag-maryke-oosterhoff tag-suzanne-balharry\">\n<h6 class=\"liensouligne wp-block-post-title\"><a href=\"https:\/\/wp.unil.ch\/ateliercritique\/2014\/05\/et-il\/\" target=\"_self\" >Et il n\u2019en resta plus aucun<\/a><\/h6>\n\n<div class=\"wp-block-post-excerpt\"><p class=\"wp-block-post-excerpt__excerpt\">\u00e0 partir de A. Christie \/ mise en sc\u00e8ne Robert Sandoz \/ Th\u00e9\u00e2tre de Carouge \u00e0 Gen\u00e8ve \/ du 2 mai au 28 mai 2014 \/ Critique par Maryke Oosterhoff et Suzanne Balharry. <\/p><\/div>\n\n\n<div style=\"height:1px\" aria-hidden=\"true\" class=\"wp-block-spacer\"><\/div>\n\n<\/li><li class=\"wp-block-post post-4530 post type-post status-publish format-standard has-post-thumbnail category-critique category-expired category-spectacle category-theatre-de-vidy tag-delphine-gasche tag-jonas-guyot tag-maryke-oosterhoff\">\n<h6 class=\"liensouligne wp-block-post-title\"><a href=\"https:\/\/wp.unil.ch\/ateliercritique\/2014\/05\/kouta\/\" target=\"_self\" >Kouta<\/a><\/h6>\n\n<div class=\"wp-block-post-excerpt\"><p class=\"wp-block-post-excerpt__excerpt\">d\u2019apr\u00e8s la trilogie de Massa Makan Diabat\u00e9 \/ mise en sc\u00e8ne Hassane Kassi Kouyat\u00e9 \/ Th\u00e9\u00e2tre de Vidy \u00e0 Lausanne \/ du 6 au 10 mai 2014 \/ Critiques par Maryke Oosterhoff, Jonas Guyot et Delphine Gasche. <\/p><\/div>\n\n\n<div style=\"height:1px\" aria-hidden=\"true\" class=\"wp-block-spacer\"><\/div>\n\n<\/li><li class=\"wp-block-post post-3683 post type-post status-publish format-standard has-post-thumbnail category-critique category-expired category-theatre-comedie category-la-grange category-spectacle tag-aline-kohler tag-deborah-strebel tag-jehanne-denogent tag-joanna-potz tag-maryke-oosterhoff\">\n<h6 class=\"liensouligne wp-block-post-title\"><a href=\"https:\/\/wp.unil.ch\/ateliercritique\/2014\/03\/yvonne\/\" target=\"_self\" >Yvonne, princesse de Bourgogne<\/a><\/h6>\n\n<div class=\"wp-block-post-excerpt\"><p class=\"wp-block-post-excerpt__excerpt\">d\u2019apr\u00e8s Witold Gombrowicz \/ conception et mise en sc\u00e8ne Genevi\u00e8ve Guhl \/ du 27 f\u00e9vrier au 8 mars au Th\u00e9\u00e2tre La Grange de Dorigny \u00e0 Lausanne \/ du 8 au 11 avril \u00e0 la Com\u00e9die de Gen\u00e8ve \/ vendredi 2\u2026 <\/p><\/div>\n\n\n<div style=\"height:1px\" aria-hidden=\"true\" class=\"wp-block-spacer\"><\/div>\n\n<\/li><li class=\"wp-block-post post-1815 post type-post status-publish format-standard has-post-thumbnail category-critique category-expired category-maison-saint-gervais category-spectacle tag-maryke-oosterhoff\">\n<h6 class=\"liensouligne wp-block-post-title\"><a href=\"https:\/\/wp.unil.ch\/ateliercritique\/2013\/11\/chinoise-2\/\" target=\"_self\" >La Chinoise 2013<\/a><\/h6>\n\n<div class=\"wp-block-post-excerpt\"><p class=\"wp-block-post-excerpt__excerpt\">La Chinoise 2013 \/ de Michel Deutsch \/ mise en sc\u00e8ne Michel Deutsch \/ Th\u00e9\u00e2tre Saint-Gervais \u00e0 Gen\u00e8ve \/ du 19 au 30 novembre 2013 \/ Critique par Maryke Oosterhoff. <\/p><\/div>\n\n\n<div style=\"height:1px\" aria-hidden=\"true\" class=\"wp-block-spacer\"><\/div>\n\n<\/li><li class=\"wp-block-post post-458 post type-post status-publish format-standard has-post-thumbnail category-critique category-expired category-spectacle category-theatre-de-vidy tag-jehanne-denogent tag-maryke-oosterhoff\">\n<h6 class=\"liensouligne wp-block-post-title\"><a href=\"https:\/\/wp.unil.ch\/ateliercritique\/2013\/10\/deux-hamlet\/\" target=\"_self\" >Hamlet<\/a><\/h6>\n\n<div class=\"wp-block-post-excerpt\"><p class=\"wp-block-post-excerpt__excerpt\">de W. Shakespeare \/ mise en sc\u00e8ne T. Ostermeier \/ Th\u00e9\u00e2tre de Vidy \u00e0 Lausanne \/ du 8 au 10 octobre 2013 \/ Critiques par Jehanne Denogent et Maryke Oosterhoff. <\/p><\/div>\n\n\n<div style=\"height:1px\" aria-hidden=\"true\" class=\"wp-block-spacer\"><\/div>\n\n<\/li><\/ul><\/div>\n","protected":false},"excerpt":{"rendered":"<p>Les critiques de Maryke Oosterhoff :<\/p>\n","protected":false},"author":1420,"featured_media":0,"parent":2716,"menu_order":0,"comment_status":"closed","ping_status":"open","template":"","meta":{"_seopress_robots_primary_cat":"","_seopress_titles_title":"","_seopress_titles_desc":"","_seopress_robots_index":"","footnotes":""},"class_list":["post-3205","page","type-page","status-publish"],"_links":{"self":[{"href":"https:\/\/wp.unil.ch\/ateliercritique\/wp-json\/wp\/v2\/pages\/3205","targetHints":{"allow":["GET"]}}],"collection":[{"href":"https:\/\/wp.unil.ch\/ateliercritique\/wp-json\/wp\/v2\/pages"}],"about":[{"href":"https:\/\/wp.unil.ch\/ateliercritique\/wp-json\/wp\/v2\/types\/page"}],"author":[{"embeddable":true,"href":"https:\/\/wp.unil.ch\/ateliercritique\/wp-json\/wp\/v2\/users\/1420"}],"replies":[{"embeddable":true,"href":"https:\/\/wp.unil.ch\/ateliercritique\/wp-json\/wp\/v2\/comments?post=3205"}],"version-history":[{"count":1,"href":"https:\/\/wp.unil.ch\/ateliercritique\/wp-json\/wp\/v2\/pages\/3205\/revisions"}],"predecessor-version":[{"id":22326,"href":"https:\/\/wp.unil.ch\/ateliercritique\/wp-json\/wp\/v2\/pages\/3205\/revisions\/22326"}],"up":[{"embeddable":true,"href":"https:\/\/wp.unil.ch\/ateliercritique\/wp-json\/wp\/v2\/pages\/2716"}],"wp:attachment":[{"href":"https:\/\/wp.unil.ch\/ateliercritique\/wp-json\/wp\/v2\/media?parent=3205"}],"curies":[{"name":"wp","href":"https:\/\/api.w.org\/{rel}","templated":true}]}}