{"id":3197,"date":"2014-02-22T20:44:51","date_gmt":"2014-02-22T19:44:51","guid":{"rendered":"http:\/\/wp.unil.ch\/ateliercritique\/?page_id=3197"},"modified":"2025-02-06T17:56:31","modified_gmt":"2025-02-06T16:56:31","slug":"joanna-potz","status":"publish","type":"page","link":"https:\/\/wp.unil.ch\/ateliercritique\/lequipe\/joanna-potz\/","title":{"rendered":"Joanna P\u00f6tz"},"content":{"rendered":"<p style=\"text-align: justify\">Bonjour ! Je suis Joanna, \u00e9tudiante de lettres en troisi\u00e8me ann\u00e9e de Bachelor. Plus sp\u00e9cifiquement, j\u2019\u00e9tudie l\u2019Anglais et le Fran\u00e7ais. Comme j\u2019aime bien le th\u00e9\u00e2tre, de tous genres, j\u2019ai saisi l\u2019occasion pour participer \u00e0 cet atelier.<\/p>\n<p>\u00a0<\/p>\n<h4>Les critiques de Joanna P\u00f6tz :<\/h4>\n\n\n<div class=\"wp-block-query is-layout-flow wp-block-query-is-layout-flow\"><ul class=\"wp-block-post-template is-layout-flow wp-block-post-template-is-layout-flow\"><li class=\"wp-block-post post-4714 post type-post status-publish format-standard has-post-thumbnail category-critique category-expired category-spectacle category-theatre-du-jorat tag-cecilia-galindo tag-joanna-potz tag-jonas-guyot\">\n<h6 class=\"liensouligne wp-block-post-title\"><a href=\"https:\/\/wp.unil.ch\/ateliercritique\/2014\/06\/macbeth\/\" target=\"_self\" >Macbeth (the notes)<\/a><\/h6>\n\n<div class=\"wp-block-post-excerpt\"><p class=\"wp-block-post-excerpt__excerpt\">d\u2019apr\u00e8s Shakespeare \/ adaptation et mise en sc\u00e8ne Dan Jemmett \/ Th\u00e9\u00e2tre du Jorat \u00e0 M\u00e9zi\u00e8res \/ vendredi 27 juin 2014 \/ Critiques par Joanna P\u00f6tz, Jonas Guyot et Cecilia Galindo. <\/p><\/div>\n\n\n<div style=\"height:1px\" aria-hidden=\"true\" class=\"wp-block-spacer\"><\/div>\n\n<\/li><li class=\"wp-block-post post-4259 post type-post status-publish format-standard has-post-thumbnail category-critique category-expired category-theatre-comedie category-spectacle tag-joanna-potz tag-laura-pallu\">\n<h6 class=\"liensouligne wp-block-post-title\"><a href=\"https:\/\/wp.unil.ch\/ateliercritique\/2014\/03\/cabaret\/\" target=\"_self\" >Cabaret<\/a><\/h6>\n\n<div class=\"wp-block-post-excerpt\"><p class=\"wp-block-post-excerpt__excerpt\">de Hanokh Levin \/ mise en sc\u00e8ne Nalini Menamkat \/ du 25 mars au 6 avril 2014 \/ La Com\u00e9die de Gen\u00e8ve \/ Critiques par Joanna P\u00f6tz et Laura Pall\u00f9. <\/p><\/div>\n\n\n<div style=\"height:1px\" aria-hidden=\"true\" class=\"wp-block-spacer\"><\/div>\n\n<\/li><li class=\"wp-block-post post-3683 post type-post status-publish format-standard has-post-thumbnail category-critique category-expired category-theatre-comedie category-la-grange category-spectacle tag-aline-kohler tag-deborah-strebel tag-jehanne-denogent tag-joanna-potz tag-maryke-oosterhoff\">\n<h6 class=\"liensouligne wp-block-post-title\"><a href=\"https:\/\/wp.unil.ch\/ateliercritique\/2014\/03\/yvonne\/\" target=\"_self\" >Yvonne, princesse de Bourgogne<\/a><\/h6>\n\n<div class=\"wp-block-post-excerpt\"><p class=\"wp-block-post-excerpt__excerpt\">d\u2019apr\u00e8s Witold Gombrowicz \/ conception et mise en sc\u00e8ne Genevi\u00e8ve Guhl \/ du 27 f\u00e9vrier au 8 mars au Th\u00e9\u00e2tre La Grange de Dorigny \u00e0 Lausanne \/ du 8 au 11 avril \u00e0 la Com\u00e9die de Gen\u00e8ve \/ vendredi 2\u2026 <\/p><\/div>\n\n\n<div style=\"height:1px\" aria-hidden=\"true\" class=\"wp-block-spacer\"><\/div>\n\n<\/li><li class=\"wp-block-post post-2636 post type-post status-publish format-standard has-post-thumbnail category-critique category-expired category-la-grange category-spectacle tag-alice-bottarelli tag-deborah-strebel tag-joanna-potz tag-sophie-badoux\">\n<h6 class=\"liensouligne wp-block-post-title\"><a href=\"https:\/\/wp.unil.ch\/ateliercritique\/2014\/02\/recreation\/\" target=\"_self\" >R\u00e9Cr\u00e9ation<\/a><\/h6>\n\n<div class=\"wp-block-post-excerpt\"><p class=\"wp-block-post-excerpt__excerpt\">d\u2019apr\u00e8s l\u2019\u0153uvre de Robert Walser \/ par In Pulverem Reverteris \/ mise en sc\u00e8ne Danielle Br\u00e9 \/ Th\u00e9\u00e2tre La Grange de Dorigny \u00e0 Lausanne \/ du 6 au 7 f\u00e9vrier 2014 \/ Critiques par Deborah Strebel, Alice Bottarelli, Joanna P\u00f6tz\u2026 <\/p><\/div>\n\n\n<div style=\"height:1px\" aria-hidden=\"true\" class=\"wp-block-spacer\"><\/div>\n\n<\/li><li class=\"wp-block-post post-1582 post type-post status-publish format-standard has-post-thumbnail category-critique category-expired category-spectacle category-theatre-de-vidy tag-joanna-potz\">\n<h6 class=\"liensouligne wp-block-post-title\"><a href=\"https:\/\/wp.unil.ch\/ateliercritique\/2013\/12\/rome\/\" target=\"_self\" >Rome-Nanterre<\/a><\/h6>\n\n<div class=\"wp-block-post-excerpt\"><p class=\"wp-block-post-excerpt__excerpt\">d\u2019apr\u00e8s Val\u00e9rie Mr\u00e9jen \/ mise en sc\u00e8ne de Gian Manuel Rau \/ Th\u00e9\u00e2tre de Vidy \u00e0 Lausanne \/ du 3 au 20 d\u00e9cembre 2013 \/ Critique par Joanna P\u00f6tz. <\/p><\/div>\n\n\n<div style=\"height:1px\" aria-hidden=\"true\" class=\"wp-block-spacer\"><\/div>\n\n<\/li><li class=\"wp-block-post post-1457 post type-post status-publish format-standard has-post-thumbnail category-critique category-expired category-le-petit-theatre category-spectacle tag-joanna-potz tag-sabrina-roh\">\n<h6 class=\"liensouligne wp-block-post-title\"><a href=\"https:\/\/wp.unil.ch\/ateliercritique\/2013\/12\/arche\/\" target=\"_self\" >L&rsquo;Arche part \u00e0 huit heures<\/a><\/h6>\n\n<div class=\"wp-block-post-excerpt\"><p class=\"wp-block-post-excerpt__excerpt\">d\u2019Ulrich Hub \/ mise en sc\u00e8ne de Christian Denisart \/ Petit Th\u00e9\u00e2tre de Lausanne \/ du 4 au 31 d\u00e9cembre 2013 \/ Critiques par Joanna P\u00f6tz et Sabrina Roh. <\/p><\/div>\n\n\n<div style=\"height:1px\" aria-hidden=\"true\" class=\"wp-block-spacer\"><\/div>\n\n<\/li><li class=\"wp-block-post post-707 post type-post status-publish format-standard has-post-thumbnail category-critique category-expired category-theatre-comedie category-spectacle tag-joanna-potz\">\n<h6 class=\"liensouligne wp-block-post-title\"><a href=\"https:\/\/wp.unil.ch\/ateliercritique\/2013\/11\/sophonisbe\/\" target=\"_self\" >Sophonisbe<\/a><\/h6>\n\n<div class=\"wp-block-post-excerpt\"><p class=\"wp-block-post-excerpt__excerpt\">de Corneille \/ mise en sc\u00e8ne Brigitte Jaques-Wajeman \/ La Com\u00e9die de Gen\u00e8ve \/ du 29 octobre au 2 novembre 2013 \/ Critique par Joanna P\u00f6tz. <\/p><\/div>\n\n\n<div style=\"height:1px\" aria-hidden=\"true\" class=\"wp-block-spacer\"><\/div>\n\n<\/li><\/ul><\/div>\n","protected":false},"excerpt":{"rendered":"<p>Bonjour ! Je suis Joanna, \u00e9tudiante de lettres en troisi\u00e8me ann\u00e9e de Bachelor. Plus sp\u00e9cifiquement, j\u2019\u00e9tudie l\u2019Anglais et le Fran\u00e7ais. Comme j\u2019aime bien le th\u00e9\u00e2tre, de tous genres, j\u2019ai saisi &hellip; <\/p>\n","protected":false},"author":1420,"featured_media":0,"parent":2716,"menu_order":0,"comment_status":"closed","ping_status":"open","template":"","meta":{"_seopress_robots_primary_cat":"","_seopress_titles_title":"","_seopress_titles_desc":"","_seopress_robots_index":"","footnotes":""},"class_list":["post-3197","page","type-page","status-publish"],"_links":{"self":[{"href":"https:\/\/wp.unil.ch\/ateliercritique\/wp-json\/wp\/v2\/pages\/3197","targetHints":{"allow":["GET"]}}],"collection":[{"href":"https:\/\/wp.unil.ch\/ateliercritique\/wp-json\/wp\/v2\/pages"}],"about":[{"href":"https:\/\/wp.unil.ch\/ateliercritique\/wp-json\/wp\/v2\/types\/page"}],"author":[{"embeddable":true,"href":"https:\/\/wp.unil.ch\/ateliercritique\/wp-json\/wp\/v2\/users\/1420"}],"replies":[{"embeddable":true,"href":"https:\/\/wp.unil.ch\/ateliercritique\/wp-json\/wp\/v2\/comments?post=3197"}],"version-history":[{"count":1,"href":"https:\/\/wp.unil.ch\/ateliercritique\/wp-json\/wp\/v2\/pages\/3197\/revisions"}],"predecessor-version":[{"id":22336,"href":"https:\/\/wp.unil.ch\/ateliercritique\/wp-json\/wp\/v2\/pages\/3197\/revisions\/22336"}],"up":[{"embeddable":true,"href":"https:\/\/wp.unil.ch\/ateliercritique\/wp-json\/wp\/v2\/pages\/2716"}],"wp:attachment":[{"href":"https:\/\/wp.unil.ch\/ateliercritique\/wp-json\/wp\/v2\/media?parent=3197"}],"curies":[{"name":"wp","href":"https:\/\/api.w.org\/{rel}","templated":true}]}}