{"id":3195,"date":"2014-02-22T20:44:07","date_gmt":"2014-02-22T19:44:07","guid":{"rendered":"http:\/\/wp.unil.ch\/ateliercritique\/?page_id=3195"},"modified":"2025-02-06T17:02:01","modified_gmt":"2025-02-06T16:02:01","slug":"jehanne-denogent","status":"publish","type":"page","link":"https:\/\/wp.unil.ch\/ateliercritique\/lequipe\/jehanne-denogent\/","title":{"rendered":"Jehanne Denogent"},"content":{"rendered":"\n<h4 class=\"wp-block-heading\">Les critiques de Jehanne Denogent :<\/h4>\n\n\n\n<div class=\"wp-block-query is-layout-flow wp-block-query-is-layout-flow\"><ul class=\"wp-block-post-template is-layout-flow wp-block-post-template-is-layout-flow\"><li class=\"wp-block-post post-11775 post type-post status-publish format-standard has-post-thumbnail category-critique category-expired category-spectacle category-tpr-la-chaux-de-fonds tag-jehanne-denogent tag-laure-elie-hoegen\">\n<h6 class=\"liensouligne wp-block-post-title\"><a href=\"https:\/\/wp.unil.ch\/ateliercritique\/2017\/06\/perdre-le-nord\/\" target=\"_self\" >Perdre le nord<\/a><\/h6>\n\n<div class=\"wp-block-post-excerpt\"><p class=\"wp-block-post-excerpt__excerpt\">Texte de Christiane Th\u00e9bert \/ conception Claude Th\u00e9bert \/ TPR &#8211; Th\u00e9\u00e2tre Populaire Romand (Hors les murs) \/ La Chaux-de-Fonds \/ 21 juin 2017 \/ Critiques par Jehanne Denogent et Laure-Elie Hoegen.\u00a0 <\/p><\/div>\n\n\n<div style=\"height:1px\" aria-hidden=\"true\" class=\"wp-block-spacer\"><\/div>\n\n<\/li><li class=\"wp-block-post post-11713 post type-post status-publish format-standard has-post-thumbnail category-critique category-expired category-spectacle category-theatre-de-vidy tag-artemisia-romano tag-jehanne-denogent\">\n<h6 class=\"liensouligne wp-block-post-title\"><a href=\"https:\/\/wp.unil.ch\/ateliercritique\/2017\/06\/still-in-paradise\/\" target=\"_self\" >Still in paradise<\/a><\/h6>\n\n<div class=\"wp-block-post-excerpt\"><p class=\"wp-block-post-excerpt__excerpt\">Cr\u00e9ation de Yan Duyvendak et Omar Ghayatt \/ Th\u00e9\u00e2tre de Vidy \/ du 6 au 10 juin \u00a02017 \/ Critiques par Jehanne Denogent et Artemisia Romano.\u00a0 <\/p><\/div>\n\n\n<div style=\"height:1px\" aria-hidden=\"true\" class=\"wp-block-spacer\"><\/div>\n\n<\/li><li class=\"wp-block-post post-11601 post type-post status-publish format-standard has-post-thumbnail category-critique category-expired category-spectacle category-theatre-des-marionnettes tag-jehanne-denogent\">\n<h6 class=\"liensouligne wp-block-post-title\"><a href=\"https:\/\/wp.unil.ch\/ateliercritique\/2017\/05\/ressacs\/\" target=\"_self\" >Ressacs<\/a><\/h6>\n\n<div class=\"wp-block-post-excerpt\"><p class=\"wp-block-post-excerpt__excerpt\">Cr\u00e9ation de la Cie Gare Centrale (BE) \/ Th\u00e9\u00e2tre des Marionnettes de Gen\u00e8ve \/ du 16 au 21 mai 2017 \/ Critique par Jehanne Denogent.\u00a0 <\/p><\/div>\n\n\n<div style=\"height:1px\" aria-hidden=\"true\" class=\"wp-block-spacer\"><\/div>\n\n<\/li><li class=\"wp-block-post post-11116 post type-post status-publish format-standard has-post-thumbnail category-critique category-expired category-spectacle category-theatre-de-vidy tag-artemisia-romano tag-basile-seppey tag-celine-conus tag-ivan-garcia tag-jehanne-denogent tag-jeremy-berthoud tag-joanne-vaudroz tag-margot-prodhom tag-thomas-cordova\">\n<h6 class=\"liensouligne wp-block-post-title\"><a href=\"https:\/\/wp.unil.ch\/ateliercritique\/2017\/03\/reve-et-folie\/\" target=\"_self\" >R\u00eave et folie<\/a><\/h6>\n\n<div class=\"wp-block-post-excerpt\"><p class=\"wp-block-post-excerpt__excerpt\">De\u00a0Georg Trakl \/ Mise en sc\u00e8ne de Claude R\u00e9gy \/ Th\u00e9\u00e2tre de Vidy \/ du 28 f\u00e9vrier au 4 mars 2017 \/ Textes par J\u00e9r\u00e9my Berthoud, C\u00e9line Conus, Thomas Cordova, Jehanne Denogent, Ivan Garcia, Margot Prod\u2019hom, Artemisia Romano, Basile Seppey\u2026 <\/p><\/div>\n\n\n<div style=\"height:1px\" aria-hidden=\"true\" class=\"wp-block-spacer\"><\/div>\n\n<\/li><li class=\"wp-block-post post-11063 post type-post status-publish format-standard has-post-thumbnail category-critique category-expired category-theatre-de-larsenic category-spectacle tag-jehanne-denogent tag-nadia-hachemi\">\n<h6 class=\"liensouligne wp-block-post-title\"><a href=\"https:\/\/wp.unil.ch\/ateliercritique\/2017\/02\/pachinko\/\" target=\"_self\" >Pachinko<\/a><\/h6>\n\n<div class=\"wp-block-post-excerpt\"><p class=\"wp-block-post-excerpt__excerpt\">Cr\u00e9ation Aur\u00e9lien Patouillard \/ Cie Zooscope (CH) \/ du 14 au 18 f\u00e9vrier 2017 \/ Arsenic \/ Critiques par Jehanne Denogent et Nadia Hachemi. <\/p><\/div>\n\n\n<div style=\"height:1px\" aria-hidden=\"true\" class=\"wp-block-spacer\"><\/div>\n\n<\/li><li class=\"wp-block-post post-10831 post type-post status-publish format-standard has-post-thumbnail category-critique category-expired category-spectacle category-theatre-de-vidy tag-jehanne-denogent tag-josefa-terribilini\">\n<h6 class=\"liensouligne wp-block-post-title\"><a href=\"https:\/\/wp.unil.ch\/ateliercritique\/2016\/12\/en-manque\/\" target=\"_self\" >En manque<\/a><\/h6>\n\n<div class=\"wp-block-post-excerpt\"><p class=\"wp-block-post-excerpt__excerpt\">Cr\u00e9ation de Vincent Macaigne \/ Th\u00e9\u00e2tre de Vidy \/ du 13 au 21 d\u00e9cembre 2016 \/ Critiques par Jehanne Denogent et Josefa Terribilini.\u00a0 <\/p><\/div>\n\n\n<div style=\"height:1px\" aria-hidden=\"true\" class=\"wp-block-spacer\"><\/div>\n\n<\/li><li class=\"wp-block-post post-10540 post type-post status-publish format-standard has-post-thumbnail category-critique category-expired category-spectacle category-theatre-des-marionnettes tag-jehanne-denogent tag-valmir-rexhepi\">\n<h6 class=\"liensouligne wp-block-post-title\"><a href=\"https:\/\/wp.unil.ch\/ateliercritique\/2016\/11\/landru\/\" target=\"_self\" >Landru<\/a><\/h6>\n\n<div class=\"wp-block-post-excerpt\"><p class=\"wp-block-post-excerpt__excerpt\">Mise en sc\u00e8ne de Yoann Pencol\u00e9 \u2013 Cie Zusvex \/ Th\u00e9\u00e2tre des Marionnettes de Gen\u00e8ve \/ du 4 au 13 novembre 2016 \/ Critiques par Jehanne Denogent et Valmir Rexhepi.\u00a0 <\/p><\/div>\n\n\n<div style=\"height:1px\" aria-hidden=\"true\" class=\"wp-block-spacer\"><\/div>\n\n<\/li><li class=\"wp-block-post post-8189 post type-post status-publish format-standard has-post-thumbnail category-critique category-expired category-theatre-de-larsenic category-spectacle tag-jehanne-denogent tag-julia-cela\">\n<h6 class=\"liensouligne wp-block-post-title\"><a href=\"https:\/\/wp.unil.ch\/ateliercritique\/2016\/05\/place\/\" target=\"_self\" >Place<\/a><\/h6>\n\n<div class=\"wp-block-post-excerpt\"><p class=\"wp-block-post-excerpt__excerpt\">Cr\u00e9ation pluridisciplinaire de La Section Lopez \/ mise en sc\u00e8ne et \u00e9criture Adina Secretan \/ Arsenic \/ du 20 au 26 mai \/ Critiques par Julia Cela et Jehanne Denogent. <\/p><\/div>\n\n\n<div style=\"height:1px\" aria-hidden=\"true\" class=\"wp-block-spacer\"><\/div>\n\n<\/li><li class=\"wp-block-post post-8157 post type-post status-publish format-standard has-post-thumbnail category-critique category-expired category-spectacle category-theatre-de-vidy tag-jehanne-denogent\">\n<h6 class=\"liensouligne wp-block-post-title\"><a href=\"https:\/\/wp.unil.ch\/ateliercritique\/2016\/05\/eraritjaritjaka\/\" target=\"_self\" >Eraritjaritjaka<\/a><\/h6>\n\n<div class=\"wp-block-post-excerpt\"><p class=\"wp-block-post-excerpt__excerpt\">Inspir\u00e9 des observations d&rsquo;Elias Canetti \/ mise en sc\u00e8ne Heiner Goebbels \/ Th\u00e9\u00e2tre de Vidy \/ du 17 au 21 mai 2016 \/ Critique par Jehanne Denogent. <\/p><\/div>\n\n\n<div style=\"height:1px\" aria-hidden=\"true\" class=\"wp-block-spacer\"><\/div>\n\n<\/li><li class=\"wp-block-post post-7999 post type-post status-publish format-standard has-post-thumbnail category-critique category-expired category-spectacle category-theatre-de-carouge tag-jehanne-denogent tag-valmir-rexhepi\">\n<h6 class=\"liensouligne wp-block-post-title\"><a href=\"https:\/\/wp.unil.ch\/ateliercritique\/2016\/04\/la-grenouille-avait-raison\/\" target=\"_self\" >La grenouille avait raison<\/a><\/h6>\n\n<div class=\"wp-block-post-excerpt\"><p class=\"wp-block-post-excerpt__excerpt\">De James Thierr\u00e9e \/ Th\u00e9\u00e2tre de Carouge \/ du 5 avril au 8 mai 2016 \/ Critiques par Valmir Rexhepi et Jehanne Denogent. <\/p><\/div>\n\n\n<div style=\"height:1px\" aria-hidden=\"true\" class=\"wp-block-spacer\"><\/div>\n\n<\/li><li class=\"wp-block-post post-7864 post type-post status-publish format-standard has-post-thumbnail category-critique category-expired category-spectacle category-theatre-de-vidy tag-elisa-picci tag-jehanne-denogent\">\n<h6 class=\"liensouligne wp-block-post-title\"><a href=\"https:\/\/wp.unil.ch\/ateliercritique\/2016\/03\/on-va-tout-dallasser-pamela\/\" target=\"_self\" >On va tout dallasser Pamela !<\/a><\/h6>\n\n<div class=\"wp-block-post-excerpt\"><p class=\"wp-block-post-excerpt__excerpt\">Cr\u00e9ation et mise en sc\u00e8ne Marielle Pinsard \/ Th\u00e9\u00e2tre de Vidy \/ du 4 au 13 mars 2016 \/ Critiques par Jehanne Denogent et Elisa Picci. <\/p><\/div>\n\n\n<div style=\"height:1px\" aria-hidden=\"true\" class=\"wp-block-spacer\"><\/div>\n\n<\/li><li class=\"wp-block-post post-6536 post type-post status-publish format-standard has-post-thumbnail category-critique category-expired category-maison-saint-gervais category-spectacle tag-deborah-strebel tag-jehanne-denogent\">\n<h6 class=\"liensouligne wp-block-post-title\"><a href=\"https:\/\/wp.unil.ch\/ateliercritique\/2015\/06\/cheer-leader\/\" target=\"_self\" >Cheer Leader<\/a><\/h6>\n\n<div class=\"wp-block-post-excerpt\"><p class=\"wp-block-post-excerpt__excerpt\">Cr\u00e9ation du Think Tank Theatre \/ Mise en sc\u00e8ne de Karim Bel Kacem \/ Co-mise en sc\u00e8ne et chor\u00e9graphie Maud Blandel \/ du 2 au 13 juin 2015 \/ Th\u00e9\u00e2tre Saint-Gervais (Gen\u00e8ve) \/ Critiques par Deborah Strebel et Jehanne Denogent\u2026 <\/p><\/div>\n\n\n<div style=\"height:1px\" aria-hidden=\"true\" class=\"wp-block-spacer\"><\/div>\n\n<\/li><li class=\"wp-block-post post-6003 post type-post status-publish format-standard has-post-thumbnail category-critique category-expired category-maison-saint-gervais category-spectacle tag-deborah-strebel tag-jehanne-denogent\">\n<h6 class=\"liensouligne wp-block-post-title\"><a href=\"https:\/\/wp.unil.ch\/ateliercritique\/2015\/03\/le-fantasme-de-lechec\/\" target=\"_self\" >Le Fantasme de l&rsquo;\u00e9chec<\/a><\/h6>\n\n<div class=\"wp-block-post-excerpt\"><p class=\"wp-block-post-excerpt__excerpt\">par la Cie Fenil Hirsute \/ cr\u00e9ation V\u00e9ronique Bettencourt \/ du 10 au 21 mars 2015 \/ Th\u00e9\u00e2tre Saint-Gervais \/ Critiques par Deboarh Strebel et Jehanne Denogent. <\/p><\/div>\n\n\n<div style=\"height:1px\" aria-hidden=\"true\" class=\"wp-block-spacer\"><\/div>\n\n<\/li><li class=\"wp-block-post post-5870 post type-post status-publish format-standard has-post-thumbnail category-critique category-expired category-spectacle category-theatre-les-halles tag-jehanne-denogent\">\n<h6 class=\"liensouligne wp-block-post-title\"><a href=\"https:\/\/wp.unil.ch\/ateliercritique\/2015\/03\/les-histoires-da-andromaque\/\" target=\"_self\" >Les Histoires d&rsquo;A-Andromaque<\/a><\/h6>\n\n<div class=\"wp-block-post-excerpt\"><p class=\"wp-block-post-excerpt__excerpt\">d&rsquo;apr\u00e8s Jean Racine \/ mise en sc\u00e8ne Alexandre Doublet \/ Th\u00e9\u00e2tre Les Halles (Sierre) \/ du 3 au 7 mars 2015 \/ Critique par Jehanne Denogent. <\/p><\/div>\n\n\n<div style=\"height:1px\" aria-hidden=\"true\" class=\"wp-block-spacer\"><\/div>\n\n<\/li><li class=\"wp-block-post post-5787 post type-post status-publish format-standard has-post-thumbnail category-critique category-expired category-spectacle category-theatre-les-halles tag-deborah-strebel tag-jehanne-denogent\">\n<h6 class=\"liensouligne wp-block-post-title\"><a href=\"https:\/\/wp.unil.ch\/ateliercritique\/2015\/02\/comme-toi-meme\/\" target=\"_self\" >Comme toi-m\u00eame<\/a><\/h6>\n\n<div class=\"wp-block-post-excerpt\"><p class=\"wp-block-post-excerpt__excerpt\">conception et mise en sc\u00e8ne Olivia Seigne et Alexandre Vogel \/ du 5 au 13 f\u00e9vrier 2015 \/ Th\u00e9\u00e2tre Les Halles (Sierre) \/ Critiques par Deborah Strebel et Jehanne Denogent.\u00a0 <\/p><\/div>\n\n\n<div style=\"height:1px\" aria-hidden=\"true\" class=\"wp-block-spacer\"><\/div>\n\n<\/li><li class=\"wp-block-post post-5639 post type-post status-publish format-standard has-post-thumbnail category-critique category-expired category-maison-saint-gervais category-spectacle tag-jehanne-denogent tag-maryke-oosterhoff\">\n<h6 class=\"liensouligne wp-block-post-title\"><a href=\"https:\/\/wp.unil.ch\/ateliercritique\/2014\/12\/my-dinner-with-andre\/\" target=\"_self\" >My Dinner with Andr\u00e9<\/a><\/h6>\n\n<div class=\"wp-block-post-excerpt\"><p class=\"wp-block-post-excerpt__excerpt\">tg STAN, de KOE \/ de et avec Damiaan De Schrijver et Peter Van den Eede \/ texte d&rsquo;Andr\u00e9 Gregory et Wallace Shawn d\u2019apr\u00e8s le sc\u00e9nario de l&rsquo;adaptation de Louis Malle (1981) \/ du 17 au 20 d\u00e9cembre 2014 \/\u2026 <\/p><\/div>\n\n\n<div style=\"height:1px\" aria-hidden=\"true\" class=\"wp-block-spacer\"><\/div>\n\n<\/li><li class=\"wp-block-post post-5615 post type-post status-publish format-standard has-post-thumbnail category-critique category-expired category-theatre-comedie category-spectacle tag-jehanne-denogent\">\n<h6 class=\"liensouligne wp-block-post-title\"><a href=\"https:\/\/wp.unil.ch\/ateliercritique\/2014\/12\/faust-i\/\" target=\"_self\" >Faust I<\/a><\/h6>\n\n<div class=\"wp-block-post-excerpt\"><p class=\"wp-block-post-excerpt__excerpt\">de Johann Wolfgang von Goethe \/ mise en sc\u00e8ne Nicolas Stemann \/du 12 au 14 d\u00e9cembre 2014 \/ Com\u00e9die de Gen\u00e8ve \/ Critique par Jehanne Denogent. <\/p><\/div>\n\n\n<div style=\"height:1px\" aria-hidden=\"true\" class=\"wp-block-spacer\"><\/div>\n\n<\/li><li class=\"wp-block-post post-5367 post type-post status-publish format-standard has-post-thumbnail category-critique category-expired category-spectacle category-theatre-arc-en-scenes-chaux-de-fonds tag-deborah-strebel tag-jehanne-denogent\">\n<h6 class=\"liensouligne wp-block-post-title\"><a href=\"https:\/\/wp.unil.ch\/ateliercritique\/2014\/11\/arcadia\/\" target=\"_self\" >Arcadia<\/a><\/h6>\n\n<div class=\"wp-block-post-excerpt\"><p class=\"wp-block-post-excerpt__excerpt\">Conception et mise en sc\u00e8ne Nina Willimann \/ Cie trop cher to share, du 1er au 2 novembre 2014 \/ TPR \/ Critiques par Deborah Strebel et Jehanne Denogent. <\/p><\/div>\n\n\n<div style=\"height:1px\" aria-hidden=\"true\" class=\"wp-block-spacer\"><\/div>\n\n<\/li><li class=\"wp-block-post post-5105 post type-post status-publish format-standard has-post-thumbnail category-critique category-expired category-spectacle category-theatre-de-vidy tag-deborah-strebel tag-jehanne-denogent tag-lisa-tagliabue tag-maelle-andrey tag-maryke-oosterhoff tag-nicolas-joray tag-noemie-desarzens\">\n<h6 class=\"liensouligne wp-block-post-title\"><a href=\"https:\/\/wp.unil.ch\/ateliercritique\/2014\/10\/les-palmiers-sauvages\/\" target=\"_self\" >Les Palmiers sauvages<\/a><\/h6>\n\n<div class=\"wp-block-post-excerpt\"><p class=\"wp-block-post-excerpt__excerpt\">D\u2019apr\u00e8s William Faulkner \/ mise en sc\u00e8ne S\u00e9verine Chavrier \/ du 25 septembre au 12 octobre 2014 \/ Th\u00e9\u00e2tre Vidy Lausanne \/ Critiques par Deborah Strebel, Lisa Tagliabue, No\u00e9mie Desarzens, Ma\u00eblle Andrey, Nicolas Joray, Maryke Oosterhoff et Jehanne Denogent. <\/p><\/div>\n\n\n<div style=\"height:1px\" aria-hidden=\"true\" class=\"wp-block-spacer\"><\/div>\n\n<\/li><li class=\"wp-block-post post-4637 post type-post status-publish format-standard has-post-thumbnail category-critique category-expired category-le-petit-theatre category-spectacle tag-jehanne-denogent\">\n<h6 class=\"liensouligne wp-block-post-title\"><a href=\"https:\/\/wp.unil.ch\/ateliercritique\/2014\/05\/lola\/\" target=\"_self\" >Lola Folding<\/a><\/h6>\n\n<div class=\"wp-block-post-excerpt\"><p class=\"wp-block-post-excerpt__excerpt\">cr\u00e9ation et accueil Cie Brico Jardin et Am Stram Gram \/ texte et basse de Marc Jeanneret \/ composition et guitare Simon Aeschimann \/ Le petit th\u00e9\u00e2tre de Lausanne \/ du 21 au 25 mai 2014 \/ Critique par Jehanne\u2026 <\/p><\/div>\n\n\n<div style=\"height:1px\" aria-hidden=\"true\" class=\"wp-block-spacer\"><\/div>\n\n<\/li><li class=\"wp-block-post post-4372 post type-post status-publish format-standard has-post-thumbnail category-critique category-expired category-spectacle category-theatre-les-halles tag-aline-kohler tag-deborah-strebel tag-jehanne-denogent\">\n<h6 class=\"liensouligne wp-block-post-title\"><a href=\"https:\/\/wp.unil.ch\/ateliercritique\/2014\/05\/on-a-promis\/\" target=\"_self\" >On a promis de ne pas vous toucher<\/a><\/h6>\n\n<div class=\"wp-block-post-excerpt\"><p class=\"wp-block-post-excerpt__excerpt\">\u00e0 partir de G. Bataille \/ mise en sc\u00e8ne Aur\u00e9lien Patouillard \u2013 Zooscope \/ du 9 au 19 avril 2014 au Th\u00e9\u00e2tre Les Halles de Sierre \/ du 7 au 11 mai au Th\u00e9\u00e2tre Arsenic \u00e0 Lausanne \/ Critiques par\u2026 <\/p><\/div>\n\n\n<div style=\"height:1px\" aria-hidden=\"true\" class=\"wp-block-spacer\"><\/div>\n\n<\/li><li class=\"wp-block-post post-4100 post type-post status-publish format-standard has-post-thumbnail category-critique category-expired category-la-grange category-spectacle tag-aline-kohler tag-jehanne-denogent tag-sabrina-roh\">\n<h6 class=\"liensouligne wp-block-post-title\"><a href=\"https:\/\/wp.unil.ch\/ateliercritique\/2014\/03\/couvre-feux\/\" target=\"_self\" >Couvre-feux<\/a><\/h6>\n\n<div class=\"wp-block-post-excerpt\"><p class=\"wp-block-post-excerpt__excerpt\">de Didier-Georges Gabily \/ mise en sc\u00e8ne et adaptation Ludovic Chazaud \u2013 la Cie Jeanne F\u00f6hn \/ Th\u00e9\u00e2tre La Grange de Dorigny \/ du 13 au 16 mars 2014 \/ Critiques par Sabrina Roh, Jehanne Denogent et Aline Kohler.\u00a0 <\/p><\/div>\n\n\n<div style=\"height:1px\" aria-hidden=\"true\" class=\"wp-block-spacer\"><\/div>\n\n<\/li><li class=\"wp-block-post post-3683 post type-post status-publish format-standard has-post-thumbnail category-critique category-expired category-theatre-comedie category-la-grange category-spectacle tag-aline-kohler tag-deborah-strebel tag-jehanne-denogent tag-joanna-potz tag-maryke-oosterhoff\">\n<h6 class=\"liensouligne wp-block-post-title\"><a href=\"https:\/\/wp.unil.ch\/ateliercritique\/2014\/03\/yvonne\/\" target=\"_self\" >Yvonne, princesse de Bourgogne<\/a><\/h6>\n\n<div class=\"wp-block-post-excerpt\"><p class=\"wp-block-post-excerpt__excerpt\">d\u2019apr\u00e8s Witold Gombrowicz \/ conception et mise en sc\u00e8ne Genevi\u00e8ve Guhl \/ du 27 f\u00e9vrier au 8 mars au Th\u00e9\u00e2tre La Grange de Dorigny \u00e0 Lausanne \/ du 8 au 11 avril \u00e0 la Com\u00e9die de Gen\u00e8ve \/ vendredi 2\u2026 <\/p><\/div>\n\n\n<div style=\"height:1px\" aria-hidden=\"true\" class=\"wp-block-spacer\"><\/div>\n\n<\/li><li class=\"wp-block-post post-2492 post type-post status-publish format-standard has-post-thumbnail category-critique category-expired category-theatre-comedie category-spectacle tag-cecilia-galindo tag-jehanne-denogent tag-sophie-badoux\">\n<h6 class=\"liensouligne wp-block-post-title\"><a href=\"https:\/\/wp.unil.ch\/ateliercritique\/2014\/01\/heros\/\" target=\"_self\" >Des H\u00e9ros : Ajax \/ \u0152dipe Roi<\/a><\/h6>\n\n<div class=\"wp-block-post-excerpt\"><p class=\"wp-block-post-excerpt__excerpt\">textes de Wajdi Mouawad et de Sophocle \/ mise en sc\u00e8ne Wajdi Mouawad \/ La Com\u00e9die (Gen\u00e8ve) \/ du 21 au 26 janvier 2014 \/ Critiques par Cecilia Galindo, Sophie Badoux et Jehanne Denogent. <\/p><\/div>\n\n\n<div style=\"height:1px\" aria-hidden=\"true\" class=\"wp-block-spacer\"><\/div>\n\n<\/li><li class=\"wp-block-post post-1328 post type-post status-publish format-standard has-post-thumbnail category-critique category-expired category-theatre-de-larsenic category-spectacle tag-aitor-gosende tag-aline-kohler tag-jehanne-denogent tag-sabrina-roh\">\n<h6 class=\"liensouligne wp-block-post-title\"><a href=\"https:\/\/wp.unil.ch\/ateliercritique\/2013\/11\/valse\/\" target=\"_self\" >Valse aux cypr\u00e8s<\/a><\/h6>\n\n<div class=\"wp-block-post-excerpt\"><p class=\"wp-block-post-excerpt__excerpt\">de Julien Mages \/ collectif Division \/ Th\u00e9\u00e2tre l&rsquo;Arsenic \u00e0 Lausanne \/ du 26 novembre au 5 d\u00e9cembre 2013 \/ Critiques par Jehanne Denogent, Aitor Gosende, Sabrina Roh et Aline Kohler. <\/p><\/div>\n\n\n<div style=\"height:1px\" aria-hidden=\"true\" class=\"wp-block-spacer\"><\/div>\n\n<\/li><\/ul><\/div>\n","protected":false},"excerpt":{"rendered":"<p>Les critiques de Jehanne Denogent :<\/p>\n","protected":false},"author":1420,"featured_media":0,"parent":2716,"menu_order":0,"comment_status":"closed","ping_status":"open","template":"","meta":{"_seopress_robots_primary_cat":"","_seopress_titles_title":"","_seopress_titles_desc":"","_seopress_robots_index":"","footnotes":""},"class_list":["post-3195","page","type-page","status-publish"],"_links":{"self":[{"href":"https:\/\/wp.unil.ch\/ateliercritique\/wp-json\/wp\/v2\/pages\/3195","targetHints":{"allow":["GET"]}}],"collection":[{"href":"https:\/\/wp.unil.ch\/ateliercritique\/wp-json\/wp\/v2\/pages"}],"about":[{"href":"https:\/\/wp.unil.ch\/ateliercritique\/wp-json\/wp\/v2\/types\/page"}],"author":[{"embeddable":true,"href":"https:\/\/wp.unil.ch\/ateliercritique\/wp-json\/wp\/v2\/users\/1420"}],"replies":[{"embeddable":true,"href":"https:\/\/wp.unil.ch\/ateliercritique\/wp-json\/wp\/v2\/comments?post=3195"}],"version-history":[{"count":1,"href":"https:\/\/wp.unil.ch\/ateliercritique\/wp-json\/wp\/v2\/pages\/3195\/revisions"}],"predecessor-version":[{"id":22269,"href":"https:\/\/wp.unil.ch\/ateliercritique\/wp-json\/wp\/v2\/pages\/3195\/revisions\/22269"}],"up":[{"embeddable":true,"href":"https:\/\/wp.unil.ch\/ateliercritique\/wp-json\/wp\/v2\/pages\/2716"}],"wp:attachment":[{"href":"https:\/\/wp.unil.ch\/ateliercritique\/wp-json\/wp\/v2\/media?parent=3195"}],"curies":[{"name":"wp","href":"https:\/\/api.w.org\/{rel}","templated":true}]}}