{"id":3191,"date":"2014-02-22T20:42:09","date_gmt":"2014-02-22T19:42:09","guid":{"rendered":"http:\/\/wp.unil.ch\/ateliercritique\/?page_id=3191"},"modified":"2025-02-07T09:38:41","modified_gmt":"2025-02-07T08:38:41","slug":"deborah-strebel","status":"publish","type":"page","link":"https:\/\/wp.unil.ch\/ateliercritique\/lequipe\/deborah-strebel\/","title":{"rendered":"Deborah Strebel"},"content":{"rendered":"<p style=\"text-align: justify\">Etudiante de master en Histoire de l&rsquo;art et en Fran\u00e7ais, c&rsquo;est avec joie et enthousiasme que je participe \u00e0 cet atelier qui me permet d&rsquo;allier deux de mes passions : l&rsquo;\u00e9criture et le th\u00e9\u00e2tre. Apr\u00e8s avoir suivi des cours d&rsquo;art dramatique durant une dizaine d&rsquo;ann\u00e9es, j&rsquo;ai eu le plaisir de red\u00e9couvrir le th\u00e9\u00e2tre \u00e0 l&rsquo;universit\u00e9 lors de diff\u00e9rents s\u00e9minaires d&rsquo;analyse de texte ou de dramaturgie. Gr\u00e2ce \u00e0 des micros exp\u00e9riences en tant que com\u00e9dienne, mon regard sur le jeu d&rsquo;acteur s&rsquo;est aiguis\u00e9. De plus, suite \u00e0 l&rsquo;\u00e9tude litt\u00e9raire de nombreuses pi\u00e8ces dans le cadre acad\u00e9mique, il a naturellement continu\u00e9 \u00e0 s&rsquo;aff\u00fbter pour \u00eatre aujourd&rsquo;hui de plus en plus exigeant tout en demeurant toujours des plus captiv\u00e9s.<\/p>\n<h4>Les critiques de Deborah Strebel :<\/h4>\n\n\n<div class=\"wp-block-query is-layout-flow wp-block-query-is-layout-flow\"><ul class=\"wp-block-post-template is-layout-flow wp-block-post-template-is-layout-flow\"><li class=\"wp-block-post post-8172 post type-post status-publish format-standard has-post-thumbnail category-critique category-expired category-spectacle category-theatre-de-lusine-geneve tag-deborah-strebel tag-fanny-utiger\">\n<h6 class=\"liensouligne wp-block-post-title\"><a href=\"https:\/\/wp.unil.ch\/ateliercritique\/2016\/05\/fresque\/\" target=\"_self\" >Fresque<\/a><\/h6>\n\n<div class=\"wp-block-post-excerpt\"><p class=\"wp-block-post-excerpt__excerpt\">Sur une id\u00e9e de Marius Schaffter &amp; J\u00e9r\u00f4me St\u00fcnzi \/ par le collectif Old Masters \/ Th\u00e9\u00e2tre de l&rsquo;Usine \/ du 19 au 25 mai 2016 \/ Critiques par Deborah Strebel et Fanny Utiger. <\/p><\/div>\n\n\n<div style=\"height:1px\" aria-hidden=\"true\" class=\"wp-block-spacer\"><\/div>\n\n<\/li><li class=\"wp-block-post post-8149 post type-post status-publish format-standard has-post-thumbnail category-critique category-expired category-le-reflet category-spectacle tag-deborah-strebel tag-valmir-rexhepi\">\n<h6 class=\"liensouligne wp-block-post-title\"><a href=\"https:\/\/wp.unil.ch\/ateliercritique\/2016\/05\/black-out\/\" target=\"_self\" >Black out<\/a><\/h6>\n\n<div class=\"wp-block-post-excerpt\"><p class=\"wp-block-post-excerpt__excerpt\">Par la compagnie Philippe Saire \/ Le Reflet \/ du 12 au 15 mai 2016 \/ Critiques par Deborah Strebel et Valmir Rexhepi. <\/p><\/div>\n\n\n<div style=\"height:1px\" aria-hidden=\"true\" class=\"wp-block-spacer\"><\/div>\n\n<\/li><li class=\"wp-block-post post-8039 post type-post status-publish format-standard has-post-thumbnail category-critique category-expired category-la-grange category-spectacle tag-deborah-strebel tag-nadia-hachemi\">\n<h6 class=\"liensouligne wp-block-post-title\"><a href=\"https:\/\/wp.unil.ch\/ateliercritique\/2016\/04\/t-o-r-m\/\" target=\"_self\" >$.T.O.r.M.<\/a><\/h6>\n\n<div class=\"wp-block-post-excerpt\"><p class=\"wp-block-post-excerpt__excerpt\">D&rsquo;apr\u00e8s Th\u00e9or\u00e8me de Pier Paolo Pasolini\/ mise en sc\u00e8ne Vincent Bonillo \/ Cie Voix Publique \/ La Grange de Dorigny \/ du 11 au 17 avril 2016 \/ Critiques par Nadia Hachemi et Deborah Strebel. <\/p><\/div>\n\n\n<div style=\"height:1px\" aria-hidden=\"true\" class=\"wp-block-spacer\"><\/div>\n\n<\/li><li class=\"wp-block-post post-7989 post type-post status-publish format-standard has-post-thumbnail category-critique category-expired category-spectacle category-theatre-2-21-lausanne tag-deborah-strebel tag-valmir-rexhepi\">\n<h6 class=\"liensouligne wp-block-post-title\"><a href=\"https:\/\/wp.unil.ch\/ateliercritique\/2016\/03\/sans-peau\/\" target=\"_self\" >Sans peau<\/a><\/h6>\n\n<div class=\"wp-block-post-excerpt\"><p class=\"wp-block-post-excerpt__excerpt\">Texte et mise en sc\u00e8ne Pierre Lepori \/ Th\u00e9\u00e2tre 2.21 \/ du 29 mars au 3 avril \/ Critiques par Deborah Strebel et Valmir Rexhepi. <\/p><\/div>\n\n\n<div style=\"height:1px\" aria-hidden=\"true\" class=\"wp-block-spacer\"><\/div>\n\n<\/li><li class=\"wp-block-post post-7975 post type-post status-publish format-standard has-post-thumbnail category-critique category-expired category-le-reflet category-spectacle tag-amandine-rosset tag-deborah-strebel\">\n<h6 class=\"liensouligne wp-block-post-title\"><a href=\"https:\/\/wp.unil.ch\/ateliercritique\/2016\/03\/george-dandin-et-la-jalousie-du-barbouille\/\" target=\"_self\" >George Dandin et La Jalousie du Barbouill\u00e9<\/a><\/h6>\n\n<div class=\"wp-block-post-excerpt\"><p class=\"wp-block-post-excerpt__excerpt\">De Moli\u00e8re \/ mise en sc\u00e8ne Herv\u00e9 Pierre \/ par la troupe de la Com\u00e9die-Fran\u00e7aise \/ Le Reflet \/ le 20 mars 2016 \/ Critiques par Deborah Strebel et Amandine Rosset. <\/p><\/div>\n\n\n<div style=\"height:1px\" aria-hidden=\"true\" class=\"wp-block-spacer\"><\/div>\n\n<\/li><li class=\"wp-block-post post-7893 post type-post status-publish format-standard has-post-thumbnail category-critique category-expired category-la-grange category-spectacle tag-deborah-strebel tag-valmir-rexhepi\">\n<h6 class=\"liensouligne wp-block-post-title\"><a href=\"https:\/\/wp.unil.ch\/ateliercritique\/2016\/03\/sallinger\/\" target=\"_self\" >Sallinger<\/a><\/h6>\n\n<div class=\"wp-block-post-excerpt\"><p class=\"wp-block-post-excerpt__excerpt\">De Bernard-Marie Kolt\u00e8s \/ mise en sc\u00e8ne Sandra Gaudin \/\u00a0 La Grange de Dorigny \/ du 10 au 12 mars 2016 \/ Critiques par Deborah Strebel et Valmir Rexhepi. <\/p><\/div>\n\n\n<div style=\"height:1px\" aria-hidden=\"true\" class=\"wp-block-spacer\"><\/div>\n\n<\/li><li class=\"wp-block-post post-7716 post type-post status-publish format-standard has-post-thumbnail category-critique category-expired category-spectacle category-theatre-de-vidy tag-deborah-strebel tag-simon-falquet\">\n<h6 class=\"liensouligne wp-block-post-title\"><a href=\"https:\/\/wp.unil.ch\/ateliercritique\/2016\/01\/citizien-jobs\/\" target=\"_self\" >Citizien Jobs<\/a><\/h6>\n\n<div class=\"wp-block-post-excerpt\"><p class=\"wp-block-post-excerpt__excerpt\">De Jean-Fran\u00e7ois Peyret \/ avec Jos Houben \/ Th\u00e9\u00e2tre de Vidy \/ du 19 au 29 janvier 2016 \/ Critiques par Deborah Strebel et Simon Falquet. <\/p><\/div>\n\n\n<div style=\"height:1px\" aria-hidden=\"true\" class=\"wp-block-spacer\"><\/div>\n\n<\/li><li class=\"wp-block-post post-7702 post type-post status-publish format-standard has-post-thumbnail category-critique category-expired category-maison-saint-gervais category-spectacle tag-deborah-strebel tag-luc-siegenthaler\">\n<h6 class=\"liensouligne wp-block-post-title\"><a href=\"https:\/\/wp.unil.ch\/ateliercritique\/2016\/01\/te-hare-invencible-con-mi-derrota\/\" target=\"_self\" >Te har\u00e9 invencible con mi derrota<\/a><\/h6>\n\n<div class=\"wp-block-post-excerpt\"><p class=\"wp-block-post-excerpt__excerpt\">D\u2019Ang\u00e9lica Liddell \/ par Ang\u00e9lica Liddell, compagnie Atra Bilis Teatro \/ Th\u00e9\u00e2tre Saint-Gervais \/ du 19 au 23 janvier 2016 \/ Critiques par Luc Siegenthaler et Deborah Strebel. <\/p><\/div>\n\n\n<div style=\"height:1px\" aria-hidden=\"true\" class=\"wp-block-spacer\"><\/div>\n\n<\/li><li class=\"wp-block-post post-7477 post type-post status-publish format-standard has-post-thumbnail category-critique category-expired category-la-grange category-spectacle tag-deborah-strebel tag-fanny-utiger\">\n<h6 class=\"liensouligne wp-block-post-title\"><a href=\"https:\/\/wp.unil.ch\/ateliercritique\/2015\/11\/mamma-helvetia-un-rapport-familial\/\" target=\"_self\" >Mamma Helvetia (un rapport familial)<\/a><\/h6>\n\n<div class=\"wp-block-post-excerpt\"><p class=\"wp-block-post-excerpt__excerpt\">Un projet de Georg Scharegg et Theater Chur \/ mise en sc\u00e8ne Georg Scharegg \/ La Grange de Dorigny \/ du 20 au 22 novembre 2015 \/ Critiques par Deborah Strebel et Fanny Utiger. <\/p><\/div>\n\n\n<div style=\"height:1px\" aria-hidden=\"true\" class=\"wp-block-spacer\"><\/div>\n\n<\/li><li class=\"wp-block-post post-7462 post type-post status-publish format-standard has-post-thumbnail category-critique category-expired category-spectacle category-theatre-2-21-lausanne tag-deborah-strebel tag-valmir-rexhepi\">\n<h6 class=\"liensouligne wp-block-post-title\"><a href=\"https:\/\/wp.unil.ch\/ateliercritique\/2015\/11\/7462\/\" target=\"_self\" >Autour d\u2019Alo\u00efse<\/a><\/h6>\n\n<div class=\"wp-block-post-excerpt\"><p class=\"wp-block-post-excerpt__excerpt\">De S\u00e9bastien Ribaux \/ mise en sc\u00e8ne S\u00e9bastien Ribaux \/ Th\u00e9\u00e2tre 2.21 \/ du 17 au 29 novembre 2015 \/ Critiques par Valmir Rexhepi et Deborah Strebel. <\/p><\/div>\n\n\n<div style=\"height:1px\" aria-hidden=\"true\" class=\"wp-block-spacer\"><\/div>\n\n<\/li><li class=\"wp-block-post post-7041 post type-post status-publish format-standard has-post-thumbnail category-critique category-expired category-spectacle category-theatre-de-lusine-geneve tag-deborah-strebel tag-valmir-rexhepi\">\n<h6 class=\"liensouligne wp-block-post-title\"><a href=\"https:\/\/wp.unil.ch\/ateliercritique\/2015\/10\/la-suisse-et-la-mort\/\" target=\"_self\" >La Suisse et la mort<\/a><\/h6>\n\n<div class=\"wp-block-post-excerpt\"><p class=\"wp-block-post-excerpt__excerpt\">Conception et interpr\u00e9tation FUR compagnie \/ Th\u00e9\u00e2tre de l\u2019Usine \/ du 15 au 21 octobre 2015 \/ Critiques par Deborah Strebel et Valmir Rexhepi. <\/p><\/div>\n\n\n<div style=\"height:1px\" aria-hidden=\"true\" class=\"wp-block-spacer\"><\/div>\n\n<\/li><li class=\"wp-block-post post-6835 post type-post status-publish format-standard has-post-thumbnail category-critique category-expired category-spectacle category-theatre-du-loup tag-deborah-strebel tag-nadia-hachemi\">\n<h6 class=\"liensouligne wp-block-post-title\"><a href=\"https:\/\/wp.unil.ch\/ateliercritique\/2015\/10\/dacier\/\" target=\"_self\" >D&rsquo;acier<\/a><\/h6>\n\n<div class=\"wp-block-post-excerpt\"><p class=\"wp-block-post-excerpt__excerpt\">De Silvia Avallone \/ mise en sc\u00e8ne Robert Sandoz \/ Th\u00e9\u00e2tre du Loup \/ du 6 au 18 octobre 2015 \/ Critiques par Deborah Strebel et Nadia Hachemi . <\/p><\/div>\n\n\n<div style=\"height:1px\" aria-hidden=\"true\" class=\"wp-block-spacer\"><\/div>\n\n<\/li><li class=\"wp-block-post post-6707 post type-post status-publish format-standard has-post-thumbnail category-critique category-expired category-spectacle category-orangerie tag-deborah-strebel\">\n<h6 class=\"liensouligne wp-block-post-title\"><a href=\"https:\/\/wp.unil.ch\/ateliercritique\/2015\/09\/oblomov\/\" target=\"_self\" >Oblomov<\/a><\/h6>\n\n<div class=\"wp-block-post-excerpt\"><p class=\"wp-block-post-excerpt__excerpt\">D&rsquo;apr\u00e8s d\u2019Ivan Gontcharov \/ Mise en sc\u00e8ne de Dorian Rossel \/ du 1er au 12 septembre 2015 (rel\u00e2che le 7 septembre) \/ Th\u00e9\u00e2tre de l\u2019Orangerie (Gen\u00e8ve) \/ Critique par Deborah Strebel . <\/p><\/div>\n\n\n<div style=\"height:1px\" aria-hidden=\"true\" class=\"wp-block-spacer\"><\/div>\n\n<\/li><li class=\"wp-block-post post-6693 post type-post status-publish format-standard has-post-thumbnail category-critique category-expired category-spectacle category-orangerie tag-deborah-strebel\">\n<h6 class=\"liensouligne wp-block-post-title\"><a href=\"https:\/\/wp.unil.ch\/ateliercritique\/2015\/07\/la-maladie-de-la-famille-m\/\" target=\"_self\" >La Maladie de la famille M<\/a><\/h6>\n\n<div class=\"wp-block-post-excerpt\"><p class=\"wp-block-post-excerpt__excerpt\">D&rsquo;apr\u00e8s Fausto Paravidino \/ Mise en sc\u00e8ne d&rsquo;Andrea Novicov \/ du 14 au 25 juillet 2015 \/ Th\u00e9\u00e2tre de l\u2019Orangerie (Gen\u00e8ve) ( Critique par Deborah Strebel . <\/p><\/div>\n\n\n<div style=\"height:1px\" aria-hidden=\"true\" class=\"wp-block-spacer\"><\/div>\n\n<\/li><li class=\"wp-block-post post-6549 post type-post status-publish format-standard has-post-thumbnail category-critique category-expired category-spectacle category-theatre-du-jorat tag-cecilia-galindo tag-deborah-strebel\">\n<h6 class=\"liensouligne wp-block-post-title\"><a href=\"https:\/\/wp.unil.ch\/ateliercritique\/2015\/06\/nid-de-coucou\/\" target=\"_self\" >Nid de coucou<\/a><\/h6>\n\n<div class=\"wp-block-post-excerpt\"><p class=\"wp-block-post-excerpt__excerpt\">D\u2019apr\u00e8s Ken Kesey \/ Par le Footsbarn Theatre \/ du 11 au 12 juin 2015 \/ Th\u00e9\u00e2tre du Jorat (M\u00e9zi\u00e8res) \/ Critiques par Deborah Strebel et Cecilia Galindo . <\/p><\/div>\n\n\n<div style=\"height:1px\" aria-hidden=\"true\" class=\"wp-block-spacer\"><\/div>\n\n<\/li><li class=\"wp-block-post post-6536 post type-post status-publish format-standard has-post-thumbnail category-critique category-expired category-maison-saint-gervais category-spectacle tag-deborah-strebel tag-jehanne-denogent\">\n<h6 class=\"liensouligne wp-block-post-title\"><a href=\"https:\/\/wp.unil.ch\/ateliercritique\/2015\/06\/cheer-leader\/\" target=\"_self\" >Cheer Leader<\/a><\/h6>\n\n<div class=\"wp-block-post-excerpt\"><p class=\"wp-block-post-excerpt__excerpt\">Cr\u00e9ation du Think Tank Theatre \/ Mise en sc\u00e8ne de Karim Bel Kacem \/ Co-mise en sc\u00e8ne et chor\u00e9graphie Maud Blandel \/ du 2 au 13 juin 2015 \/ Th\u00e9\u00e2tre Saint-Gervais (Gen\u00e8ve) \/ Critiques par Deborah Strebel et Jehanne Denogent\u2026 <\/p><\/div>\n\n\n<div style=\"height:1px\" aria-hidden=\"true\" class=\"wp-block-spacer\"><\/div>\n\n<\/li><li class=\"wp-block-post post-6435 post type-post status-publish format-standard has-post-thumbnail category-critique category-expired category-theatre-des-osses category-spectacle tag-deborah-strebel tag-jonathan-hofer tag-nicolas-joray\">\n<h6 class=\"liensouligne wp-block-post-title\"><a href=\"https:\/\/wp.unil.ch\/ateliercritique\/2015\/05\/festival-le-printemps-des-compagnies\/\" target=\"_self\" >Festival Le Printemps des compagnies<\/a><\/h6>\n\n<div class=\"wp-block-post-excerpt\"><p class=\"wp-block-post-excerpt__excerpt\">Le Printemps des compagnies \/ du 22 au 31 mai 2015 \/ Th\u00e9\u00e2tre des Osses (Fribourg) \/ Critiques par Nicolas Joray, Jonathan Hofer et Deborah Strebel. <\/p><\/div>\n\n\n<div style=\"height:1px\" aria-hidden=\"true\" class=\"wp-block-spacer\"><\/div>\n\n<\/li><li class=\"wp-block-post post-6453 post type-post status-publish format-standard has-post-thumbnail category-critique category-expired category-spectacle category-teatre-du-grutli tag-deborah-strebel tag-noemie-desarzens\">\n<h6 class=\"liensouligne wp-block-post-title\"><a href=\"https:\/\/wp.unil.ch\/ateliercritique\/2015\/05\/comme-il-vous-plaira\/\" target=\"_self\" >Comme il vous plaira<\/a><\/h6>\n\n<div class=\"wp-block-post-excerpt\"><p class=\"wp-block-post-excerpt__excerpt\">D&rsquo;apr\u00e8s Shakespeare \/ Mise en sc\u00e8ne de Camille Giacobino \/ du 26 mai au 14 juin 2015 \/ Th\u00e9\u00e2tre du Gr\u00fctli (Gen\u00e8ve) \/ Critiques par Deborah Strebel et No\u00e9mie Desarzens . <\/p><\/div>\n\n\n<div style=\"height:1px\" aria-hidden=\"true\" class=\"wp-block-spacer\"><\/div>\n\n<\/li><li class=\"wp-block-post post-6406 post type-post status-publish format-standard has-post-thumbnail category-critique category-expired category-spectacle category-theatre-du-loup tag-deborah-strebel tag-lucas-moreel\">\n<h6 class=\"liensouligne wp-block-post-title\"><a href=\"https:\/\/wp.unil.ch\/ateliercritique\/2015\/05\/viande-morceaux-choisis\/\" target=\"_self\" >Viande, morceaux choisis<\/a><\/h6>\n\n<div class=\"wp-block-post-excerpt\"><p class=\"wp-block-post-excerpt__excerpt\">D\u2019apr\u00e8s une id\u00e9e de Thierry Jorand et Marcel M\u00fchlestein \/ Mise en sc\u00e8ne Corinne M\u00fcller et Eric Jeanmonod \/ du 16 au 31 mai 2015 \/ Th\u00e9\u00e2tre du Loup (Gen\u00e8ve) \/ Critiques par Deborah Strebel et Lucas Mor\u00ebel . <\/p><\/div>\n\n\n<div style=\"height:1px\" aria-hidden=\"true\" class=\"wp-block-spacer\"><\/div>\n\n<\/li><li class=\"wp-block-post post-6305 post type-post status-publish format-standard has-post-thumbnail category-critique category-expired category-spectacle category-theatre-de-vidy tag-chantal-zumwald tag-deborah-strebel\">\n<h6 class=\"liensouligne wp-block-post-title\"><a href=\"https:\/\/wp.unil.ch\/ateliercritique\/2015\/05\/les-particules-elementaires\/\" target=\"_self\" >Les Particules \u00e9l\u00e9mentaires<\/a><\/h6>\n\n<div class=\"wp-block-post-excerpt\"><p class=\"wp-block-post-excerpt__excerpt\">D\u2019apr\u00e8s Michel Houellebecq \/ Mise en sc\u00e8ne par Julien Gosselin \/ du 29 avril au 1er mai 2015 \/ Th\u00e9\u00e2tre de Vidy (Lausanne) \/ Critiques par Deborah Strebel et Chantal Zumwald . <\/p><\/div>\n\n\n<div style=\"height:1px\" aria-hidden=\"true\" class=\"wp-block-spacer\"><\/div>\n\n<\/li><li class=\"wp-block-post post-6298 post type-post status-publish format-standard has-post-thumbnail category-critique category-expired category-la-grange category-spectacle tag-alice-bottarelli tag-deborah-strebel tag-frederic-guignard\">\n<h6 class=\"liensouligne wp-block-post-title\"><a href=\"https:\/\/wp.unil.ch\/ateliercritique\/2015\/05\/festival-fecule-2015\/\" target=\"_self\" >Festival F\u00e9cule 2015<\/a><\/h6>\n\n<div class=\"wp-block-post-excerpt\"><p class=\"wp-block-post-excerpt__excerpt\">Festival F\u00e9cule 2015 \/ du 20 avril au 3 mai 2015 \/ Grange de Dorigny (Lausanne) \/ Critiques par Alice Bottarelli, Deborah Strebel et Fr\u00e9d\u00e9ric Guignard . <\/p><\/div>\n\n\n<div style=\"height:1px\" aria-hidden=\"true\" class=\"wp-block-spacer\"><\/div>\n\n<\/li><li class=\"wp-block-post post-6210 post type-post status-publish format-standard has-post-thumbnail category-critique category-expired category-petitheatre-sion category-spectacle tag-deborah-strebel tag-joanna-bravo-carmona\">\n<h6 class=\"liensouligne wp-block-post-title\"><a href=\"https:\/\/wp.unil.ch\/ateliercritique\/2015\/04\/cest-peut-etre\/\" target=\"_self\" >C&rsquo;est peut-\u00eatre<\/a><\/h6>\n\n<div class=\"wp-block-post-excerpt\"><p class=\"wp-block-post-excerpt__excerpt\">Conception, \u00e9criture et jeu Genevi\u00e8ve Guhl et Sophie Solo \/du 16 au 26 avril 2015 \/ Petith\u00e9\u00e2tre de Sion \/ Critiques par Joanna Bravo Carmona et Deborah Strebel . <\/p><\/div>\n\n\n<div style=\"height:1px\" aria-hidden=\"true\" class=\"wp-block-spacer\"><\/div>\n\n<\/li><li class=\"wp-block-post post-6184 post type-post status-publish format-standard has-post-thumbnail category-critique category-expired category-spectacle category-theatre-du-passage tag-deborah-strebel\">\n<h6 class=\"liensouligne wp-block-post-title\"><a href=\"https:\/\/wp.unil.ch\/ateliercritique\/2015\/04\/en-attendant-godot\/\" target=\"_self\" >En attendant Godot<\/a><\/h6>\n\n<div class=\"wp-block-post-excerpt\"><p class=\"wp-block-post-excerpt__excerpt\">De Samuel Beckett \/ Mise en sc\u00e8ne par Jean Lambert-wild, Marcel Bozonnet et Lorenzo Malaguerra \/ 1er avril 2015 \/ Th\u00e9\u00e2tre du Passage (Neuch\u00e2tel) \/ Critique par Deborah Strebel . <\/p><\/div>\n\n\n<div style=\"height:1px\" aria-hidden=\"true\" class=\"wp-block-spacer\"><\/div>\n\n<\/li><li class=\"wp-block-post post-6003 post type-post status-publish format-standard has-post-thumbnail category-critique category-expired category-maison-saint-gervais category-spectacle tag-deborah-strebel tag-jehanne-denogent\">\n<h6 class=\"liensouligne wp-block-post-title\"><a href=\"https:\/\/wp.unil.ch\/ateliercritique\/2015\/03\/le-fantasme-de-lechec\/\" target=\"_self\" >Le Fantasme de l&rsquo;\u00e9chec<\/a><\/h6>\n\n<div class=\"wp-block-post-excerpt\"><p class=\"wp-block-post-excerpt__excerpt\">par la Cie Fenil Hirsute \/ cr\u00e9ation V\u00e9ronique Bettencourt \/ du 10 au 21 mars 2015 \/ Th\u00e9\u00e2tre Saint-Gervais \/ Critiques par Deboarh Strebel et Jehanne Denogent. <\/p><\/div>\n\n\n<div style=\"height:1px\" aria-hidden=\"true\" class=\"wp-block-spacer\"><\/div>\n\n<\/li><li class=\"wp-block-post post-5959 post type-post status-publish format-standard has-post-thumbnail category-critique category-expired category-la-grange category-spectacle tag-camille-logoz tag-cecilia-galindo tag-deborah-strebel tag-maelle-andrey\">\n<h6 class=\"liensouligne wp-block-post-title\"><a href=\"https:\/\/wp.unil.ch\/ateliercritique\/2015\/03\/vernissage\/\" target=\"_self\" >Vernissage<\/a><\/h6>\n\n<div class=\"wp-block-post-excerpt\"><p class=\"wp-block-post-excerpt__excerpt\">de V\u00e1clav Havel \/ mise en sc\u00e8ne Matthias Urban \/ du 26 f\u00e9vrier au 7 mars 2015 \/ Grange de Dorigny \/ Critiques par Cecilia Galindo, Ma\u00eblle Andrey, Deborah Strebel et Camille Logoz.\u00a0 <\/p><\/div>\n\n\n<div style=\"height:1px\" aria-hidden=\"true\" class=\"wp-block-spacer\"><\/div>\n\n<\/li><\/ul><\/div>\n","protected":false},"excerpt":{"rendered":"<p>Etudiante de master en Histoire de l&rsquo;art et en Fran\u00e7ais, c&rsquo;est avec joie et enthousiasme que je participe \u00e0 cet atelier qui me permet d&rsquo;allier deux de mes passions : &hellip; <\/p>\n","protected":false},"author":1420,"featured_media":0,"parent":2716,"menu_order":0,"comment_status":"closed","ping_status":"open","template":"","meta":{"_seopress_robots_primary_cat":"","_seopress_titles_title":"","_seopress_titles_desc":"","_seopress_robots_index":"","footnotes":""},"class_list":["post-3191","page","type-page","status-publish"],"_links":{"self":[{"href":"https:\/\/wp.unil.ch\/ateliercritique\/wp-json\/wp\/v2\/pages\/3191","targetHints":{"allow":["GET"]}}],"collection":[{"href":"https:\/\/wp.unil.ch\/ateliercritique\/wp-json\/wp\/v2\/pages"}],"about":[{"href":"https:\/\/wp.unil.ch\/ateliercritique\/wp-json\/wp\/v2\/types\/page"}],"author":[{"embeddable":true,"href":"https:\/\/wp.unil.ch\/ateliercritique\/wp-json\/wp\/v2\/users\/1420"}],"replies":[{"embeddable":true,"href":"https:\/\/wp.unil.ch\/ateliercritique\/wp-json\/wp\/v2\/comments?post=3191"}],"version-history":[{"count":1,"href":"https:\/\/wp.unil.ch\/ateliercritique\/wp-json\/wp\/v2\/pages\/3191\/revisions"}],"predecessor-version":[{"id":22356,"href":"https:\/\/wp.unil.ch\/ateliercritique\/wp-json\/wp\/v2\/pages\/3191\/revisions\/22356"}],"up":[{"embeddable":true,"href":"https:\/\/wp.unil.ch\/ateliercritique\/wp-json\/wp\/v2\/pages\/2716"}],"wp:attachment":[{"href":"https:\/\/wp.unil.ch\/ateliercritique\/wp-json\/wp\/v2\/media?parent=3191"}],"curies":[{"name":"wp","href":"https:\/\/api.w.org\/{rel}","templated":true}]}}